{"id":10394,"date":"2025-10-27T10:55:15","date_gmt":"2025-10-27T10:55:15","guid":{"rendered":"https:\/\/www.posters-photos.com\/?post_type=product&#038;p=10394"},"modified":"2025-10-29T13:30:25","modified_gmt":"2025-10-29T13:30:25","slug":"diagnose-inspiration-personalisiertes-foto","status":"publish","type":"product","link":"https:\/\/www.posters-photos.com\/de\/edition-limitee\/services-photo\/diagnostic-inspiration-photo-personnalise\/","title":{"rendered":"\u26a1 Diagnose Inspiration Foto Personalisiert"},"content":{"rendered":"<p>\u23f0 Nur 20 Pl\u00e4tze zu diesem Tarif<\/p>\n<p><strong>\u23f0 Plus que 20 places \u00e0 69\u20ac (au lieu de 149\u20ac)<\/strong><\/p>\n<ul>\n<li>Analyse pro de votre feed Instagram <em>(4h de travail)<\/em><\/li>\n<li>Rapport PDF (environ 40 pages) personnalis\u00e9<\/li>\n<li>10 pistes cr\u00e9atives + 3 exercices illustr\u00e9s<\/li>\n<li>Plan d&rsquo;action 30 jours pour d\u00e9bloquer votre cr\u00e9ativit\u00e9<\/li>\n<\/ul>\n<p>\ud83d\udee1\ufe0f <strong>14-Tage-Geld-zur\u00fcck-Garantie<\/strong> \u2014 Minimum 3 id\u00e9es applicables imm\u00e9diatement ou remboursement int\u00e9gral.<\/p>","protected":false},"excerpt":{"rendered":"<p>\u23f0 Nur 20 Pl\u00e4tze zu diesem Tarif<\/p>\n<p>\u2705 Pro-Analyse deines Instagram-Stils (4 Arbeitsstunden)<br \/>\n\u2705 PDF-Bericht (ca. 40 Seiten) benutzerdefiniert<br \/>\n\u2705 10 kreative Spuren + 3 illustrierte \u00dcbungen<br \/>\n\u2705 30-Tage-Aktionsplan, um deine Kreativit\u00e4t zu entblocken<\/p>\n<p>\ud83d\udee1\ufe0f 14-t\u00e4gige Geld-zur\u00fcck-Garantie<br \/>\nMinimum 3 Ideen sofort anwendbar oder volle R\u00fcckerstattung<\/p>","protected":false},"featured_media":10467,"comment_status":"open","ping_status":"closed","template":"","meta":{"_et_pb_use_builder":"","_et_pb_old_content":"","_et_gb_content_width":""},"product_brand":[],"product_cat":[194],"product_tag":[],"class_list":{"0":"post-10394","1":"product","2":"type-product","3":"status-publish","4":"has-post-thumbnail","6":"product_cat-services-photo","8":"first","9":"instock","10":"sale","11":"shipping-taxable","12":"purchasable","13":"product-type-simple"},"_links":{"self":[{"href":"https:\/\/www.posters-photos.com\/de\/wp-json\/wp\/v2\/product\/10394","targetHints":{"allow":["GET"]}}],"collection":[{"href":"https:\/\/www.posters-photos.com\/de\/wp-json\/wp\/v2\/product"}],"about":[{"href":"https:\/\/www.posters-photos.com\/de\/wp-json\/wp\/v2\/types\/product"}],"replies":[{"embeddable":true,"href":"https:\/\/www.posters-photos.com\/de\/wp-json\/wp\/v2\/comments?post=10394"}],"wp:featuredmedia":[{"embeddable":true,"href":"https:\/\/www.posters-photos.com\/de\/wp-json\/wp\/v2\/media\/10467"}],"wp:attachment":[{"href":"https:\/\/www.posters-photos.com\/de\/wp-json\/wp\/v2\/media?parent=10394"}],"wp:term":[{"taxonomy":"product_brand","embeddable":true,"href":"https:\/\/www.posters-photos.com\/de\/wp-json\/wp\/v2\/product_brand?post=10394"},{"taxonomy":"product_cat","embeddable":true,"href":"https:\/\/www.posters-photos.com\/de\/wp-json\/wp\/v2\/product_cat?post=10394"},{"taxonomy":"product_tag","embeddable":true,"href":"https:\/\/www.posters-photos.com\/de\/wp-json\/wp\/v2\/product_tag?post=10394"}],"curies":[{"name":"wp","href":"https:\/\/api.w.org\/{rel}","templated":true}]}}