{"id":12068,"date":"2025-12-22T12:48:42","date_gmt":"2025-12-22T12:48:42","guid":{"rendered":"https:\/\/www.posters-photos.com\/?post_type=product&#038;p=12068"},"modified":"2026-04-03T18:46:19","modified_gmt":"2026-04-03T18:46:19","slug":"viadukt-morlaix-kunstfoto","status":"publish","type":"product","link":"https:\/\/www.posters-photos.com\/de\/edition-limitee\/coucher-lever-soleil-photographie\/photo-art-viaduc-morlaix\/","title":{"rendered":"Kunstfoto: Das Viadukt von Morlaix unter einem Feuerhimmel"},"content":{"rendered":"<p><strong>Typ:<\/strong> <a title=\"Kunstdrucke Sonnenaufgang - Limitierte Auflage\" href=\"https:\/\/www.posters-photos.com\/de\/kunst\/fotografien\/sonnenuntergang-sonnenaufgang-fotografie\/\">Kunstfoto<\/a><\/p>\n<p><strong>Lo\u00efc Delplanque :<\/strong><\/p>\n<blockquote><p>Diese <a href=\"https:\/\/www.posters-photos.com\/de\/limitierte-auflage\/fotografien\/meer\/strandfischen\/\">Kunstfoto<\/a> des Viadukts von Morlaix orientiert sich an den Codes der Architekturfotografie, mit einer Aufnahme, die im exakt richtigen Moment des Sonnenuntergangs entstanden ist. Die Durchfahrt des Zuges \u00fcber die doppelst\u00f6ckigen B\u00f6gen betont das kolossale Ausma\u00df dieses historischen Granitmonuments.<\/p>\n<p>&nbsp;<\/p>\n<p>In dieser <a title=\"Prachtvolle Architekturfotografie des Viadukts von Morlaix\" href=\"https:\/\/www.posters-photos.com\/de\/limitierte-auflage\/bretagne-fotografien\/finistere-fotografien\/fotografie-architektur-bretagne-viadukt-von-morlaix\/\">Architekturfotografie<\/a>, ich habe versucht, das Abendlicht zu nutzen, um das Relief des Steins zu formen und dem Himmel \u00fcber Morlaix Tiefe zu verleihen. In der Stille des ausklingenden Tages thront das Bauwerk \u00fcber dem Tal des Finist\u00e8re mit einer Intensit\u00e4t, deren Geheimnis nur die Bretagne kennt.<\/p>\n<p>&nbsp;<\/p>\n<p>Dieser Kunstdruck, der in gro\u00dfen Formaten erh\u00e4ltlich ist, gibt die Kraft des bretonischen Erbes wieder. Ein ehrliches Foto der Bretagne, das Ihrer Inneneinrichtung eine historische Note und eine warme Atmosph\u00e4re verleiht.<\/p><\/blockquote>\n<p>Fotografie in 4 Ausf\u00fchrungen erh\u00e4ltlich:<\/p>\n<ul>\n<li><strong>Hahnem\u00fchle K\u00fcnstlerpapier<\/strong>.<\/li>\n<li><strong>Direktdruck auf 3 mm Alu-Dibond<\/strong> Ein moderner, leichter und steifer Tr\u00e4ger mit matter, reflexfreier Oberfl\u00e4che. Seine glatte Oberfl\u00e4che offenbart die Sch\u00e4rfe und Dichte der Farben, f\u00fcr eine Haltbarkeit von \u00fcber 20 Jahren. (Aufh\u00e4ngungsschiene wird kostenlos mitgeliefert und ist vormontiert).<\/li>\n<li><strong>Druck auf 10 mm Forex<\/strong> ein steifer, leichter und stabiler Tr\u00e4ger mit einer kompakten wei\u00dfen Oberfl\u00e4che, der den vollen Farbglanz offenbart. Fertig zum Aufh\u00e4ngen, inklusive kostenloser und vormontierter Aufh\u00e4ngeschiene f\u00fcr einen sauberen und modernen Look.<\/li>\n<li><strong>Schattenfugenrahmen aus Holz<\/strong> : Alu Dibond im amerikanischen Kasten: Ein eleganter Schwebefotodruck mit mattem Finish wertet Ihr Bild auf und wird von einem Holzrahmen Ihrer Wahl (Schwarz, Wei\u00df, Eiche natur) umrahmt. Fertig zum Aufh\u00e4ngen, Lieferung mit kostenlosem und vormontiertem Aufh\u00e4ngesystem.<\/li>\n<\/ul>\n<p>Haben Sie eine andere Gr\u00f6\u00dfe im Sinn? <a title=\"Kontakt zu Lo\u00efc Delplanque, Fotograf im Morbihan\" href=\"https:\/\/www.posters-photos.com\/de\/kontakt-fotograf-morbihan\/\">Kontaktieren Sie mich<\/a>, ich schicke Ihnen einen personalisierten Link mit dem Foto im gew\u00fcnschten Format.<\/p>\n<p><strong>Erh\u00e4ltlich in limitierter, signierter und nummerierter Auflage.<\/strong><\/p>\n<p><strong>Kaufen Sie diese Fotografie in limitierter Auflage!<\/strong><\/p>","protected":false},"excerpt":{"rendered":"<p>Type: Photo art Lo\u00efc Delplanque : Cette photo d&rsquo;art du Viaduc de Morlaix s&rsquo;appuie sur les codes de la photo d&rsquo;architecture, avec une prise de vue r\u00e9alis\u00e9e \u00e0 l&rsquo;instant pr\u00e9cis du coucher de soleil. Le passage du train sur les arches \u00e0 deux \u00e9tages souligne l&rsquo;\u00e9chelle colossale de ce monument historique en granit. &nbsp; Dans [&hellip;]<\/p>\n","protected":false},"featured_media":11938,"comment_status":"open","ping_status":"closed","template":"","meta":{"_et_pb_use_builder":"","_et_pb_old_content":"","_et_gb_content_width":""},"product_brand":[],"product_cat":[196,187],"product_tag":[],"class_list":{"0":"post-12068","1":"product","2":"type-product","3":"status-publish","4":"has-post-thumbnail","6":"product_cat-coucher-lever-soleil-photographie","7":"product_cat-nouveautes","9":"first","10":"instock","11":"shipping-taxable","12":"purchasable","13":"product-type-variable","14":"has-default-attributes"},"_links":{"self":[{"href":"https:\/\/www.posters-photos.com\/de\/wp-json\/wp\/v2\/product\/12068","targetHints":{"allow":["GET"]}}],"collection":[{"href":"https:\/\/www.posters-photos.com\/de\/wp-json\/wp\/v2\/product"}],"about":[{"href":"https:\/\/www.posters-photos.com\/de\/wp-json\/wp\/v2\/types\/product"}],"replies":[{"embeddable":true,"href":"https:\/\/www.posters-photos.com\/de\/wp-json\/wp\/v2\/comments?post=12068"}],"wp:featuredmedia":[{"embeddable":true,"href":"https:\/\/www.posters-photos.com\/de\/wp-json\/wp\/v2\/media\/11938"}],"wp:attachment":[{"href":"https:\/\/www.posters-photos.com\/de\/wp-json\/wp\/v2\/media?parent=12068"}],"wp:term":[{"taxonomy":"product_brand","embeddable":true,"href":"https:\/\/www.posters-photos.com\/de\/wp-json\/wp\/v2\/product_brand?post=12068"},{"taxonomy":"product_cat","embeddable":true,"href":"https:\/\/www.posters-photos.com\/de\/wp-json\/wp\/v2\/product_cat?post=12068"},{"taxonomy":"product_tag","embeddable":true,"href":"https:\/\/www.posters-photos.com\/de\/wp-json\/wp\/v2\/product_tag?post=12068"}],"curies":[{"name":"wp","href":"https:\/\/api.w.org\/{rel}","templated":true}]}}