{"id":12093,"date":"2025-12-26T10:28:06","date_gmt":"2025-12-26T10:28:06","guid":{"rendered":"https:\/\/www.posters-photos.com\/?post_type=product&#038;p=12093"},"modified":"2026-04-07T10:57:56","modified_gmt":"2026-04-07T10:57:56","slug":"meeresvogel-kunstfoto","status":"publish","type":"product","link":"https:\/\/www.posters-photos.com\/de\/edition-limitee\/coucher-lever-soleil-photographie\/art-photo-oiseaux-mer\/","title":{"rendered":"K\u00fcnstlerisches Vogelfoto bei Sonnenuntergang"},"content":{"rendered":"<p><strong>Typ:<\/strong> <a title=\"Kunstvogelfoto mit Sonnenaufgang - Limitierte Auflage\" href=\"https:\/\/www.posters-photos.com\/de\/kunst\/fotografien\/sonnenuntergang-sonnenaufgang-fotografie\/\">Vogelfotografie<\/a><\/p>\n<p><strong>Lo\u00efc Delplanque :<\/strong><\/p>\n<blockquote><p>Ich hielt eines Abends an der K\u00fcste an, als das Spektakel des <a title=\"Sonnenuntergangs- und Sonnenaufgangsfotos | Au\u00dfergew\u00f6hnliche Kunstdrucke\" href=\"https:\/\/www.posters-photos.com\/de\/kunst\/fotografien\/sonnenuntergang-sonnenaufgang-fotografie\/\">Sonnenuntergang<\/a> \u00fcber dem Meer bot irreale Farbt\u00f6ne. Diese beiden V\u00f6gel blieben dort, v\u00f6llig regungslos auf ihrem Felsen, als ob sie das Ende des Tages betrachten w\u00fcrden. In dieser <a title=\"Limitierte Kunstedition | Signierte Fine Art Prints\" href=\"https:\/\/www.posters-photos.com\/de\/limitierte-auflage\/\">k\u00fcnstlerisches foto<\/a> von Vogel, habe ich nur das Wesentliche behalten: zwei schwarze Profile, die sich von einem Feuerhimmel abheben.<\/p>\n<p>&nbsp;<\/p>\n<p>Es ist ein Vogelfoto, das auf Stille und Minimalismus setzt. Dieser Abzug, entworfen f\u00fcr eine Wanddekoration am Meer, bringt eine beruhigende Pr\u00e4senz und ein unglaubliches Licht in Ihr Interieur.<\/p>\n<p>&nbsp;<\/p>\n<p>Wenn dieses Bild Sie ber\u00fchrt, ist es erh\u00e4ltlich in <a title=\"Limitierter Kunstdruck: Nummerierte und signierte Fotos vom Autor\" href=\"https:\/\/www.posters-photos.com\/de\/limitierte-auflage\/\">Limitierter Kunstdruck<\/a>, bereit, ihren Platz bei Ihnen zu finden.<\/p><\/blockquote>\n<p>Fotografie in 4 Ausf\u00fchrungen erh\u00e4ltlich:<\/p>\n<ul>\n<li><strong>Hahnem\u00fchle K\u00fcnstlerpapier<\/strong>.<\/li>\n<li><strong>Direktdruck auf 3 mm Alu-Dibond<\/strong> Ein moderner, leichter und steifer Tr\u00e4ger mit matter, reflexfreier Oberfl\u00e4che. Seine glatte Oberfl\u00e4che offenbart die Sch\u00e4rfe und Dichte der Farben, f\u00fcr eine Haltbarkeit von \u00fcber 20 Jahren. (Aufh\u00e4ngungsschiene wird kostenlos mitgeliefert und ist vormontiert).<\/li>\n<li><strong>Druck auf 10 mm Forex<\/strong> ein steifer, leichter und stabiler Tr\u00e4ger mit einer kompakten wei\u00dfen Oberfl\u00e4che, der den vollen Farbglanz offenbart. Fertig zum Aufh\u00e4ngen, inklusive kostenloser und vormontierter Aufh\u00e4ngeschiene f\u00fcr einen sauberen und modernen Look.<\/li>\n<li><strong>Schattenfugenrahmen aus Holz<\/strong> : Alu Dibond im amerikanischen Kasten: Ein eleganter Schwebefotodruck mit mattem Finish wertet Ihr Bild auf und wird von einem Holzrahmen Ihrer Wahl (Schwarz, Wei\u00df, Eiche natur) umrahmt. Fertig zum Aufh\u00e4ngen, Lieferung mit kostenlosem und vormontiertem Aufh\u00e4ngesystem.<\/li>\n<\/ul>\n<p>Haben Sie eine andere Gr\u00f6\u00dfe im Sinn? <a title=\"Kontakt zu Lo\u00efc Delplanque, Fotograf im Morbihan\" href=\"https:\/\/www.posters-photos.com\/de\/kontakt-fotograf-morbihan\/\">Kontaktieren Sie mich<\/a>, ich schicke Ihnen einen personalisierten Link mit dem Foto im gew\u00fcnschten Format.<\/p>\n<p><strong>Erh\u00e4ltlich in limitierter, signierter und nummerierter Auflage.<\/strong><\/p>\n<p><strong>Kaufen Sie diese Fotografie in limitierter Auflage!<\/strong><\/p>","protected":false},"excerpt":{"rendered":"<p>Type: Photo oiseaux Lo\u00efc Delplanque : Je me suis arr\u00eat\u00e9 sur la c\u00f4te un soir o\u00f9 le spectacle du coucher de soleil sur la mer offrait des teintes irr\u00e9elles. Ces deux oiseaux sont rest\u00e9s l\u00e0, totalement immobiles sur leur rocher, comme pour contempler la fin du jour. Dans cette photo artistique d&rsquo;oiseau, je n&rsquo;ai gard\u00e9 [&hellip;]<\/p>\n","protected":false},"featured_media":11939,"comment_status":"open","ping_status":"closed","template":"","meta":{"_et_pb_use_builder":"","_et_pb_old_content":"","_et_gb_content_width":""},"product_brand":[],"product_cat":[196,187],"product_tag":[],"class_list":{"0":"post-12093","1":"product","2":"type-product","3":"status-publish","4":"has-post-thumbnail","6":"product_cat-coucher-lever-soleil-photographie","7":"product_cat-nouveautes","9":"first","10":"instock","11":"shipping-taxable","12":"purchasable","13":"product-type-variable","14":"has-default-attributes"},"_links":{"self":[{"href":"https:\/\/www.posters-photos.com\/de\/wp-json\/wp\/v2\/product\/12093","targetHints":{"allow":["GET"]}}],"collection":[{"href":"https:\/\/www.posters-photos.com\/de\/wp-json\/wp\/v2\/product"}],"about":[{"href":"https:\/\/www.posters-photos.com\/de\/wp-json\/wp\/v2\/types\/product"}],"replies":[{"embeddable":true,"href":"https:\/\/www.posters-photos.com\/de\/wp-json\/wp\/v2\/comments?post=12093"}],"wp:featuredmedia":[{"embeddable":true,"href":"https:\/\/www.posters-photos.com\/de\/wp-json\/wp\/v2\/media\/11939"}],"wp:attachment":[{"href":"https:\/\/www.posters-photos.com\/de\/wp-json\/wp\/v2\/media?parent=12093"}],"wp:term":[{"taxonomy":"product_brand","embeddable":true,"href":"https:\/\/www.posters-photos.com\/de\/wp-json\/wp\/v2\/product_brand?post=12093"},{"taxonomy":"product_cat","embeddable":true,"href":"https:\/\/www.posters-photos.com\/de\/wp-json\/wp\/v2\/product_cat?post=12093"},{"taxonomy":"product_tag","embeddable":true,"href":"https:\/\/www.posters-photos.com\/de\/wp-json\/wp\/v2\/product_tag?post=12093"}],"curies":[{"name":"wp","href":"https:\/\/api.w.org\/{rel}","templated":true}]}}