{"id":12129,"date":"2025-12-27T13:27:58","date_gmt":"2025-12-27T13:27:58","guid":{"rendered":"https:\/\/www.posters-photos.com\/?post_type=product&#038;p=12129"},"modified":"2026-04-07T10:55:45","modified_gmt":"2026-04-07T10:55:45","slug":"foto-bunker-industrie-deko","status":"publish","type":"product","link":"https:\/\/www.posters-photos.com\/de\/edition-limitee\/coucher-lever-soleil-photographie\/photo-bunker-deco-industrielle\/","title":{"rendered":"Foto Bunker Urbex Bretagne"},"content":{"rendered":"<p><strong>Typ:<\/strong> Foto Bunker<\/p>\n<p><strong>Lo\u00efc Delplanque :<\/strong><\/p>\n<blockquote><p>Der kalte Beton dieses Blockhauses, der von der jahrzehntelangen Gischt gezeichnet ist, bietet eine ideale Struktur f\u00fcr eine industrielle Dekoration.<\/p>\n<p>&nbsp;<\/p>\n<p>Ich habe dieses Bild nach den Regeln der <a title=\"Architekturfoto des Viadukts von Morlaix - Kunst\" href=\"https:\/\/www.posters-photos.com\/de\/limitierte-auflage\/fotografien\/sonnenuntergang-sonnenaufgang-fotografie\/viadukt-morlaix-kunstfoto\/\">architekturfotografie<\/a>, wobei die perfekte Symmetrie der Fenster die Meereslandschaft in ein lebendiges Gem\u00e4lde verwandelt.<\/p>\n<p>&nbsp;<\/p>\n<p>Der Kontrast zwischen dem mineralischen Grau der Mauer und der intensiven Sch\u00e4rfe der Meeresgraffiti erzeugt eine visuelle Tiefe, die den Blick fesselt.<\/p>\n<p>&nbsp;<\/p>\n<p>In diesem Bildausschnitt tritt das ehemalige milit\u00e4rische Relikt zur\u00fcck, um einer grafischen Szene Platz zu machen, die den Geist des Urbex verk\u00f6rpert.<\/p><\/blockquote>\n<p>Fotografie in 4 Ausf\u00fchrungen erh\u00e4ltlich:<\/p>\n<ul>\n<li><strong>Hahnem\u00fchle K\u00fcnstlerpapier<\/strong>.<\/li>\n<li><strong>Direktdruck auf 3 mm Alu-Dibond<\/strong> Ein moderner, leichter und steifer Tr\u00e4ger mit matter, reflexfreier Oberfl\u00e4che. Seine glatte Oberfl\u00e4che offenbart die Sch\u00e4rfe und Dichte der Farben, f\u00fcr eine Haltbarkeit von \u00fcber 20 Jahren. (Aufh\u00e4ngungsschiene wird kostenlos mitgeliefert und ist vormontiert).<\/li>\n<li><strong>Druck auf 10 mm Forex<\/strong> ein steifer, leichter und stabiler Tr\u00e4ger mit einer kompakten wei\u00dfen Oberfl\u00e4che, der den vollen Farbglanz offenbart. Fertig zum Aufh\u00e4ngen, inklusive kostenloser und vormontierter Aufh\u00e4ngeschiene f\u00fcr einen sauberen und modernen Look.<\/li>\n<li><strong>Schattenfugenrahmen aus Holz<\/strong> : Alu Dibond im amerikanischen Kasten: Ein eleganter Schwebefotodruck mit mattem Finish wertet Ihr Bild auf und wird von einem Holzrahmen Ihrer Wahl (Schwarz, Wei\u00df, Eiche natur) umrahmt. Fertig zum Aufh\u00e4ngen, Lieferung mit kostenlosem und vormontiertem Aufh\u00e4ngesystem.<\/li>\n<\/ul>\n<p>Haben Sie eine andere Gr\u00f6\u00dfe im Sinn? <a title=\"Kontakt zu Lo\u00efc Delplanque, Fotograf im Morbihan\" href=\"https:\/\/www.posters-photos.com\/de\/kontakt-fotograf-morbihan\/\">Kontaktieren Sie mich<\/a>, ich schicke Ihnen einen personalisierten Link mit dem Foto im gew\u00fcnschten Format.<\/p>\n<p><strong>Erh\u00e4ltlich in limitierter, signierter und nummerierter Auflage.<\/strong><\/p>\n<p><strong>Kaufen Sie diese Kunstfotografie!<\/strong><\/p>","protected":false},"excerpt":{"rendered":"<p>Type: Photo bunker Lo\u00efc Delplanque : Le b\u00e9ton froid de ce blockhaus, marqu\u00e9 par des d\u00e9cennies d&#8217;embruns, offre une structure id\u00e9ale pour une d\u00e9co industrielle. &nbsp; J&rsquo;ai compos\u00e9 cette image en utilisant les codes de la photographie d&rsquo;architecture, o\u00f9 la sym\u00e9trie parfaite des fen\u00eatres transforme le paysage maritime en un tableau vivant. &nbsp; Le contraste [&hellip;]<\/p>\n","protected":false},"featured_media":11940,"comment_status":"open","ping_status":"closed","template":"","meta":{"_et_pb_use_builder":"","_et_pb_old_content":"","_et_gb_content_width":""},"product_brand":[],"product_cat":[196,187],"product_tag":[],"class_list":{"0":"post-12129","1":"product","2":"type-product","3":"status-publish","4":"has-post-thumbnail","6":"product_cat-coucher-lever-soleil-photographie","7":"product_cat-nouveautes","9":"first","10":"instock","11":"shipping-taxable","12":"purchasable","13":"product-type-variable","14":"has-default-attributes"},"_links":{"self":[{"href":"https:\/\/www.posters-photos.com\/de\/wp-json\/wp\/v2\/product\/12129","targetHints":{"allow":["GET"]}}],"collection":[{"href":"https:\/\/www.posters-photos.com\/de\/wp-json\/wp\/v2\/product"}],"about":[{"href":"https:\/\/www.posters-photos.com\/de\/wp-json\/wp\/v2\/types\/product"}],"replies":[{"embeddable":true,"href":"https:\/\/www.posters-photos.com\/de\/wp-json\/wp\/v2\/comments?post=12129"}],"wp:featuredmedia":[{"embeddable":true,"href":"https:\/\/www.posters-photos.com\/de\/wp-json\/wp\/v2\/media\/11940"}],"wp:attachment":[{"href":"https:\/\/www.posters-photos.com\/de\/wp-json\/wp\/v2\/media?parent=12129"}],"wp:term":[{"taxonomy":"product_brand","embeddable":true,"href":"https:\/\/www.posters-photos.com\/de\/wp-json\/wp\/v2\/product_brand?post=12129"},{"taxonomy":"product_cat","embeddable":true,"href":"https:\/\/www.posters-photos.com\/de\/wp-json\/wp\/v2\/product_cat?post=12129"},{"taxonomy":"product_tag","embeddable":true,"href":"https:\/\/www.posters-photos.com\/de\/wp-json\/wp\/v2\/product_tag?post=12129"}],"curies":[{"name":"wp","href":"https:\/\/api.w.org\/{rel}","templated":true}]}}