{"id":12188,"date":"2025-12-28T10:05:59","date_gmt":"2025-12-28T10:05:59","guid":{"rendered":"https:\/\/www.posters-photos.com\/?post_type=product&#038;p=12188"},"modified":"2026-04-07T10:50:17","modified_gmt":"2026-04-07T10:50:17","slug":"foto-quiberon-port-haliguen","status":"publish","type":"product","link":"https:\/\/www.posters-photos.com\/de\/edition-limitee\/coucher-lever-soleil-photographie\/photo-quiberon-port-haliguen\/","title":{"rendered":"Foto Quiberon Port Haliguen"},"content":{"rendered":"<p><strong>Typ:<\/strong> Foto Quiberon<\/p>\n<p><strong>Lo\u00efc Delplanque :<\/strong><\/p>\n<blockquote><p>Der Himmel von Quiberon wechselte zu diesen rosafarbenen T\u00f6nen, die kaum ein paar Minuten andauern. Dieses Foto von Quiberon zeigt die Undine, die Bronzestatue am Eingang von Port Haliguen, direkt vor dem Leuchtturm, der den alten Hafen markiert.<br \/>\n\u200b<\/p>\n<p>Ich habe den Bildausschnitt so gew\u00e4hlt, dass sich die Statue deutlich gegen den Himmel abhebt und einen klaren Kontrast zwischen dem Schwarz der Bronze und der Sanftheit der D\u00e4mmerungsfarben schafft.<\/p>\n<p>&nbsp;<\/p>\n<p>Es ist diese Art von Licht, die ich in meinen suche <a title=\"Minimalistisches Meeresfoto - Fischerboot und perfekter Horizont\" href=\"https:\/\/www.posters-photos.com\/de\/limitierte-auflage\/fotografien\/sonnenuntergang-sonnenaufgang-fotografie\/meer-foto-zen-deko\/\">meeresfotos<\/a> : eine Einfachheit, die die Formen sprechen l\u00e4sst. Dieser Kunstdruck gibt diese Rosa- und Oranget\u00f6ne originalgetreu wieder, die f\u00fcr das Ende des Tages auf der Halbinsel charakteristisch sind.<\/p><\/blockquote>\n<p>Fotografie in 4 Ausf\u00fchrungen erh\u00e4ltlich:<\/p>\n<ul>\n<li><strong>Hahnem\u00fchle K\u00fcnstlerpapier<\/strong>.<\/li>\n<li><strong>Direktdruck auf 3 mm Alu-Dibond<\/strong> Ein moderner, leichter und steifer Tr\u00e4ger mit matter, reflexfreier Oberfl\u00e4che. Seine glatte Oberfl\u00e4che offenbart die Sch\u00e4rfe und Dichte der Farben, f\u00fcr eine Haltbarkeit von \u00fcber 20 Jahren. (Aufh\u00e4ngungsschiene wird kostenlos mitgeliefert und ist vormontiert).<\/li>\n<li><strong>Druck auf 10 mm Forex<\/strong> ein steifer, leichter und stabiler Tr\u00e4ger mit einer kompakten wei\u00dfen Oberfl\u00e4che, der den vollen Farbglanz offenbart. Fertig zum Aufh\u00e4ngen, inklusive kostenloser und vormontierter Aufh\u00e4ngeschiene f\u00fcr einen sauberen und modernen Look.<\/li>\n<li><strong>Schattenfugenrahmen aus Holz<\/strong> : Alu Dibond im amerikanischen Kasten: Ein eleganter Schwebefotodruck mit mattem Finish wertet Ihr Bild auf und wird von einem Holzrahmen Ihrer Wahl (Schwarz, Wei\u00df, Eiche natur) umrahmt. Fertig zum Aufh\u00e4ngen, Lieferung mit kostenlosem und vormontiertem Aufh\u00e4ngesystem.<\/li>\n<\/ul>\n<p>Haben Sie eine andere Gr\u00f6\u00dfe im Sinn? <a title=\"Kontakt zu Lo\u00efc Delplanque, Fotograf im Morbihan\" href=\"https:\/\/www.posters-photos.com\/de\/kontakt-fotograf-morbihan\/\">Kontaktieren Sie mich<\/a>, ich schicke Ihnen einen personalisierten Link mit dem Foto im gew\u00fcnschten Format.<\/p>\n<p><strong>Erh\u00e4ltlich in limitierter, signierter und nummerierter Auflage.<\/strong><\/p>\n<p><strong>Kaufen Sie diese Fotografie in limitierter Auflage!<\/strong><\/p>","protected":false},"excerpt":{"rendered":"<p>Type: Photo quiberon Lo\u00efc Delplanque : Le ciel de Quiberon a bascul\u00e9 vers ces teintes ros\u00e9es qui durent \u00e0 peine quelques minutes. Cette photo de Quiberon montre l&rsquo;Ondine, la statue de bronze install\u00e9e \u00e0 l&rsquo;entr\u00e9e de Port Haliguen, juste devant le phare qui marque le vieux port. \u200b J&rsquo;ai cadr\u00e9 pour que la statue se [&hellip;]<\/p>\n","protected":false},"featured_media":11943,"comment_status":"open","ping_status":"closed","template":"","meta":{"_et_pb_use_builder":"","_et_pb_old_content":"","_et_gb_content_width":""},"product_brand":[],"product_cat":[196,187],"product_tag":[],"class_list":{"0":"post-12188","1":"product","2":"type-product","3":"status-publish","4":"has-post-thumbnail","6":"product_cat-coucher-lever-soleil-photographie","7":"product_cat-nouveautes","9":"first","10":"instock","11":"shipping-taxable","12":"purchasable","13":"product-type-variable","14":"has-default-attributes"},"_links":{"self":[{"href":"https:\/\/www.posters-photos.com\/de\/wp-json\/wp\/v2\/product\/12188","targetHints":{"allow":["GET"]}}],"collection":[{"href":"https:\/\/www.posters-photos.com\/de\/wp-json\/wp\/v2\/product"}],"about":[{"href":"https:\/\/www.posters-photos.com\/de\/wp-json\/wp\/v2\/types\/product"}],"replies":[{"embeddable":true,"href":"https:\/\/www.posters-photos.com\/de\/wp-json\/wp\/v2\/comments?post=12188"}],"wp:featuredmedia":[{"embeddable":true,"href":"https:\/\/www.posters-photos.com\/de\/wp-json\/wp\/v2\/media\/11943"}],"wp:attachment":[{"href":"https:\/\/www.posters-photos.com\/de\/wp-json\/wp\/v2\/media?parent=12188"}],"wp:term":[{"taxonomy":"product_brand","embeddable":true,"href":"https:\/\/www.posters-photos.com\/de\/wp-json\/wp\/v2\/product_brand?post=12188"},{"taxonomy":"product_cat","embeddable":true,"href":"https:\/\/www.posters-photos.com\/de\/wp-json\/wp\/v2\/product_cat?post=12188"},{"taxonomy":"product_tag","embeddable":true,"href":"https:\/\/www.posters-photos.com\/de\/wp-json\/wp\/v2\/product_tag?post=12188"}],"curies":[{"name":"wp","href":"https:\/\/api.w.org\/{rel}","templated":true}]}}