{"id":13396,"date":"2026-04-07T07:18:37","date_gmt":"2026-04-07T07:18:37","guid":{"rendered":"https:\/\/www.posters-photos.com\/?post_type=product&#038;p=13396"},"modified":"2026-04-11T09:50:24","modified_gmt":"2026-04-11T09:50:24","slug":"traumhafte-fotografie-geisterhutte","status":"publish","type":"product","link":"https:\/\/www.posters-photos.com\/de\/edition-limitee\/photographie-art\/photographie-onirique-cabane-fantome\/","title":{"rendered":"Traumhafte Fotografie: Geisterh\u00fctte | Nur 10 weltweit"},"content":{"rendered":"<h2>Cabane fant\u00f4me \u2014 Photographie onirique en \u00e9dition limit\u00e9e<\/h2>\n<p><strong>\u2605 <a title=\"Collection Prestige \u2014 photographies d'art ICM en \u00e9dition limit\u00e9e \u00e0 10 exemplaires\" href=\"https:\/\/www.posters-photos.com\/de\/kunst\/fotokunst\/\">Kollektion Prestige<\/a> \u2014 10 exemplaires au monde<\/strong>, in allen Formaten und Medien.<br \/>\n<strong>Kostenlose Lieferung. Kostenloses und vormontiertes Aufh\u00e4ngesystem auf Dibond- und amerikanischem Kistendruck.<\/strong><br \/>\nAusgabe <strong>signiert und nummeriert<\/strong> par l&rsquo;artiste. Certificat d&rsquo;authenticit\u00e9 envoy\u00e9 s\u00e9par\u00e9ment.<\/p>\n<blockquote><p>\u00ab Aper\u00e7ue lors d&rsquo;une promenade, cette cabane m&rsquo;est apparue comme une peinture. J&rsquo;ai voulu la traiter comme telle : le fond est r\u00e9alis\u00e9 en ICM, comme j&rsquo;aurais pos\u00e9 un fond sur une toile, puis la cabane est venue s&rsquo;y ancrer par superposition d&rsquo;une seconde prise de vue. Les pastels, les verts tendres et les ocres se fondent dans le mouvement \u2014 seule la cabane reste nette, suspendue entre deux mondes. C&rsquo;est cette image qui m&rsquo;a donn\u00e9 envie d&rsquo;explorer cette technique mixte entre photographie onirique et dessin. \u00bb<br \/>\n<strong>\u2014 Lo\u00efc Delplanque<\/strong><\/p><\/blockquote>\n<p><strong>Fotografie in 3 Ausf\u00fchrungen erh\u00e4ltlich:<\/strong><\/p>\n<ul>\n<li><strong>Hahnem\u00fchle K\u00fcnstlerpapier<\/strong> : ausgew\u00e4hlt aus den sch\u00f6nsten Hahnem\u00fchle-Referenzen kann das Papier von einem Werk zum anderen variieren, um dem Charakter jedes Bildes gerecht zu werden.<\/li>\n<li><strong>Direktdruck auf 3 mm Alu-Dibond<\/strong> Ein moderner, leichter und steifer Tr\u00e4ger mit matter, reflexfreier Oberfl\u00e4che. Seine glatte Oberfl\u00e4che offenbart die Sch\u00e4rfe und Dichte der Farben, f\u00fcr eine Haltbarkeit von \u00fcber 20 Jahren. (Aufh\u00e4ngungsschiene wird kostenlos mitgeliefert und ist vormontiert).<\/li>\n<li><strong>Schattenfugenrahmen aus Holz<\/strong> : Alu Dibond im amerikanischen Kasten: Ein eleganter Schwebefotodruck mit mattem Finish wertet Ihr Bild auf und wird von einem Holzrahmen Ihrer Wahl (Schwarz, Wei\u00df, Eiche natur) umrahmt. Fertig zum Aufh\u00e4ngen, Lieferung mit kostenlosem und vormontiertem Aufh\u00e4ngesystem.<\/li>\n<\/ul>\n<p>Haben Sie eine andere Gr\u00f6\u00dfe im Sinn? <a title=\"Kontakt zu Lo\u00efc Delplanque, Fotograf im Morbihan\" href=\"https:\/\/www.posters-photos.com\/de\/kontakt-fotograf-morbihan\/\">Kontaktieren Sie mich<\/a>, ich schicke Ihnen einen personalisierten Link mit dem Foto im gew\u00fcnschten Format.<br \/>\n<strong>Nur 10 Exemplare \u2014 holen Sie sich dieses Werk nach Hause.<\/strong> Pour un tout autre registre, <a title=\"D\u00e9rive \u2014 photographie d'art noir et blanc voilier en mer, \u00e9dition limit\u00e9e 10 exemplaires\" href=\"https:\/\/www.posters-photos.com\/de\/limitierte-auflage\/fotokunst\/schwarz-weis-foto-das-aus-dem-rahmen-fallt\/\">D\u00e9rive<\/a> explore la mer en noir et blanc, tandis que la <a title=\"Collection Fine Art \u2014 photographies artistiques en \u00e9dition limit\u00e9e\" href=\"https:\/\/www.posters-photos.com\/de\/kunst\/kunstfotografie\/\">collection Fine Art<\/a> prolonge cette d\u00e9marche entre photographie et peinture.<\/p>","protected":false},"excerpt":{"rendered":"<p>Cabane fant\u00f4me \u2014 Photographie onirique en \u00e9dition limit\u00e9e \u2605 Collection Prestige \u2014 10 exemplaires au monde, tous formats et supports confondus. Livraison offerte. Syst\u00e8me d&rsquo;accrochage offert et pr\u00e9mont\u00e9 sur les tirages Dibond et caisse am\u00e9ricaine. \u00c9dition sign\u00e9e et num\u00e9rot\u00e9e par l&rsquo;artiste. Certificat d&rsquo;authenticit\u00e9 envoy\u00e9 s\u00e9par\u00e9ment. \u00ab Aper\u00e7ue lors d&rsquo;une promenade, cette cabane m&rsquo;est apparue comme [&hellip;]<\/p>\n","protected":false},"featured_media":13422,"comment_status":"open","ping_status":"closed","template":"","meta":{"_et_pb_use_builder":"","_et_pb_old_content":"","_et_gb_content_width":""},"product_brand":[],"product_cat":[198,187],"product_tag":[],"class_list":{"0":"post-13396","1":"product","2":"type-product","3":"status-publish","4":"has-post-thumbnail","6":"product_cat-photographie-art","7":"product_cat-nouveautes","9":"first","10":"instock","11":"shipping-taxable","12":"purchasable","13":"product-type-variable","14":"has-default-attributes"},"_links":{"self":[{"href":"https:\/\/www.posters-photos.com\/de\/wp-json\/wp\/v2\/product\/13396","targetHints":{"allow":["GET"]}}],"collection":[{"href":"https:\/\/www.posters-photos.com\/de\/wp-json\/wp\/v2\/product"}],"about":[{"href":"https:\/\/www.posters-photos.com\/de\/wp-json\/wp\/v2\/types\/product"}],"replies":[{"embeddable":true,"href":"https:\/\/www.posters-photos.com\/de\/wp-json\/wp\/v2\/comments?post=13396"}],"wp:featuredmedia":[{"embeddable":true,"href":"https:\/\/www.posters-photos.com\/de\/wp-json\/wp\/v2\/media\/13422"}],"wp:attachment":[{"href":"https:\/\/www.posters-photos.com\/de\/wp-json\/wp\/v2\/media?parent=13396"}],"wp:term":[{"taxonomy":"product_brand","embeddable":true,"href":"https:\/\/www.posters-photos.com\/de\/wp-json\/wp\/v2\/product_brand?post=13396"},{"taxonomy":"product_cat","embeddable":true,"href":"https:\/\/www.posters-photos.com\/de\/wp-json\/wp\/v2\/product_cat?post=13396"},{"taxonomy":"product_tag","embeddable":true,"href":"https:\/\/www.posters-photos.com\/de\/wp-json\/wp\/v2\/product_tag?post=13396"}],"curies":[{"name":"wp","href":"https:\/\/api.w.org\/{rel}","templated":true}]}}