{"id":13532,"date":"2026-04-09T08:23:21","date_gmt":"2026-04-09T08:23:21","guid":{"rendered":"https:\/\/www.posters-photos.com\/?post_type=product&#038;p=13532"},"modified":"2026-04-11T09:44:36","modified_gmt":"2026-04-11T09:44:36","slug":"fotokunst-landschaft-zwischen-zwei-ufern","status":"publish","type":"product","link":"https:\/\/www.posters-photos.com\/de\/edition-limitee\/photographie-art\/photo-art-paysage-entre-deux-rives\/","title":{"rendered":"Kunstfotografie Landschaft \u2013 Zwischen zwei Ufern"},"content":{"rendered":"<h2>Kunstfotografie Landschaft \u2013 Zwischen zwei Ufern<\/h2>\n<p><strong>\u2605 <a title=\"Collection Prestige \u2014 photographies d'art ICM en \u00e9dition limit\u00e9e \u00e0 10 exemplaires\" href=\"https:\/\/www.posters-photos.com\/de\/kunst\/fotokunst\/\">Kollektion Prestige<\/a> \u2014 10 exemplaires au monde<\/strong>, in allen Formaten und Medien.<br \/>\n<strong>Kostenlose Lieferung. Kostenloses und vormontiertes Aufh\u00e4ngesystem auf Dibond- und amerikanischem Kistendruck.<\/strong><br \/>\nAusgabe <strong>signiert und nummeriert<\/strong> par l&rsquo;artiste. Certificat d&rsquo;authenticit\u00e9 envoy\u00e9 s\u00e9par\u00e9ment.<\/p>\n<blockquote><p>\u00ab Cette image m&rsquo;a ramen\u00e9 \u00e0 l&rsquo;ambiance de ces vieux films que j&rsquo;aime tant \u2014 une rivi\u00e8re qui s&rsquo;enfonce dans la brume, des bateaux immobiles, le temps qui semble s&rsquo;\u00eatre arr\u00eat\u00e9. J&rsquo;ai r\u00e9alis\u00e9 le fond en ICM pour effacer les rives et ne garder que cette perspective qui aspire le regard, puis j&rsquo;ai superpos\u00e9 une seconde prise de vue pour ramener les bateaux dans cette sc\u00e8ne silencieuse. \u00bb<br \/>\n<strong>\u2014 Lo\u00efc Delplanque<\/strong><\/p><\/blockquote>\n<p><strong>Fotografie in 3 Ausf\u00fchrungen erh\u00e4ltlich:<\/strong><\/p>\n<ul>\n<li><strong>Hahnem\u00fchle K\u00fcnstlerpapier<\/strong> : ausgew\u00e4hlt aus den sch\u00f6nsten Hahnem\u00fchle-Referenzen kann das Papier von einem Werk zum anderen variieren, um dem Charakter jedes Bildes gerecht zu werden.<\/li>\n<li><strong>Direktdruck auf 3 mm Alu-Dibond<\/strong> Ein moderner, leichter und steifer Tr\u00e4ger mit matter, reflexfreier Oberfl\u00e4che. Seine glatte Oberfl\u00e4che offenbart die Sch\u00e4rfe und Dichte der Farben, f\u00fcr eine Haltbarkeit von \u00fcber 20 Jahren. (Aufh\u00e4ngungsschiene wird kostenlos mitgeliefert und ist vormontiert).<\/li>\n<li><strong>Schattenfugenrahmen aus Holz<\/strong> : Alu Dibond im amerikanischen Kasten: Ein eleganter Schwebefotodruck mit mattem Finish wertet Ihr Bild auf und wird von einem Holzrahmen Ihrer Wahl (Schwarz, Wei\u00df, Eiche natur) umrahmt. Fertig zum Aufh\u00e4ngen, Lieferung mit kostenlosem und vormontiertem Aufh\u00e4ngesystem.<\/li>\n<\/ul>\n<p>Haben Sie eine andere Gr\u00f6\u00dfe im Sinn? <a title=\"Kontakt zu Lo\u00efc Delplanque, Fotograf im Morbihan\" href=\"https:\/\/www.posters-photos.com\/de\/kontakt-fotograf-morbihan\/\">Kontaktieren Sie mich<\/a>, ich schicke Ihnen einen personalisierten Link mit dem Foto im gew\u00fcnschten Format.<br \/>\n<strong>Nur 10 Exemplare \u2014 holen Sie sich dieses Werk nach Hause.<\/strong> Vous aimez les atmosph\u00e8res brumeuses ? D\u00e9couvrez <a title=\"Cabane Fant\u00f4me \u2014 photographie onirique ICM en \u00e9dition limit\u00e9e 10 exemplaires\" href=\"https:\/\/www.posters-photos.com\/de\/limitierte-auflage\/fotokunst\/traumhafte-fotografie-geisterhutte\/\">Cabane Fant\u00f4me<\/a> ou explorez les <a title=\"Photographies noir et blanc en \u00e9dition limit\u00e9e \u2014 tirages d'art sign\u00e9s\" href=\"https:\/\/www.posters-photos.com\/de\/kunst\/schwarz-und-weis\/\">photographies noir et blanc<\/a>.<\/p>","protected":false},"excerpt":{"rendered":"<p>Photo d&rsquo;art paysage \u2014 Entre deux rives \u2605 Collection Prestige \u2014 10 exemplaires au monde, tous formats et supports confondus. Livraison offerte. Syst\u00e8me d&rsquo;accrochage offert et pr\u00e9mont\u00e9 sur les tirages Dibond et caisse am\u00e9ricaine. \u00c9dition sign\u00e9e et num\u00e9rot\u00e9e par l&rsquo;artiste. Certificat d&rsquo;authenticit\u00e9 envoy\u00e9 s\u00e9par\u00e9ment. \u00ab Cette image m&rsquo;a ramen\u00e9 \u00e0 l&rsquo;ambiance de ces vieux films [&hellip;]<\/p>\n","protected":false},"featured_media":13530,"comment_status":"open","ping_status":"closed","template":"","meta":{"_et_pb_use_builder":"","_et_pb_old_content":"","_et_gb_content_width":""},"product_brand":[],"product_cat":[198,187],"product_tag":[],"class_list":{"0":"post-13532","1":"product","2":"type-product","3":"status-publish","4":"has-post-thumbnail","6":"product_cat-photographie-art","7":"product_cat-nouveautes","9":"first","10":"instock","11":"shipping-taxable","12":"purchasable","13":"product-type-variable","14":"has-default-attributes"},"_links":{"self":[{"href":"https:\/\/www.posters-photos.com\/de\/wp-json\/wp\/v2\/product\/13532","targetHints":{"allow":["GET"]}}],"collection":[{"href":"https:\/\/www.posters-photos.com\/de\/wp-json\/wp\/v2\/product"}],"about":[{"href":"https:\/\/www.posters-photos.com\/de\/wp-json\/wp\/v2\/types\/product"}],"replies":[{"embeddable":true,"href":"https:\/\/www.posters-photos.com\/de\/wp-json\/wp\/v2\/comments?post=13532"}],"wp:featuredmedia":[{"embeddable":true,"href":"https:\/\/www.posters-photos.com\/de\/wp-json\/wp\/v2\/media\/13530"}],"wp:attachment":[{"href":"https:\/\/www.posters-photos.com\/de\/wp-json\/wp\/v2\/media?parent=13532"}],"wp:term":[{"taxonomy":"product_brand","embeddable":true,"href":"https:\/\/www.posters-photos.com\/de\/wp-json\/wp\/v2\/product_brand?post=13532"},{"taxonomy":"product_cat","embeddable":true,"href":"https:\/\/www.posters-photos.com\/de\/wp-json\/wp\/v2\/product_cat?post=13532"},{"taxonomy":"product_tag","embeddable":true,"href":"https:\/\/www.posters-photos.com\/de\/wp-json\/wp\/v2\/product_tag?post=13532"}],"curies":[{"name":"wp","href":"https:\/\/api.w.org\/{rel}","templated":true}]}}