{"id":13551,"date":"2026-04-09T08:52:11","date_gmt":"2026-04-09T08:52:11","guid":{"rendered":"https:\/\/www.posters-photos.com\/?post_type=product&#038;p=13551"},"modified":"2026-04-11T09:42:58","modified_gmt":"2026-04-11T09:42:58","slug":"fotokunst-natur-zwischen-zwei-atemzugen","status":"publish","type":"product","link":"https:\/\/www.posters-photos.com\/de\/edition-limitee\/photographie-art\/photo-art-nature-entre-deux-souffles\/","title":{"rendered":"Fotokunst Natur \u2014 Zwischen zwei Atemz\u00fcgen"},"content":{"rendered":"<h2>Fotokunst Natur \u2014 Zwischen zwei Atemz\u00fcgen<\/h2>\n<p><strong>\u2605 Prestige Kollektion \u2014 10 Exemplare weltweit<\/strong>, in allen Formaten und Medien.<br \/>\n<strong>Kostenlose Lieferung. Kostenloses und vormontiertes Aufh\u00e4ngesystem auf Dibond- und amerikanischem Kistendruck.<\/strong><br \/>\n<a title=\"Alle Fotografien in limitierter Auflage \u2013 signierte und nummerierte Kunstdrucke von Lo\u00efc Delplanque\" href=\"https:\/\/www.posters-photos.com\/de\/limitierte-auflage\/\">Ausgabe <strong>signiert und nummeriert<\/strong> vom K\u00fcnstler<\/a>. Echtheitszertifikat wird separat versandt.<\/p>\n<blockquote><p>\u00ab Les arbres sont essentiels \u00e0 notre survie. Quand je vois le sort qu&rsquo;on leur r\u00e9serve \u2014 coup\u00e9s \u00e0 tour de bras, sans r\u00e9flexion sur l&rsquo;apr\u00e8s \u2014 \u00e7a me peine profond\u00e9ment. J&rsquo;ai voulu leur rendre hommage. Le fond est r\u00e9alis\u00e9 en ICM (mouvement intentionnel du bo\u00eetier pendant la prise de vue), puis j&rsquo;ai superpos\u00e9 une seconde prise de vue et retravaill\u00e9 certains d\u00e9tails \u00e0 la tablette graphique. \u00bb<br \/>\n<strong>\u2014 Lo\u00efc Delplanque<\/strong><\/p><\/blockquote>\n<p><strong>Fotografie in 3 Ausf\u00fchrungen erh\u00e4ltlich:<\/strong><\/p>\n<ul>\n<li><strong>Hahnem\u00fchle K\u00fcnstlerpapier<\/strong> : ausgew\u00e4hlt aus den sch\u00f6nsten Hahnem\u00fchle-Referenzen kann das Papier von einem Werk zum anderen variieren, um dem Charakter jedes Bildes gerecht zu werden.<\/li>\n<li><strong>Direktdruck auf 3 mm Alu-Dibond<\/strong> Ein moderner, leichter und steifer Tr\u00e4ger mit matter, reflexfreier Oberfl\u00e4che. Seine glatte Oberfl\u00e4che offenbart die Sch\u00e4rfe und Dichte der Farben, f\u00fcr eine Haltbarkeit von \u00fcber 20 Jahren. (Aufh\u00e4ngungsschiene wird kostenlos mitgeliefert und ist vormontiert).<\/li>\n<li><strong>Schattenfugenrahmen aus Holz<\/strong> : Alu Dibond im amerikanischen Kasten: Ein eleganter Schwebefotodruck mit mattem Finish wertet Ihr Bild auf und wird von einem Holzrahmen Ihrer Wahl (Schwarz, Wei\u00df, Eiche natur) umrahmt. Fertig zum Aufh\u00e4ngen, Lieferung mit kostenlosem und vormontiertem Aufh\u00e4ngesystem.<\/li>\n<\/ul>\n<p>Haben Sie eine andere Gr\u00f6\u00dfe im Sinn? <a title=\"Kontakt zu Lo\u00efc Delplanque, Fotograf im Morbihan\" href=\"https:\/\/www.posters-photos.com\/de\/kontakt-fotograf-morbihan\/\">Kontaktieren Sie mich<\/a>, ich schicke Ihnen einen personalisierten Link mit dem Foto im gew\u00fcnschten Format.<br \/>\n<strong>Nur 10 Exemplare \u2014 holen Sie sich dieses Werk nach Hause.<\/strong> Dans le m\u00eame esprit, <a title=\"Fi\u00e8vre d'Automne \u2014 photographie abstraite contemporaine ICM, \u00e9dition limit\u00e9e 10 exemplaires\" href=\"https:\/\/www.posters-photos.com\/de\/limitierte-auflage\/fotokunst\/zeitgenossische-abstrakte-fotografie\/\">Fi\u00e8vre d&rsquo;Automne<\/a> explore la for\u00eat \u00e0 travers le prisme de l&rsquo;abstraction.<\/p>","protected":false},"excerpt":{"rendered":"<p>Photo art nature \u2014 Entre deux souffles \u2605 Collection Prestige \u2014 10 exemplaires au monde, tous formats et supports confondus. Livraison offerte. Syst\u00e8me d&rsquo;accrochage offert et pr\u00e9mont\u00e9 sur les tirages Dibond et caisse am\u00e9ricaine. \u00c9dition sign\u00e9e et num\u00e9rot\u00e9e par l&rsquo;artiste. Certificat d&rsquo;authenticit\u00e9 envoy\u00e9 s\u00e9par\u00e9ment. \u00ab Les arbres sont essentiels \u00e0 notre survie. Quand je vois [&hellip;]<\/p>\n","protected":false},"featured_media":13549,"comment_status":"open","ping_status":"closed","template":"","meta":{"_et_pb_use_builder":"","_et_pb_old_content":"","_et_gb_content_width":""},"product_brand":[],"product_cat":[198,187],"product_tag":[],"class_list":{"0":"post-13551","1":"product","2":"type-product","3":"status-publish","4":"has-post-thumbnail","6":"product_cat-photographie-art","7":"product_cat-nouveautes","9":"first","10":"instock","11":"shipping-taxable","12":"purchasable","13":"product-type-variable","14":"has-default-attributes"},"_links":{"self":[{"href":"https:\/\/www.posters-photos.com\/de\/wp-json\/wp\/v2\/product\/13551","targetHints":{"allow":["GET"]}}],"collection":[{"href":"https:\/\/www.posters-photos.com\/de\/wp-json\/wp\/v2\/product"}],"about":[{"href":"https:\/\/www.posters-photos.com\/de\/wp-json\/wp\/v2\/types\/product"}],"replies":[{"embeddable":true,"href":"https:\/\/www.posters-photos.com\/de\/wp-json\/wp\/v2\/comments?post=13551"}],"wp:featuredmedia":[{"embeddable":true,"href":"https:\/\/www.posters-photos.com\/de\/wp-json\/wp\/v2\/media\/13549"}],"wp:attachment":[{"href":"https:\/\/www.posters-photos.com\/de\/wp-json\/wp\/v2\/media?parent=13551"}],"wp:term":[{"taxonomy":"product_brand","embeddable":true,"href":"https:\/\/www.posters-photos.com\/de\/wp-json\/wp\/v2\/product_brand?post=13551"},{"taxonomy":"product_cat","embeddable":true,"href":"https:\/\/www.posters-photos.com\/de\/wp-json\/wp\/v2\/product_cat?post=13551"},{"taxonomy":"product_tag","embeddable":true,"href":"https:\/\/www.posters-photos.com\/de\/wp-json\/wp\/v2\/product_tag?post=13551"}],"curies":[{"name":"wp","href":"https:\/\/api.w.org\/{rel}","templated":true}]}}