{"id":13569,"date":"2026-04-09T09:16:17","date_gmt":"2026-04-09T09:16:17","guid":{"rendered":"https:\/\/www.posters-photos.com\/?post_type=product&#038;p=13569"},"modified":"2026-04-11T09:40:44","modified_gmt":"2026-04-11T09:40:44","slug":"zeitgenossische-abstrakte-fotografie","status":"publish","type":"product","link":"https:\/\/www.posters-photos.com\/de\/edition-limitee\/photographie-art\/photographie-abstraite-contemporaine\/","title":{"rendered":"Zeitgen\u00f6ssische abstrakte Fotografie \u2013 Herbstfieber"},"content":{"rendered":"<h2>Zeitgen\u00f6ssische abstrakte Fotografie \u2013 Herbstfieber<\/h2>\n<p><strong>\u2605 Prestige Kollektion \u2014 10 Exemplare weltweit<\/strong>, in allen Formaten und Medien.<br \/>\n<strong>Kostenlose Lieferung. Kostenloses und vormontiertes Aufh\u00e4ngesystem auf Dibond- und amerikanischem Kistendruck.<\/strong><br \/>\n<a title=\"Alle Fotografien in limitierter Auflage \u2013 signierte und nummerierte Kunstdrucke von Lo\u00efc Delplanque\" href=\"https:\/\/www.posters-photos.com\/de\/limitierte-auflage\/\">Ausgabe <strong>signiert und nummeriert<\/strong> vom K\u00fcnstler<\/a>. Echtheitszertifikat wird separat versandt.<\/p>\n<blockquote><p>\u00abIch verbringe viel Zeit im Wald. An diesem Tag war der Herbst auf seinem H\u00f6hepunkt \u2013 \u00fcberall Farben, vom Boden bis zur Spitze. Ich wollte diese F\u00fclle so wiedergeben, wie ich sie sah, intensiv, fast unwirklich. Das gesamte Bild ist in ICM (k\u00fcnstlerische Unsch\u00e4rfe durch Kamerabewegung w\u00e4hrend der Aufnahme) umgesetzt.\u00bb<br \/>\n<strong>\u2014 Lo\u00efc Delplanque<\/strong><\/p><\/blockquote>\n<p><strong>Fotografie in 3 Ausf\u00fchrungen erh\u00e4ltlich:<\/strong><\/p>\n<ul>\n<li><strong>Hahnem\u00fchle K\u00fcnstlerpapier<\/strong> : ausgew\u00e4hlt aus den sch\u00f6nsten Hahnem\u00fchle-Referenzen kann das Papier von einem Werk zum anderen variieren, um dem Charakter jedes Bildes gerecht zu werden.<\/li>\n<li><strong>Direktdruck auf 3 mm Alu-Dibond<\/strong> Ein moderner, leichter und steifer Tr\u00e4ger mit matter, reflexfreier Oberfl\u00e4che. Seine glatte Oberfl\u00e4che offenbart die Sch\u00e4rfe und Dichte der Farben, f\u00fcr eine Haltbarkeit von \u00fcber 20 Jahren. (Aufh\u00e4ngungsschiene wird kostenlos mitgeliefert und ist vormontiert).<\/li>\n<li><strong>Schattenfugenrahmen aus Holz<\/strong> : Alu Dibond im amerikanischen Kasten: Ein eleganter Schwebefotodruck mit mattem Finish wertet Ihr Bild auf und wird von einem Holzrahmen Ihrer Wahl (Schwarz, Wei\u00df, Eiche natur) umrahmt. Fertig zum Aufh\u00e4ngen, Lieferung mit kostenlosem und vormontiertem Aufh\u00e4ngesystem.<\/li>\n<\/ul>\n<p>Haben Sie eine andere Gr\u00f6\u00dfe im Sinn? <a title=\"Kontakt zu Lo\u00efc Delplanque, Fotograf im Morbihan\" href=\"https:\/\/www.posters-photos.com\/de\/kontakt-fotograf-morbihan\/\">Kontaktieren Sie mich<\/a>, ich sende Ihnen einen personalisierten Link mit dem Foto im gew\u00fcnschten Format. Wenn Ihnen dieser abstrakte Ansatz gef\u00e4llt, entdecken Sie auch <a title=\"Entre Deux Souffles \u2013 Art-Fotografie Natur ICM in limitierter Auflage 10 Exemplare\" href=\"https:\/\/www.posters-photos.com\/de\/limitierte-auflage\/fotokunst\/fotokunst-natur-zwischen-zwei-atemzugen\/\">Zwischen zwei Atemz\u00fcgen<\/a>, eine andere Sicht der Natur durch Bewegung.<br \/>\n<strong>Nur 10 Exemplare \u2014 holen Sie sich dieses Werk nach Hause.<\/strong><\/p>","protected":false},"excerpt":{"rendered":"<p>Photographie abstraite contemporaine \u2014 Fi\u00e8vre d&rsquo;automne \u2605 Collection Prestige \u2014 10 exemplaires au monde, tous formats et supports confondus. Livraison offerte. Syst\u00e8me d&rsquo;accrochage offert et pr\u00e9mont\u00e9 sur les tirages Dibond et caisse am\u00e9ricaine. \u00c9dition sign\u00e9e et num\u00e9rot\u00e9e par l&rsquo;artiste. Certificat d&rsquo;authenticit\u00e9 envoy\u00e9 s\u00e9par\u00e9ment. \u00ab Je passe beaucoup de temps en for\u00eat. Ce jour-l\u00e0, l&rsquo;automne \u00e9tait [&hellip;]<\/p>\n","protected":false},"featured_media":13567,"comment_status":"open","ping_status":"closed","template":"","meta":{"_et_pb_use_builder":"","_et_pb_old_content":"","_et_gb_content_width":""},"product_brand":[],"product_cat":[198,187],"product_tag":[],"class_list":{"0":"post-13569","1":"product","2":"type-product","3":"status-publish","4":"has-post-thumbnail","6":"product_cat-photographie-art","7":"product_cat-nouveautes","9":"first","10":"instock","11":"shipping-taxable","12":"purchasable","13":"product-type-variable","14":"has-default-attributes"},"_links":{"self":[{"href":"https:\/\/www.posters-photos.com\/de\/wp-json\/wp\/v2\/product\/13569","targetHints":{"allow":["GET"]}}],"collection":[{"href":"https:\/\/www.posters-photos.com\/de\/wp-json\/wp\/v2\/product"}],"about":[{"href":"https:\/\/www.posters-photos.com\/de\/wp-json\/wp\/v2\/types\/product"}],"replies":[{"embeddable":true,"href":"https:\/\/www.posters-photos.com\/de\/wp-json\/wp\/v2\/comments?post=13569"}],"wp:featuredmedia":[{"embeddable":true,"href":"https:\/\/www.posters-photos.com\/de\/wp-json\/wp\/v2\/media\/13567"}],"wp:attachment":[{"href":"https:\/\/www.posters-photos.com\/de\/wp-json\/wp\/v2\/media?parent=13569"}],"wp:term":[{"taxonomy":"product_brand","embeddable":true,"href":"https:\/\/www.posters-photos.com\/de\/wp-json\/wp\/v2\/product_brand?post=13569"},{"taxonomy":"product_cat","embeddable":true,"href":"https:\/\/www.posters-photos.com\/de\/wp-json\/wp\/v2\/product_cat?post=13569"},{"taxonomy":"product_tag","embeddable":true,"href":"https:\/\/www.posters-photos.com\/de\/wp-json\/wp\/v2\/product_tag?post=13569"}],"curies":[{"name":"wp","href":"https:\/\/api.w.org\/{rel}","templated":true}]}}