{"id":13588,"date":"2026-04-09T09:44:13","date_gmt":"2026-04-09T09:44:13","guid":{"rendered":"https:\/\/www.posters-photos.com\/?post_type=product&#038;p=13588"},"modified":"2026-04-11T09:37:54","modified_gmt":"2026-04-11T09:37:54","slug":"foto-boote-meeresfrequenzen","status":"publish","type":"product","link":"https:\/\/www.posters-photos.com\/de\/edition-limitee\/photographie-art\/photo-bateaux-frequences-marines\/","title":{"rendered":"Foto Schiffe \u2014 Marinefrequenzen"},"content":{"rendered":"<h2>Foto Schiffe \u2014 Marinefrequenzen<\/h2>\n<p><strong>\u2605 Prestige Kollektion \u2014 10 Exemplare weltweit<\/strong>, in allen Formaten und Medien.<br \/>\n<strong>Kostenlose Lieferung. Kostenloses und vormontiertes Aufh\u00e4ngesystem auf Dibond- und amerikanischem Kistendruck.<\/strong><br \/>\nAusgabe <strong>signiert und nummeriert<\/strong> par l&rsquo;artiste. Certificat d&rsquo;authenticit\u00e9 envoy\u00e9 s\u00e9par\u00e9ment.<\/p>\n<blockquote><p>\u00ab Cette photo a \u00e9t\u00e9 prise un soir de No\u00ebl dans un port. Ce bleu, je ne l&rsquo;ai jamais retrouv\u00e9 ailleurs \u2014 c&rsquo;est ce qui rend cette image si particuli\u00e8re pour moi, et l&rsquo;une de mes pr\u00e9f\u00e9r\u00e9es. Le fond est r\u00e9alis\u00e9 en ICM (mouvement intentionnel du bo\u00eetier pendant la prise de vue), puis j&rsquo;ai superpos\u00e9 une seconde photographie. Certains bateaux ne me plaisant pas, je les ai redessin\u00e9s \u00e0 la tablette graphique. \u00bb<br \/>\n<strong>\u2014 Lo\u00efc Delplanque<\/strong><\/p><\/blockquote>\n<p><strong>Fotografie in 3 Ausf\u00fchrungen erh\u00e4ltlich:<\/strong><\/p>\n<ul>\n<li><strong>Hahnem\u00fchle K\u00fcnstlerpapier<\/strong> : ausgew\u00e4hlt aus den sch\u00f6nsten Hahnem\u00fchle-Referenzen kann das Papier von einem Werk zum anderen variieren, um dem Charakter jedes Bildes gerecht zu werden.<\/li>\n<li><strong>Direktdruck auf 3 mm Alu-Dibond<\/strong> Ein moderner, leichter und steifer Tr\u00e4ger mit matter, reflexfreier Oberfl\u00e4che. Seine glatte Oberfl\u00e4che offenbart die Sch\u00e4rfe und Dichte der Farben, f\u00fcr eine Haltbarkeit von \u00fcber 20 Jahren. (Aufh\u00e4ngungsschiene wird kostenlos mitgeliefert und ist vormontiert).<\/li>\n<li><strong>Schattenfugenrahmen aus Holz<\/strong> : Alu Dibond im amerikanischen Kasten: Ein eleganter Schwebefotodruck mit mattem Finish wertet Ihr Bild auf und wird von einem Holzrahmen Ihrer Wahl (Schwarz, Wei\u00df, Eiche natur) umrahmt. Fertig zum Aufh\u00e4ngen, Lieferung mit kostenlosem und vormontiertem Aufh\u00e4ngesystem.<\/li>\n<\/ul>\n<p>Haben Sie eine andere Gr\u00f6\u00dfe im Sinn? <a title=\"Kontakt zu Lo\u00efc Delplanque, Fotograf im Morbihan\" href=\"https:\/\/www.posters-photos.com\/de\/kontakt-fotograf-morbihan\/\">Kontaktieren Sie mich<\/a>, ich schicke Ihnen einen personalisierten Link mit dem Foto im gew\u00fcnschten Format.<br \/>\n<strong>Nur 10 Exemplare \u2014 holen Sie sich dieses Werk nach Hause.<\/strong> D\u00e9couvrez aussi <a title=\"Entre Deux Rives \u2014 photographie d'art paysage ICM en \u00e9dition limit\u00e9e 10 exemplaires\" href=\"https:\/\/www.posters-photos.com\/de\/limitierte-auflage\/fotokunst\/fotokunst-landschaft-zwischen-zwei-ufern\/\">Entre Deux Rives<\/a>, ou parcourez <a title=\"Toutes les photographies en \u00e9dition limit\u00e9e \u2014 tirages d'art sign\u00e9s Lo\u00efc Delplanque\" href=\"https:\/\/www.posters-photos.com\/de\/limitierte-auflage\/\">toute la galerie en \u00e9dition limit\u00e9e<\/a>.<\/p>","protected":false},"excerpt":{"rendered":"<p>Photo bateaux \u2014 Fr\u00e9quences marines \u2605 Collection Prestige \u2014 10 exemplaires au monde, tous formats et supports confondus. Livraison offerte. Syst\u00e8me d&rsquo;accrochage offert et pr\u00e9mont\u00e9 sur les tirages Dibond et caisse am\u00e9ricaine. \u00c9dition sign\u00e9e et num\u00e9rot\u00e9e par l&rsquo;artiste. Certificat d&rsquo;authenticit\u00e9 envoy\u00e9 s\u00e9par\u00e9ment. \u00ab Cette photo a \u00e9t\u00e9 prise un soir de No\u00ebl dans un port. [&hellip;]<\/p>\n","protected":false},"featured_media":13586,"comment_status":"open","ping_status":"closed","template":"","meta":{"_et_pb_use_builder":"","_et_pb_old_content":"","_et_gb_content_width":""},"product_brand":[],"product_cat":[198,187],"product_tag":[],"class_list":{"0":"post-13588","1":"product","2":"type-product","3":"status-publish","4":"has-post-thumbnail","6":"product_cat-photographie-art","7":"product_cat-nouveautes","9":"first","10":"instock","11":"shipping-taxable","12":"purchasable","13":"product-type-variable","14":"has-default-attributes"},"_links":{"self":[{"href":"https:\/\/www.posters-photos.com\/de\/wp-json\/wp\/v2\/product\/13588","targetHints":{"allow":["GET"]}}],"collection":[{"href":"https:\/\/www.posters-photos.com\/de\/wp-json\/wp\/v2\/product"}],"about":[{"href":"https:\/\/www.posters-photos.com\/de\/wp-json\/wp\/v2\/types\/product"}],"replies":[{"embeddable":true,"href":"https:\/\/www.posters-photos.com\/de\/wp-json\/wp\/v2\/comments?post=13588"}],"wp:featuredmedia":[{"embeddable":true,"href":"https:\/\/www.posters-photos.com\/de\/wp-json\/wp\/v2\/media\/13586"}],"wp:attachment":[{"href":"https:\/\/www.posters-photos.com\/de\/wp-json\/wp\/v2\/media?parent=13588"}],"wp:term":[{"taxonomy":"product_brand","embeddable":true,"href":"https:\/\/www.posters-photos.com\/de\/wp-json\/wp\/v2\/product_brand?post=13588"},{"taxonomy":"product_cat","embeddable":true,"href":"https:\/\/www.posters-photos.com\/de\/wp-json\/wp\/v2\/product_cat?post=13588"},{"taxonomy":"product_tag","embeddable":true,"href":"https:\/\/www.posters-photos.com\/de\/wp-json\/wp\/v2\/product_tag?post=13588"}],"curies":[{"name":"wp","href":"https:\/\/api.w.org\/{rel}","templated":true}]}}