{"id":1672,"date":"2024-05-13T09:34:11","date_gmt":"2024-05-13T09:34:11","guid":{"rendered":"https:\/\/www.posters-photos.com\/?post_type=product&#038;p=1672"},"modified":"2026-04-06T14:02:14","modified_gmt":"2026-04-06T14:02:14","slug":"schwarz-weis-foto-zollnerpfad-ploumanach-frankreich","status":"publish","type":"product","link":"https:\/\/www.posters-photos.com\/de\/edition-limitee\/photographies-bretagne\/photographies-cotes-darmor\/photo-en-noir-et-blanc-sentier-des-douaniers-ploumanach\/","title":{"rendered":"Schwarz-Wei\u00df-Foto - Z\u00f6llnerpfad in Ploumanac'h"},"content":{"rendered":"<p><strong>Art :<\/strong> <a title=\"Legend\u00e4re Dekoration | Schwarz-Wei\u00df-Foto | Excalibur-Schwert am Lac de Tr\u00e9melin\" href=\"https:\/\/www.posters-photos.com\/de\/limitierte-auflage\/bretagne-fotografien\/ille-et-vilaine-fotografien\/schwarz-und-weis-fotografie-schwert-excalibur\/\">Schwarz-Wei\u00df-Foto<\/a><\/p>\n<p><strong>Lo\u00efc Delplanque :<\/strong><\/p>\n<blockquote><p>Entdecken Sie die ganz besondere Atmosph\u00e4re des Z\u00f6llnerpfades in der N\u00e4he von Perros-Guirec mit diesem Druck in <a title=\"Einsamer Baum mitten im See | Schwarz-Wei\u00df-Foto | Minimalistische Dekoration\" href=\"https:\/\/www.posters-photos.com\/de\/limitierte-auflage\/fotografien\/schwarz-und-weis\/schwarz-weis-fotografie-bretagne-etang-du-moulin-neuf\/\"><strong>schwarz und wei\u00df<\/strong><\/a>, das in limitierter Auflage erh\u00e4ltlich ist.<\/p>\n<p>&nbsp;<\/p>\n<p>Ich f\u00fchlte mich sofort von diesem Wasserspeier angezogen. Er blickt in Richtung des Hauses Park an Men Ruz, direkt neben dem Leuchtturm von Ploumanac'h, und hob sich perfekt unter diesem dunklen Himmel ab. Schwarz-Wei\u00df bot sich an, um die Kontraste und die etwas dramatische Atmosph\u00e4re des Moments hervorzuheben.<\/p>\n<p>&nbsp;<\/p>\n<p>Dieses Haus ist hier ein Wahrzeichen: Es wurde vor \u00fcber 120 Jahren aus rosa Granit erbaut und steht trotz der St\u00fcrme noch immer da. Es ist ein Muss, wenn man auf dem Sentier des Douaniers (Z\u00f6llnerpfad) wandert. Die <a title=\"Sonnenuntergangsfotografie | Z\u00f6llnerpfad | Bretagne | Meereslandschaft | Lebendige Farben\" href=\"https:\/\/www.posters-photos.com\/de\/limitierte-auflage\/bretagne-fotografien\/cotes-darmor-fotografien\/fotografie-rosa-granitkuste-sonnenuntergang-frankreich\/\">Rosa Granitk\u00fcste<\/a> ist f\u00fcr seine bizarr geformten Felsen und den Blick auf die Sieben Inseln bekannt, aber ich halte mich auch gerne an diesen architektonischen Details auf, die die Geschichte des Ortes erz\u00e4hlen.<\/p>\n<p>&nbsp;<\/p>\n<p>Dieses Foto gef\u00e4llt mir wegen seiner dunklen und grafischen Seite sehr gut. Ich finde, es zeigt eine andere Seite der Bretagne, weit entfernt von den sonnigen Postkarten, und es wird Ihrem Raum eine echte Pr\u00e4senz verleihen.<\/p><\/blockquote>\n<p>Fotografie in 4 Ausf\u00fchrungen erh\u00e4ltlich:<\/p>\n<ul>\n<li><strong>Hahnem\u00fchle K\u00fcnstlerpapier<\/strong>.<\/li>\n<li><strong>Direktdruck auf 3 mm Alu-Dibond<\/strong> Ein moderner, leichter und steifer Tr\u00e4ger mit matter, reflexfreier Oberfl\u00e4che. Seine glatte Oberfl\u00e4che offenbart die Sch\u00e4rfe und Dichte der Farben, f\u00fcr eine Haltbarkeit von \u00fcber 20 Jahren. (Aufh\u00e4ngungsschiene wird kostenlos mitgeliefert und ist vormontiert).<\/li>\n<li><strong>Druck auf 10 mm Forex<\/strong> ein steifer, leichter und stabiler Tr\u00e4ger mit einer kompakten wei\u00dfen Oberfl\u00e4che, der den vollen Farbglanz offenbart. Fertig zum Aufh\u00e4ngen, inklusive kostenloser und vormontierter Aufh\u00e4ngeschiene f\u00fcr einen sauberen und modernen Look.<\/li>\n<li><strong>Schattenfugenrahmen aus Holz<\/strong> : Alu Dibond im amerikanischen Kasten: Ein eleganter Schwebefotodruck mit mattem Finish wertet Ihr Bild auf und wird von einem Holzrahmen Ihrer Wahl (Schwarz, Wei\u00df, Eiche natur) umrahmt. Fertig zum Aufh\u00e4ngen, Lieferung mit kostenlosem und vormontiertem Aufh\u00e4ngesystem.<\/li>\n<\/ul>\n<p>Haben Sie eine andere Gr\u00f6\u00dfe im Sinn? <a title=\"Kontakt zu Lo\u00efc Delplanque, Fotograf im Morbihan\" href=\"https:\/\/www.posters-photos.com\/de\/kontakt-fotograf-morbihan\/\">Kontaktieren Sie mich<\/a>, ich schicke Ihnen einen personalisierten Link mit dem Foto im gew\u00fcnschten Format.<\/p>\n<p><strong>Dieses Foto in limitierter Auflage wartet auf Sie, um seinen Platz in Ihrer Wohnung zu finden. Kaufen Sie es jetzt!<\/strong><\/p>","protected":false},"excerpt":{"rendered":"<p>Type : Photo en noir et blanc Lo\u00efc Delplanque : D\u00e9couvrez l\u2019ambiance si particuli\u00e8re du sentier des douaniers pr\u00e8s de Perros-Guirec avec ce tirage en noir et blanc, disponible en \u00e9dition limit\u00e9e. &nbsp; J&rsquo;ai tout de suite \u00e9t\u00e9 attir\u00e9 par cette gargouille. Elle regarde vers la maison Park an Men Ruz, juste \u00e0 c\u00f4t\u00e9 du [&hellip;]<\/p>\n","protected":false},"featured_media":11592,"comment_status":"open","ping_status":"closed","template":"","meta":{"_et_pb_use_builder":"off","_et_pb_old_content":"D\u00e9couvrez notre photographie en <a title=\"Photos en Noir et Blanc | Galerie de Photographies artistiques\" href=\"https:\/\/www.posters-photos.com\/etiquette-produit\/photographie-en-noir-et-blanc\/\" target=\"_blank\" rel=\"noopener\">noir et blanc<\/a>, capturant une gargouille regardant la maison \"Park an Men Ruz\" sur le Sentier des Douaniers \u00e0 Perros-Guirec. Cette demeure familiale, b\u00e2tie en granit rose et situ\u00e9e \u00e0 deux pas du phare de Ploumanac'h, a r\u00e9sist\u00e9 \u00e0 123 ans de temp\u00eates.\r\n\r\nLe Sentier des Douaniers, un incontournable de la C\u00f4te de Granit Rose, offre des vues spectaculaires sur l'archipel des Sept \u00celes et les rochers de Ploumanac\u2019h. Depuis la plage de Trestraou, ce sentier de 8 km aller-retour jusqu\u2019\u00e0 la plage de Saint-Guirec traverse des paysages de landes d'ajoncs et de bruy\u00e8res.\r\n\r\nNotre photographie nous plonge dans une atmosph\u00e8re mystique avec ce ciel mena\u00e7ant. La gargouille, observant la maison \"Park an Men Ruz\", embl\u00e8me de la r\u00e9silience face aux \u00e9l\u00e9ments, se d\u00e9tache magnifiquement dans ce cadre naturel.\r\n\r\nCette \u0153uvre unique, id\u00e9ale pour sublimer votre int\u00e9rieur, \u00e9voque la force et la majest\u00e9 de la nature bretonne. Parfaite pour les amoureux de la Bretagne et les passionn\u00e9s de photographie, elle apportera une touche de nature sauvage et d'\u00e9l\u00e9gance \u00e0 votre d\u00e9coration.\r\n\r\n<strong>Caract\u00e9ristiques de l\u2019\u0153uvre :<\/strong>\r\n\r\n<strong>Type :<\/strong> <a title=\"Photos en Noir et Blanc | Galerie de Photographies artistiques\" href=\"https:\/\/www.posters-photos.com\/etiquette-produit\/photographie-en-noir-et-blanc\/\" target=\"_blank\" rel=\"noopener\">Photo en noir et blanc<\/a>\r\n<strong>Format :<\/strong> Des tailles sup\u00e9rieures sont disponibles sur simple demande : <a title=\"Contactez Lo\u00efc Delplanque | Photographies et Affiches en \u00c9dition Limit\u00e9e, Reportages Photos pour Particuliers\" href=\"https:\/\/www.posters-photos.com\/contact\/\" target=\"_blank\" rel=\"noopener\">Je demande une autre taille<\/a>\r\n<strong>\u00c9dition :<\/strong> Limit\u00e9e \u00e0 50 exemplaires sur papier \u00e9cologique Hahnem\u00fchle Hemp 290g pour garantir son exclusivit\u00e9\r\n<strong>Certificat d'authenticit\u00e9 :<\/strong> Chaque photographie est accompagn\u00e9e d'un certificat num\u00e9rot\u00e9 et sign\u00e9 de la main de l\u2019artiste confirmant son authenticit\u00e9 et son caract\u00e8re limit\u00e9.\r\n\r\n<strong>Pourquoi Choisir Cette \u0152uvre :<\/strong>\r\n\r\n<strong>Exclusivit\u00e9 :<\/strong> Une des 50 impressions disponibles, offrant une pi\u00e8ce de collection unique.\r\n<strong>D\u00e9coration :<\/strong> Visuel impactant, apportant une touche dramatique \u00e0 votre collection d'art ou d\u00e9coration int\u00e9rieure.\r\n<strong>Cadeau Parfait :<\/strong> Id\u00e9al pour ceux qui appr\u00e9cient l'art visuel ou cherchent un cadeau m\u00e9morable et de grande qualit\u00e9.","_et_gb_content_width":""},"product_brand":[],"product_cat":[58,56,186],"product_tag":[130,145,143,136,134],"class_list":{"0":"post-1672","1":"product","2":"type-product","3":"status-publish","4":"has-post-thumbnail","6":"product_cat-photographies-cotes-darmor","7":"product_cat-photographies-bretagne","8":"product_cat-noir-et-blanc","9":"product_tag-cotes-darmor","10":"product_tag-graphique","11":"product_tag-lieux-emblematiques","12":"product_tag-noir-et-blanc","13":"product_tag-tempetes","15":"first","16":"instock","17":"shipping-taxable","18":"purchasable","19":"product-type-variable","20":"has-default-attributes"},"_links":{"self":[{"href":"https:\/\/www.posters-photos.com\/de\/wp-json\/wp\/v2\/product\/1672","targetHints":{"allow":["GET"]}}],"collection":[{"href":"https:\/\/www.posters-photos.com\/de\/wp-json\/wp\/v2\/product"}],"about":[{"href":"https:\/\/www.posters-photos.com\/de\/wp-json\/wp\/v2\/types\/product"}],"replies":[{"embeddable":true,"href":"https:\/\/www.posters-photos.com\/de\/wp-json\/wp\/v2\/comments?post=1672"}],"wp:featuredmedia":[{"embeddable":true,"href":"https:\/\/www.posters-photos.com\/de\/wp-json\/wp\/v2\/media\/11592"}],"wp:attachment":[{"href":"https:\/\/www.posters-photos.com\/de\/wp-json\/wp\/v2\/media?parent=1672"}],"wp:term":[{"taxonomy":"product_brand","embeddable":true,"href":"https:\/\/www.posters-photos.com\/de\/wp-json\/wp\/v2\/product_brand?post=1672"},{"taxonomy":"product_cat","embeddable":true,"href":"https:\/\/www.posters-photos.com\/de\/wp-json\/wp\/v2\/product_cat?post=1672"},{"taxonomy":"product_tag","embeddable":true,"href":"https:\/\/www.posters-photos.com\/de\/wp-json\/wp\/v2\/product_tag?post=1672"}],"curies":[{"name":"wp","href":"https:\/\/api.w.org\/{rel}","templated":true}]}}