{"id":1678,"date":"2024-05-13T11:14:23","date_gmt":"2024-05-13T11:14:23","guid":{"rendered":"https:\/\/www.posters-photos.com\/?post_type=product&#038;p=1678"},"modified":"2026-04-07T11:31:37","modified_gmt":"2026-04-07T11:31:37","slug":"landschaftsfoto-meer-sonnenaufgang-am-cap-frehel","status":"publish","type":"product","link":"https:\/\/www.posters-photos.com\/de\/edition-limitee\/photographies-bretagne\/photographies-cotes-darmor\/photo-paysage-mer-sunrise-au-cap-frehel\/","title":{"rendered":"Foto Landschaft Meer Herrlich \u2013 Rosa Sonnenaufgang am Cap Fr\u00e9hel"},"content":{"rendered":"<p><strong>Art :<\/strong> <a title=\"Phare de la Tourelle des Perdrix | K\u00fcnstlerische Wanddekoration | Meer und bretonische Landschaften\" href=\"https:\/\/www.posters-photos.com\/de\/limitierte-auflage\/bretagne-fotografien\/finistere-fotografien\/fotografie-meer-bretagne-leuchtturm-la-tourelle-des-perdrix\/\">Foto Landschaft Meer<\/a><\/p>\n<p><strong>Lo\u00efc Delplanque :<\/strong><\/p>\n<blockquote><p>Lassen Sie sich von der Sanftheit des Cap Fr\u00e9hel tragen.<\/p>\n<p>&nbsp;<\/p>\n<p>Mit dieser Fotografie biete ich Ihnen einen <a title=\"Rosa Sonnenaufgang am Leuchtturm von Cap Fr\u00e9hel | Bretonische Landschaft\" href=\"https:\/\/www.posters-photos.com\/de\/limitierte-auflage\/bretagne-fotografien\/cotes-darmor-fotografien\/fotografie-leuchtturm-von-cap-frehel-sonnenaufgang\/\">Sonnenaufgang<\/a> ganz in Nuancen, zart rosa gef\u00e4rbt unter dem letzten Mond am Morgen. Es ist eine beruhigende Seelandschaft, eine Einladung, sich Zeit zu nehmen, die einen wahren Hauch von Poesie in Ihr Zuhause bringen wird.<\/p>\n<p>&nbsp;<\/p>\n<p>Das Cap Fr\u00e9hel ist ein au\u00dfergew\u00f6hnlicher Ort. Es liegt zwischen Saint-Brieuc und Saint-Malo und seine Sandsteinklippen \u00fcberragen das Meer um 70 Meter. Es ist ein wilder Ort, der wegen seines Reichtums an Heidelandschaften und seiner Fauna als Grand Site de France eingestuft wurde.<\/p>\n<p>&nbsp;<\/p>\n<p>Wenn man die K\u00fcstenstra\u00dfe oder den Z\u00f6llnerpfad (GR 34) entlangf\u00e4hrt, ist das Panorama atemberaubend, bei klarem Wetter kann man sogar Jersey erahnen. Es ist ein starker Ort, an dem die Geschichte der Blockh\u00e4user neben der einfachen Sch\u00f6nheit der Str\u00e4nde und H\u00f6hlen steht. Es ist diese einzigartige Atmosph\u00e4re, die ich heute mit Ihnen teilen m\u00f6chte.<\/p><\/blockquote>\n<p>Fotografie in 4 Ausf\u00fchrungen erh\u00e4ltlich:<\/p>\n<ul>\n<li><strong>Hahnem\u00fchle K\u00fcnstlerpapier<\/strong>.<\/li>\n<li><strong>Direktdruck auf 3 mm Alu-Dibond<\/strong> Ein moderner, leichter und steifer Tr\u00e4ger mit matter, reflexfreier Oberfl\u00e4che. Seine glatte Oberfl\u00e4che offenbart die Sch\u00e4rfe und Dichte der Farben, f\u00fcr eine Haltbarkeit von \u00fcber 20 Jahren. (Aufh\u00e4ngungsschiene wird kostenlos mitgeliefert und ist vormontiert).<\/li>\n<li><strong>Druck auf 10 mm Forex<\/strong> ein steifer, leichter und stabiler Tr\u00e4ger mit einer kompakten wei\u00dfen Oberfl\u00e4che, der den vollen Farbglanz offenbart. Fertig zum Aufh\u00e4ngen, inklusive kostenloser und vormontierter Aufh\u00e4ngeschiene f\u00fcr einen sauberen und modernen Look.<\/li>\n<li><strong>Schattenfugenrahmen aus Holz<\/strong> : Alu Dibond im amerikanischen Kasten: Ein eleganter Schwebefotodruck mit mattem Finish wertet Ihr Bild auf und wird von einem Holzrahmen Ihrer Wahl (Schwarz, Wei\u00df, Eiche natur) umrahmt. Fertig zum Aufh\u00e4ngen, Lieferung mit kostenlosem und vormontiertem Aufh\u00e4ngesystem.<\/li>\n<\/ul>\n<p>Haben Sie eine andere Gr\u00f6\u00dfe im Sinn? <a title=\"Kontakt zu Lo\u00efc Delplanque, Fotograf im Morbihan\" href=\"https:\/\/www.posters-photos.com\/de\/kontakt-fotograf-morbihan\/\">Kontaktieren Sie mich<\/a>, ich schicke Ihnen einen personalisierten Link mit dem Foto im gew\u00fcnschten Format.<\/p>","protected":false},"excerpt":{"rendered":"<p>Type : Photo Paysage Mer Lo\u00efc Delplanque : Laissez-vous porter par la douceur du Cap Fr\u00e9hel. &nbsp; Avec cette photographie, je vous propose un lever de soleil tout en nuances, d\u00e9licatement teint\u00e9 de rose sous la derni\u00e8re lune du matin. C&rsquo;est un paysage maritime apaisant, une invitation \u00e0 prendre le temps, qui apportera une vraie [&hellip;]<\/p>\n","protected":false},"featured_media":11590,"comment_status":"open","ping_status":"closed","template":"","meta":{"_et_pb_use_builder":"off","_et_pb_old_content":"Le Cap Fr\u00e9hel, situ\u00e9 sur la c\u00f4te nord de la Bretagne, entre les baies de Saint-Brieuc et de Saint-Malo, est c\u00e9l\u00e8bre pour ses falaises de gr\u00e8s rose qui s'\u00e9l\u00e8vent \u00e0 environ 70 m\u00e8tres au-dessus de la mer. Class\u00e9 pour son importance ornithologique et la conservation de ses landes c\u00f4ti\u00e8res, le site a re\u00e7u le label Grand Site de France en 2019. Accessible par la route c\u00f4ti\u00e8re ou le sentier GR 34, le cap offre des vues panoramiques, y compris sur l'\u00eele de Jersey par temps clair. <a title=\"Photographie du Phare du Cap Fr\u00e9hel au Lever de Soleil | Paysage \u00c9blouissant\" href=\"https:\/\/www.posters-photos.com\/photographie-phare-du-cap-frehel-sunrise\/\" target=\"_blank\" rel=\"noopener\">Le phare actuel<\/a>, construit entre 1946 et 1950, domine la mer de 103 m\u00e8tres. Pendant la Seconde Guerre mondiale, le site abritait une station radar, et aujourd'hui, il reste des blockhaus dissimul\u00e9s. Les plages et grottes marines, accessibles \u00e0 pied ou en kayak, ajoutent \u00e0 l'attrait naturel du Cap Fr\u00e9hel\r\n\r\n<strong>Caract\u00e9ristiques de l\u2019\u0153uvre :<\/strong>\r\n\r\n<strong>Type :<\/strong> <a title=\"Photographies de Paysages Maritimes | Beaut\u00e9 de la Mer et des C\u00f4tes Bretonnes\" href=\"https:\/\/www.posters-photos.com\/etiquette-produit\/photographie-mer\/\" target=\"_blank\" rel=\"noopener\">Photo Paysage Mer<\/a>\r\n<strong>Format :<\/strong> Des tailles sup\u00e9rieures sont disponibles sur simple demande : <a title=\"Contactez Lo\u00efc Delplanque | Photographies et Affiches en \u00c9dition Limit\u00e9e, Reportages Photos pour Particuliers\" href=\"https:\/\/www.posters-photos.com\/contact\/\" target=\"_blank\" rel=\"noopener\">Je demande une autre taille<\/a>\r\n<strong>\u00c9dition :<\/strong> Limit\u00e9e \u00e0 50 exemplaires sur papier \u00e9cologique Hahnem\u00fchle Hemp 290g pour garantir son exclusivit\u00e9\r\n<strong>Certificat d'authenticit\u00e9 :<\/strong> Chaque photographie est accompagn\u00e9e d'un certificat num\u00e9rot\u00e9 et sign\u00e9 de la main de l\u2019artiste confirmant son authenticit\u00e9 et son caract\u00e8re limit\u00e9.\r\n\r\n<strong>Pourquoi choisir cette photographie :<\/strong>\r\n\r\n<strong>Ambiance Color\u00e9e :<\/strong> Les teintes ros\u00e9es du lever de soleil offrent une atmosph\u00e8re chaleureuse et invitante, id\u00e9ale pour dynamiser un espace de vie ou de travail.\r\n<strong>\u00c9l\u00e9gance :<\/strong> Parfaite pour ajouter une dimension artistique et naturelle \u00e0 votre d\u00e9cor, refl\u00e9tant le calme et la majest\u00e9 des paysages bretons.\r\n<strong>Investissement Artistique :<\/strong> Non seulement une belle addition \u00e0 votre collection ou d\u00e9coration, mais aussi une valeur s\u00fbre qui enrichira votre environnement avec le temps.","_et_gb_content_width":""},"product_brand":[],"product_cat":[58,56],"product_tag":[144,137,130,132,148],"class_list":{"0":"post-1678","1":"product","2":"type-product","3":"status-publish","4":"has-post-thumbnail","6":"product_cat-photographies-cotes-darmor","7":"product_cat-photographies-bretagne","8":"product_tag-ambiance-mer","9":"product_tag-calme","10":"product_tag-cotes-darmor","11":"product_tag-levers-et-couchers-de-soleil","12":"product_tag-pastels","14":"first","15":"instock","16":"shipping-taxable","17":"purchasable","18":"product-type-variable","19":"has-default-attributes"},"_links":{"self":[{"href":"https:\/\/www.posters-photos.com\/de\/wp-json\/wp\/v2\/product\/1678","targetHints":{"allow":["GET"]}}],"collection":[{"href":"https:\/\/www.posters-photos.com\/de\/wp-json\/wp\/v2\/product"}],"about":[{"href":"https:\/\/www.posters-photos.com\/de\/wp-json\/wp\/v2\/types\/product"}],"replies":[{"embeddable":true,"href":"https:\/\/www.posters-photos.com\/de\/wp-json\/wp\/v2\/comments?post=1678"}],"wp:featuredmedia":[{"embeddable":true,"href":"https:\/\/www.posters-photos.com\/de\/wp-json\/wp\/v2\/media\/11590"}],"wp:attachment":[{"href":"https:\/\/www.posters-photos.com\/de\/wp-json\/wp\/v2\/media?parent=1678"}],"wp:term":[{"taxonomy":"product_brand","embeddable":true,"href":"https:\/\/www.posters-photos.com\/de\/wp-json\/wp\/v2\/product_brand?post=1678"},{"taxonomy":"product_cat","embeddable":true,"href":"https:\/\/www.posters-photos.com\/de\/wp-json\/wp\/v2\/product_cat?post=1678"},{"taxonomy":"product_tag","embeddable":true,"href":"https:\/\/www.posters-photos.com\/de\/wp-json\/wp\/v2\/product_tag?post=1678"}],"curies":[{"name":"wp","href":"https:\/\/api.w.org\/{rel}","templated":true}]}}