{"id":1699,"date":"2024-05-13T15:20:29","date_gmt":"2024-05-13T15:20:29","guid":{"rendered":"https:\/\/www.posters-photos.com\/?post_type=product&#038;p=1699"},"modified":"2026-04-07T11:30:08","modified_gmt":"2026-04-07T11:30:08","slug":"nachtfotografie-bogen-von-port-blanc","status":"publish","type":"product","link":"https:\/\/www.posters-photos.com\/de\/edition-limitee\/photographies-bretagne\/photographies-morbihan\/photographie-de-nuit-arche-de-port-blanc\/","title":{"rendered":"Sublime Nachtfotografie - Bogen von Port Blanc, Morbihan"},"content":{"rendered":"<p><strong>Typ:<\/strong> <a title=\"Hafen von Saint-Goustan bei Nacht | Auray | Bretagne | Reflexionen | Marinemalerei | Landschaft\" href=\"https:\/\/www.posters-photos.com\/de\/limitierte-auflage\/bretagne-fotografien\/morbihan-fotografien\/fotografie-hafen-von-saint-goustan-bei-morgendammerung-frankreich\/\">Fotografieren bei Nacht<\/a><\/p>\n<p>F\u00fcr diese Aufnahme habe ich mich oben auf den Klippen der C\u00f4te Sauvage aufgestellt. Der Vollmond war stark genug, um den Arch von Port Blanc zu beleuchten und die Details der Felsen zu enth\u00fcllen, was eine ziemlich mystische Stimmung erzeugte.<\/p>\n<p>Der Mond modelliert den Roche Perc\u00e9e und bringt die Spuren der Erosion zum Vorschein. Wir stehen vor dem Atlantischen Ozean, wo die <a title=\"Fotografien von St\u00fcrmen in der Bretagne | Beeindruckende Meereslandschaften\" href=\"https:\/\/www.posters-photos.com\/de\/kunst\/bretagne-fotografien\/sturmfotos-bretagne\/\">St\u00fcrme<\/a> haben diese emblematische Landschaft des Morbihan geformt.<\/p>\n<p>Das endg\u00fcltige Bild beh\u00e4lt diese Nachtstimmung bei, mit tiefen Blaut\u00f6nen, die mit dem Stein kontrastieren. Es ist eine andere Sicht auf diesen sehr bekannten Ort in der Bretagne.<\/p>\n<p>Fotografie in 4 Ausf\u00fchrungen erh\u00e4ltlich:<\/p>\n<ul>\n<li><strong>Hahnem\u00fchle K\u00fcnstlerpapier<\/strong>.<\/li>\n<li><strong>Direktdruck auf 3 mm Alu-Dibond<\/strong> Ein moderner, leichter und steifer Tr\u00e4ger mit matter, reflexfreier Oberfl\u00e4che. Seine glatte Oberfl\u00e4che offenbart die Sch\u00e4rfe und Dichte der Farben, f\u00fcr eine Haltbarkeit von \u00fcber 20 Jahren. (Aufh\u00e4ngungsschiene wird kostenlos mitgeliefert und ist vormontiert).<\/li>\n<li><strong>Druck auf 10 mm Forex<\/strong> ein steifer, leichter und stabiler Tr\u00e4ger mit einer kompakten wei\u00dfen Oberfl\u00e4che, der den vollen Farbglanz offenbart. Fertig zum Aufh\u00e4ngen, inklusive kostenloser und vormontierter Aufh\u00e4ngeschiene f\u00fcr einen sauberen und modernen Look.<\/li>\n<li><strong>Schattenfugenrahmen aus Holz<\/strong> : Alu Dibond im amerikanischen Kasten: Ein eleganter Schwebefotodruck mit mattem Finish wertet Ihr Bild auf und wird von einem Holzrahmen Ihrer Wahl (Schwarz, Wei\u00df, Eiche natur) umrahmt. Fertig zum Aufh\u00e4ngen, Lieferung mit kostenlosem und vormontiertem Aufh\u00e4ngesystem.<\/li>\n<\/ul>\n<p>Reservieren Sie Ihre Nummer, limitierte Auflage von 30 Ex.<\/p>","protected":false},"excerpt":{"rendered":"<p>Type: Photographie de nuit Je me suis install\u00e9 en haut des falaises de la C\u00f4te Sauvage pour cette prise de vue. La pleine lune \u00e9tait assez puissante pour \u00e9clairer l&rsquo;Arche de Port-Blanc et r\u00e9v\u00e9ler les d\u00e9tails de la roche, cr\u00e9ant une ambiance assez mystique. La lune sculpte la Roche Perc\u00e9e et fait ressortir les traces [&hellip;]<\/p>\n","protected":false},"featured_media":11696,"comment_status":"open","ping_status":"closed","template":"","meta":{"_et_pb_use_builder":"off","_et_pb_old_content":"<strong>Caract\u00e9ristiques de l\u2019\u0153uvre : <\/strong>\r\n\r\n<strong>Type:<\/strong> <a title=\"Port Saint-Goustan Nuit | Auray | Bretagne | Reflets | Tableau Marin | Paysage\" href=\"https:\/\/www.posters-photos.com\/edition-limitee\/photographie-bretagne\/photographies-morbihan\/photographie-port-de-saint-goustan-a-laube\/\" target=\"_blank\" rel=\"noopener\">Photographie de nuit<\/a>\r\n<strong>Format :<\/strong> 50 x 70 cm ou 70 x 100 cm (20 x 28 inches ou 28 x 40 inches). <a title=\"Contact de Lo\u00efc Delplanque artiste photographe en Bretagne\" href=\"https:\/\/www.posters-photos.com\/contact-loic-delplanque\/\" target=\"_blank\" rel=\"noopener\"><strong>D'autres tailles sont disponibles sur simple demande<\/strong><\/a>\r\n<strong>\u00c9dition :<\/strong> Photographie de Lo\u00efc Delplanque en \u00e9dition limit\u00e9e \u00e0 50 exemplaires sur <strong>papier Hahnem\u00fchle Torchon 285g<\/strong>\r\n<strong>Certificat d'authenticit\u00e9 :<\/strong> Chaque photographie est accompagn\u00e9e d'un certificat num\u00e9rot\u00e9 et sign\u00e9 de la main de l\u2019artiste confirmant son authenticit\u00e9 et son caract\u00e8re limit\u00e9\r\n\r\n<strong>Pourquoi Choisir Cette Photographie :<\/strong>\r\n\r\n<strong>Exclusivit\u00e9 :<\/strong> Limit\u00e9e \u00e0 seulement 50 exemplaires, vous serez l'heureux acqu\u00e9reur d'une \u0153uvre rare\r\n\r\n<strong>Durabilit\u00e9 et qualit\u00e9 :<\/strong> Nos \u0153uvres sont imprim\u00e9es sur <strong><a title=\"Impression Fine Art sur Hahnem\u00fchle Torchon 285g - Tirage photo haute qualit\u00e9 WhiteWall\" href=\"https:\/\/www.whitewall.com\/fr\/impression-photo\/impression-fine-art\" target=\"_blank\" rel=\"noopener\">papier Hahnem\u00fchle Torchon 285g<\/a><\/strong>\u00a0, un papier d'exception \u00e0 base de cellulose pure. Avec son blanc \u00e9clatant et sa texture aquarelle unique, il sublime chaque d\u00e9tail de vos photographies. Le couchage jet d'encre mat premium garantit des couleurs \u00e9clatantes et un noir profond, offrant des r\u00e9sultats d'impression remarquables. Sans acide ni lignine, ce papier respecte les normes les plus strictes de conservation.","_et_gb_content_width":""},"product_brand":[],"product_cat":[59,56],"product_tag":[144,146,137,143,129],"class_list":{"0":"post-1699","1":"product","2":"type-product","3":"status-publish","4":"has-post-thumbnail","6":"product_cat-photographies-morbihan","7":"product_cat-photographies-bretagne","8":"product_tag-ambiance-mer","9":"product_tag-bleu","10":"product_tag-calme","11":"product_tag-lieux-emblematiques","12":"product_tag-morbihan","14":"first","15":"instock","16":"shipping-taxable","17":"purchasable","18":"product-type-variable","19":"has-default-attributes"},"_links":{"self":[{"href":"https:\/\/www.posters-photos.com\/de\/wp-json\/wp\/v2\/product\/1699","targetHints":{"allow":["GET"]}}],"collection":[{"href":"https:\/\/www.posters-photos.com\/de\/wp-json\/wp\/v2\/product"}],"about":[{"href":"https:\/\/www.posters-photos.com\/de\/wp-json\/wp\/v2\/types\/product"}],"replies":[{"embeddable":true,"href":"https:\/\/www.posters-photos.com\/de\/wp-json\/wp\/v2\/comments?post=1699"}],"wp:featuredmedia":[{"embeddable":true,"href":"https:\/\/www.posters-photos.com\/de\/wp-json\/wp\/v2\/media\/11696"}],"wp:attachment":[{"href":"https:\/\/www.posters-photos.com\/de\/wp-json\/wp\/v2\/media?parent=1699"}],"wp:term":[{"taxonomy":"product_brand","embeddable":true,"href":"https:\/\/www.posters-photos.com\/de\/wp-json\/wp\/v2\/product_brand?post=1699"},{"taxonomy":"product_cat","embeddable":true,"href":"https:\/\/www.posters-photos.com\/de\/wp-json\/wp\/v2\/product_cat?post=1699"},{"taxonomy":"product_tag","embeddable":true,"href":"https:\/\/www.posters-photos.com\/de\/wp-json\/wp\/v2\/product_tag?post=1699"}],"curies":[{"name":"wp","href":"https:\/\/api.w.org\/{rel}","templated":true}]}}