{"id":1773,"date":"2024-05-16T08:10:00","date_gmt":"2024-05-16T08:10:00","guid":{"rendered":"https:\/\/www.posters-photos.com\/?post_type=product&#038;p=1773"},"modified":"2026-04-06T15:15:07","modified_gmt":"2026-04-06T15:15:07","slug":"fotografie-sturm-in-der-bretagne-welle-frankreich","status":"publish","type":"product","link":"https:\/\/www.posters-photos.com\/de\/edition-limitee\/photographies-bretagne\/photos-tempetes-bretagne\/photographie-tempete-en-bretagne-vague\/","title":{"rendered":"Fotografie Sturm in der Bretagne | Kolossale Welle"},"content":{"rendered":"<p data-pm-slice=\"1 1 []\">Titel : Kolossale Welle in Le Conquet<\/p>\n<p data-pm-slice=\"1 1 []\"><strong>Lo\u00efc Delplanque :<\/strong><\/p>\n<blockquote>\n<p data-pm-slice=\"1 1 []\">Was wir noch vor wenigen Jahren f\u00fcr unver\u00e4nderlich hielten, zeigt sich heute in seiner ganzen Zerbrechlichkeit. Die Erde wird nicht untergehen, es sind die H\u00fctten, die wir auf ihr gebaut haben, die in Gefahr sind. Nichts ist verloren, wachen wir auf!<\/p>\n<\/blockquote>\n<p data-pm-slice=\"1 1 []\" class=\"translation-block\">Limitierte Ausgabe einer Fotografie, die zeigt, wie eine riesige Welle einen Wellenbrecher in Le Conquet im Finist\u00e8re w\u00e4hrend eines der zahlreichen <a title=\"Fotos von St\u00fcrmen in der Bretagne | Spektakul\u00e4re und dramatische Aufnahmen\" href=\"https:\/\/www.posters-photos.com\/de\/kunst\/kunstlerische-fotografies\/sturmfotos-bretagne\/\" target=\"_blank\" rel=\"noopener\">St\u00fcrme in der Bretagne<\/a> \u00fcbersp\u00fclt. Ein Moment, der Demut verlangt.<\/p>\n<h2>Merkmale des Werkes<\/h2>\n<p>Fotografie in 4 Ausf\u00fchrungen erh\u00e4ltlich:<\/p>\n<ul>\n<li><strong>Hahnem\u00fchle K\u00fcnstlerpapier<\/strong>.<\/li>\n<li><strong>Direktdruck auf 3 mm Alu-Dibond<\/strong> Ein moderner, leichter und steifer Tr\u00e4ger mit matter, reflexfreier Oberfl\u00e4che. Seine glatte Oberfl\u00e4che offenbart die Sch\u00e4rfe und Dichte der Farben, f\u00fcr eine Haltbarkeit von \u00fcber 20 Jahren. (Aufh\u00e4ngungsschiene wird kostenlos mitgeliefert und ist vormontiert).<\/li>\n<li><strong>Druck auf 10 mm Forex<\/strong> ein steifer, leichter und stabiler Tr\u00e4ger mit einer kompakten wei\u00dfen Oberfl\u00e4che, der den vollen Farbglanz offenbart. Fertig zum Aufh\u00e4ngen, inklusive kostenloser und vormontierter Aufh\u00e4ngeschiene f\u00fcr einen sauberen und modernen Look.<\/li>\n<li><strong>Schattenfugenrahmen aus Holz<\/strong> : Alu Dibond im amerikanischen Kasten: Ein eleganter Schwebefotodruck mit mattem Finish wertet Ihr Bild auf und wird von einem Holzrahmen Ihrer Wahl (Schwarz, Wei\u00df, Eiche natur) umrahmt. Fertig zum Aufh\u00e4ngen, Lieferung mit kostenlosem und vormontiertem Aufh\u00e4ngesystem.<\/li>\n<\/ul>\n<p>Haben Sie eine andere Gr\u00f6\u00dfe im Sinn? <a title=\"Kontakt zu Lo\u00efc Delplanque, Fotograf im Morbihan\" href=\"https:\/\/www.posters-photos.com\/de\/kontakt-fotograf-morbihan\/\">Kontaktieren Sie mich<\/a>, ich schicke Ihnen einen personalisierten Link mit dem Foto im gew\u00fcnschten Format.<\/p>","protected":false},"excerpt":{"rendered":"<p>Titre : Vague colossale au Conquet Lo\u00efc Delplanque : Ce que nous prenions pour immuable, il y a quelques ann\u00e9es encore, se r\u00e9v\u00e8le aujourd\u2019hui dans toute sa fragilit\u00e9. La terre ne dispara\u00eetra pas, ce sont les cabanes que nous y avons construites qui sont en p\u00e9ril. Rien n\u2019est perdu, r\u00e9veillons-nous ! \u00c9dition limit\u00e9e d\u2019une photographie [&hellip;]<\/p>\n","protected":false},"featured_media":10055,"comment_status":"open","ping_status":"closed","template":"","meta":{"_et_pb_use_builder":"off","_et_pb_old_content":"<h2>Caract\u00e9ristiques de l\u2019\u0153uvre<\/h2>\r\n<strong>Type :<\/strong> <a title=\"Photographies de Temp\u00eates en Bretagne | Images Spectaculaires et Dramatiques\" href=\"https:\/\/www.posters-photos.com\/art\/photographie-bretagne\/photos-tempetes-bretagne\/\">Photographie temp\u00eate en Bretagne<\/a>\r\n\r\n<strong>Format :<\/strong> 60 x 60 cm ou 80 x 80 cm (24 x24 inches ou 32 x 32 inches). <a title=\"Contact de Lo\u00efc Delplanque photographe et graphiste dans le Morbihan en Bretagne\" href=\"https:\/\/www.posters-photos.com\/contact-loic-delplanque-photographe-graphiste-morbihan\/\"><strong>D'autres tailles sont disponibles sur simple demande<\/strong><\/a>\r\n\r\n<strong>\u00c9dition :<\/strong> Photographie de Lo\u00efc Delplanque en \u00e9dition limit\u00e9e \u00e0 50 exemplaires sur papier <strong>Hahnem\u00fchle.<\/strong>\r\n\r\n<strong>Certificat d'authenticit\u00e9 :<\/strong> Chaque photographie est accompagn\u00e9e d'un certificat num\u00e9rot\u00e9 et sign\u00e9 de la main de l\u2019artiste confirmant son authenticit\u00e9.\r\n<h2>Pourquoi Choisir Cette Photographie ?<\/h2>\r\n<strong>La force des \u00e9l\u00e9ments en Bretagne :<\/strong> Cette photographie d\u2019une vague en pleine temp\u00eate attire l\u2019attention d\u00e8s qu\u2019on entre dans la pi\u00e8ce. Un hommage \u00e0 la puissance des \u00e9l\u00e9ments des c\u00f4tes bretonnes.\r\n\r\n<strong>Qualit\u00e9 :<\/strong> Nos \u0153uvres sont imprim\u00e9es sur les plus beaux papiers Hahnem\u00fchle, un papier d'exception.\r\n\r\n<strong>D\u00e9fi Photographique :<\/strong> R\u00e9aliser une photographie comme celle-ci, en pleine temp\u00eate, est un v\u00e9ritable d\u00e9fi. La force des \u00e9l\u00e9ments met en jeu la s\u00e9curit\u00e9 et le mat\u00e9riel. En choisissant cette photographie, vous obtenez ce que peu pourraient saisir par eux-m\u00eames.\r\n\r\n<a title=\"Temp\u00eates en Bretagne : Ph\u00e9nom\u00e8nes Naturels Spectaculaires et Puissants\" href=\"https:\/\/www.posters-photos.com\/tempetes-bretagne\/\">Pour en savoir plus sur les temp\u00eates en Bretagne<\/a>","_et_gb_content_width":""},"product_brand":[],"product_cat":[61,56,186],"product_tag":[144,128,148,134],"class_list":{"0":"post-1773","1":"product","2":"type-product","3":"status-publish","4":"has-post-thumbnail","6":"product_cat-photos-tempetes-bretagne","7":"product_cat-photographies-bretagne","8":"product_cat-noir-et-blanc","9":"product_tag-ambiance-mer","10":"product_tag-finistere","11":"product_tag-pastels","12":"product_tag-tempetes","14":"first","15":"instock","16":"shipping-taxable","17":"purchasable","18":"product-type-variable","19":"has-default-attributes"},"_links":{"self":[{"href":"https:\/\/www.posters-photos.com\/de\/wp-json\/wp\/v2\/product\/1773","targetHints":{"allow":["GET"]}}],"collection":[{"href":"https:\/\/www.posters-photos.com\/de\/wp-json\/wp\/v2\/product"}],"about":[{"href":"https:\/\/www.posters-photos.com\/de\/wp-json\/wp\/v2\/types\/product"}],"replies":[{"embeddable":true,"href":"https:\/\/www.posters-photos.com\/de\/wp-json\/wp\/v2\/comments?post=1773"}],"wp:featuredmedia":[{"embeddable":true,"href":"https:\/\/www.posters-photos.com\/de\/wp-json\/wp\/v2\/media\/10055"}],"wp:attachment":[{"href":"https:\/\/www.posters-photos.com\/de\/wp-json\/wp\/v2\/media?parent=1773"}],"wp:term":[{"taxonomy":"product_brand","embeddable":true,"href":"https:\/\/www.posters-photos.com\/de\/wp-json\/wp\/v2\/product_brand?post=1773"},{"taxonomy":"product_cat","embeddable":true,"href":"https:\/\/www.posters-photos.com\/de\/wp-json\/wp\/v2\/product_cat?post=1773"},{"taxonomy":"product_tag","embeddable":true,"href":"https:\/\/www.posters-photos.com\/de\/wp-json\/wp\/v2\/product_tag?post=1773"}],"curies":[{"name":"wp","href":"https:\/\/api.w.org\/{rel}","templated":true}]}}