{"id":1776,"date":"2024-05-16T08:50:25","date_gmt":"2024-05-16T08:50:25","guid":{"rendered":"https:\/\/www.posters-photos.com\/?post_type=product&#038;p=1776"},"modified":"2026-04-06T15:14:25","modified_gmt":"2026-04-06T15:14:25","slug":"sturme-in-der-bretagne-vierer-leuchtturm-frankreich","status":"publish","type":"product","link":"https:\/\/www.posters-photos.com\/de\/edition-limitee\/photographies-bretagne\/photos-tempetes-bretagne\/tempetes-en-bretagne-phare-du-four\/","title":{"rendered":"Fotografie St\u00fcrme in der Bretagne | Leuchtturm Four"},"content":{"rendered":"<p>Titel: Sturm am Leuchtturm Four<\/p>\n<p>Entdecken Sie diese wundersch\u00f6ne k\u00fcnstlerische Schwarz-Wei\u00df-Fotografie des Leuchtturms von Le Four, der von einer riesigen Welle \u00fcberschwemmt wird. Der verschwommene Vordergrund und der bedrohliche Himmel verleihen dem Bild eine dramatische Dimension. Dieses Kunstwerk ist in limitierter Auflage erh\u00e4ltlich und eignet sich perfekt, um Ihre Dekoration zu versch\u00f6nern.<\/p>\n<p>Der Leuchtturm Le Four vor der bretonischen K\u00fcste ist ein symboltr\u00e4chtiges historisches Bauwerk, das 1874 in Betrieb genommen wurde. Er ist der Zwillingsbruder des Leuchtturms Pierres Noires, der zur gleichen Zeit im S\u00fcden des Mol\u00e8ne-Archipels gebaut wurde. Der f\u00fcr seine Robustheit und seinen gef\u00e4hrlichen Standort bekannte Leuchtturm Le Four hat zahlreichen St\u00fcrmen standgehalten und bleibt ein Symbol f\u00fcr den Widerstand gegen die Elemente.<\/p>\n<h2>Merkmale des Werkes<\/h2>\n<p><strong>Art :<\/strong> <a title=\"Fotografien von St\u00fcrmen in der Bretagne | Spektakul\u00e4re und dramatische Bilder\" href=\"https:\/\/www.posters-photos.com\/de\/kunst\/bretagne-fotografien\/sturmfotos-bretagne\/\">Fotografie Sturm in der Bretagne&nbsp;<\/a>Leuchtturm Four<\/p>\n<p>Fotografie in 4 Ausf\u00fchrungen erh\u00e4ltlich:<\/p>\n<ul>\n<li><strong>Hahnem\u00fchle K\u00fcnstlerpapier<\/strong>.<\/li>\n<li><strong>Direktdruck auf 3 mm Alu-Dibond<\/strong> Ein moderner, leichter und steifer Tr\u00e4ger mit matter, reflexfreier Oberfl\u00e4che. Seine glatte Oberfl\u00e4che offenbart die Sch\u00e4rfe und Dichte der Farben, f\u00fcr eine Haltbarkeit von \u00fcber 20 Jahren. (Aufh\u00e4ngungsschiene wird kostenlos mitgeliefert und ist vormontiert).<\/li>\n<li><strong>Druck auf 10 mm Forex<\/strong> ein steifer, leichter und stabiler Tr\u00e4ger mit einer kompakten wei\u00dfen Oberfl\u00e4che, der den vollen Farbglanz offenbart. Fertig zum Aufh\u00e4ngen, inklusive kostenloser und vormontierter Aufh\u00e4ngeschiene f\u00fcr einen sauberen und modernen Look.<\/li>\n<li><strong>Schattenfugenrahmen aus Holz<\/strong> : Alu Dibond im amerikanischen Kasten: Ein eleganter Schwebefotodruck mit mattem Finish wertet Ihr Bild auf und wird von einem Holzrahmen Ihrer Wahl (Schwarz, Wei\u00df, Eiche natur) umrahmt. Fertig zum Aufh\u00e4ngen, Lieferung mit kostenlosem und vormontiertem Aufh\u00e4ngesystem.<\/li>\n<\/ul>\n<p>Haben Sie eine andere Gr\u00f6\u00dfe im Sinn? <a title=\"Kontakt zu Lo\u00efc Delplanque, Fotograf im Morbihan\" href=\"https:\/\/www.posters-photos.com\/de\/kontakt-fotograf-morbihan\/\">Kontaktieren Sie mich<\/a>, ich schicke Ihnen einen personalisierten Link mit dem Foto im gew\u00fcnschten Format.<\/p>","protected":false},"excerpt":{"rendered":"<p>Titre : Temp\u00eate au phare du four D\u00e9couvrez cette magnifique photographie artistique en noir et blanc du phare du Four submerg\u00e9 par une vague immense. Le premier plan flou, le ciel mena\u00e7ant ajoutent une dimension dramatique. Cette \u0153uvre, disponible en \u00e9dition limit\u00e9e, est parfaite pour embellir votre d\u00e9coration. Le phare du Four, situ\u00e9 au large [&hellip;]<\/p>\n","protected":false},"featured_media":10054,"comment_status":"open","ping_status":"closed","template":"","meta":{"_et_pb_use_builder":"off","_et_pb_old_content":"Par la fen\u00eatre je t\u2019observe\r\nToi petit phare digne et fier\r\nDe l\u2019obscurit\u00e9 tu me pr\u00e9serves\r\nMon trait d\u2019union vers la mer\r\n-\r\nMais de l\u00e0 haut que vois-tu ?\r\n\u00c9claire les sens et le chemin\r\nDu petit terrien un peu perdu\r\nsur un caillou un peu lointain\r\n-\r\nLa t\u00eate lev\u00e9e vers l\u2019horizon\r\nJ\u2019avance souvent sans raison\r\nAvec toujours la m\u00eame vision\r\nTa fl\u00e8che point\u00e9e, une direction ?\r\n<strong>Lo\u00efc Delplanque<\/strong>\r\n\r\n<strong>Caract\u00e9ristiques de l\u2019\u0153uvre :<\/strong>\r\n\r\n<strong>Type :<\/strong> <a title=\"Photographies de Temp\u00eates en Bretagne | Images Spectaculaires et Dramatiques\" href=\"https:\/\/www.posters-photos.com\/etiquette-produit\/tempete-en-bretagne\/\" target=\"_blank\" rel=\"noopener\">Photographie temp\u00eate en Bretagne<\/a>, Phare du Four\r\n<strong>Format :<\/strong> Des tailles sup\u00e9rieures sont disponibles sur simple demande : <a title=\"Contactez Lo\u00efc Delplanque | Photographies et Affiches en \u00c9dition Limit\u00e9e, Reportages Photos pour Particuliers\" href=\"https:\/\/www.posters-photos.com\/contact\/\" target=\"_blank\" rel=\"noopener\">Je demande une autre taille<\/a>\r\n<strong>\u00c9dition :<\/strong> Limit\u00e9e \u00e0 50 exemplaires sur papier \u00e9cologique Hahnem\u00fchle Hemp 290g pour garantir son exclusivit\u00e9\r\n<strong>Certificat d'authenticit\u00e9 :<\/strong> Chaque photographie est accompagn\u00e9e d'un certificat num\u00e9rot\u00e9 et sign\u00e9 de la main de l\u2019artiste confirmant son authenticit\u00e9 et son caract\u00e8re limit\u00e9.\r\n\r\n<strong>Pourquoi Choisir Cette Photographie :<\/strong>\r\n\r\n<strong>Dramatique et \u00c9vocative :<\/strong> Cette image <a title=\"Photographies Noir et Blanc de Bretagne | Art Mural \u00c9pur\u00e9 et \u00c9l\u00e9gant\" href=\"https:\/\/www.posters-photos.com\/etiquette-produit\/photographie-en-noir-et-blanc\/\" target=\"_blank\" rel=\"noopener\">en noir et blanc<\/a> du phare du Four submerg\u00e9 par une vague apporte une profondeur \u00e9motionnelle et visuelle unique \u00e0 votre espace.\r\n<strong>Qualit\u00e9 \u00c9cologique :<\/strong> Imprim\u00e9e sur du papier Hahnem\u00fchle Hemp 290g, cette photographie offre des contrastes nets et respecte l'environnement.\r\n<strong>Dimension Artistique :<\/strong> Cette photographie capture la sc\u00e8ne avec une perspective <a title=\"Photographies Artistiques de Bretagne | D\u00e9coration Murale \u00c9l\u00e9gante et Unique\" href=\"https:\/\/www.posters-photos.com\/etiquette-produit\/photographie-artistique\/\" target=\"_blank\" rel=\"noopener\">artistique<\/a>, transformant un moment de nature brute en une \u0153uvre d'art intemporelle.","_et_gb_content_width":""},"product_brand":[],"product_cat":[61,167,56,186],"product_tag":[144,128,143,136,139,134],"class_list":{"0":"post-1776","1":"product","2":"type-product","3":"status-publish","4":"has-post-thumbnail","6":"product_cat-photos-tempetes-bretagne","7":"product_cat-coups-de-coeur-bretagne","8":"product_cat-photographies-bretagne","9":"product_cat-noir-et-blanc","10":"product_tag-ambiance-mer","11":"product_tag-finistere","12":"product_tag-lieux-emblematiques","13":"product_tag-noir-et-blanc","14":"product_tag-phares","15":"product_tag-tempetes","17":"first","18":"instock","19":"shipping-taxable","20":"purchasable","21":"product-type-variable","22":"has-default-attributes"},"_links":{"self":[{"href":"https:\/\/www.posters-photos.com\/de\/wp-json\/wp\/v2\/product\/1776","targetHints":{"allow":["GET"]}}],"collection":[{"href":"https:\/\/www.posters-photos.com\/de\/wp-json\/wp\/v2\/product"}],"about":[{"href":"https:\/\/www.posters-photos.com\/de\/wp-json\/wp\/v2\/types\/product"}],"replies":[{"embeddable":true,"href":"https:\/\/www.posters-photos.com\/de\/wp-json\/wp\/v2\/comments?post=1776"}],"wp:featuredmedia":[{"embeddable":true,"href":"https:\/\/www.posters-photos.com\/de\/wp-json\/wp\/v2\/media\/10054"}],"wp:attachment":[{"href":"https:\/\/www.posters-photos.com\/de\/wp-json\/wp\/v2\/media?parent=1776"}],"wp:term":[{"taxonomy":"product_brand","embeddable":true,"href":"https:\/\/www.posters-photos.com\/de\/wp-json\/wp\/v2\/product_brand?post=1776"},{"taxonomy":"product_cat","embeddable":true,"href":"https:\/\/www.posters-photos.com\/de\/wp-json\/wp\/v2\/product_cat?post=1776"},{"taxonomy":"product_tag","embeddable":true,"href":"https:\/\/www.posters-photos.com\/de\/wp-json\/wp\/v2\/product_tag?post=1776"}],"curies":[{"name":"wp","href":"https:\/\/api.w.org\/{rel}","templated":true}]}}