{"id":1782,"date":"2024-05-16T09:52:06","date_gmt":"2024-05-16T09:52:06","guid":{"rendered":"https:\/\/www.posters-photos.com\/?post_type=product&#038;p=1782"},"modified":"2026-04-07T11:11:47","modified_gmt":"2026-04-07T11:11:47","slug":"fotografie-sturm-justine","status":"publish","type":"product","link":"https:\/\/www.posters-photos.com\/de\/edition-limitee\/photographies-bretagne\/photos-tempetes-bretagne\/photographie-tempete-justine\/","title":{"rendered":"Fotografie Sturm Justine"},"content":{"rendered":"<p>Titel: Das Monster von Le Conquet<\/p>\n<p><strong>Lo\u00efc Delplanque :<\/strong><\/p>\n<blockquote><p><span style=\"font-weight: 400;\">W\u00e4hrend des Sturms Justine schlugen die Wellen h\u00e4rter als sonst. Ich wollte gerade zum Auto gehen, als er aus den Fluten auftauchte. <\/span><\/p>\n<p><span style=\"font-weight: 400;\">Das Sch\u00f6ne an Wellen ist - abgesehen von der Kraft, die von ihnen ausgeht - die Vorstellungskraft, die sie hervorrufen. <\/span><\/p>\n<p><span style=\"font-weight: 400;\">Manche sehen darin eine einfache Welle, ich sehe einen Drachen, der aus dem Meer emporgestiegen ist. Und was sehen Sie in diesem Bild?<\/span><\/p><\/blockquote>\n<p>Der K\u00fcnstler l\u00e4dt uns hier in einen der ber\u00fchmten St\u00fcrme ein, der sich in <a title=\"Fotografien aus der Bretagne | Elegante Wanddekoration\" href=\"https:\/\/www.posters-photos.com\/de\/kunst\/bretagne-fotografien\/\">Bretagne<\/a>&nbsp;der Sturm Justine. Wir sind hier in Le Conquet im <a title=\"Fotografien aus Finist\u00e8re | Wundersch\u00f6ne Landschaften f\u00fcr Ihre Dekoration\" href=\"https:\/\/www.posters-photos.com\/de\/kunst\/bretagne-fotografien\/finistere-fotografien\/\">Finist\u00e8re<\/a>, der Tag begann am sp\u00e4ten Nachmittag in der Bretagne (Frankreich).<\/p>\n<p>Der <a title=\"Kunstfotografien von St\u00fcrmen in der Bretagne\" href=\"https:\/\/www.posters-photos.com\/de\/kunst\/bretagne-fotografien\/sturmfotos-bretagne\/\">Sturm<\/a> Justine, die im Januar 2021 auftrat, brachte starke Winde und beeindruckende Wellen entlang der bretonischen K\u00fcsten. Le Conquet, mit seinem Leuchtturm von Kermorvan, war Zeuge der Kraft dieses Sturms.\nWellen von mehreren Metern, ein echtes Chaos auf See. An diesem Tag tat die Natur nicht so, als ob \u2013 ein Moment, den dieses Werk wiedergibt.<\/p>\n<h2>Merkmale des Werkes<\/h2>\n<p>Fotografie in 4 Ausf\u00fchrungen erh\u00e4ltlich:<\/p>\n<ul>\n<li><strong>Hahnem\u00fchle K\u00fcnstlerpapier<\/strong>.<\/li>\n<li><strong>Direktdruck auf 3 mm Alu-Dibond<\/strong> Ein moderner, leichter und steifer Tr\u00e4ger mit matter, reflexfreier Oberfl\u00e4che. Seine glatte Oberfl\u00e4che offenbart die Sch\u00e4rfe und Dichte der Farben, f\u00fcr eine Haltbarkeit von \u00fcber 20 Jahren. (Aufh\u00e4ngungsschiene wird kostenlos mitgeliefert und ist vormontiert).<\/li>\n<li><strong>Druck auf 10 mm Forex<\/strong> ein steifer, leichter und stabiler Tr\u00e4ger mit einer kompakten wei\u00dfen Oberfl\u00e4che, der den vollen Farbglanz offenbart. Fertig zum Aufh\u00e4ngen, inklusive kostenloser und vormontierter Aufh\u00e4ngeschiene f\u00fcr einen sauberen und modernen Look.<\/li>\n<li><strong>Schattenfugenrahmen aus Holz<\/strong> : Alu Dibond im amerikanischen Kasten: Ein eleganter Schwebefotodruck mit mattem Finish wertet Ihr Bild auf und wird von einem Holzrahmen Ihrer Wahl (Schwarz, Wei\u00df, Eiche natur) umrahmt. Fertig zum Aufh\u00e4ngen, Lieferung mit kostenlosem und vormontiertem Aufh\u00e4ngesystem.<\/li>\n<\/ul>\n<p>Haben Sie eine andere Gr\u00f6\u00dfe im Sinn? <a title=\"Kontakt zu Lo\u00efc Delplanque, Fotograf im Morbihan\" href=\"https:\/\/www.posters-photos.com\/de\/kontakt-fotograf-morbihan\/\">Kontaktieren Sie mich<\/a>, ich schicke Ihnen einen personalisierten Link mit dem Foto im gew\u00fcnschten Format.<\/p>","protected":false},"excerpt":{"rendered":"<p>Titre : Le monstre du Conquet Lo\u00efc Delplanque : Lors de la temp\u00eate Justine, les vagues frappaient plus fort qu\u2019\u00e0 l\u2019ordinaire. Ruisselant j\u2019allais repartir \u00e0 la voiture, quand il sortit des flots. Ce qu\u2019il y a de beau avec les vagues, hormis la puissance qui \u00e9mane d\u2019elle, c\u2019est l\u2019imaginaire qu\u2019elles suscitent. Certains y verront une [&hellip;]<\/p>\n","protected":false},"featured_media":10057,"comment_status":"open","ping_status":"closed","template":"","meta":{"_et_pb_use_builder":"off","_et_pb_old_content":"<strong>Caract\u00e9ristiques de l\u2019\u0153uvre :<\/strong>\r\n\r\n<strong>Type :<\/strong> <a title=\"Photographies de Temp\u00eates en Bretagne | Images Spectaculaires et Dramatiques\" href=\"https:\/\/www.posters-photos.com\/art\/photographie-bretagne\/photos-tempetes-bretagne\/\" target=\"_blank\" rel=\"noopener\">Photographie temp\u00eate en Bretagne<\/a>, Temp\u00eate Justine\r\n\r\n<strong>Format :<\/strong> 60 x 40 cm ou 90 x 60 cm (24 x 16 inches ou 36 x 24 inches). <a title=\"Contact de Lo\u00efc Delplanque artiste photographe en Bretagne\" href=\"https:\/\/www.posters-photos.com\/contact-loic-delplanque-photographe-graphiste-morbihan\/\" target=\"_blank\" rel=\"noopener\"><strong>D'autres tailles sont disponibles sur simple demande<\/strong><\/a>\r\n\r\n<strong>\u00c9dition :<\/strong> Photographie de Lo\u00efc Delplanque en \u00e9dition limit\u00e9e \u00e0 50 exemplaires sur papier Hahnem\u00fchle.\r\n\r\n<strong>Certificat d'authenticit\u00e9 :<\/strong> Chaque photographie est accompagn\u00e9e d'un certificat num\u00e9rot\u00e9 et sign\u00e9 de la main de l\u2019artiste confirmant son authenticit\u00e9.\r\n\r\n<strong>Pourquoi Choisir Cette Photographie :<\/strong> <strong>Dramatique et \u00c9vocative :<\/strong> Cette image <a title=\"Photo d'art noir et blanc Bretagne - \u00c9p\u00e9e d'Excalibur au lac de Tr\u00e9melin - D\u00e9coration murale l\u00e9gendaire\" href=\"https:\/\/www.posters-photos.com\/edition-limitee\/photographie-bretagne\/photographies-ille-et-vilaine\/photographie-noir-et-blanc-epee-excalibur\/\" target=\"_blank\" rel=\"noopener\">en noir et blanc<\/a> du phare du Four submerg\u00e9 par une vague apportera une dimension artistique \u00e0 votre espace.\r\n\r\n<strong>Qualit\u00e9 :<\/strong> Nos \u0153uvres sont imprim\u00e9es sur les plus beaux papiers Hahnem\u00fchle, un papier d'exception. <a title=\"Temp\u00eates en Bretagne : Ph\u00e9nom\u00e8nes Naturels Spectaculaires et Puissants\" href=\"https:\/\/www.posters-photos.com\/tempetes-bretagne\/\" target=\"_blank\" rel=\"noopener\">Pour en savoir plus sur les temp\u00eates en Bretagne<\/a>","_et_gb_content_width":""},"product_brand":[],"product_cat":[61,56,186],"product_tag":[128,145,136,134],"class_list":{"0":"post-1782","1":"product","2":"type-product","3":"status-publish","4":"has-post-thumbnail","6":"product_cat-photos-tempetes-bretagne","7":"product_cat-photographies-bretagne","8":"product_cat-noir-et-blanc","9":"product_tag-finistere","10":"product_tag-graphique","11":"product_tag-noir-et-blanc","12":"product_tag-tempetes","14":"first","15":"instock","16":"shipping-taxable","17":"purchasable","18":"product-type-variable","19":"has-default-attributes"},"_links":{"self":[{"href":"https:\/\/www.posters-photos.com\/de\/wp-json\/wp\/v2\/product\/1782","targetHints":{"allow":["GET"]}}],"collection":[{"href":"https:\/\/www.posters-photos.com\/de\/wp-json\/wp\/v2\/product"}],"about":[{"href":"https:\/\/www.posters-photos.com\/de\/wp-json\/wp\/v2\/types\/product"}],"replies":[{"embeddable":true,"href":"https:\/\/www.posters-photos.com\/de\/wp-json\/wp\/v2\/comments?post=1782"}],"wp:featuredmedia":[{"embeddable":true,"href":"https:\/\/www.posters-photos.com\/de\/wp-json\/wp\/v2\/media\/10057"}],"wp:attachment":[{"href":"https:\/\/www.posters-photos.com\/de\/wp-json\/wp\/v2\/media?parent=1782"}],"wp:term":[{"taxonomy":"product_brand","embeddable":true,"href":"https:\/\/www.posters-photos.com\/de\/wp-json\/wp\/v2\/product_brand?post=1782"},{"taxonomy":"product_cat","embeddable":true,"href":"https:\/\/www.posters-photos.com\/de\/wp-json\/wp\/v2\/product_cat?post=1782"},{"taxonomy":"product_tag","embeddable":true,"href":"https:\/\/www.posters-photos.com\/de\/wp-json\/wp\/v2\/product_tag?post=1782"}],"curies":[{"name":"wp","href":"https:\/\/api.w.org\/{rel}","templated":true}]}}