{"id":1825,"date":"2024-05-17T14:19:55","date_gmt":"2024-05-17T14:19:55","guid":{"rendered":"https:\/\/www.posters-photos.com\/?post_type=product&#038;p=1825"},"modified":"2026-04-07T11:06:40","modified_gmt":"2026-04-07T11:06:40","slug":"fotografie-wrack-der-kalinka-am-diben","status":"publish","type":"product","link":"https:\/\/www.posters-photos.com\/de\/edition-limitee\/photographies-bretagne\/photographies-epaves-en-bretagne\/photographie-epave-du-kalinka-au-diben\/","title":{"rendered":"Kalinka: Das Wrack von Diben in einzigartiger Fotografie"},"content":{"rendered":"<blockquote><p><strong>Lo\u00efc Delplanque :<\/strong> Die Kalinka ist zweifellos eines der meistfotografierten Schiffswracks in der Bretagne. Hier biete ich Ihnen eine malereinahe Version an, die diesen alten Damen des Meeres huldigt.<\/p><\/blockquote>\n<p>Fotografie in 4 Ausf\u00fchrungen erh\u00e4ltlich:<\/p>\n<ul>\n<li><strong>Hahnem\u00fchle K\u00fcnstlerpapier<\/strong>.<\/li>\n<li><strong>Direktdruck auf 3 mm Alu-Dibond<\/strong> Ein moderner, leichter und steifer Tr\u00e4ger mit matter, reflexfreier Oberfl\u00e4che. Seine glatte Oberfl\u00e4che offenbart die Sch\u00e4rfe und Dichte der Farben, f\u00fcr eine Haltbarkeit von \u00fcber 20 Jahren. (Aufh\u00e4ngungsschiene wird kostenlos mitgeliefert und ist vormontiert).<\/li>\n<li><strong>Druck auf 10 mm Forex<\/strong> ein steifer, leichter und stabiler Tr\u00e4ger mit einer kompakten wei\u00dfen Oberfl\u00e4che, der den vollen Farbglanz offenbart. Fertig zum Aufh\u00e4ngen, inklusive kostenloser und vormontierter Aufh\u00e4ngeschiene f\u00fcr einen sauberen und modernen Look.<\/li>\n<li><strong>Schattenfugenrahmen aus Holz<\/strong> : Alu Dibond im amerikanischen Kasten: Ein eleganter Schwebefotodruck mit mattem Finish wertet Ihr Bild auf und wird von einem Holzrahmen Ihrer Wahl (Schwarz, Wei\u00df, Eiche natur) umrahmt. Fertig zum Aufh\u00e4ngen, Lieferung mit kostenlosem und vormontiertem Aufh\u00e4ngesystem.<\/li>\n<\/ul>\n<p>Haben Sie eine andere Gr\u00f6\u00dfe im Sinn? <a title=\"Kontakt zu Lo\u00efc Delplanque, Fotograf im Morbihan\" href=\"https:\/\/www.posters-photos.com\/de\/kontakt-fotograf-morbihan\/\">Kontaktieren Sie mich<\/a>, ich schicke Ihnen einen personalisierten Link mit dem Foto im gew\u00fcnschten Format.<\/p>\n<p>&nbsp;<\/p>","protected":false},"excerpt":{"rendered":"<p><strong>In 50 Exemplaren, handschriftlich signiert und mit Echtheitszertifikat geliefert.<\/strong><\/p>\n<p>Bestellen Sie diese wundersch\u00f6ne Fotografie jetzt.<\/p>","protected":false},"featured_media":8962,"comment_status":"open","ping_status":"closed","template":"","meta":{"_et_pb_use_builder":"off","_et_pb_old_content":"La Marie-Fran\u00e7oise, construite entre 1944 et 1945 au chantier Vincent Rolland, a cess\u00e9 son activit\u00e9 de p\u00eache dans les ann\u00e9es 70. Sa p\u00eache \u00e9tait centr\u00e9e autour de la palangre.\r\nLe Kalinka est sans doute l\u2019une des \u00e9paves les plus photographi\u00e9es en Bretagne. Mis en chantier en 1964, il commence \u00e0 naviguer le 23 ao\u00fbt 1965.\r\n\r\n<strong>Caract\u00e9ristiques de l\u2019\u0153uvre :<\/strong>\r\n\r\n<strong>Type :<\/strong> <a title=\"Photographies Artistiques de Bretagne | D\u00e9coration Murale \u00c9l\u00e9gante et Unique\" href=\"https:\/\/www.posters-photos.com\/etiquette-produit\/photographie-artistique\/\" target=\"_blank\" rel=\"noopener\">Photographie artistique<\/a> d\u2019<a title=\"\u00e9paves en Bretagne\" href=\"https:\/\/www.posters-photos.com\/epaves-en-bretagne\/\" target=\"_blank\" rel=\"noopener\">\u00e9paves en Bretagne<\/a> - Le Kalinka au Diben\r\n<strong>Format :<\/strong> Des tailles sup\u00e9rieures sont disponibles sur simple demande : <a title=\"Contactez Lo\u00efc Delplanque | Photographies et Affiches en \u00c9dition Limit\u00e9e, Reportages Photos pour Particuliers\" href=\"https:\/\/www.posters-photos.com\/contact\/\" target=\"_blank\" rel=\"noopener\">Je demande une autre taille<\/a>\r\n<strong>\u00c9dition :<\/strong> Limit\u00e9e \u00e0 50 exemplaires sur papier \u00e9cologique Hahnem\u00fchle Hemp 290g pour garantir son exclusivit\u00e9\r\n<strong>Certificat d'authenticit\u00e9 :<\/strong> Chaque photographie est accompagn\u00e9e d'un certificat num\u00e9rot\u00e9 et sign\u00e9 de la main de l\u2019artiste confirmant son authenticit\u00e9 et son caract\u00e8re limit\u00e9.\r\n\r\n<strong>Pourquoi choisir cette photographie :<\/strong>\r\n\r\n<strong>Approche artistique :<\/strong> Cette photographie se distingue par un travail artistique minutieux, offrant une perspective unique et \u00e9vocatrice des \u00e9paves du Diben.\r\n<strong>Cadeau Id\u00e9al :<\/strong> Avec ses couleurs riches et sa composition unique, cette photographie fait un cadeau m\u00e9morable pour les amateurs d'art et de paysages maritimes.\r\n<strong>\u00c9co-responsabilit\u00e9 :<\/strong> Imprim\u00e9e sur du papier Hahnem\u00fchle Hemp 290g, cette \u0153uvre garantit des couleurs et des contrastes exceptionnels tout en respectant l'environnement.","_et_gb_content_width":""},"product_brand":[],"product_cat":[63,56],"product_tag":[149,135,128,145],"class_list":{"0":"post-1825","1":"product","2":"type-product","3":"status-publish","4":"has-post-thumbnail","6":"product_cat-photographies-epaves-en-bretagne","7":"product_cat-photographies-bretagne","8":"product_tag-couleurs-vives","9":"product_tag-epaves","10":"product_tag-finistere","11":"product_tag-graphique","13":"first","14":"instock","15":"shipping-taxable","16":"purchasable","17":"product-type-variable","18":"has-default-attributes"},"_links":{"self":[{"href":"https:\/\/www.posters-photos.com\/de\/wp-json\/wp\/v2\/product\/1825","targetHints":{"allow":["GET"]}}],"collection":[{"href":"https:\/\/www.posters-photos.com\/de\/wp-json\/wp\/v2\/product"}],"about":[{"href":"https:\/\/www.posters-photos.com\/de\/wp-json\/wp\/v2\/types\/product"}],"replies":[{"embeddable":true,"href":"https:\/\/www.posters-photos.com\/de\/wp-json\/wp\/v2\/comments?post=1825"}],"wp:featuredmedia":[{"embeddable":true,"href":"https:\/\/www.posters-photos.com\/de\/wp-json\/wp\/v2\/media\/8962"}],"wp:attachment":[{"href":"https:\/\/www.posters-photos.com\/de\/wp-json\/wp\/v2\/media?parent=1825"}],"wp:term":[{"taxonomy":"product_brand","embeddable":true,"href":"https:\/\/www.posters-photos.com\/de\/wp-json\/wp\/v2\/product_brand?post=1825"},{"taxonomy":"product_cat","embeddable":true,"href":"https:\/\/www.posters-photos.com\/de\/wp-json\/wp\/v2\/product_cat?post=1825"},{"taxonomy":"product_tag","embeddable":true,"href":"https:\/\/www.posters-photos.com\/de\/wp-json\/wp\/v2\/product_tag?post=1825"}],"curies":[{"name":"wp","href":"https:\/\/api.w.org\/{rel}","templated":true}]}}