{"id":2218,"date":"2024-05-31T08:32:28","date_gmt":"2024-05-31T08:32:28","guid":{"rendered":"https:\/\/www.posters-photos.com\/?post_type=product&#038;p=2218"},"modified":"2025-12-02T09:59:43","modified_gmt":"2025-12-02T09:59:43","slug":"foto-reportage","status":"publish","type":"product","link":"https:\/\/www.posters-photos.com\/de\/edition-limitee\/reportage\/reportage-photo\/","title":{"rendered":"Fotoreportage"},"content":{"rendered":"<p>Ein individueller Ansatz, gedacht f\u00fcr Interior-Design-Profis, die ihren Kunden originale Werke anbieten m\u00f6chten, die zu ihrem Stil und ihrem Konzept passen.<br><\/p>\n<p>Und f\u00fcr Privatpersonen die Gelegenheit, ein originelles Geschenk zu machen oder einen besonderen Ort mit pers\u00f6nlichen Bildern festzuhalten.<\/p>\n<p>Jetzt m\u00fcssen Sie nur noch das passende Paket f\u00fcr sich ausw\u00e4hlen.<\/p>\n<p>Sie haben die Wahl zwischen 3 Paketen:<br><br><\/p>\n<p><strong>Entdeckungspaket<\/strong><\/p>\n<p>Dreist\u00fcndige Sitzung, die nur in Morbihan angeboten wird.<\/p>\n<p>Dieses Paket eignet sich sowohl f\u00fcr Fachleute als auch f\u00fcr Privatpersonen f\u00fcr punktuelle Kommunikationsprojekte, zur Hervorhebung eines Ortes oder zur Erstellung von zus\u00e4tzlichen Bildern.<\/p>\n<p>\u2192 20 Fotografien, mit klassischer Nachbearbeitung (Belichtung, Kontrast, Farbmetrik), druckfertig.<\/p>\n<p><strong>Standardpaket<\/strong><\/p>\n<p>Eine Aufnahme \u00fcber 7 Stunden in der gesamten Bretagne.<\/p>\n<p>Im Vergleich zum Entdeckerpaket geht die Arbeit an den Fotografien weiter: gr\u00fcndlichere Nachbearbeitung, visuelle Koh\u00e4renz, jeder Fotografie wird eine Absicht zugrunde gelegt.<\/p>\n<p>Dieses Paket eignet sich f\u00fcr Profis (Kommunikation, Portfolio, Kundenprojekt) sowie f\u00fcr Privatpersonen, die eine konstruiertere Darstellung w\u00fcnschen.<\/p>\n<p>\u2192 30 Fotografien, mit einer weitergehenden Nachbearbeitung.<\/p>\n<p><strong>Premium-Paket<\/strong><\/p>\n<p>Eine Reportage, die in der gesamten Bretagne realisiert wird, mit der n\u00f6tigen Zeit, um Ihre Serie aufzubauen.<br \/>\nReisen in andere Teile Frankreichs sind nach Kostenvoranschlag m\u00f6glich.<\/p>\n<p>Dieses Paket enth\u00e4lt 50 Fotografien mit vollst\u00e4ndiger Nachbearbeitung wie im Standardpaket: Farbbalance, Stimmung, visuelle Koh\u00e4renz.<\/p>\n<p>10 von ihnen gehen noch einen Schritt weiter, mit zus\u00e4tzlicher k\u00fcnstlerischer Arbeit: Ich greife direkt in bestimmte Bilder ein, indem ich grafische oder gezeichnete Elemente einbringe, je nach dem gemeinsam entwickelten Universum.<\/p>\n<p>Ein Kunstdruck auf Hahnem\u00fchle-Papier wird ebenfalls angeboten, um eines der Bilder in Ihrem Raum oder in einer Sammlung hervorzuheben.<\/p>\n<p>Dieses Paket eignet sich sowohl f\u00fcr Profis als auch f\u00fcr Privatpersonen f\u00fcr anspruchsvolle Projekte, die einen eher k\u00fcnstlerischen Ansatz erfordern.<\/p>\n<p>\u2192 50 gelieferte Fotografien, davon 10 k\u00fcnstlerisch \u00fcberarbeitet + 1 Kunstdruck geschenkt<\/p>\n<h2>Warum Sie einen professionellen Fotografen f\u00fcr Ihre Fotografien w\u00e4hlen sollten<\/h2>\n<p><strong>Vorbereitung und Studium <\/strong><\/p>\n<p>Eine <a title=\"Fotoreportage f\u00fcr Privatpersonen und Gesch\u00e4ftsleute im Morbihan\" href=\"https:\/\/www.posters-photos.com\/de\/limitierte-auflage\/bericht\/foto-reportage\/\">Reportage<\/a> erfolgreich ist, wird lange vor der Ausl\u00f6sung vorbereitet. Den Ort kennen, den Kontext verstehen, Schl\u00fcsselmomente antizipieren ... nichts wird dem Zufall \u00fcberlassen. Der Fotograf ortet, plant und passt seine Ausr\u00fcstung an. Er verschafft sich die Mittel, um das Geschehen nicht zu \u00aberleiden\u00bb, sondern bereit zu sein, es im richtigen Moment treffend einzufangen.<\/p>\n<p><strong>Techniken der Bildaufnahme<\/strong><\/p>\n<p><a title=\"K\u00fcnstlerische Fotografien aus der Bretagne: Verleihen Sie Ihrer Einrichtung Charakter mit bretonischer Kunst\" href=\"https:\/\/www.posters-photos.com\/de\/kunst\/bretagne-fotografien\/\">Fotografieren<\/a>, es geht nicht nur darum, auf den Ausl\u00f6ser zu dr\u00fccken. Ein professioneller Fotograf kann sich an jede Situation anpassen: wechselndes Licht, bewegte Motive, unterschiedliche Stimmungen ... Er arbeitet mit Belichtung, Bildausschnitt und Einstellungen, um ausgewogene, klare und aussagekr\u00e4ftige Bilder zu schaffen. Genau diese Beherrschung macht den Unterschied im Endergebnis.<\/p>\n<p><strong>K\u00fcnstlerischer Blick <\/strong><\/p>\n<p>Ein guter Fotoreport besteht nicht nur aus scharfen Bildern. Es geht darum, eine Geschichte in Bildern zu erz\u00e4hlen. Man muss \u00fcberraschen k\u00f6nnen, einen anderen Blickwinkel bieten, das Wesentliche erfassen, ohne alles zu zeigen. Jeder Blickwinkel und jede Entscheidung in der Nachbearbeitung tr\u00e4gt dazu bei, Bilder zu schaffen, die aus der Masse herausstechen \u2013 sensibel, einzigartig, manchmal unerwartet, aber immer stimmig.<\/p>\n<p>Diese Fotoreportagen richten sich sowohl an Privatpersonen als auch an Fachleute \u2013 Dekorateure, Innenarchitekten, Agenturen oder Sammler \u2013, die ihren Kunden mehr als nur einfache Bilder bieten m\u00f6chten.<br><\/p>\n<p>Jede Serie besteht aus einzigartigen Fotografien mit einem eigenen Stil, gedacht f\u00fcr die Inneneinrichtung oder zur visuellen Begleitung eines Projekts mit klarer Linie.<br><\/p>\n<p>Die Angebote passen sich jedem Bedarf an: einen Ort aufwerten, eine Atmosph\u00e4re schaffen oder eine pers\u00f6nliche und ausdrucksstarke Bildsprache bieten, die man so sonst nirgends findet.<\/p>","protected":false},"excerpt":{"rendered":"<p>Une approche personnalis\u00e9e, pens\u00e9e pour les professionnels de la d\u00e9coration souhaitant proposer \u00e0 leurs clients des \u0153uvres originales, en accord avec leur univers. Et pour les particuliers, l\u2019occasion d\u2019offrir un cadeau original ou d\u2019immortaliser un lieu qui leur tient \u00e0 c\u0153ur \u00e0 travers des images personnelles. Il ne reste plus qu\u2019\u00e0 choisir la formule qui [&hellip;]<\/p>\n","protected":false},"featured_media":4992,"comment_status":"open","ping_status":"closed","template":"","meta":{"_et_pb_use_builder":"off","_et_pb_old_content":"<strong><a title=\"Reportage Photo pour Particuliers | Immortalisez Vos Moments Pr\u00e9cieux\" href=\"https:\/\/www.posters-photos.com\/reportage-photos-pour-particuliers\/\" target=\"_blank\" rel=\"noopener\">Reportage photo<\/a><\/strong> Le prix du pack reportage photo ci-dessous est bas\u00e9 sur une journ\u00e9e de travail sur site, il comprendra : \u2013 La prise de contact, \u00e9valuation des attentes et synth\u00e9tisation de ceux-ci sur la base d'un document envoy\u00e9 au client- Les frais de d\u00e9placement \u2013 Les prises de vues sur la base d'une journ\u00e9e de 7h sur site \u2013 Travail sur les prises de vues avant livraison (s\u00e9lection, traitement et optimisation des photos, style photos) \u2013 L\u2019autorisation pour impression personnelle (pour une cession des droits pour utilisation commerciale un devis sp\u00e9cifique vous sera envoy\u00e9) \u2013 La cr\u00e9ation d\u2019une galerie en ligne pour que vous puissiez visionner ces photographies \u2013 Livraison des photographies sur cl\u00e9 usb\r\n<h2>Pourquoi choisir un photographe professionnel pour vos photographies<\/h2>\r\n<strong>Techniques de prise de vue<\/strong> Pour obtenir des <a title=\"Photographies artistiques de Bretagne : Sublimez votre d\u00e9co avec l'art breton\" href=\"https:\/\/www.posters-photos.com\/photographies-bretagne\/\" target=\"_blank\" rel=\"noopener\">photos<\/a> de qualit\u00e9, il est crucial de ma\u00eetriser les aspects techniques de la photographie pour s'adapter aux diff\u00e9rentes conditions de lumi\u00e8re et sujets. Une composition \u00e9quilibr\u00e9e est \u00e9galement vitale pour produire des images esth\u00e9tiques et attrayantes.\u00a0 En combinant ces comp\u00e9tences techniques avec une bonne composition, les photographes peuvent cr\u00e9er des images percutantes et narratives. <strong>Sens artistique <\/strong> Pour cr\u00e9er un reportage photo captivant, il est essentiel de pouvoir raconter une histoire \u00e0 travers les images. Les <a title=\"Photographies de Bretagne : L'art breton pour embellir votre d\u00e9coration int\u00e9rieure\" href=\"https:\/\/www.posters-photos.com\/photographies-bretagne\/\" target=\"_blank\" rel=\"noopener\">photographes<\/a> doivent, \u00e0 la fois dans leur prise de vue et leur travail de post-production, cr\u00e9er des photographies uniques et hors du commun. La cr\u00e9ativit\u00e9 est primordiale : proposer des perspectives et des angles de vue originaux permet de surprendre et de fasciner le public. En utilisant ces comp\u00e9tences artistiques, les photographes peuvent capturer des moments uniques et cr\u00e9er des histoires visuelles \u00e9mouvantes. <strong>Pr\u00e9paration et \u00e9tude <\/strong> Un <a title=\"Reportage Photo pour Particuliers | Immortalisez Vos Moments Pr\u00e9cieux\" href=\"https:\/\/www.posters-photos.com\/reportage-photos-pour-particuliers\/\">reportage photo<\/a> r\u00e9ussi repose aussi sur une pr\u00e9paration m\u00e9ticuleuse et une recherche approfondie. Les photographes doivent se documenter sur le sujet et son contexte pour anticiper les meilleures opportunit\u00e9s de prises de vue. Visiter les lieux \u00e0 l\u2019avance permet de rep\u00e9rer les angles de vue id\u00e9aux et de pr\u00e9parer le mat\u00e9riel n\u00e9cessaire. Un plan d\u00e9taill\u00e9 du reportage aide \u00e0 identifier les moments cl\u00e9s et les prises de vue incontournables. En somme, une pr\u00e9paration rigoureuse est indispensable pour produire un reportage photo captivant et de qualit\u00e9.","_et_gb_content_width":""},"product_brand":[],"product_cat":[96],"product_tag":[],"class_list":{"0":"post-2218","1":"product","2":"type-product","3":"status-publish","4":"has-post-thumbnail","6":"product_cat-reportage","8":"first","9":"instock","10":"shipping-taxable","11":"purchasable","12":"product-type-variable"},"_links":{"self":[{"href":"https:\/\/www.posters-photos.com\/de\/wp-json\/wp\/v2\/product\/2218","targetHints":{"allow":["GET"]}}],"collection":[{"href":"https:\/\/www.posters-photos.com\/de\/wp-json\/wp\/v2\/product"}],"about":[{"href":"https:\/\/www.posters-photos.com\/de\/wp-json\/wp\/v2\/types\/product"}],"replies":[{"embeddable":true,"href":"https:\/\/www.posters-photos.com\/de\/wp-json\/wp\/v2\/comments?post=2218"}],"wp:featuredmedia":[{"embeddable":true,"href":"https:\/\/www.posters-photos.com\/de\/wp-json\/wp\/v2\/media\/4992"}],"wp:attachment":[{"href":"https:\/\/www.posters-photos.com\/de\/wp-json\/wp\/v2\/media?parent=2218"}],"wp:term":[{"taxonomy":"product_brand","embeddable":true,"href":"https:\/\/www.posters-photos.com\/de\/wp-json\/wp\/v2\/product_brand?post=2218"},{"taxonomy":"product_cat","embeddable":true,"href":"https:\/\/www.posters-photos.com\/de\/wp-json\/wp\/v2\/product_cat?post=2218"},{"taxonomy":"product_tag","embeddable":true,"href":"https:\/\/www.posters-photos.com\/de\/wp-json\/wp\/v2\/product_tag?post=2218"}],"curies":[{"name":"wp","href":"https:\/\/api.w.org\/{rel}","templated":true}]}}