{"id":9111,"date":"2025-08-11T11:22:19","date_gmt":"2025-08-11T11:22:19","guid":{"rendered":"https:\/\/www.posters-photos.com\/?post_type=product&#038;p=9111"},"modified":"2026-04-04T12:08:37","modified_gmt":"2026-04-04T12:08:37","slug":"fischkutter-nebel","status":"publish","type":"product","link":"https:\/\/www.posters-photos.com\/de\/edition-limitee\/fine-art\/bateau-peche-brume\/","title":{"rendered":"Fischkutter im Nebel \u2013 Hervorragendes Kunstdruck-Foto in limitierter Auflage"},"content":{"rendered":"<p>Titel: Boot im Nebel<\/p>\n<p>Lo\u00efc Delplanque :<\/p>\n<blockquote><p>An diesem Morgen schien das Meer noch zu schlafen. Vom Ufer aus sah ich einen Fischkutter im Nebel auftauchen, fast unwirklich.<\/p>\n<p>&nbsp;<\/p>\n<p>Die feuchte Luft weichzeichnete die Formen und verst\u00e4rkte dieses Gef\u00fchl.<\/p>\n<p>&nbsp;<\/p>\n<p>Ich wusste, dass dieser Moment nicht lange dauern w\u00fcrde. Wenige Minuten sp\u00e4ter verschwand das Boot hinter einem dichteren Schleier.<\/p>\n<p>&nbsp;<\/p>\n<p>Diese <a title=\"K\u00fcnstlerische Fotografien in limitierter Auflage \u2014 Wandkunstwerke\" href=\"https:\/\/www.posters-photos.com\/de\/kunst\/fotografien\/kunstfotografie\/\">Kunstfoto <\/a>in <a title=\"Fotografien und Poster in limitierter Auflage \u2014 Kunst, maritim, Bretagne, Natur\" href=\"https:\/\/www.posters-photos.com\/de\/limitierte-auflage\/\">limitierte Auflage<\/a> bewahrt die Erinnerung an diesen sch\u00f6nen Moment: eine morgendliche Begegnung in fast v\u00f6lliger Stille.<\/p><\/blockquote>\n<p>Fotografie in 4 Ausf\u00fchrungen erh\u00e4ltlich:<\/p>\n<ul>\n<li><strong>Hahnem\u00fchle K\u00fcnstlerpapier<\/strong>.<\/li>\n<li><strong>Direktdruck auf 3 mm Alu-Dibond<\/strong> Ein moderner, leichter und steifer Tr\u00e4ger mit matter, reflexfreier Oberfl\u00e4che. Seine glatte Oberfl\u00e4che offenbart die Sch\u00e4rfe und Dichte der Farben, f\u00fcr eine Haltbarkeit von \u00fcber 20 Jahren. (Aufh\u00e4ngungsschiene wird kostenlos mitgeliefert und ist vormontiert).<\/li>\n<li><strong>Druck auf 10 mm Forex<\/strong> ein steifer, leichter und stabiler Tr\u00e4ger mit einer kompakten wei\u00dfen Oberfl\u00e4che, der den vollen Farbglanz offenbart. Fertig zum Aufh\u00e4ngen, inklusive kostenloser und vormontierter Aufh\u00e4ngeschiene f\u00fcr einen sauberen und modernen Look.<\/li>\n<li><strong>Schattenfugenrahmen aus Holz<\/strong> : Alu Dibond im amerikanischen Kasten: Ein eleganter Schwebefotodruck mit mattem Finish wertet Ihr Bild auf und wird von einem Holzrahmen Ihrer Wahl (Schwarz, Wei\u00df, Eiche natur) umrahmt. Fertig zum Aufh\u00e4ngen, Lieferung mit kostenlosem und vormontiertem Aufh\u00e4ngesystem.<\/li>\n<\/ul>\n<p>Haben Sie eine andere Gr\u00f6\u00dfe im Sinn? <a title=\"Kontakt zu Lo\u00efc Delplanque, Fotograf im Morbihan\" href=\"https:\/\/www.posters-photos.com\/de\/kontakt-fotograf-morbihan\/\">Kontaktieren Sie mich<\/a>, ich schicke Ihnen einen personalisierten Link mit dem Foto im gew\u00fcnschten Format.<\/p>","protected":false},"excerpt":{"rendered":"<p><strong>In 50 Exemplaren, handschriftlich signiert und mit Echtheitszertifikat geliefert.<\/strong><\/p>\n<p>Bestellen Sie diese wundersch\u00f6ne Fotografie jetzt.<\/p>","protected":false},"featured_media":9090,"comment_status":"open","ping_status":"closed","template":"","meta":{"_et_pb_use_builder":"off","_et_pb_old_content":"Lo\u00efc Delplanque :\r\n<blockquote>Ce matin-l\u00e0, la mer semblait encore assoupie. Depuis le rivage, j\u2019ai vu un bateau de p\u00eache appara\u00eetre dans la brume, presque irr\u00e9el. L\u2019air humide adoucissait les formes et renfor\u00e7ait cette sensation.\r\n\r\n\u00a0\r\n\r\nJe savais que l\u2019instant ne durerait pas. Quelques minutes plus tard, le bateau s\u2019est effac\u00e9 derri\u00e8re un voile plus dense.\r\n\r\n\u00a0\r\n\r\nCette <a title=\"Photographies artistiques en \u00e9dition limit\u00e9e \u2014 \u0152uvres murales art\" href=\"https:\/\/www.posters-photos.com\/art\/photographies\/artistiques\/\">photo d\u2019art <\/a>en <a title=\"Photographies et affiches en \u00e9dition limit\u00e9e \u2014 Art, maritime, Bretagne, nature\" href=\"https:\/\/www.posters-photos.com\/edition-limitee\/\">\u00e9dition limit\u00e9e<\/a> garde la m\u00e9moire de ce joli moment : une rencontre matinale dans un silence presque total.<\/blockquote>\r\n\u00a0\r\n\r\nPhotographie disponible en 4 finitions :\r\n<ul>\r\n \t<li>Papier d\u2019art \u00e9cologique Hahnem\u00fchle Bambou 290g<\/li>\r\n \t<li>Alu dibond avec contrecollage sur papier FINEART Hahnem\u00fchle Museum Etching 350g.\r\nLe tirage photo Fine Art est contrecoll\u00e9 sur un support Alu Dibond d\u2019\u00e9paisseur 2mm.<\/li>\r\n \t<li>Toile Epson Canvas Matte Water Resistant \u2013 375g\/m\u00b2<\/li>\r\n \t<li>Caisse am\u00e9ricaine bois sur papier Hahnem\u00fchle Museum Etching - 350g\/m\u00b2.\r\nVotre tirage contrecoll\u00e9 sur aluminium Dibond est plac\u00e9 dans une caisse am\u00e9ricaine en bois (6 teintes disponibles).<\/li>\r\n<\/ul>\r\nVous avez une autre taille en t\u00eate ? <a title=\"Contact de Lo\u00efc Delplanque, photographe et graphiste dans le Morbihan\" href=\"https:\/\/www.posters-photos.com\/contact-loic-delplanque-photographe-graphiste-morbihan\/\">Contactez-moi<\/a>, je vous enverrai un lien personnalis\u00e9 avec la photo au format souhait\u00e9.","_et_gb_content_width":""},"product_brand":[],"product_cat":[154,152,187],"product_tag":[150,145],"class_list":{"0":"post-9111","1":"product","2":"type-product","3":"status-publish","4":"has-post-thumbnail","6":"product_cat-fine-art","7":"product_cat-coups-de-coeur-photos","8":"product_cat-nouveautes","9":"product_tag-coups-de-coeur","10":"product_tag-graphique","12":"first","13":"instock","14":"shipping-taxable","15":"purchasable","16":"product-type-variable","17":"has-default-attributes"},"_links":{"self":[{"href":"https:\/\/www.posters-photos.com\/de\/wp-json\/wp\/v2\/product\/9111","targetHints":{"allow":["GET"]}}],"collection":[{"href":"https:\/\/www.posters-photos.com\/de\/wp-json\/wp\/v2\/product"}],"about":[{"href":"https:\/\/www.posters-photos.com\/de\/wp-json\/wp\/v2\/types\/product"}],"replies":[{"embeddable":true,"href":"https:\/\/www.posters-photos.com\/de\/wp-json\/wp\/v2\/comments?post=9111"}],"wp:featuredmedia":[{"embeddable":true,"href":"https:\/\/www.posters-photos.com\/de\/wp-json\/wp\/v2\/media\/9090"}],"wp:attachment":[{"href":"https:\/\/www.posters-photos.com\/de\/wp-json\/wp\/v2\/media?parent=9111"}],"wp:term":[{"taxonomy":"product_brand","embeddable":true,"href":"https:\/\/www.posters-photos.com\/de\/wp-json\/wp\/v2\/product_brand?post=9111"},{"taxonomy":"product_cat","embeddable":true,"href":"https:\/\/www.posters-photos.com\/de\/wp-json\/wp\/v2\/product_cat?post=9111"},{"taxonomy":"product_tag","embeddable":true,"href":"https:\/\/www.posters-photos.com\/de\/wp-json\/wp\/v2\/product_tag?post=9111"}],"curies":[{"name":"wp","href":"https:\/\/api.w.org\/{rel}","templated":true}]}}