{"id":9241,"date":"2025-08-15T11:41:45","date_gmt":"2025-08-15T11:41:45","guid":{"rendered":"https:\/\/www.posters-photos.com\/?post_type=product&#038;p=9241"},"modified":"2026-04-07T11:03:38","modified_gmt":"2026-04-07T11:03:38","slug":"weises-segelboot","status":"publish","type":"product","link":"https:\/\/www.posters-photos.com\/de\/edition-limitee\/mer\/voilier-blanc\/","title":{"rendered":"Wei\u00dfes Segelboot auf ruhiger See \u2013 Kunstdruck in limitierter Auflage"},"content":{"rendered":"<p>Titel: Wei\u00dfes Schweigen<\/p>\n<p><strong>Lo\u00efc Delplanque :<\/strong><\/p>\n<blockquote><p><a title=\"Kunstfoto mit Welle und Segelboot auf wei\u00dfem Hintergrund\" href=\"https:\/\/www.posters-photos.com\/de\/limitierte-auflage\/fotografien\/kunstfotografie\/meeresfoto-segelboot-welle\/\">Das Segelboot<\/a> wartet, an seiner Mooring festgemacht, wie zwischen zwei Atemz\u00fcgen.<\/p>\n<p>&nbsp;<\/p>\n<p>Der bewusste Bildausschnitt und die \u00dcberbelichtung setzen dieses sehr sch\u00f6ne wei\u00dfe Segelboot in Szene.<\/p>\n<p>&nbsp;<\/p>\n<p>Dieses Gef\u00fchl angehaltener Zeit stellt sich ein, inspiriert von Sugimotos Horizonten und einer reduzierten japanischen \u00c4sthetik: wenige Elemente, jedes mit Sorgfalt gesetzt.<\/p>\n<p>&nbsp;<\/p>\n<p>Dieses wunderbare Werk verleiht Ihrem Interieur eine beruhigende Ruhe und eine entschieden moderne Eleganz.<\/p><\/blockquote>\n<p>Fotografie in 4 Ausf\u00fchrungen erh\u00e4ltlich:<\/p>\n<ul>\n<li><strong>Hahnem\u00fchle K\u00fcnstlerpapier<\/strong>.<\/li>\n<li><strong>Direktdruck auf 3 mm Alu-Dibond<\/strong> Ein moderner, leichter und steifer Tr\u00e4ger mit matter, reflexfreier Oberfl\u00e4che. Seine glatte Oberfl\u00e4che offenbart die Sch\u00e4rfe und Dichte der Farben, f\u00fcr eine Haltbarkeit von \u00fcber 20 Jahren. (Aufh\u00e4ngungsschiene wird kostenlos mitgeliefert und ist vormontiert).<\/li>\n<li><strong>Druck auf 10 mm Forex<\/strong> ein steifer, leichter und stabiler Tr\u00e4ger mit einer kompakten wei\u00dfen Oberfl\u00e4che, der den vollen Farbglanz offenbart. Fertig zum Aufh\u00e4ngen, inklusive kostenloser und vormontierter Aufh\u00e4ngeschiene f\u00fcr einen sauberen und modernen Look.<\/li>\n<li><strong>Schattenfugenrahmen aus Holz<\/strong> : Alu Dibond im amerikanischen Kasten: Ein eleganter Schwebefotodruck mit mattem Finish wertet Ihr Bild auf und wird von einem Holzrahmen Ihrer Wahl (Schwarz, Wei\u00df, Eiche natur) umrahmt. Fertig zum Aufh\u00e4ngen, Lieferung mit kostenlosem und vormontiertem Aufh\u00e4ngesystem.<\/li>\n<\/ul>\n<p>Haben Sie eine andere Gr\u00f6\u00dfe im Sinn? <a title=\"Kontakt zu Lo\u00efc Delplanque, Fotograf im Morbihan\" href=\"https:\/\/www.posters-photos.com\/de\/kontakt-fotograf-morbihan\/\">Kontaktieren Sie mich<\/a>, ich schicke Ihnen einen personalisierten Link mit dem Foto im gew\u00fcnschten Format.<\/p>","protected":false},"excerpt":{"rendered":"<p><strong>In 50 Exemplaren, handschriftlich signiert und mit Echtheitszertifikat geliefert.<\/strong><\/p>\n<p>Bestellen Sie diese wundersch\u00f6ne Fotografie jetzt.<\/p>","protected":false},"featured_media":9061,"comment_status":"open","ping_status":"closed","template":"","meta":{"_et_pb_use_builder":"off","_et_pb_old_content":"<strong>Caract\u00e9ristiques de l\u2019\u0153uvre :<\/strong>\r\n\r\n<strong>Type :<\/strong> <a title=\"Photographies de Temp\u00eates en Bretagne | Images Spectaculaires et Dramatiques\" href=\"https:\/\/www.posters-photos.com\/art\/photographie-bretagne\/photos-tempetes-bretagne\/\" target=\"_blank\" rel=\"noopener\">Photographie temp\u00eate en Bretagne<\/a>, Temp\u00eate Justine\r\n\r\n<strong>Format :<\/strong> 60 x 40 cm ou 90 x 60 cm (24 x 16 inches ou 36 x 24 inches). <a title=\"Contact de Lo\u00efc Delplanque artiste photographe en Bretagne\" href=\"https:\/\/www.posters-photos.com\/contact-loic-delplanque-photographe-graphiste-morbihan\/\" target=\"_blank\" rel=\"noopener\"><strong>D'autres tailles sont disponibles sur simple demande<\/strong><\/a>\r\n\r\n<strong>\u00c9dition :<\/strong> Photographie de Lo\u00efc Delplanque en \u00e9dition limit\u00e9e \u00e0 50 exemplaires sur papier Hahnem\u00fchle.\r\n\r\n<strong>Certificat d'authenticit\u00e9 :<\/strong> Chaque photographie est accompagn\u00e9e d'un certificat num\u00e9rot\u00e9 et sign\u00e9 de la main de l\u2019artiste confirmant son authenticit\u00e9.\r\n\r\n<strong>Pourquoi Choisir Cette Photographie :<\/strong> <strong>Dramatique et \u00c9vocative :<\/strong> Cette image <a title=\"Photo d'art noir et blanc Bretagne - \u00c9p\u00e9e d'Excalibur au lac de Tr\u00e9melin - D\u00e9coration murale l\u00e9gendaire\" href=\"https:\/\/www.posters-photos.com\/edition-limitee\/photographie-bretagne\/photographies-ille-et-vilaine\/photographie-noir-et-blanc-epee-excalibur\/\" target=\"_blank\" rel=\"noopener\">en noir et blanc<\/a> du phare du Four submerg\u00e9 par une vague apportera une dimension artistique \u00e0 votre espace.\r\n\r\n<strong>Qualit\u00e9 :<\/strong> Nos \u0153uvres sont imprim\u00e9es sur les plus beaux papiers Hahnem\u00fchle, un papier d'exception. <a title=\"Temp\u00eates en Bretagne : Ph\u00e9nom\u00e8nes Naturels Spectaculaires et Puissants\" href=\"https:\/\/www.posters-photos.com\/tempetes-bretagne\/\" target=\"_blank\" rel=\"noopener\">Pour en savoir plus sur les temp\u00eates en Bretagne<\/a>","_et_gb_content_width":""},"product_brand":[],"product_cat":[185],"product_tag":[150,145],"class_list":{"0":"post-9241","1":"product","2":"type-product","3":"status-publish","4":"has-post-thumbnail","6":"product_cat-mer","7":"product_tag-coups-de-coeur","8":"product_tag-graphique","10":"first","11":"instock","12":"shipping-taxable","13":"purchasable","14":"product-type-variable","15":"has-default-attributes"},"_links":{"self":[{"href":"https:\/\/www.posters-photos.com\/de\/wp-json\/wp\/v2\/product\/9241","targetHints":{"allow":["GET"]}}],"collection":[{"href":"https:\/\/www.posters-photos.com\/de\/wp-json\/wp\/v2\/product"}],"about":[{"href":"https:\/\/www.posters-photos.com\/de\/wp-json\/wp\/v2\/types\/product"}],"replies":[{"embeddable":true,"href":"https:\/\/www.posters-photos.com\/de\/wp-json\/wp\/v2\/comments?post=9241"}],"wp:featuredmedia":[{"embeddable":true,"href":"https:\/\/www.posters-photos.com\/de\/wp-json\/wp\/v2\/media\/9061"}],"wp:attachment":[{"href":"https:\/\/www.posters-photos.com\/de\/wp-json\/wp\/v2\/media?parent=9241"}],"wp:term":[{"taxonomy":"product_brand","embeddable":true,"href":"https:\/\/www.posters-photos.com\/de\/wp-json\/wp\/v2\/product_brand?post=9241"},{"taxonomy":"product_cat","embeddable":true,"href":"https:\/\/www.posters-photos.com\/de\/wp-json\/wp\/v2\/product_cat?post=9241"},{"taxonomy":"product_tag","embeddable":true,"href":"https:\/\/www.posters-photos.com\/de\/wp-json\/wp\/v2\/product_tag?post=9241"}],"curies":[{"name":"wp","href":"https:\/\/api.w.org\/{rel}","templated":true}]}}