{"id":174,"date":"2024-03-06T12:57:20","date_gmt":"2024-03-06T12:57:20","guid":{"rendered":"https:\/\/www.posters-photos.com\/?page_id=174"},"modified":"2025-11-19T12:12:20","modified_gmt":"2025-11-19T12:12:20","slug":"faq","status":"publish","type":"page","link":"https:\/\/www.posters-photos.com\/en\/faq\/","title":{"rendered":"FAQ"},"content":{"rendered":"<p>[et_pb_section fb_built=\u00a0\u00bb1&Prime; _builder_version=\u00a0\u00bb4.25.0&Prime; _module_preset=\u00a0\u00bbdefault\u00a0\u00bb custom_padding=\u00a0\u00bb33px|||||\u00a0\u00bb global_colors_info=\u00a0\u00bb{}\u00a0\u00bb][et_pb_row _builder_version=\u00a0\u00bb4.25.0&Prime; _module_preset=\u00a0\u00bbdefault\u00a0\u00bb custom_margin=\u00a0\u00bb-43px|auto||auto||\u00a0\u00bb global_colors_info=\u00a0\u00bb{}\u00a0\u00bb][et_pb_column type=\u00a0\u00bb4_4&Prime; _builder_version=\u00a0\u00bb4.25.0&Prime; _module_preset=\u00a0\u00bbdefault\u00a0\u00bb global_colors_info=\u00a0\u00bb{}\u00a0\u00bb][et_pb_post_title meta=\u00a0\u00bboff\u00a0\u00bb featured_image=\u00a0\u00bboff\u00a0\u00bb _builder_version=\u00a0\u00bb4.25.0&Prime; _module_preset=\u00a0\u00bbdefault\u00a0\u00bb title_text_color=\u00a0\u00bb#2B3D47&Prime; custom_margin=\u00a0\u00bb0px||||false|false\u00a0\u00bb custom_padding=\u00a0\u00bb0px||||false|false\u00a0\u00bb global_colors_info=\u00a0\u00bb{}\u00a0\u00bb][\/et_pb_post_title][et_pb_text _builder_version=\u00a0\u00bb4.27.4&Prime; _module_preset=\u00a0\u00bbdefault\u00a0\u00bb header_2_text_color=\u00a0\u00bb#674D42&Prime; background_color=\u00a0\u00bbRGBA(255,255,255,0)\u00a0\u00bb custom_padding=\u00a0\u00bb10px|10px|10px|10px|false|false\u00a0\u00bb hover_enabled=\u00a0\u00bb0&Prime; border_radii=\u00a0\u00bbon|5px|5px|5px|5px\u00a0\u00bb border_width_all=\u00a0\u00bb1px\u00a0\u00bb global_colors_info=\u00a0\u00bb{}\u00a0\u00bb sticky_enabled=\u00a0\u00bb0&Prime;]<\/p>\n<div style=\"background: #f9f6f1; padding: 30px; border-radius: 16px; color: #343940;\">\n<h2 style=\"color: #bd7d74;\">Qu&rsquo;est-ce que posters-photos.com ?<\/h2>\n<p>Posters-photos.com est le site internet de Lo\u00efc Delplanque, photographe &amp; graphiste dans le Morbihan.<br \/><a href=\"https:\/\/www.posters-photos.com\/contact-photographe-morbihan\/\" style=\"color: #8b8c88; text-decoration: underline;\">Formulaire de contact<\/a><br \/><span style=\"color: #bfa497; margin-left: 10px;\">T\u00e9l : 06.86.05.85.81<\/span><br \/><span style=\"color: #8b8c88;\">Horaires\u00a0: Du lundi au samedi, 10h00\u201319h30<\/span><\/p>\n<h2 style=\"color: #bd7d74;\">Comment puis-je \u00eatre certain que mon affiche arrivera en bon \u00e9tat\u00a0?<\/h2>\n<p>Les \u0153uvres sont exp\u00e9di\u00e9es \u00e0 plat (jusqu&rsquo;\u00e0 60&#215;40 cm) ou dans des tubes\/cartons renforc\u00e9s au-del\u00e0.<br \/><span style=\"color: #bfa497; font-weight: bold;\">Toute affiche ou photographie ab\u00eem\u00e9e vous sera renvoy\u00e9e gratuitement.<\/span><\/p>\n<h2 style=\"color: #bd7d74;\">Que se passe-t-il si je ne suis pas satisfait des tirages\u00a0?<\/h2>\n<h3 style=\"color: #8b8c88;\">Retours et remplacement<\/h3>\n<p>Retours accept\u00e9s pour les affiches et photographies en \u00e9dition limit\u00e9e, sous 14 jours apr\u00e8s r\u00e9ception.<br \/>L\u2019\u0153uvre doit \u00eatre renvoy\u00e9e dans son \u00e9tat d&rsquo;origine, bien prot\u00e9g\u00e9e.<br \/><span style=\"color: #bfa497;\">Frais de retour \u00e0 votre charge.<\/span><\/p>\n<h3 style=\"color: #8b8c88;\">En cas de d\u00e9faut ou de dommage<\/h3>\n<p>Si la photographie est endommag\u00e9e (transport, erreur impression\u202f: format, marges, papier), un nouveau tirage est offert.<br \/>Envoyez une photo du tirage concern\u00e9 sous 7 jours apr\u00e8s r\u00e9ception. Apr\u00e8s v\u00e9rification, le remplacement est lanc\u00e9.<\/p>\n<p><a href=\"https:\/\/www.posters-photos.com\/contact-photographe-morbihan\/\" style=\"color: #bd7d74; font-weight: bold;\" title=\"Photographe dans le Morbihan\">Formulaire de contact<\/a><br \/><span style=\"color: #343940;\">(r\u00e9ponse sous 24h)<\/span><\/p>\n<h2 style=\"color: #bd7d74;\">Que dois-je faire si mon colis est endommag\u00e9\u202f?<\/h2>\n<p>Refusez le colis \u00e0 la livraison et signalez \u00ab\u202fcolis refus\u00e9 car endommag\u00e9\u202f\u00bb sur le bordereau.<\/p>\n<h2 style=\"color: #bd7d74;\">Comment se d\u00e9roule la livraison\u00a0?<\/h2>\n<p>D\u00e9lai\u202f: 5 \u00e0 9 jours ouvr\u00e9s, emballage s\u00e9curis\u00e9.<br \/>Tirages et affiches exp\u00e9di\u00e9s \u00e0 plat (jusqu\u2019\u00e0 60&#215;40 cm) ou dans un tube\/carton rigide pour les grands formats.<br \/>L\u2019affiche est enroul\u00e9e autour d\u2019un rouleau, prot\u00e9g\u00e9e par papiers sp\u00e9cifiques.<br \/><span style=\"color: #bfa497;\">Le certificat d\u2019authenticit\u00e9, sign\u00e9 \u00e0 la main, est envoy\u00e9 s\u00e9par\u00e9ment et gratuitement.<\/span><\/p>\n<p><a href=\"https:\/\/www.posters-photos.com\/contact-photographe-morbihan\/\" style=\"color: #8b8c88;\">Contactez-moi pour toute question<\/a><\/p>\n<h2 style=\"color: #bd7d74;\">Quel type de papier pour vos tirages\u202f?<\/h2>\n<p>\u0152uvres imprim\u00e9es sur papier d\u2019art Hahnem\u00fchle <span style=\"color: #bfa497;\">adapt\u00e9 \u00e0 chaque image<\/span> pour garantir la meilleure qualit\u00e9.<\/p>\n<h2 style=\"color: #bd7d74;\">Combien les frais de port vont-ils me co\u00fbter\u00a0?<\/h2>\n<p><span style=\"color: #8b8c88;\">Livraison gratuite dans tous les pays desservis.<\/span><br \/>Certificat d\u2019authenticit\u00e9 envoy\u00e9 s\u00e9par\u00e9ment et offert.<\/p>\n<h2 style=\"color: #bd7d74;\">Comment suivre l\u2019\u00e9volution de ma commande\u202f?<\/h2>\n<p>\u00c0 chaque \u00e9tape, vous recevez un email\u202f: prise en compte de commande, confirmation de paiement, exp\u00e9dition.<br \/>V\u00e9rifiez que l\u2019adresse email fournie est exacte et que les mails ne sont pas dans les ind\u00e9sirables.<\/p>\n<h2 style=\"color: #bd7d74;\">Comment me tenir au courant des nouveaut\u00e9s\u202f?<\/h2>\n<p><a href=\"https:\/\/www.posters-photos.com\/newsletter\/\">Abonnez-vous \u00e0 la newsletter<\/a> (max 2 par mois) pour recevoir les nouvelles \u0153uvres, affiches et articles sur la Bretagne et l\u2019art.<\/p>\n<\/div>\n<p>[\/et_pb_text][\/et_pb_column][\/et_pb_row][\/et_pb_section]<\/p>\n","protected":false},"excerpt":{"rendered":"<p>Qu&rsquo;est-ce que posters-photos.com ? Posters-photos.com est le site internet de Lo\u00efc Delplanque, photographe &amp; graphiste dans le Morbihan.Formulaire de contactT\u00e9l : 06.86.05.85.81Horaires\u00a0: Du lundi au samedi, 10h00\u201319h30 Comment puis-je \u00eatre certain que mon affiche arrivera en bon \u00e9tat\u00a0? Les \u0153uvres sont exp\u00e9di\u00e9es \u00e0 plat (jusqu&rsquo;\u00e0 60&#215;40 cm) ou dans des tubes\/cartons renforc\u00e9s au-del\u00e0.Toute affiche ou [&hellip;]<\/p>\n","protected":false},"author":1,"featured_media":0,"parent":0,"menu_order":0,"comment_status":"closed","ping_status":"closed","template":"","meta":{"_et_pb_use_builder":"on","_et_pb_old_content":"<!-- wp:divi\/placeholder \/-->","_et_gb_content_width":"","footnotes":""},"class_list":["post-174","page","type-page","status-publish","hentry"],"_links":{"self":[{"href":"https:\/\/www.posters-photos.com\/en\/wp-json\/wp\/v2\/pages\/174","targetHints":{"allow":["GET"]}}],"collection":[{"href":"https:\/\/www.posters-photos.com\/en\/wp-json\/wp\/v2\/pages"}],"about":[{"href":"https:\/\/www.posters-photos.com\/en\/wp-json\/wp\/v2\/types\/page"}],"author":[{"embeddable":true,"href":"https:\/\/www.posters-photos.com\/en\/wp-json\/wp\/v2\/users\/1"}],"replies":[{"embeddable":true,"href":"https:\/\/www.posters-photos.com\/en\/wp-json\/wp\/v2\/comments?post=174"}],"version-history":[{"count":0,"href":"https:\/\/www.posters-photos.com\/en\/wp-json\/wp\/v2\/pages\/174\/revisions"}],"wp:attachment":[{"href":"https:\/\/www.posters-photos.com\/en\/wp-json\/wp\/v2\/media?parent=174"}],"curies":[{"name":"wp","href":"https:\/\/api.w.org\/{rel}","templated":true}]}}