{"id":11985,"date":"2025-12-18T11:30:28","date_gmt":"2025-12-18T11:30:28","guid":{"rendered":"https:\/\/www.posters-photos.com\/?post_type=product&#038;p=11985"},"modified":"2026-04-07T11:01:40","modified_gmt":"2026-04-07T11:01:40","slug":"sunrise-mist-trees","status":"publish","type":"product","link":"https:\/\/www.posters-photos.com\/en\/edition-limitee\/coucher-lever-soleil-photographie\/lever-de-soleil-brume-arbres\/","title":{"rendered":"Sunrise and morning mist over the countryside"},"content":{"rendered":"<p><strong>Type:<\/strong> <a title=\"Sunrise photos - Nature 2026 Collection\" href=\"https:\/\/www.posters-photos.com\/en\/art\/photographs\/sunset-sunrise-photography\/\">Sunrise photography<\/a><\/p>\n<p><strong>Lo\u00efc Delplanque :<\/strong><\/p>\n<blockquote><p>This photo of a sunrise was taken in Brittany on a misty November morning. It was barely 6.30 am.<\/p>\n<p>&nbsp;<\/p>\n<p>The sun peeks through behind the trees, tinting the sky in shades of orange and gold. The oak trees stand out in dark silhouettes in the morning light. You can make out the different layers of vegetation emerging from the mist.<\/p>\n<p>&nbsp;<\/p>\n<p>What interested me was the contrast between the milky softness of the mist and the sharpness of the trees in the foreground. This particular light never lasts very long, ten minutes at most.<\/p>\n<p>&nbsp;<\/p>\n<p>A calm nature shot, with the misty atmosphere typical of Breton autumn mornings.<\/p><\/blockquote>\n<p>Photograph available in 4 finishes:<\/p>\n<ul>\n<li><strong>Hahnem\u00fchle art paper<\/strong>.<\/li>\n<li><strong>Direct print on 3 mm (1\/8 in.)<\/strong> A modern, lightweight and rigid support with a matt, non-reflective finish. Its smooth surface reveals the sharpness and density of colours, for durability of over 20 years. (Hanging rail offered and pre-assembled).<\/li>\n<li><strong>Print on 10 mm Forex<\/strong> A rigid, lightweight, and stable support with a compact white surface that reveals the full richness of colours. Ready to hang, delivered with its complimentary, pre-mounted hanging rail for a neat and contemporary finish.<\/li>\n<li><strong>Wooden floater frame<\/strong> Alu Dibond in a US-style frame: an elegant floating effect showcases your crisp, matte print, framed by a wooden surround of your choice (black, white, natural oak). Ready to hang, delivered with its complimentary, pre-assembled hanging system.<\/li>\n<\/ul>\n<p>Do you have another size in mind? <a title=\"Contact Lo\u00efc Delplanque, photographer in Morbihan\" href=\"https:\/\/www.posters-photos.com\/en\/contact-photographer-morbihan\/\">Contact me<\/a>, i will send you a personalized link with the photo in the desired format.<\/p>\n<p><strong>Available in a limited, signed and numbered edition.<\/strong><\/p>\n<p><strong>Buy this limited edition photograph!<\/strong><\/p>","protected":false},"excerpt":{"rendered":"<p>Type: Photographie de lever de soleil Lo\u00efc Delplanque : Cette photo de lever de soleil a \u00e9t\u00e9 prise en Bretagne, un matin de novembre o\u00f9 la brume recouvrait encore la vall\u00e9e. Il \u00e9tait \u00e0 peine 6h30. &nbsp; Le soleil perce derri\u00e8re les arbres et teinte le ciel de tons orang\u00e9s et dor\u00e9s. Les ch\u00eanes se [&hellip;]<\/p>\n","protected":false},"featured_media":11935,"comment_status":"open","ping_status":"closed","template":"","meta":{"_et_pb_use_builder":"","_et_pb_old_content":"","_et_gb_content_width":""},"product_brand":[],"product_cat":[196,187],"product_tag":[],"class_list":{"0":"post-11985","1":"product","2":"type-product","3":"status-publish","4":"has-post-thumbnail","6":"product_cat-coucher-lever-soleil-photographie","7":"product_cat-nouveautes","9":"first","10":"instock","11":"shipping-taxable","12":"purchasable","13":"product-type-variable","14":"has-default-attributes"},"_links":{"self":[{"href":"https:\/\/www.posters-photos.com\/en\/wp-json\/wp\/v2\/product\/11985","targetHints":{"allow":["GET"]}}],"collection":[{"href":"https:\/\/www.posters-photos.com\/en\/wp-json\/wp\/v2\/product"}],"about":[{"href":"https:\/\/www.posters-photos.com\/en\/wp-json\/wp\/v2\/types\/product"}],"replies":[{"embeddable":true,"href":"https:\/\/www.posters-photos.com\/en\/wp-json\/wp\/v2\/comments?post=11985"}],"wp:featuredmedia":[{"embeddable":true,"href":"https:\/\/www.posters-photos.com\/en\/wp-json\/wp\/v2\/media\/11935"}],"wp:attachment":[{"href":"https:\/\/www.posters-photos.com\/en\/wp-json\/wp\/v2\/media?parent=11985"}],"wp:term":[{"taxonomy":"product_brand","embeddable":true,"href":"https:\/\/www.posters-photos.com\/en\/wp-json\/wp\/v2\/product_brand?post=11985"},{"taxonomy":"product_cat","embeddable":true,"href":"https:\/\/www.posters-photos.com\/en\/wp-json\/wp\/v2\/product_cat?post=11985"},{"taxonomy":"product_tag","embeddable":true,"href":"https:\/\/www.posters-photos.com\/en\/wp-json\/wp\/v2\/product_tag?post=11985"}],"curies":[{"name":"wp","href":"https:\/\/api.w.org\/{rel}","templated":true}]}}