{"id":12018,"date":"2025-12-19T08:46:34","date_gmt":"2025-12-19T08:46:34","guid":{"rendered":"https:\/\/www.posters-photos.com\/?post_type=product&#038;p=12018"},"modified":"2026-04-03T18:53:25","modified_gmt":"2026-04-03T18:53:25","slug":"sunrise-saint-valery-somme-art","status":"publish","type":"product","link":"https:\/\/www.posters-photos.com\/en\/edition-limitee\/coucher-lever-soleil-photographie\/lever-soleil-saint-valery-somme-art\/","title":{"rendered":"Sunrise Saint-Val\u00e9ry-sur-Somme - Fine Art Prints"},"content":{"rendered":"<p><strong>Type:<\/strong> <a title=\"Sunrise photos - Nature 2026 Collection\" href=\"https:\/\/www.posters-photos.com\/en\/art\/photographs\/sunset-sunrise-photography\/\">Sunrise photography<\/a><\/p>\n<p><strong>Lo\u00efc Delplanque :<\/strong><\/p>\n<blockquote><p>This photograph of <a title=\"sunrise, nature photography with trees and mist\" href=\"https:\/\/www.posters-photos.com\/en\/limited-edition\/photographs\/sunset-sunrise-photography\/sunrise-mist-trees\/\">sunrise<\/a> was taken in Saint-Valery-sur-Somme, on a winter morning when the sky caught fire. The tones shift from deep purple to bright yellow, creating a striking natural gradient above the Baie de Somme.<\/p>\n<p>&nbsp;<\/p>\n<p>The graphic silhouettes of the trees stand out sharply against this colourful horizon. I wanted to capture that precise moment when the light transforms the Picardy landscape into a shadow play, revealing the tranquility of the Baie de Somme at low tide.<\/p>\n<p>&nbsp;<\/p>\n<p>This large-format limited edition art print faithfully reproduces the intensity of that morning's colours. A powerful nature photograph that brings a luminous presence to a living room or bedroom.<\/p><\/blockquote>\n<p>Photograph available in 4 finishes:<\/p>\n<ul>\n<li><strong>Hahnem\u00fchle art paper<\/strong>.<\/li>\n<li><strong>Direct print on 3 mm (1\/8 in.)<\/strong> A modern, lightweight and rigid support with a matt, non-reflective finish. Its smooth surface reveals the sharpness and density of colours, for durability of over 20 years. (Hanging rail offered and pre-assembled).<\/li>\n<li><strong>Print on 10 mm Forex<\/strong> A rigid, lightweight, and stable support with a compact white surface that reveals the full richness of colours. Ready to hang, delivered with its complimentary, pre-mounted hanging rail for a neat and contemporary finish.<\/li>\n<li><strong>Wooden floater frame<\/strong> Alu Dibond in a US-style frame: an elegant floating effect showcases your crisp, matte print, framed by a wooden surround of your choice (black, white, natural oak). Ready to hang, delivered with its complimentary, pre-assembled hanging system.<\/li>\n<\/ul>\n<p>Do you have another size in mind? <a title=\"Contact Lo\u00efc Delplanque, photographer in Morbihan\" href=\"https:\/\/www.posters-photos.com\/en\/contact-photographer-morbihan\/\">Contact me<\/a>, i will send you a personalized link with the photo in the desired format.<\/p>\n<p><strong>Available in a limited, signed and numbered edition.<\/strong><\/p>\n<p><strong>Buy this limited edition photograph!<\/strong><\/p>","protected":false},"excerpt":{"rendered":"<p>Type: Photographie de lever de soleil Lo\u00efc Delplanque : Cette photographie de lever de soleil a \u00e9t\u00e9 r\u00e9alis\u00e9e \u00e0 Saint-Val\u00e9ry-sur-Somme, un matin d&rsquo;hiver o\u00f9 le ciel s&rsquo;est embras\u00e9. Les tons passent du violet profond au jaune \u00e9clatant, cr\u00e9ant un d\u00e9grad\u00e9 naturel saisissant au-dessus de la Baie de Somme. &nbsp; Les silhouettes graphiques des arbres se [&hellip;]<\/p>\n","protected":false},"featured_media":11936,"comment_status":"open","ping_status":"closed","template":"","meta":{"_et_pb_use_builder":"","_et_pb_old_content":"","_et_gb_content_width":""},"product_brand":[],"product_cat":[196,187],"product_tag":[],"class_list":{"0":"post-12018","1":"product","2":"type-product","3":"status-publish","4":"has-post-thumbnail","6":"product_cat-coucher-lever-soleil-photographie","7":"product_cat-nouveautes","9":"first","10":"instock","11":"shipping-taxable","12":"purchasable","13":"product-type-variable","14":"has-default-attributes"},"_links":{"self":[{"href":"https:\/\/www.posters-photos.com\/en\/wp-json\/wp\/v2\/product\/12018","targetHints":{"allow":["GET"]}}],"collection":[{"href":"https:\/\/www.posters-photos.com\/en\/wp-json\/wp\/v2\/product"}],"about":[{"href":"https:\/\/www.posters-photos.com\/en\/wp-json\/wp\/v2\/types\/product"}],"replies":[{"embeddable":true,"href":"https:\/\/www.posters-photos.com\/en\/wp-json\/wp\/v2\/comments?post=12018"}],"wp:featuredmedia":[{"embeddable":true,"href":"https:\/\/www.posters-photos.com\/en\/wp-json\/wp\/v2\/media\/11936"}],"wp:attachment":[{"href":"https:\/\/www.posters-photos.com\/en\/wp-json\/wp\/v2\/media?parent=12018"}],"wp:term":[{"taxonomy":"product_brand","embeddable":true,"href":"https:\/\/www.posters-photos.com\/en\/wp-json\/wp\/v2\/product_brand?post=12018"},{"taxonomy":"product_cat","embeddable":true,"href":"https:\/\/www.posters-photos.com\/en\/wp-json\/wp\/v2\/product_cat?post=12018"},{"taxonomy":"product_tag","embeddable":true,"href":"https:\/\/www.posters-photos.com\/en\/wp-json\/wp\/v2\/product_tag?post=12018"}],"curies":[{"name":"wp","href":"https:\/\/api.w.org\/{rel}","templated":true}]}}