{"id":12129,"date":"2025-12-27T13:27:58","date_gmt":"2025-12-27T13:27:58","guid":{"rendered":"https:\/\/www.posters-photos.com\/?post_type=product&#038;p=12129"},"modified":"2026-04-07T10:55:45","modified_gmt":"2026-04-07T10:55:45","slug":"bunker-photo-industrial-decor","status":"publish","type":"product","link":"https:\/\/www.posters-photos.com\/en\/edition-limitee\/coucher-lever-soleil-photographie\/photo-bunker-deco-industrielle\/","title":{"rendered":"Photo Bunker Urbex Brittany"},"content":{"rendered":"<p><strong>Type:<\/strong> Photo bunker<\/p>\n<p><strong>Lo\u00efc Delplanque :<\/strong><\/p>\n<blockquote><p>The cold concrete of this blockhouse, marked by decades of sea spray, provides an ideal structure for an industrial decor.<\/p>\n<p>&nbsp;<\/p>\n<p>I composed this image using the codes of the <a title=\"Architectural photo of the Morlaix viaduct - Art\" href=\"https:\/\/www.posters-photos.com\/en\/limited-edition\/photographs\/sunset-sunrise-photography\/morlaix-viaduct-art-photo\/\">architectural photography<\/a>, where the perfect symmetry of the windows turns the seascape into a living painting.<\/p>\n<p>&nbsp;<\/p>\n<p>The contrast between the mineral grey of the wall and the intense sharpness of the sea graffiti creates a visual depth that captures the eye.<\/p>\n<p>&nbsp;<\/p>\n<p>In this framing, the former military relic fades away to make room for a graphic scene, representative of the Urbex spirit.<\/p><\/blockquote>\n<p>Photograph available in 4 finishes:<\/p>\n<ul>\n<li><strong>Hahnem\u00fchle art paper<\/strong>.<\/li>\n<li><strong>Direct print on 3 mm (1\/8 in.)<\/strong> A modern, lightweight and rigid support with a matt, non-reflective finish. Its smooth surface reveals the sharpness and density of colours, for durability of over 20 years. (Hanging rail offered and pre-assembled).<\/li>\n<li><strong>Print on 10 mm Forex<\/strong> A rigid, lightweight, and stable support with a compact white surface that reveals the full richness of colours. Ready to hang, delivered with its complimentary, pre-mounted hanging rail for a neat and contemporary finish.<\/li>\n<li><strong>Wooden floater frame<\/strong> Alu Dibond in a US-style frame: an elegant floating effect showcases your crisp, matte print, framed by a wooden surround of your choice (black, white, natural oak). Ready to hang, delivered with its complimentary, pre-assembled hanging system.<\/li>\n<\/ul>\n<p>Do you have another size in mind? <a title=\"Contact Lo\u00efc Delplanque, photographer in Morbihan\" href=\"https:\/\/www.posters-photos.com\/en\/contact-photographer-morbihan\/\">Contact me<\/a>, i will send you a personalized link with the photo in the desired format.<\/p>\n<p><strong>Available in a limited, signed and numbered edition.<\/strong><\/p>\n<p><strong>Buy this fine art photograph!<\/strong><\/p>","protected":false},"excerpt":{"rendered":"<p>Type: Photo bunker Lo\u00efc Delplanque : Le b\u00e9ton froid de ce blockhaus, marqu\u00e9 par des d\u00e9cennies d&#8217;embruns, offre une structure id\u00e9ale pour une d\u00e9co industrielle. &nbsp; J&rsquo;ai compos\u00e9 cette image en utilisant les codes de la photographie d&rsquo;architecture, o\u00f9 la sym\u00e9trie parfaite des fen\u00eatres transforme le paysage maritime en un tableau vivant. &nbsp; Le contraste [&hellip;]<\/p>\n","protected":false},"featured_media":11940,"comment_status":"open","ping_status":"closed","template":"","meta":{"_et_pb_use_builder":"","_et_pb_old_content":"","_et_gb_content_width":""},"product_brand":[],"product_cat":[196,187],"product_tag":[],"class_list":{"0":"post-12129","1":"product","2":"type-product","3":"status-publish","4":"has-post-thumbnail","6":"product_cat-coucher-lever-soleil-photographie","7":"product_cat-nouveautes","9":"first","10":"instock","11":"shipping-taxable","12":"purchasable","13":"product-type-variable","14":"has-default-attributes"},"_links":{"self":[{"href":"https:\/\/www.posters-photos.com\/en\/wp-json\/wp\/v2\/product\/12129","targetHints":{"allow":["GET"]}}],"collection":[{"href":"https:\/\/www.posters-photos.com\/en\/wp-json\/wp\/v2\/product"}],"about":[{"href":"https:\/\/www.posters-photos.com\/en\/wp-json\/wp\/v2\/types\/product"}],"replies":[{"embeddable":true,"href":"https:\/\/www.posters-photos.com\/en\/wp-json\/wp\/v2\/comments?post=12129"}],"wp:featuredmedia":[{"embeddable":true,"href":"https:\/\/www.posters-photos.com\/en\/wp-json\/wp\/v2\/media\/11940"}],"wp:attachment":[{"href":"https:\/\/www.posters-photos.com\/en\/wp-json\/wp\/v2\/media?parent=12129"}],"wp:term":[{"taxonomy":"product_brand","embeddable":true,"href":"https:\/\/www.posters-photos.com\/en\/wp-json\/wp\/v2\/product_brand?post=12129"},{"taxonomy":"product_cat","embeddable":true,"href":"https:\/\/www.posters-photos.com\/en\/wp-json\/wp\/v2\/product_cat?post=12129"},{"taxonomy":"product_tag","embeddable":true,"href":"https:\/\/www.posters-photos.com\/en\/wp-json\/wp\/v2\/product_tag?post=12129"}],"curies":[{"name":"wp","href":"https:\/\/api.w.org\/{rel}","templated":true}]}}