{"id":12149,"date":"2025-12-27T19:34:17","date_gmt":"2025-12-27T19:34:17","guid":{"rendered":"https:\/\/www.posters-photos.com\/?post_type=product&#038;p=12149"},"modified":"2026-04-07T10:54:04","modified_gmt":"2026-04-07T10:54:04","slug":"sea-photo-zen-decor","status":"publish","type":"product","link":"https:\/\/www.posters-photos.com\/en\/edition-limitee\/coucher-lever-soleil-photographie\/photo-mer-deco-zen\/","title":{"rendered":"Minimalist Horizon Sea Photo"},"content":{"rendered":"<p><strong>Type:<\/strong> <a title=\"Photography sea white sailboat on smooth sea\" href=\"https:\/\/www.posters-photos.com\/en\/limited-edition\/photographs\/fine-art\/sea-photo-sailboat-wave\/\">Sea Photo<\/a><\/p>\n<p><strong>Lo\u00efc Delplanque :<\/strong><\/p>\n<blockquote><p>The <a title=\"art photo of a fishing boat in the mist\" href=\"https:\/\/www.posters-photos.com\/en\/limited-edition\/photographs\/fine-art\/fishing-boat-mist\/\">fishing boat<\/a> glides across a dead calm sea, the sole witness to an horizon dissolving into a perfect orange gradient.<\/p>\n<p>&nbsp;<\/p>\n<p>I composed this sea photo by eliminating every distracting element to keep only the pure line of the open water and the balance of a blue and orange decor.<\/p>\n<p>&nbsp;<\/p>\n<p>This <a title=\"sunrise and sunset photography\" href=\"https:\/\/www.posters-photos.com\/en\/art\/photographs\/sunset-sunrise-photography\/\">sunset<\/a> minimalist play on absence: the immensity of the sky occupies two-thirds of the frame to force the eye to settle on the unique breaking point, this solitary silhouette adrift.<\/p>\n<p>&nbsp;<\/p>\n<p>By using a long exposure, I smoothed the texture of the water to obtain a flat, graphic surface, making this print a centerpiece for zen decor that does not overwhelm the space.<\/p><\/blockquote>\n<p>Photograph available in 4 finishes:<\/p>\n<ul>\n<li><strong>Hahnem\u00fchle art paper<\/strong>.<\/li>\n<li><strong>Direct print on 3 mm (1\/8 in.)<\/strong> A modern, lightweight and rigid support with a matt, non-reflective finish. Its smooth surface reveals the sharpness and density of colours, for durability of over 20 years. (Hanging rail offered and pre-assembled).<\/li>\n<li><strong>Print on 10 mm Forex<\/strong> A rigid, lightweight, and stable support with a compact white surface that reveals the full richness of colours. Ready to hang, delivered with its complimentary, pre-mounted hanging rail for a neat and contemporary finish.<\/li>\n<li><strong>Wooden floater frame<\/strong> Alu Dibond in a US-style frame: an elegant floating effect showcases your crisp, matte print, framed by a wooden surround of your choice (black, white, natural oak). Ready to hang, delivered with its complimentary, pre-assembled hanging system.<\/li>\n<\/ul>\n<p>Do you have another size in mind? <a title=\"Contact Lo\u00efc Delplanque, photographer in Morbihan\" href=\"https:\/\/www.posters-photos.com\/en\/contact-photographer-morbihan\/\">Contact me<\/a>, i will send you a personalized link with the photo in the desired format.<\/p>\n<p><strong>Available in a limited, signed and numbered edition.<\/strong><\/p>\n<p><strong>Buy this fine art photograph!<\/strong><\/p>","protected":false},"excerpt":{"rendered":"<p>Type: Photo mer Lo\u00efc Delplanque : Le bateau de p\u00eache glisse sur une mer d&rsquo;huile, seul t\u00e9moin d&rsquo;un horizon qui se dissout dans un d\u00e9grad\u00e9 orang\u00e9 parfait. &nbsp; J&rsquo;ai compos\u00e9 cette photo mer en \u00e9liminant tout \u00e9l\u00e9ment perturbateur pour ne garder que la ligne pure du large et l&rsquo;\u00e9quilibre d&rsquo;une d\u00e9co bleu et orange. &nbsp; [&hellip;]<\/p>\n","protected":false},"featured_media":11941,"comment_status":"open","ping_status":"closed","template":"","meta":{"_et_pb_use_builder":"","_et_pb_old_content":"","_et_gb_content_width":""},"product_brand":[],"product_cat":[196,187],"product_tag":[],"class_list":{"0":"post-12149","1":"product","2":"type-product","3":"status-publish","4":"has-post-thumbnail","6":"product_cat-coucher-lever-soleil-photographie","7":"product_cat-nouveautes","9":"first","10":"instock","11":"shipping-taxable","12":"purchasable","13":"product-type-variable","14":"has-default-attributes"},"_links":{"self":[{"href":"https:\/\/www.posters-photos.com\/en\/wp-json\/wp\/v2\/product\/12149","targetHints":{"allow":["GET"]}}],"collection":[{"href":"https:\/\/www.posters-photos.com\/en\/wp-json\/wp\/v2\/product"}],"about":[{"href":"https:\/\/www.posters-photos.com\/en\/wp-json\/wp\/v2\/types\/product"}],"replies":[{"embeddable":true,"href":"https:\/\/www.posters-photos.com\/en\/wp-json\/wp\/v2\/comments?post=12149"}],"wp:featuredmedia":[{"embeddable":true,"href":"https:\/\/www.posters-photos.com\/en\/wp-json\/wp\/v2\/media\/11941"}],"wp:attachment":[{"href":"https:\/\/www.posters-photos.com\/en\/wp-json\/wp\/v2\/media?parent=12149"}],"wp:term":[{"taxonomy":"product_brand","embeddable":true,"href":"https:\/\/www.posters-photos.com\/en\/wp-json\/wp\/v2\/product_brand?post=12149"},{"taxonomy":"product_cat","embeddable":true,"href":"https:\/\/www.posters-photos.com\/en\/wp-json\/wp\/v2\/product_cat?post=12149"},{"taxonomy":"product_tag","embeddable":true,"href":"https:\/\/www.posters-photos.com\/en\/wp-json\/wp\/v2\/product_tag?post=12149"}],"curies":[{"name":"wp","href":"https:\/\/api.w.org\/{rel}","templated":true}]}}