{"id":1495,"date":"2024-04-29T08:56:12","date_gmt":"2024-04-29T08:56:12","guid":{"rendered":"https:\/\/www.posters-photos.com\/?post_type=product&#038;p=1495"},"modified":"2026-04-06T15:32:02","modified_gmt":"2026-04-06T15:32:02","slug":"photography-brittany-sunrise-monts-darree","status":"publish","type":"product","link":"https:\/\/www.posters-photos.com\/en\/edition-limitee\/photographies-bretagne\/photographies-finistere\/photographie-bretagne-sunrise-monts-darree\/","title":{"rendered":"Brittany Photography | Incredible Sunrise in the Monts d\u2019Arr\u00e9e"},"content":{"rendered":"<p><strong>Type:<\/strong> <a title=\"Photographs of Brittany\" href=\"https:\/\/www.posters-photos.com\/en\/art\/brittany-photos\/\">Photography Brittany<\/a> |\u00a0<a title=\"Misty Sunrise in the Brittany Countryside | Natural Light in Brittany | Nature in France\" href=\"https:\/\/www.posters-photos.com\/en\/limited-edition\/brittany-photos\/ille-et-vilaine-photographs\/nature-photo-sunrise-ille-et-vilaine-france\/\">Sunrise photography<\/a><\/p>\n<p>Lo\u00efc Delplanque :<\/p>\n<blockquote><p>This morning, my son and I set off to photograph Mont Saint-Michel from Brasparts. On the way, we realised that we would arrive too late and miss the sunrise.<\/p>\n<p>&nbsp;<\/p>\n<p>So another subject had to be found, and there it was, proud and solitary against the dawning dawn. Even if photographic reports are often planned, chance often invites itself. You just have to take the time and observe.<\/p><\/blockquote>\n<p>Photograph available in 4 finishes:<\/p>\n<ul>\n<li><strong>Hahnem\u00fchle art paper<\/strong>.<\/li>\n<li><strong>Direct print on 3 mm (1\/8 in.)<\/strong> A modern, lightweight and rigid support with a matt, non-reflective finish. Its smooth surface reveals the sharpness and density of colours, for durability of over 20 years. (Hanging rail offered and pre-assembled).<\/li>\n<li><strong>Print on 10 mm Forex<\/strong> A rigid, lightweight, and stable support with a compact white surface that reveals the full richness of colours. Ready to hang, delivered with its complimentary, pre-mounted hanging rail for a neat and contemporary finish.<\/li>\n<li><strong>Wooden floater frame<\/strong> Alu Dibond in a US-style frame: an elegant floating effect showcases your crisp, matte print, framed by a wooden surround of your choice (black, white, natural oak). Ready to hang, delivered with its complimentary, pre-assembled hanging system.<\/li>\n<\/ul>\n<p>Do you have another size in mind? <a title=\"Contact Lo\u00efc Delplanque, photographer in Morbihan\" href=\"https:\/\/www.posters-photos.com\/en\/contact-photographer-morbihan\/\">Contact me<\/a>, i will send you a personalized link with the photo in the desired format.<\/p>\n<p><strong>Buy it now!<\/strong><\/p>","protected":false},"excerpt":{"rendered":"<p>Type: Photographie Bretagne |\u00a0Photographie sunrise Lo\u00efc Delplanque : Ce matin, nous \u00e9tions partis avec mon fils pour photographier le Mont Saint-Michel de Brasparts. En route, nous avons r\u00e9alis\u00e9 que nous arriverions trop tard et que nous manquerions le lever du soleil. &nbsp; Il fallait donc trouver un autre sujet, et il \u00e9tait l\u00e0, fier et [&hellip;]<\/p>\n","protected":false},"featured_media":11393,"comment_status":"open","ping_status":"closed","template":"","meta":{"_et_pb_use_builder":"off","_et_pb_old_content":"<b>Caract\u00e9ristiques de l\u2019\u0153uvre :<\/b>\r\n\r\n<strong>Type:<\/strong> <a title=\"Photographies de Sunrise | Paysages \u00c9poustouflants\" href=\"https:\/\/www.posters-photos.com\/etiquette-produit\/photographie-soleil\/\" target=\"_blank\" rel=\"noopener\">Photographie sunrise<\/a>\r\n<strong>Format :<\/strong> Des tailles sup\u00e9rieures sont disponibles sur simple demande : <span style=\"font-weight: 400\"><a title=\"Contactez Lo\u00efc Delplanque | Photographies et Affiches en \u00c9dition Limit\u00e9e, Reportages Photos pour Particuliers\" href=\"https:\/\/www.posters-photos.com\/contact\/\" target=\"_blank\" rel=\"noopener\">Je demande une autre taille<\/a><\/span>\r\n<strong>\u00c9dition :<\/strong> <strong>Limit\u00e9e \u00e0 50 exemplaires<\/strong> sur papier \u00e9cologique Hahnem\u00fchle Hemp 290g pour garantir son exclusivit\u00e9\r\n<strong>Certificat d'authenticit\u00e9 :<\/strong> Chaque photographie est accompagn\u00e9e d'un certificat num\u00e9rot\u00e9 et sign\u00e9 de la main de l\u2019artiste confirmant son authenticit\u00e9 et son caract\u00e8re limit\u00e9.\r\n\r\nLes monts d'Arr\u00e9e sont un massif montagneux ancien de la <a title=\"Photographies de Bretagne | Paysages et Patrimoine pour Votre D\u00e9coration\" href=\"https:\/\/www.posters-photos.com\/photographies-bretagne\/\" target=\"_blank\" rel=\"noopener\">Bretagne<\/a> occidentale. Prise \u00e0 proximit\u00e9 de la Montagne Saint-Michel de Brasparts, un sommet embl\u00e9matique de cette r\u00e9gion, cette photographie capture la beaut\u00e9 r\u00e9siliente de ces paysages, r\u00e9cemment marqu\u00e9s par des feux d\u00e9vastateurs. Ces \u00e9v\u00e9nements ont profond\u00e9ment affect\u00e9 la r\u00e9gion, soulignant la vuln\u00e9rabilit\u00e9 et la pr\u00e9ciosit\u00e9 de ces \u00e9cosyst\u00e8mes naturels. En int\u00e9grant cette \u0153uvre \u00e0 votre espace, vous accueillez non seulement la majest\u00e9 de la Bretagne mais aussi une pi\u00e8ce de son histoire r\u00e9cente et de sa r\u00e9cup\u00e9ration naturelle.\r\n\r\nInt\u00e9grez cette \u0153uvre \u00e0 votre d\u00e9cor ou offrez-la en cadeau pour c\u00e9l\u00e9brer la beaut\u00e9 et la r\u00e9silience de la <a title=\"Photographies de Bretagne | Paysages et Patrimoine pour Votre D\u00e9coration\" href=\"https:\/\/www.posters-photos.com\/photographies-bretagne\/\" target=\"_blank\" rel=\"noopener\">Bretagne<\/a>.","_et_gb_content_width":""},"product_brand":[],"product_cat":[57,56],"product_tag":[149,145,132],"class_list":{"0":"post-1495","1":"product","2":"type-product","3":"status-publish","4":"has-post-thumbnail","6":"product_cat-photographies-finistere","7":"product_cat-photographies-bretagne","8":"product_tag-couleurs-vives","9":"product_tag-graphique","10":"product_tag-levers-et-couchers-de-soleil","12":"first","13":"instock","14":"shipping-taxable","15":"purchasable","16":"product-type-variable","17":"has-default-attributes"},"_links":{"self":[{"href":"https:\/\/www.posters-photos.com\/en\/wp-json\/wp\/v2\/product\/1495","targetHints":{"allow":["GET"]}}],"collection":[{"href":"https:\/\/www.posters-photos.com\/en\/wp-json\/wp\/v2\/product"}],"about":[{"href":"https:\/\/www.posters-photos.com\/en\/wp-json\/wp\/v2\/types\/product"}],"replies":[{"embeddable":true,"href":"https:\/\/www.posters-photos.com\/en\/wp-json\/wp\/v2\/comments?post=1495"}],"wp:featuredmedia":[{"embeddable":true,"href":"https:\/\/www.posters-photos.com\/en\/wp-json\/wp\/v2\/media\/11393"}],"wp:attachment":[{"href":"https:\/\/www.posters-photos.com\/en\/wp-json\/wp\/v2\/media?parent=1495"}],"wp:term":[{"taxonomy":"product_brand","embeddable":true,"href":"https:\/\/www.posters-photos.com\/en\/wp-json\/wp\/v2\/product_brand?post=1495"},{"taxonomy":"product_cat","embeddable":true,"href":"https:\/\/www.posters-photos.com\/en\/wp-json\/wp\/v2\/product_cat?post=1495"},{"taxonomy":"product_tag","embeddable":true,"href":"https:\/\/www.posters-photos.com\/en\/wp-json\/wp\/v2\/product_tag?post=1495"}],"curies":[{"name":"wp","href":"https:\/\/api.w.org\/{rel}","templated":true}]}}