{"id":1645,"date":"2024-05-11T14:51:47","date_gmt":"2024-05-11T14:51:47","guid":{"rendered":"https:\/\/www.posters-photos.com\/?post_type=product&#038;p=1645"},"modified":"2026-04-07T11:36:03","modified_gmt":"2026-04-07T11:36:03","slug":"photography-brittany-waterfalls-of-lellez","status":"publish","type":"product","link":"https:\/\/www.posters-photos.com\/en\/edition-limitee\/photographies-bretagne\/photographies-finistere\/photographie-bretagne-cascades-de-lellez\/","title":{"rendered":"Incredible Brittany Photography | The Ellez Waterfalls"},"content":{"rendered":"<p><a title=\"Photographs of Brittany | Landscapes and Heritage for Your Decoration\" href=\"https:\/\/www.posters-photos.com\/en\/art\/brittany-photos\/\">Photography Brittany<\/a> &#8211; <strong>Ellez waterfalls<\/strong> in the <a title=\"Photographs of Finist\u00e8re | Magnificent Landscapes for Your Decoration\" href=\"https:\/\/www.posters-photos.com\/en\/art\/brittany-photos\/finistere-photographs\/\">Finist\u00e8re&nbsp;<\/a><\/p>\n<p>Lo\u00efc Delplanque :<\/p>\n<blockquote><p>I spent a long time looking for the Ellez waterfalls in the Monts d'Arr\u00e9e before coming across this incredible place.<\/p>\n<p>The autumn colours were exceptional that day, with the intense orange and green tones that Brittany is famous for.<\/p>\n<p>The river flowed peacefully down between the moss-covered rocks, bathed in a beautiful light that gave a special atmosphere to this forest in Finist\u00e8re.<\/p><\/blockquote>\n<p>Photograph available in 4 finishes:<\/p>\n<ul>\n<li><strong>Hahnem\u00fchle art paper<\/strong>.<\/li>\n<li><strong>Direct print on 3 mm (1\/8 in.)<\/strong> A modern, lightweight and rigid support with a matt, non-reflective finish. Its smooth surface reveals the sharpness and density of colours, for durability of over 20 years. (Hanging rail offered and pre-assembled).<\/li>\n<li><strong>Print on 10 mm Forex<\/strong> A rigid, lightweight, and stable support with a compact white surface that reveals the full richness of colours. Ready to hang, delivered with its complimentary, pre-mounted hanging rail for a neat and contemporary finish.<\/li>\n<li><strong>Wooden floater frame<\/strong> Alu Dibond in a US-style frame: an elegant floating effect showcases your crisp, matte print, framed by a wooden surround of your choice (black, white, natural oak). Ready to hang, delivered with its complimentary, pre-assembled hanging system.<\/li>\n<\/ul>\n<p>Do you have another size in mind? <a title=\"Contact Lo\u00efc Delplanque, photographer in Morbihan\" href=\"https:\/\/www.posters-photos.com\/en\/contact-photographer-morbihan\/\">Contact me<\/a>, i will send you a personalized link with the photo in the desired format.<\/p>\n<p><strong>Order your print now!<\/strong><\/p>","protected":false},"excerpt":{"rendered":"<p>Photographie Bretagne &#8211; Cascades de l&rsquo;Ellez dans le Finist\u00e8re Lo\u00efc Delplanque : J&rsquo;ai longtemps cherch\u00e9 ces cascades de l&rsquo;Ellez dans les Monts d&rsquo;Arr\u00e9e avant de tomber sur cet endroit incroyable. Les couleurs automnales \u00e9taient exceptionnelles ce jour-l\u00e0, avec ces tons orang\u00e9s et verts intenses comme la Bretagne en a le secret. La rivi\u00e8re descendait paisiblement [&hellip;]<\/p>\n","protected":false},"featured_media":11391,"comment_status":"open","ping_status":"closed","template":"","meta":{"_et_pb_use_builder":"off","_et_pb_old_content":"<h2>Caract\u00e9ristiques de l\u2019\u0153uvre<\/h2>\r\n<strong>Type :<\/strong> <a title=\"Lever de Soleil Brumeux en Campagne Bretonne | Ambiance Naturelle et D\u00e9corative | France\" href=\"https:\/\/www.posters-photos.com\/edition-limitee\/photographie-bretagne\/photographies-ille-et-vilaine\/photo-nature-sunrise-ille-et-vilaine\/\" target=\"_blank\" rel=\"noopener\">Photographie nature<\/a>\r\n\r\n<strong>Format : <\/strong>50 x 70 cm ou 70 x 100 cm (20 x 28 inches ou 28 x 40 inches). <strong><a title=\"Contact de Lo\u00efc Delplanque photographe et graphiste dans le Morbihan en Bretagne\" href=\"https:\/\/www.posters-photos.com\/contact-loic-delplanque-photographe-graphiste-morbihan\/\" target=\"_blank\" rel=\"noopener\">D'autres tailles sont disponibles sur simple demande.<\/a><\/strong><strong>\r\n<\/strong>\r\n<strong>\u00c9dition :<\/strong> Photographie Bretagne de Lo\u00efc Delplanque en \u00e9dition limit\u00e9e \u00e0 50 exemplaires sur <strong>papier Hahnem\u00fchle.\r\n<\/strong>\r\n<strong>Certificat d'authenticit\u00e9 :<\/strong> Chaque photographie est accompagn\u00e9e d'un certificat num\u00e9rot\u00e9 et sign\u00e9 de la main de l\u2019artiste confirmant son authenticit\u00e9.","_et_gb_content_width":""},"product_brand":[],"product_cat":[57,56],"product_tag":[137,142,128,133,147],"class_list":{"0":"post-1645","1":"product","2":"type-product","3":"status-publish","4":"has-post-thumbnail","6":"product_cat-photographies-finistere","7":"product_cat-photographies-bretagne","8":"product_tag-calme","9":"product_tag-cascades","10":"product_tag-finistere","11":"product_tag-forets","12":"product_tag-vert","14":"first","15":"instock","16":"shipping-taxable","17":"purchasable","18":"product-type-variable","19":"has-default-attributes"},"_links":{"self":[{"href":"https:\/\/www.posters-photos.com\/en\/wp-json\/wp\/v2\/product\/1645","targetHints":{"allow":["GET"]}}],"collection":[{"href":"https:\/\/www.posters-photos.com\/en\/wp-json\/wp\/v2\/product"}],"about":[{"href":"https:\/\/www.posters-photos.com\/en\/wp-json\/wp\/v2\/types\/product"}],"replies":[{"embeddable":true,"href":"https:\/\/www.posters-photos.com\/en\/wp-json\/wp\/v2\/comments?post=1645"}],"wp:featuredmedia":[{"embeddable":true,"href":"https:\/\/www.posters-photos.com\/en\/wp-json\/wp\/v2\/media\/11391"}],"wp:attachment":[{"href":"https:\/\/www.posters-photos.com\/en\/wp-json\/wp\/v2\/media?parent=1645"}],"wp:term":[{"taxonomy":"product_brand","embeddable":true,"href":"https:\/\/www.posters-photos.com\/en\/wp-json\/wp\/v2\/product_brand?post=1645"},{"taxonomy":"product_cat","embeddable":true,"href":"https:\/\/www.posters-photos.com\/en\/wp-json\/wp\/v2\/product_cat?post=1645"},{"taxonomy":"product_tag","embeddable":true,"href":"https:\/\/www.posters-photos.com\/en\/wp-json\/wp\/v2\/product_tag?post=1645"}],"curies":[{"name":"wp","href":"https:\/\/api.w.org\/{rel}","templated":true}]}}