{"id":1665,"date":"2024-05-12T15:09:25","date_gmt":"2024-05-12T15:09:25","guid":{"rendered":"https:\/\/www.posters-photos.com\/?post_type=product&#038;p=1665"},"modified":"2026-04-06T15:04:55","modified_gmt":"2026-04-06T15:04:55","slug":"photography-valley-of-the-saints-sunrise","status":"publish","type":"product","link":"https:\/\/www.posters-photos.com\/en\/edition-limitee\/photographies-bretagne\/photographies-cotes-darmor\/photographie-vallee-des-saints-sunrise\/","title":{"rendered":"Photography Valley of the Saints | Unique Sunrise on the Statues"},"content":{"rendered":"<p><strong>Type :<\/strong> <a title=\"Valley of the saints photos - sunrise\" href=\"https:\/\/www.posters-photos.com\/en\/limited-edition\/brittany-photos\/cotes-darmor-photographs\/valley-of-the-saints\/\">Valley of the saints photograph<\/a><\/p>\n<p>This is a limited edition of a magnificent photograph of the <strong><a title=\"Vall\u00e9e des Saints Photos | Artistic Photography\" href=\"https:\/\/www.posters-photos.com\/en\/limited-edition\/brittany-photos\/cotes-darmor-photographs\/valley-of-the-saints\/\">Valley of the Saints<\/a><\/strong> in <a title=\"Photographs of C\u00f4tes-d&#039;Armor | Breathtaking Natural Landscapes\" href=\"https:\/\/www.posters-photos.com\/en\/art\/brittany-photos\/cotes-darmor-photographs\/\">C\u00f4tes d'Armor<\/a> at <a title=\"Photographs Bretagne | limited editions\" href=\"https:\/\/www.posters-photos.com\/en\/art\/brittany-photos\/\">Brittany<\/a>.<\/p>\n<p>The Valley of the Saints in Carno\u00ebt, Brittany, is home to an exceptional project of monumental statues dedicated to Breton saints. Eventually, more than 1,000 statues are to be erected, celebrating the saints that the <a title=\"Photographs Bretagne | limited editions\" href=\"https:\/\/www.posters-photos.com\/en\/art\/brittany-photos\/\">Brittany<\/a>\u00a0have been revered for centuries, although only 700 are officially recognised.<\/p>\n<p><strong>Lo\u00efc Delplanque :<\/strong><\/p>\n<blockquote><p>I returned to the site several times in search of the perfect conditions to obtain the photograph I wanted in a cinematographic style.<\/p>\n<p>&nbsp;<\/p>\n<p>One morning, everything aligned: a thick fog, a splendid sunrise, and the magic was able to happen.<\/p>\n<p>&nbsp;<\/p>\n<p>The statues gradually revealed themselves under the first rays, creating this unique scene.<\/p><\/blockquote>\n<p>The first light of day reveals the silhouettes of the statues, creating a scene with a cinematic atmosphere.<\/p>\n<p>Photograph available in 4 finishes:<\/p>\n<ul>\n<li><strong>Hahnem\u00fchle art paper<\/strong>.<\/li>\n<li><strong>Direct print on 3 mm (1\/8 in.)<\/strong> A modern, lightweight and rigid support with a matt, non-reflective finish. Its smooth surface reveals the sharpness and density of colours, for durability of over 20 years. (Hanging rail offered and pre-assembled).<\/li>\n<li><strong>Print on 10 mm Forex<\/strong> A rigid, lightweight, and stable support with a compact white surface that reveals the full richness of colours. Ready to hang, delivered with its complimentary, pre-mounted hanging rail for a neat and contemporary finish.<\/li>\n<li><strong>Wooden floater frame<\/strong> Alu Dibond in a US-style frame: an elegant floating effect showcases your crisp, matte print, framed by a wooden surround of your choice (black, white, natural oak). Ready to hang, delivered with its complimentary, pre-assembled hanging system.<\/li>\n<\/ul>\n<p>Do you have another size in mind? <a title=\"Contact Lo\u00efc Delplanque, photographer in Morbihan\" href=\"https:\/\/www.posters-photos.com\/en\/contact-photographer-morbihan\/\">Contact me<\/a>, i will send you a personalized link with the photo in the desired format.<\/p>\n<p><strong>Buy this limited edition photograph!<\/strong><\/p>","protected":false},"excerpt":{"rendered":"<p>Type : Photographie vall\u00e9e des saints Ceci est une \u00e9dition limit\u00e9e d&rsquo;une magnifique photographie de la vall\u00e9e des Saints dans les C\u00f4tes d&rsquo;Armor en Bretagne. La Vall\u00e9e des Saints \u00e0 Carno\u00ebt, en Bretagne, abrite un projet exceptionnel de statues monumentales d\u00e9di\u00e9es aux saints bretons. \u00c0 terme, plus de 1000 statues doivent \u00eatre \u00e9rig\u00e9es, c\u00e9l\u00e9brant les [&hellip;]<\/p>\n","protected":false},"featured_media":11594,"comment_status":"open","ping_status":"closed","template":"","meta":{"_et_pb_use_builder":"off","_et_pb_old_content":"La <a title=\"Lever de Soleil \u00e0 la Vall\u00e9e des Saints | Photographie Artistique\" href=\"https:\/\/www.posters-photos.com\/edition-limitee\/photographie-soleil-vallee-des-saints\/\" target=\"_blank\" rel=\"noopener\">Vall\u00e9e des Saints<\/a> \u00e0 Carno\u00ebt, en Bretagne, abrite un projet exceptionnel de statues monumentales d\u00e9di\u00e9es aux saints bretons. \u00c0 terme, plus de 1000 statues doivent \u00eatre \u00e9rig\u00e9es, c\u00e9l\u00e9brant les saints que la <a title=\"Photographies de Bretagne | Paysages Magnifiques\" href=\"https:\/\/www.posters-photos.com\/photographies-bretagne\/\" target=\"_blank\" rel=\"noopener\">Bretagne<\/a> v\u00e9n\u00e8re depuis des si\u00e8cles, bien que seulement 700 soient officiellement reconnus. Notre photographie artistique capture un lever de soleil sur cette colline historique, o\u00f9 chaque sculpture en granit honore les l\u00e9gendes et la m\u00e9moire bretonne.\r\n\r\nCette image saisit le moment o\u00f9 la lumi\u00e8re du matin baigne les statues, cr\u00e9ant un jeu de lumi\u00e8re et d'ombre qui accentue la majest\u00e9 des sculptures. La vue de ces figures imposantes sous les premiers rayons du soleil offre une sc\u00e8ne \u00e9poustouflante et sereine. Cette photographie est id\u00e9ale pour ceux qui souhaitent int\u00e9grer une pi\u00e8ce d'art riche en histoire et en culture bretonne dans leur d\u00e9coration. Elle \u00e9voque la tranquillit\u00e9 et la splendeur de la Vall\u00e9e des Saints \u00e0 l'aube, rendant hommage \u00e0 l'h\u00e9ritage culturel breton.\r\n\r\n<strong>Caract\u00e9ristiques de l\u2019\u0153uvre :<\/strong>\r\n\r\n<strong>Type :<\/strong> <a title=\"Lever de Soleil arbre | Paysage Lumineux en Bretagne, France | D\u00e9co nature\" href=\"https:\/\/www.posters-photos.com\/edition-limitee\/photographie-bretagne\/photographies-finistere\/photographie-bretagne-sunrise-monts-darree\/\" target=\"_blank\" rel=\"noopener\">Photographie soleil<\/a> paysage en couleurs\r\n<strong>Format :<\/strong> Des tailles sup\u00e9rieures sont disponibles sur simple demande : <a title=\"Contactez Lo\u00efc Delplanque | Photographies et Affiches en \u00c9dition Limit\u00e9e, Reportages Photos pour Particuliers\" href=\"https:\/\/www.posters-photos.com\/contact\/\" target=\"_blank\" rel=\"noopener\">Je demande une autre taille<\/a>\r\n<strong>\u00c9dition :<\/strong> Limit\u00e9e \u00e0 50 exemplaires sur papier \u00e9cologique <strong>Hahnem\u00fchle Torchon 285g<\/strong> pour garantir son exclusivit\u00e9\r\n<strong>Certificat d'authenticit\u00e9 :<\/strong> Chaque photographie est accompagn\u00e9e d'un certificat num\u00e9rot\u00e9 et sign\u00e9 de la main de l\u2019artiste confirmant son authenticit\u00e9 et son caract\u00e8re limit\u00e9.\r\n\r\n<strong>Pourquoi Choisir Cette \u0152uvre :<\/strong>\r\n\r\n<strong>Exclusivit\u00e9 :<\/strong> Une des 50 impressions disponibles, offrant une pi\u00e8ce de collection unique.\r\n<strong>D\u00e9coration :<\/strong> Apportera une touche de myst\u00e8re et illuminera votre int\u00e9rieur, id\u00e9ale pour les amateurs de photographie et d'histoire bretonne.\r\n<strong>Cadeau Id\u00e9al :<\/strong> Un cadeau impressionnant pour ceux qui sont captiv\u00e9s par l'art, l'histoire, ou la beaut\u00e9 naturelle de la Bretagne.","_et_gb_content_width":""},"product_brand":[],"product_cat":[58,56],"product_tag":[130,149,145,132,143],"class_list":{"0":"post-1665","1":"product","2":"type-product","3":"status-publish","4":"has-post-thumbnail","6":"product_cat-photographies-cotes-darmor","7":"product_cat-photographies-bretagne","8":"product_tag-cotes-darmor","9":"product_tag-couleurs-vives","10":"product_tag-graphique","11":"product_tag-levers-et-couchers-de-soleil","12":"product_tag-lieux-emblematiques","14":"first","15":"instock","16":"shipping-taxable","17":"purchasable","18":"product-type-variable","19":"has-default-attributes"},"_links":{"self":[{"href":"https:\/\/www.posters-photos.com\/en\/wp-json\/wp\/v2\/product\/1665","targetHints":{"allow":["GET"]}}],"collection":[{"href":"https:\/\/www.posters-photos.com\/en\/wp-json\/wp\/v2\/product"}],"about":[{"href":"https:\/\/www.posters-photos.com\/en\/wp-json\/wp\/v2\/types\/product"}],"replies":[{"embeddable":true,"href":"https:\/\/www.posters-photos.com\/en\/wp-json\/wp\/v2\/comments?post=1665"}],"wp:featuredmedia":[{"embeddable":true,"href":"https:\/\/www.posters-photos.com\/en\/wp-json\/wp\/v2\/media\/11594"}],"wp:attachment":[{"href":"https:\/\/www.posters-photos.com\/en\/wp-json\/wp\/v2\/media?parent=1665"}],"wp:term":[{"taxonomy":"product_brand","embeddable":true,"href":"https:\/\/www.posters-photos.com\/en\/wp-json\/wp\/v2\/product_brand?post=1665"},{"taxonomy":"product_cat","embeddable":true,"href":"https:\/\/www.posters-photos.com\/en\/wp-json\/wp\/v2\/product_cat?post=1665"},{"taxonomy":"product_tag","embeddable":true,"href":"https:\/\/www.posters-photos.com\/en\/wp-json\/wp\/v2\/product_tag?post=1665"}],"curies":[{"name":"wp","href":"https:\/\/api.w.org\/{rel}","templated":true}]}}