{"id":1678,"date":"2024-05-13T11:14:23","date_gmt":"2024-05-13T11:14:23","guid":{"rendered":"https:\/\/www.posters-photos.com\/?post_type=product&#038;p=1678"},"modified":"2026-04-07T11:31:37","modified_gmt":"2026-04-07T11:31:37","slug":"landscape-photo-sea-sunrise-at-cap-frehel","status":"publish","type":"product","link":"https:\/\/www.posters-photos.com\/en\/edition-limitee\/photographies-bretagne\/photographies-cotes-darmor\/photo-paysage-mer-sunrise-au-cap-frehel\/","title":{"rendered":"Magnificent seascape photo - Pink sunrise at Cap Fr\u00e9hel"},"content":{"rendered":"<p><strong>Type :<\/strong> <a title=\"Tourelle des Perdrix Lighthouse | Decorative Art | Breton Seascapes and Landscapes\" href=\"https:\/\/www.posters-photos.com\/en\/limited-edition\/brittany-photos\/finistere-photographs\/photography-sea-brittany-lighthouse-la-tourelle-des-perdrix\/\">Photo Landscape Sea<\/a><\/p>\n<p><strong>Lo\u00efc Delplanque :<\/strong><\/p>\n<blockquote><p>Let yourself be carried away by the softness of Cap Fr\u00e9hel.<\/p>\n<p>&nbsp;<\/p>\n<p>With this photograph, I offer you a <a title=\"Pink Sunrise at Cape Fr\u00e9hel Lighthouse | Breton Landscape\" href=\"https:\/\/www.posters-photos.com\/en\/limited-edition\/brittany-photos\/cotes-darmor-photographs\/photography-cap-frehel-lighthouse-sunrise\/\">sunrise<\/a> all shades of pink under the last moon of the morning. It's a soothing seascape, an invitation to take your time, that will bring a real note of poetry into your home.<\/p>\n<p>&nbsp;<\/p>\n<p>Cap Fr\u00e9hel is an exceptional site. Situated between Saint-Brieuc and Saint-Malo, its sandstone cliffs tower 70 metres above the sea. It's a wild place, classified as a Grand Site de France for the richness of its moors and wildlife.<\/p>\n<p>&nbsp;<\/p>\n<p>When you take the coastal road or the customs path (GR 34), the panorama is breathtaking - you can even see Jersey on a clear day. It's a powerful place where the history of the blockhouses rubs shoulders with the simple beauty of the beaches and caves. It's this unique atmosphere that I'd like to share with you today.<\/p><\/blockquote>\n<p>Photograph available in 4 finishes:<\/p>\n<ul>\n<li><strong>Hahnem\u00fchle art paper<\/strong>.<\/li>\n<li><strong>Direct print on 3 mm (1\/8 in.)<\/strong> A modern, lightweight and rigid support with a matt, non-reflective finish. Its smooth surface reveals the sharpness and density of colours, for durability of over 20 years. (Hanging rail offered and pre-assembled).<\/li>\n<li><strong>Print on 10 mm Forex<\/strong> A rigid, lightweight, and stable support with a compact white surface that reveals the full richness of colours. Ready to hang, delivered with its complimentary, pre-mounted hanging rail for a neat and contemporary finish.<\/li>\n<li><strong>Wooden floater frame<\/strong> Alu Dibond in a US-style frame: an elegant floating effect showcases your crisp, matte print, framed by a wooden surround of your choice (black, white, natural oak). Ready to hang, delivered with its complimentary, pre-assembled hanging system.<\/li>\n<\/ul>\n<p>Do you have another size in mind? <a title=\"Contact Lo\u00efc Delplanque, photographer in Morbihan\" href=\"https:\/\/www.posters-photos.com\/en\/contact-photographer-morbihan\/\">Contact me<\/a>, i will send you a personalized link with the photo in the desired format.<\/p>","protected":false},"excerpt":{"rendered":"<p>Type : Photo Paysage Mer Lo\u00efc Delplanque : Laissez-vous porter par la douceur du Cap Fr\u00e9hel. &nbsp; Avec cette photographie, je vous propose un lever de soleil tout en nuances, d\u00e9licatement teint\u00e9 de rose sous la derni\u00e8re lune du matin. C&rsquo;est un paysage maritime apaisant, une invitation \u00e0 prendre le temps, qui apportera une vraie [&hellip;]<\/p>\n","protected":false},"featured_media":11590,"comment_status":"open","ping_status":"closed","template":"","meta":{"_et_pb_use_builder":"off","_et_pb_old_content":"Le Cap Fr\u00e9hel, situ\u00e9 sur la c\u00f4te nord de la Bretagne, entre les baies de Saint-Brieuc et de Saint-Malo, est c\u00e9l\u00e8bre pour ses falaises de gr\u00e8s rose qui s'\u00e9l\u00e8vent \u00e0 environ 70 m\u00e8tres au-dessus de la mer. Class\u00e9 pour son importance ornithologique et la conservation de ses landes c\u00f4ti\u00e8res, le site a re\u00e7u le label Grand Site de France en 2019. Accessible par la route c\u00f4ti\u00e8re ou le sentier GR 34, le cap offre des vues panoramiques, y compris sur l'\u00eele de Jersey par temps clair. <a title=\"Photographie du Phare du Cap Fr\u00e9hel au Lever de Soleil | Paysage \u00c9blouissant\" href=\"https:\/\/www.posters-photos.com\/photographie-phare-du-cap-frehel-sunrise\/\" target=\"_blank\" rel=\"noopener\">Le phare actuel<\/a>, construit entre 1946 et 1950, domine la mer de 103 m\u00e8tres. Pendant la Seconde Guerre mondiale, le site abritait une station radar, et aujourd'hui, il reste des blockhaus dissimul\u00e9s. Les plages et grottes marines, accessibles \u00e0 pied ou en kayak, ajoutent \u00e0 l'attrait naturel du Cap Fr\u00e9hel\r\n\r\n<strong>Caract\u00e9ristiques de l\u2019\u0153uvre :<\/strong>\r\n\r\n<strong>Type :<\/strong> <a title=\"Photographies de Paysages Maritimes | Beaut\u00e9 de la Mer et des C\u00f4tes Bretonnes\" href=\"https:\/\/www.posters-photos.com\/etiquette-produit\/photographie-mer\/\" target=\"_blank\" rel=\"noopener\">Photo Paysage Mer<\/a>\r\n<strong>Format :<\/strong> Des tailles sup\u00e9rieures sont disponibles sur simple demande : <a title=\"Contactez Lo\u00efc Delplanque | Photographies et Affiches en \u00c9dition Limit\u00e9e, Reportages Photos pour Particuliers\" href=\"https:\/\/www.posters-photos.com\/contact\/\" target=\"_blank\" rel=\"noopener\">Je demande une autre taille<\/a>\r\n<strong>\u00c9dition :<\/strong> Limit\u00e9e \u00e0 50 exemplaires sur papier \u00e9cologique Hahnem\u00fchle Hemp 290g pour garantir son exclusivit\u00e9\r\n<strong>Certificat d'authenticit\u00e9 :<\/strong> Chaque photographie est accompagn\u00e9e d'un certificat num\u00e9rot\u00e9 et sign\u00e9 de la main de l\u2019artiste confirmant son authenticit\u00e9 et son caract\u00e8re limit\u00e9.\r\n\r\n<strong>Pourquoi choisir cette photographie :<\/strong>\r\n\r\n<strong>Ambiance Color\u00e9e :<\/strong> Les teintes ros\u00e9es du lever de soleil offrent une atmosph\u00e8re chaleureuse et invitante, id\u00e9ale pour dynamiser un espace de vie ou de travail.\r\n<strong>\u00c9l\u00e9gance :<\/strong> Parfaite pour ajouter une dimension artistique et naturelle \u00e0 votre d\u00e9cor, refl\u00e9tant le calme et la majest\u00e9 des paysages bretons.\r\n<strong>Investissement Artistique :<\/strong> Non seulement une belle addition \u00e0 votre collection ou d\u00e9coration, mais aussi une valeur s\u00fbre qui enrichira votre environnement avec le temps.","_et_gb_content_width":""},"product_brand":[],"product_cat":[58,56],"product_tag":[144,137,130,132,148],"class_list":{"0":"post-1678","1":"product","2":"type-product","3":"status-publish","4":"has-post-thumbnail","6":"product_cat-photographies-cotes-darmor","7":"product_cat-photographies-bretagne","8":"product_tag-ambiance-mer","9":"product_tag-calme","10":"product_tag-cotes-darmor","11":"product_tag-levers-et-couchers-de-soleil","12":"product_tag-pastels","14":"first","15":"instock","16":"shipping-taxable","17":"purchasable","18":"product-type-variable","19":"has-default-attributes"},"_links":{"self":[{"href":"https:\/\/www.posters-photos.com\/en\/wp-json\/wp\/v2\/product\/1678","targetHints":{"allow":["GET"]}}],"collection":[{"href":"https:\/\/www.posters-photos.com\/en\/wp-json\/wp\/v2\/product"}],"about":[{"href":"https:\/\/www.posters-photos.com\/en\/wp-json\/wp\/v2\/types\/product"}],"replies":[{"embeddable":true,"href":"https:\/\/www.posters-photos.com\/en\/wp-json\/wp\/v2\/comments?post=1678"}],"wp:featuredmedia":[{"embeddable":true,"href":"https:\/\/www.posters-photos.com\/en\/wp-json\/wp\/v2\/media\/11590"}],"wp:attachment":[{"href":"https:\/\/www.posters-photos.com\/en\/wp-json\/wp\/v2\/media?parent=1678"}],"wp:term":[{"taxonomy":"product_brand","embeddable":true,"href":"https:\/\/www.posters-photos.com\/en\/wp-json\/wp\/v2\/product_brand?post=1678"},{"taxonomy":"product_cat","embeddable":true,"href":"https:\/\/www.posters-photos.com\/en\/wp-json\/wp\/v2\/product_cat?post=1678"},{"taxonomy":"product_tag","embeddable":true,"href":"https:\/\/www.posters-photos.com\/en\/wp-json\/wp\/v2\/product_tag?post=1678"}],"curies":[{"name":"wp","href":"https:\/\/api.w.org\/{rel}","templated":true}]}}