{"id":1696,"date":"2024-05-13T14:01:07","date_gmt":"2024-05-13T14:01:07","guid":{"rendered":"https:\/\/www.posters-photos.com\/?post_type=product&#038;p=1696"},"modified":"2026-04-06T13:22:37","modified_gmt":"2026-04-06T13:22:37","slug":"photography-maison-de-saint-cado-brittany-france","status":"publish","type":"product","link":"https:\/\/www.posters-photos.com\/en\/edition-limitee\/photographies-bretagne\/photographies-morbihan\/photographie-maison-de-saint-cado\/","title":{"rendered":"Art Photography \u2013 Saint-Cado House"},"content":{"rendered":"<p><strong>Type :<\/strong> <a title=\"Breton Panoramas | Nature Posters | Maritime Ambiance | Wall Art\" href=\"https:\/\/www.posters-photos.com\/en\/art\/brittany-photos\/\">Artistic photography<\/a><\/p>\n<p>This is undoubtedly the best-known landscape in the <a title=\"Photographs of Morbihan | Natural beauty and Breton landscapes\" href=\"https:\/\/www.posters-photos.com\/en\/art\/brittany-photos\/morbihan-photographs\/\">Morbihan<\/a>. Generations of painters have set up their easels facing the Nichtarguer islet to capture this house with its blue shutters.<\/p>\n<p>I wanted to work on this photograph like a painting. That morning, the ria d'\u00c9tel was oily, blurring the boundary between water and sky. I tried to erase the realism to keep only the soft tones and the perfect reflection.<\/p>\n<p>The result is a departure from classic photography. A more graphic and soothing vision of this emblematic place of <a title=\"Brittany photographs\" href=\"https:\/\/www.posters-photos.com\/en\/art\/brittany-photos\/\">Brittany<\/a>.<\/p>\n<p>Photograph available in 4 finishes:<\/p>\n<ul>\n<li><strong>Hahnem\u00fchle art paper<\/strong>.<\/li>\n<li><strong>Direct print on 3 mm (1\/8 in.)<\/strong> A modern, lightweight and rigid support with a matt, non-reflective finish. Its smooth surface reveals the sharpness and density of colours, for durability of over 20 years. (Hanging rail offered and pre-assembled).<\/li>\n<li><strong>Print on 10 mm Forex<\/strong> A rigid, lightweight, and stable support with a compact white surface that reveals the full richness of colours. Ready to hang, delivered with its complimentary, pre-mounted hanging rail for a neat and contemporary finish.<\/li>\n<li><strong>Wooden floater frame<\/strong> Alu Dibond in a US-style frame: an elegant floating effect showcases your crisp, matte print, framed by a wooden surround of your choice (black, white, natural oak). Ready to hang, delivered with its complimentary, pre-assembled hanging system.<\/li>\n<\/ul>\n<p>This print will bring a touch of calm and an artistic note to your home.<\/p>","protected":false},"excerpt":{"rendered":"<p>Type : Photographie artistique C&rsquo;est sans doute le paysage le plus connu du Morbihan. Des g\u00e9n\u00e9rations de peintres ont pos\u00e9 leur chevalet face \u00e0 l&rsquo;\u00eelot Nichtarguer pour capturer cette maison aux volets bleus. J&rsquo;ai souhait\u00e9 travailler cette photographie comme une peinture. Ce matin-l\u00e0, la ria d&rsquo;\u00c9tel \u00e9tait d&rsquo;huile, effa\u00e7ant la fronti\u00e8re entre l&rsquo;eau et le [&hellip;]<\/p>\n","protected":false},"featured_media":11700,"comment_status":"open","ping_status":"closed","template":"","meta":{"_et_pb_use_builder":"off","_et_pb_old_content":"<h2>Caract\u00e9ristiques de l\u2019\u0153uvre<\/h2>\r\n<strong>Type :<\/strong> <a title=\"Panoramas Bretons | Posters Nature | Ambiance Maritime | Art Mural\" href=\"https:\/\/www.posters-photos.com\/photographies-bretagne\/\">Photographie artistique<\/a>\r\n\r\n<strong>Format :<\/strong> 71.1 x 40 cm ou 88.9 x 50 cm (28 x 16 inches ou 35 x 20 inches). <strong><a title=\"Contact de Lo\u00efc Delplanque photographe et graphiste dans le Morbihan en Bretagne\" href=\"https:\/\/www.posters-photos.com\/contact-loic-delplanque-photographe-graphiste-morbihan\/\">D'autres tailles sont disponibles sur simple demande.<\/a><\/strong>\r\n\r\n<strong>\u00c9dition :<\/strong> Photographie de Lo\u00efc Delplanque en \u00e9dition limit\u00e9e \u00e0 50 exemplaires sur <strong>papier Hahnem\u00fchle.\r\n<\/strong>\r\n<strong>Certificat d'authenticit\u00e9 :<\/strong> Chaque photographie est accompagn\u00e9e d'un certificat num\u00e9rot\u00e9 et sign\u00e9 de la main de l\u2019artiste confirmant son authenticit\u00e9.\r\n<h2>Pourquoi Choisir Cette Photographie ?<\/h2>\r\n<strong>Originalit\u00e9 :<\/strong> cette photographie de la maison de Saint-Cado, aux teintes ros\u00e9es, \u00e9voque les nuances d\u2019une peinture. Une autre mani\u00e8re de voir ce lieu embl\u00e9matique du Morbihan.\r\n\r\n<strong>Exclusivit\u00e9 :<\/strong> Limit\u00e9e \u00e0 seulement 50 exemplaires, vous serez le rare acqu\u00e9reur de cette \u0153uvre.\r\n\r\n<strong>Durabilit\u00e9 et qualit\u00e9 :<\/strong> Nos \u0153uvres sont imprim\u00e9es sur les plus beaux papiers Hahnem\u00fchle, un papier d'exception.","_et_gb_content_width":""},"product_brand":[],"product_cat":[59,167,56],"product_tag":[149,150,145,143,129],"class_list":{"0":"post-1696","1":"product","2":"type-product","3":"status-publish","4":"has-post-thumbnail","6":"product_cat-photographies-morbihan","7":"product_cat-coups-de-coeur-bretagne","8":"product_cat-photographies-bretagne","9":"product_tag-couleurs-vives","10":"product_tag-coups-de-coeur","11":"product_tag-graphique","12":"product_tag-lieux-emblematiques","13":"product_tag-morbihan","15":"first","16":"instock","17":"shipping-taxable","18":"purchasable","19":"product-type-variable","20":"has-default-attributes"},"_links":{"self":[{"href":"https:\/\/www.posters-photos.com\/en\/wp-json\/wp\/v2\/product\/1696","targetHints":{"allow":["GET"]}}],"collection":[{"href":"https:\/\/www.posters-photos.com\/en\/wp-json\/wp\/v2\/product"}],"about":[{"href":"https:\/\/www.posters-photos.com\/en\/wp-json\/wp\/v2\/types\/product"}],"replies":[{"embeddable":true,"href":"https:\/\/www.posters-photos.com\/en\/wp-json\/wp\/v2\/comments?post=1696"}],"wp:featuredmedia":[{"embeddable":true,"href":"https:\/\/www.posters-photos.com\/en\/wp-json\/wp\/v2\/media\/11700"}],"wp:attachment":[{"href":"https:\/\/www.posters-photos.com\/en\/wp-json\/wp\/v2\/media?parent=1696"}],"wp:term":[{"taxonomy":"product_brand","embeddable":true,"href":"https:\/\/www.posters-photos.com\/en\/wp-json\/wp\/v2\/product_brand?post=1696"},{"taxonomy":"product_cat","embeddable":true,"href":"https:\/\/www.posters-photos.com\/en\/wp-json\/wp\/v2\/product_cat?post=1696"},{"taxonomy":"product_tag","embeddable":true,"href":"https:\/\/www.posters-photos.com\/en\/wp-json\/wp\/v2\/product_tag?post=1696"}],"curies":[{"name":"wp","href":"https:\/\/api.w.org\/{rel}","templated":true}]}}