{"id":1699,"date":"2024-05-13T15:20:29","date_gmt":"2024-05-13T15:20:29","guid":{"rendered":"https:\/\/www.posters-photos.com\/?post_type=product&#038;p=1699"},"modified":"2026-04-07T11:30:08","modified_gmt":"2026-04-07T11:30:08","slug":"night-photography-arch-of-port-blanc","status":"publish","type":"product","link":"https:\/\/www.posters-photos.com\/en\/edition-limitee\/photographies-bretagne\/photographies-morbihan\/photographie-de-nuit-arche-de-port-blanc\/","title":{"rendered":"Sublime Night Photography - Port Blanc Arch, Morbihan"},"content":{"rendered":"<p><strong>Type:<\/strong> <a title=\"Port Saint-Goustan Night | Auray | Brittany | Reflections | Marine Painting | Landscape\" href=\"https:\/\/www.posters-photos.com\/en\/limited-edition\/brittany-photos\/morbihan-photographs\/photography-port-of-saint-goustan-at-dawn-france\/\">Night photography<\/a><\/p>\n<p>I set up on top of the cliffs of the C\u00f4te Sauvage for this shot. The full moon was powerful enough to illuminate the Port-Blanc Arch and reveal the details of the rock, creating quite a mystical atmosphere.<\/p>\n<p>The moonlight sculpts the Roche Perc\u00e9e and brings out the traces of erosion. We're facing the Atlantic Ocean, where the <a title=\"Photographs of Storms in Brittany | Impressive Seascapes\" href=\"https:\/\/www.posters-photos.com\/en\/art\/brittany-photos\/storm-photos-brittany\/\">storms<\/a> have shaped this iconic Morbihan landscape.<\/p>\n<p>The final image retains this night-time atmosphere, with deep blues contrasting with the stone. It's a different view of this famous site in Brittany.<\/p>\n<p>Photograph available in 4 finishes:<\/p>\n<ul>\n<li><strong>Hahnem\u00fchle art paper<\/strong>.<\/li>\n<li><strong>Direct print on 3 mm (1\/8 in.)<\/strong> A modern, lightweight and rigid support with a matt, non-reflective finish. Its smooth surface reveals the sharpness and density of colours, for durability of over 20 years. (Hanging rail offered and pre-assembled).<\/li>\n<li><strong>Print on 10 mm Forex<\/strong> A rigid, lightweight, and stable support with a compact white surface that reveals the full richness of colours. Ready to hang, delivered with its complimentary, pre-mounted hanging rail for a neat and contemporary finish.<\/li>\n<li><strong>Wooden floater frame<\/strong> Alu Dibond in a US-style frame: an elegant floating effect showcases your crisp, matte print, framed by a wooden surround of your choice (black, white, natural oak). Ready to hang, delivered with its complimentary, pre-assembled hanging system.<\/li>\n<\/ul>\n<p>Book your number, limited edition of 30 ex.<\/p>","protected":false},"excerpt":{"rendered":"<p>Type: Photographie de nuit Je me suis install\u00e9 en haut des falaises de la C\u00f4te Sauvage pour cette prise de vue. La pleine lune \u00e9tait assez puissante pour \u00e9clairer l&rsquo;Arche de Port-Blanc et r\u00e9v\u00e9ler les d\u00e9tails de la roche, cr\u00e9ant une ambiance assez mystique. La lune sculpte la Roche Perc\u00e9e et fait ressortir les traces [&hellip;]<\/p>\n","protected":false},"featured_media":11696,"comment_status":"open","ping_status":"closed","template":"","meta":{"_et_pb_use_builder":"off","_et_pb_old_content":"<strong>Caract\u00e9ristiques de l\u2019\u0153uvre : <\/strong>\r\n\r\n<strong>Type:<\/strong> <a title=\"Port Saint-Goustan Nuit | Auray | Bretagne | Reflets | Tableau Marin | Paysage\" href=\"https:\/\/www.posters-photos.com\/edition-limitee\/photographie-bretagne\/photographies-morbihan\/photographie-port-de-saint-goustan-a-laube\/\" target=\"_blank\" rel=\"noopener\">Photographie de nuit<\/a>\r\n<strong>Format :<\/strong> 50 x 70 cm ou 70 x 100 cm (20 x 28 inches ou 28 x 40 inches). <a title=\"Contact de Lo\u00efc Delplanque artiste photographe en Bretagne\" href=\"https:\/\/www.posters-photos.com\/contact-loic-delplanque\/\" target=\"_blank\" rel=\"noopener\"><strong>D'autres tailles sont disponibles sur simple demande<\/strong><\/a>\r\n<strong>\u00c9dition :<\/strong> Photographie de Lo\u00efc Delplanque en \u00e9dition limit\u00e9e \u00e0 50 exemplaires sur <strong>papier Hahnem\u00fchle Torchon 285g<\/strong>\r\n<strong>Certificat d'authenticit\u00e9 :<\/strong> Chaque photographie est accompagn\u00e9e d'un certificat num\u00e9rot\u00e9 et sign\u00e9 de la main de l\u2019artiste confirmant son authenticit\u00e9 et son caract\u00e8re limit\u00e9\r\n\r\n<strong>Pourquoi Choisir Cette Photographie :<\/strong>\r\n\r\n<strong>Exclusivit\u00e9 :<\/strong> Limit\u00e9e \u00e0 seulement 50 exemplaires, vous serez l'heureux acqu\u00e9reur d'une \u0153uvre rare\r\n\r\n<strong>Durabilit\u00e9 et qualit\u00e9 :<\/strong> Nos \u0153uvres sont imprim\u00e9es sur <strong><a title=\"Impression Fine Art sur Hahnem\u00fchle Torchon 285g - Tirage photo haute qualit\u00e9 WhiteWall\" href=\"https:\/\/www.whitewall.com\/fr\/impression-photo\/impression-fine-art\" target=\"_blank\" rel=\"noopener\">papier Hahnem\u00fchle Torchon 285g<\/a><\/strong>\u00a0, un papier d'exception \u00e0 base de cellulose pure. Avec son blanc \u00e9clatant et sa texture aquarelle unique, il sublime chaque d\u00e9tail de vos photographies. Le couchage jet d'encre mat premium garantit des couleurs \u00e9clatantes et un noir profond, offrant des r\u00e9sultats d'impression remarquables. Sans acide ni lignine, ce papier respecte les normes les plus strictes de conservation.","_et_gb_content_width":""},"product_brand":[],"product_cat":[59,56],"product_tag":[144,146,137,143,129],"class_list":{"0":"post-1699","1":"product","2":"type-product","3":"status-publish","4":"has-post-thumbnail","6":"product_cat-photographies-morbihan","7":"product_cat-photographies-bretagne","8":"product_tag-ambiance-mer","9":"product_tag-bleu","10":"product_tag-calme","11":"product_tag-lieux-emblematiques","12":"product_tag-morbihan","14":"first","15":"instock","16":"shipping-taxable","17":"purchasable","18":"product-type-variable","19":"has-default-attributes"},"_links":{"self":[{"href":"https:\/\/www.posters-photos.com\/en\/wp-json\/wp\/v2\/product\/1699","targetHints":{"allow":["GET"]}}],"collection":[{"href":"https:\/\/www.posters-photos.com\/en\/wp-json\/wp\/v2\/product"}],"about":[{"href":"https:\/\/www.posters-photos.com\/en\/wp-json\/wp\/v2\/types\/product"}],"replies":[{"embeddable":true,"href":"https:\/\/www.posters-photos.com\/en\/wp-json\/wp\/v2\/comments?post=1699"}],"wp:featuredmedia":[{"embeddable":true,"href":"https:\/\/www.posters-photos.com\/en\/wp-json\/wp\/v2\/media\/11696"}],"wp:attachment":[{"href":"https:\/\/www.posters-photos.com\/en\/wp-json\/wp\/v2\/media?parent=1699"}],"wp:term":[{"taxonomy":"product_brand","embeddable":true,"href":"https:\/\/www.posters-photos.com\/en\/wp-json\/wp\/v2\/product_brand?post=1699"},{"taxonomy":"product_cat","embeddable":true,"href":"https:\/\/www.posters-photos.com\/en\/wp-json\/wp\/v2\/product_cat?post=1699"},{"taxonomy":"product_tag","embeddable":true,"href":"https:\/\/www.posters-photos.com\/en\/wp-json\/wp\/v2\/product_tag?post=1699"}],"curies":[{"name":"wp","href":"https:\/\/api.w.org\/{rel}","templated":true}]}}