{"id":1702,"date":"2024-05-14T09:20:22","date_gmt":"2024-05-14T09:20:22","guid":{"rendered":"https:\/\/www.posters-photos.com\/?post_type=product&#038;p=1702"},"modified":"2026-04-07T11:28:05","modified_gmt":"2026-04-07T11:28:05","slug":"photography-port-of-saint-goustan-at-dawn-france","status":"publish","type":"product","link":"https:\/\/www.posters-photos.com\/en\/edition-limitee\/photographies-bretagne\/photographies-morbihan\/photographie-port-de-saint-goustan-a-laube\/","title":{"rendered":"Photograph of the port of Saint-Goustan. Splendid at dawn."},"content":{"rendered":"<p><strong>Type:<\/strong> <a title=\"Port Blanc Arch | Night Photo | Brittany | Seascape | Wall Decoration | Landscape Art\" href=\"https:\/\/www.posters-photos.com\/en\/limited-edition\/brittany-photos\/morbihan-photographs\/night-photography-arch-of-port-blanc\/\">Night photography<\/a><\/p>\n<p><strong>Lo\u00efc Delplanque :<\/strong><\/p>\n<blockquote><p>Here's a view of Saint-Goustan taken long before the town woke up. It's blue hour in the early hours of the morning, when the lights of the quays are still fighting against the daylight that's arriving over the River d'Auray.<\/p>\n<p>&nbsp;<\/p>\n<p>As you walk along the banks of the River Loc'h, you'll have plenty of time to take in the details of this emblematic Morbihan district. The lampposts trace the contours of the 17th-century stone houses and the reflections stretch across the smooth water at low tide.The lampposts trace the contours of the old houses and the reflections stretch across the smooth water.<\/p>\n<p>&nbsp;<\/p>\n<p>I love this moment of transition.  No noise, just the cold morning light contrasting with the warmth of the urban lighting.<\/p>\n<p>&nbsp;<\/p>\n<p>An image that brings calm and a historical perspective to the <a title=\"Limited edition photographs of Brittany\" href=\"https:\/\/www.posters-photos.com\/en\/art\/brittany-photos\/\">Brittany<\/a> to your decor.<\/p><\/blockquote>\n<p>Photograph available in 4 finishes:<\/p>\n<ul>\n<li><strong>Hahnem\u00fchle art paper<\/strong>.<\/li>\n<li><strong>Direct print on 3 mm (1\/8 in.)<\/strong> A modern, lightweight and rigid support with a matt, non-reflective finish. Its smooth surface reveals the sharpness and density of colours, for durability of over 20 years. (Hanging rail offered and pre-assembled).<\/li>\n<li><strong>Print on 10 mm Forex<\/strong> A rigid, lightweight, and stable support with a compact white surface that reveals the full richness of colours. Ready to hang, delivered with its complimentary, pre-mounted hanging rail for a neat and contemporary finish.<\/li>\n<li><strong>Wooden floater frame<\/strong> Alu Dibond in a US-style frame: an elegant floating effect showcases your crisp, matte print, framed by a wooden surround of your choice (black, white, natural oak). Ready to hang, delivered with its complimentary, pre-assembled hanging system.<\/li>\n<\/ul>\n<p>Do you have another size in mind? <a title=\"Contact Lo\u00efc Delplanque, photographer in Morbihan\" href=\"https:\/\/www.posters-photos.com\/en\/contact-photographer-morbihan\/\">Contact me<\/a>, i will send you a personalized link with the photo in the desired format.<\/p>\n<p><strong>Available in a limited, signed and numbered edition.<\/strong><\/p>\n<p><strong>Buy this limited edition photograph!<\/strong><\/p>","protected":false},"excerpt":{"rendered":"<p>Saint-Goustan, also known as \"Saint-Goustan Port\", is a traditional fishing and trading port built in the early 17th century. It lies along the banks of the River Auray (also known as the River Loc'h) and over the years has become one of the most emblematic districts of Auray, in the department of <a title=\"Photographs of Morbihan | Natural beauty and Breton landscapes\" href=\"https:\/\/www.posters-photos.com\/en\/art\/brittany-photography\/morbihan-photographs\/\">Morbihan<\/a>. Its name is a tribute to Saint Goustan, the patron saint of sailors and fishermen.<\/p>\n<p>Treat yourself or someone else to this photograph of the <strong>port of Saint-Goustan<\/strong> in a limited edition, perfect for adding a Breton atmosphere to your interior decoration.<\/p>\n<p>&nbsp;<\/p>","protected":false},"featured_media":11697,"comment_status":"open","ping_status":"closed","template":"","meta":{"_et_pb_use_builder":"off","_et_pb_old_content":"Saint-Goustan, \u00e9galement connu sous le nom de \u00ab Port Saint-Goustan \u00bb, est un port traditionnel construit au d\u00e9but du XVII\u00e8me si\u00e8cle d\u00e9di\u00e9 \u00e0 la p\u00eache et au commerce. Il se trouve le long des rives de la rivi\u00e8re d'Auray (ou rivi\u00e8re du Loc'h) et est devenu au fil du temps l'un des quartiers embl\u00e9matiques d'Auray, dans le d\u00e9partement du <a title=\"Photographies du Morbihan | Beaut\u00e9s Naturelles et Paysages Bretons\" href=\"https:\/\/www.posters-photos.com\/etiquette-produit\/photographie-morbihan\/\" target=\"_blank\" rel=\"noopener\">Morbihan<\/a>.\r\nSon appellation est un hommage \u00e0 saint Goustan, le saint patron des marins et des p\u00eacheurs.\r\n\r\n<strong>Caract\u00e9ristiques de l\u2019\u0153uvre :\r\n<\/strong>\r\n<strong>Type:<\/strong> <a title=\"Photographies de Nuit en Bretagne | Vues Nocturnes et Paysages Magnifiques\" href=\"https:\/\/www.posters-photos.com\/etiquette-produit\/photographie-de-nuit\/\" target=\"_blank\" rel=\"noopener\">Photographie de nuit<\/a>\r\n<strong>Format :<\/strong> Des tailles sup\u00e9rieures sont disponibles sur simple demande : <span style=\"font-weight: 400\"><a title=\"Contactez Lo\u00efc Delplanque | Photographies et Affiches en \u00c9dition Limit\u00e9e, Reportages Photos pour Particuliers\" href=\"https:\/\/www.posters-photos.com\/contact\/\" target=\"_blank\" rel=\"noopener\">Je demande une autre taille<\/a><\/span>\r\n<strong>\u00c9dition :<\/strong> Limit\u00e9e \u00e0 50 exemplaires sur papier \u00e9cologique Hahnem\u00fchle Hemp 290g pour garantir son exclusivit\u00e9\r\n<strong>Certificat d'authenticit\u00e9 :<\/strong> Chaque photographie est accompagn\u00e9e d'un certificat num\u00e9rot\u00e9 et sign\u00e9 de la main de l\u2019artiste confirmant son authenticit\u00e9 et son caract\u00e8re limit\u00e9.\r\n\r\n<strong>Pourquoi choisir cette photographie :<\/strong>\r\n\r\nQualit\u00e9 : Imprim\u00e9e sur un papier \u00e9cologique de haute qualit\u00e9 Hahnem\u00fchle Hemp 290g, cette photographie garantit une conservation optimale des couleurs et une grande long\u00e9vit\u00e9.\r\n<strong>Exclusivit\u00e9 :<\/strong> Limit\u00e9e \u00e0 50 exemplaires, cette \u0153uvre garantit une raret\u00e9 et une exclusivit\u00e9 que vous serez peu nombreux \u00e0 poss\u00e9der.\r\n<strong>Originalit\u00e9 :<\/strong> Contrairement aux photos traditionnelles de Saint-Goustan prises de jour, cette prise de vue \u00e0 l'aube r\u00e9v\u00e8le des teintes douces et une composition harmonieuse, apportant une atmosph\u00e8re apaisante pour enrichir n'importe quel int\u00e9rieur.","_et_gb_content_width":""},"product_brand":[],"product_cat":[59,56],"product_tag":[149,132,143,129],"class_list":{"0":"post-1702","1":"product","2":"type-product","3":"status-publish","4":"has-post-thumbnail","6":"product_cat-photographies-morbihan","7":"product_cat-photographies-bretagne","8":"product_tag-couleurs-vives","9":"product_tag-levers-et-couchers-de-soleil","10":"product_tag-lieux-emblematiques","11":"product_tag-morbihan","13":"first","14":"instock","15":"shipping-taxable","16":"purchasable","17":"product-type-variable","18":"has-default-attributes"},"_links":{"self":[{"href":"https:\/\/www.posters-photos.com\/en\/wp-json\/wp\/v2\/product\/1702","targetHints":{"allow":["GET"]}}],"collection":[{"href":"https:\/\/www.posters-photos.com\/en\/wp-json\/wp\/v2\/product"}],"about":[{"href":"https:\/\/www.posters-photos.com\/en\/wp-json\/wp\/v2\/types\/product"}],"replies":[{"embeddable":true,"href":"https:\/\/www.posters-photos.com\/en\/wp-json\/wp\/v2\/comments?post=1702"}],"wp:featuredmedia":[{"embeddable":true,"href":"https:\/\/www.posters-photos.com\/en\/wp-json\/wp\/v2\/media\/11697"}],"wp:attachment":[{"href":"https:\/\/www.posters-photos.com\/en\/wp-json\/wp\/v2\/media?parent=1702"}],"wp:term":[{"taxonomy":"product_brand","embeddable":true,"href":"https:\/\/www.posters-photos.com\/en\/wp-json\/wp\/v2\/product_brand?post=1702"},{"taxonomy":"product_cat","embeddable":true,"href":"https:\/\/www.posters-photos.com\/en\/wp-json\/wp\/v2\/product_cat?post=1702"},{"taxonomy":"product_tag","embeddable":true,"href":"https:\/\/www.posters-photos.com\/en\/wp-json\/wp\/v2\/product_tag?post=1702"}],"curies":[{"name":"wp","href":"https:\/\/api.w.org\/{rel}","templated":true}]}}