{"id":1705,"date":"2024-05-14T10:43:03","date_gmt":"2024-05-14T10:43:03","guid":{"rendered":"https:\/\/www.posters-photos.com\/?post_type=product&#038;p=1705"},"modified":"2026-04-07T11:26:50","modified_gmt":"2026-04-07T11:26:50","slug":"photography-sunrise-pointe-de-kerpenhir-locmariaquer","status":"publish","type":"product","link":"https:\/\/www.posters-photos.com\/en\/edition-limitee\/photographies-bretagne\/photographies-morbihan\/photographie-sunrise-pointe-de-kerpenhir-locmariaquer\/","title":{"rendered":"Pointe de Kerpenhir - Sunrise photograph"},"content":{"rendered":"<p><strong>Type :<\/strong> <a title=\"Photography Sunrise | Pink sunrise Cap Fr\u00e9hel | Artistic photography Brittany | Wild coastal landscapes\" href=\"https:\/\/www.posters-photos.com\/en\/limited-edition\/brittany-photos\/cotes-darmor-photographs\/landscape-photo-sea-sunrise-at-cap-frehel\/\">Sunrise photography<\/a><\/p>\n<p><strong>Lo\u00efc Delplanque :<\/strong><\/p>\n<blockquote><p>I've come to the pointe de Kerpenhir, in Locmariaquer, to see the <a title=\"Photographs of Brittany | Sunrises and Beautiful Breton Landscapes\" href=\"https:\/\/www.posters-photos.com\/en\/limited-edition\/brittany-photos\/ille-et-vilaine-photographs\/nature-photo-sunrise-ille-et-vilaine-france\/\">sunrise<\/a> at the entrance to the Gulf of Morbihan. That morning, the light was particularly bright on this old trunk, a remnant of a past storm.<\/p>\n<p>&nbsp;<\/p>\n<p>I built my image around this foreground. Its broken silhouette imposes a graphic force that contrasts with the calm of the sea in the background. It's this dialogue between the violence of the past and the serenity of dawn that interested me here.<\/p>\n<p>&nbsp;<\/p>\n<p>The atmosphere is silent, almost frozen. All you can feel is the freshness of the morning in Brittany and the light beginning to warm the horizon.<\/p>\n<p>&nbsp;<\/p>\n<p>This work will add an organic presence and a soothing ambience to your interior design.<\/p><\/blockquote>\n<p>Photograph available in 4 finishes:<\/p>\n<ul>\n<li><strong>Hahnem\u00fchle art paper<\/strong>.<\/li>\n<li><strong>Direct print on 3 mm (1\/8 in.)<\/strong> A modern, lightweight and rigid support with a matt, non-reflective finish. Its smooth surface reveals the sharpness and density of colours, for durability of over 20 years. (Hanging rail offered and pre-assembled).<\/li>\n<li><strong>Print on 10 mm Forex<\/strong> A rigid, lightweight, and stable support with a compact white surface that reveals the full richness of colours. Ready to hang, delivered with its complimentary, pre-mounted hanging rail for a neat and contemporary finish.<\/li>\n<li><strong>Wooden floater frame<\/strong> Alu Dibond in a US-style frame: an elegant floating effect showcases your crisp, matte print, framed by a wooden surround of your choice (black, white, natural oak). Ready to hang, delivered with its complimentary, pre-assembled hanging system.<\/li>\n<\/ul>\n<p>Do you have another size in mind? <a title=\"Contact Lo\u00efc Delplanque, photographer in Morbihan\" href=\"https:\/\/www.posters-photos.com\/en\/contact-photographer-morbihan\/\">Contact me<\/a>, i will send you a personalized link with the photo in the desired format.<\/p>","protected":false},"excerpt":{"rendered":"<p>Type : Photographie sunrise Lo\u00efc Delplanque : Je viens \u00e0 la pointe de Kerpenhir, \u00e0 Locmariaquer, pour voir le lever de soleil sur l&rsquo;entr\u00e9e du Golfe du Morbihan. Ce matin-l\u00e0, la lumi\u00e8re accrochait particuli\u00e8rement ce vieux tronc, vestige d&rsquo;une temp\u00eate pass\u00e9e. &nbsp; J&rsquo;ai construit mon image autour de ce premier plan. Sa silhouette bris\u00e9e impose [&hellip;]<\/p>\n","protected":false},"featured_media":11699,"comment_status":"open","ping_status":"closed","template":"","meta":{"_et_pb_use_builder":"off","_et_pb_old_content":"Achetez cette photographie en \u00e9dition limit\u00e9e aujourd'hui et transformez votre espace avec ce magnifique sunrise breton.\r\n\r\n<strong>Caract\u00e9ristiques de l\u2019\u0153uvre :<\/strong>\r\n\r\n<strong>Type :<\/strong> <a title=\"Photographies de Sunrise | Paysages \u00c9poustouflants\" href=\"https:\/\/www.posters-photos.com\/etiquette-produit\/photographie-soleil\/\" target=\"_blank\" rel=\"noopener\">Photographie sunrise<\/a>\r\n<strong>Format :<\/strong> Des tailles sup\u00e9rieures sont disponibles sur simple demande : <span style=\"font-weight: 400\"><a title=\"Contactez Lo\u00efc Delplanque | Photographies et Affiches en \u00c9dition Limit\u00e9e, Reportages Photos pour Particuliers\" href=\"https:\/\/www.posters-photos.com\/contact\/\" target=\"_blank\" rel=\"noopener\">Je demande une autre taille<\/a><\/span>\r\n<strong>\u00c9dition :<\/strong> Limit\u00e9e \u00e0 50 exemplaires sur papier \u00e9cologique Hahnem\u00fchle Hemp 290g pour garantir son exclusivit\u00e9\r\n<strong>Certificat d'authenticit\u00e9 :<\/strong> Chaque photographie est accompagn\u00e9e d'un certificat num\u00e9rot\u00e9 et sign\u00e9 de la main de l\u2019artiste confirmant son authenticit\u00e9 et son caract\u00e8re limit\u00e9.\r\n\r\n<strong>Pourquoi choisir cette photographie :<\/strong>\r\n\r\n<strong>La Bretagne chez vous :<\/strong> cette photographie vous transportera dans la magie des <a title=\"Photographies de Bretagne | Levers de Soleil et Paysages Bretons Superbes\" href=\"https:\/\/www.posters-photos.com\/etiquette-produit\/photographie-soleil\/\" target=\"_blank\" rel=\"noopener\">levers de soleil bretons<\/a>.\r\n<strong>\u00c9dition Premium :<\/strong> Imprim\u00e9e sur du papier de haute qualit\u00e9 avec des encres durables, cette photographie garantit une long\u00e9vit\u00e9 et une r\u00e9sistance aux UV, pr\u00e9servant sa splendeur au fil du temps.\r\n<strong>Qualit\u00e9 Sup\u00e9rieure :<\/strong> Chaque tirage est r\u00e9alis\u00e9 avec une attention minutieuse aux d\u00e9tails, assurant une clart\u00e9 et une profondeur exceptionnelles pour une exp\u00e9rience visuelle immersive.","_et_gb_content_width":""},"product_brand":[],"product_cat":[59,56],"product_tag":[144,137,149,132,129],"class_list":{"0":"post-1705","1":"product","2":"type-product","3":"status-publish","4":"has-post-thumbnail","6":"product_cat-photographies-morbihan","7":"product_cat-photographies-bretagne","8":"product_tag-ambiance-mer","9":"product_tag-calme","10":"product_tag-couleurs-vives","11":"product_tag-levers-et-couchers-de-soleil","12":"product_tag-morbihan","14":"first","15":"instock","16":"shipping-taxable","17":"purchasable","18":"product-type-variable","19":"has-default-attributes"},"_links":{"self":[{"href":"https:\/\/www.posters-photos.com\/en\/wp-json\/wp\/v2\/product\/1705","targetHints":{"allow":["GET"]}}],"collection":[{"href":"https:\/\/www.posters-photos.com\/en\/wp-json\/wp\/v2\/product"}],"about":[{"href":"https:\/\/www.posters-photos.com\/en\/wp-json\/wp\/v2\/types\/product"}],"replies":[{"embeddable":true,"href":"https:\/\/www.posters-photos.com\/en\/wp-json\/wp\/v2\/comments?post=1705"}],"wp:featuredmedia":[{"embeddable":true,"href":"https:\/\/www.posters-photos.com\/en\/wp-json\/wp\/v2\/media\/11699"}],"wp:attachment":[{"href":"https:\/\/www.posters-photos.com\/en\/wp-json\/wp\/v2\/media?parent=1705"}],"wp:term":[{"taxonomy":"product_brand","embeddable":true,"href":"https:\/\/www.posters-photos.com\/en\/wp-json\/wp\/v2\/product_brand?post=1705"},{"taxonomy":"product_cat","embeddable":true,"href":"https:\/\/www.posters-photos.com\/en\/wp-json\/wp\/v2\/product_cat?post=1705"},{"taxonomy":"product_tag","embeddable":true,"href":"https:\/\/www.posters-photos.com\/en\/wp-json\/wp\/v2\/product_tag?post=1705"}],"curies":[{"name":"wp","href":"https:\/\/api.w.org\/{rel}","templated":true}]}}