{"id":1726,"date":"2024-05-14T14:51:37","date_gmt":"2024-05-14T14:51:37","guid":{"rendered":"https:\/\/www.posters-photos.com\/?post_type=product&#038;p=1726"},"modified":"2026-04-06T12:06:33","modified_gmt":"2026-04-06T12:06:33","slug":"black-and-white-photography-sword-excalibur","status":"publish","type":"product","link":"https:\/\/www.posters-photos.com\/en\/edition-limitee\/photographies-bretagne\/photographies-ille-et-vilaine\/photographie-noir-et-blanc-epee-excalibur\/","title":{"rendered":"Excalibur sword | Black and white photograph"},"content":{"rendered":"<p>Title: The Sword of Excalibur<\/p>\n<p><strong>Lo\u00efc Delplanque :<\/strong><\/p>\n<blockquote><p>The legendary sword Excalibur was given to King Arthur by the Lady of the Lake. The sword is known for its magical power.<\/p><\/blockquote>\n<p>Do you love Arthurian legends? This photograph in <a title=\"Black and white photography Brittany | Rough seas on the wild coast | Dramatic seascapes\" href=\"https:\/\/www.posters-photos.com\/en\/limited-edition\/brittany-photos\/storm-photos-brittany\/black-and-white-storm-photography-wild-coast-of-brittany\/\">black and white<\/a> of the sword Excalibur takes you into this universe. A beautiful journey for young and old alike!<\/p>\n<h2>Characteristics of the work<\/h2>\n<p>Photograph available in 4 finishes:<\/p>\n<ul>\n<li><strong>Hahnem\u00fchle art paper<\/strong>.<\/li>\n<li><strong>Direct print on 3 mm (1\/8 in.)<\/strong> A modern, lightweight and rigid support with a matt, non-reflective finish. Its smooth surface reveals the sharpness and density of colours, for durability of over 20 years. (Hanging rail offered and pre-assembled).<\/li>\n<li><strong>Print on 10 mm Forex<\/strong> A rigid, lightweight, and stable support with a compact white surface that reveals the full richness of colours. Ready to hang, delivered with its complimentary, pre-mounted hanging rail for a neat and contemporary finish.<\/li>\n<li><strong>Wooden floater frame<\/strong> Alu Dibond in a US-style frame: an elegant floating effect showcases your crisp, matte print, framed by a wooden surround of your choice (black, white, natural oak). Ready to hang, delivered with its complimentary, pre-assembled hanging system.<\/li>\n<\/ul>\n<p>Do you have another size in mind? <a title=\"Contact Lo\u00efc Delplanque, photographer in Morbihan\" href=\"https:\/\/www.posters-photos.com\/en\/contact-photographer-morbihan\/\">Contact me<\/a>, i will send you a personalized link with the photo in the desired format.<\/p>\n<p><strong>Buy this limited edition photograph!<\/strong><\/p>","protected":false},"excerpt":{"rendered":"<p>Titre : L&rsquo;\u00e9p\u00e9e d&rsquo;excalibur Lo\u00efc Delplanque : La l\u00e9gendaire \u00e9p\u00e9e Excalibur a \u00e9t\u00e9 donn\u00e9e au roi Arthur par la Dame du Lac. L&rsquo;\u00e9p\u00e9e est r\u00e9put\u00e9e pour sa puissance magique. Vous aimez les l\u00e9gendes arthuriennes ? Cette photographie en noir et blanc de l\u2019\u00e9p\u00e9e Excalibur vous transporte dans cet univers. Un beau voyage pour petits et [&hellip;]<\/p>\n","protected":false},"featured_media":11022,"comment_status":"open","ping_status":"closed","template":"","meta":{"_et_pb_use_builder":"off","_et_pb_old_content":"Excalibur est l'\u00e9p\u00e9e l\u00e9gendaire du roi Arthur, souvent associ\u00e9e au pouvoir divin et \u00e0 la souverainet\u00e9. Selon la l\u00e9gende, elle a \u00e9t\u00e9 donn\u00e9e \u00e0 Arthur par la Dame du Lac. L'\u00e9p\u00e9e est r\u00e9put\u00e9e pour sa puissance magique.\r\n\r\n<strong>Caract\u00e9ristiques de l\u2019\u0153uvre :<\/strong>\r\n\r\n<strong>Type :<\/strong> <a title=\"Photographies Noir et Blanc de Bretagne | Art Mural \u00c9pur\u00e9 et \u00c9l\u00e9gant\" href=\"https:\/\/www.posters-photos.com\/etiquette-produit\/photographie-en-noir-et-blanc\/\" target=\"_blank\" rel=\"noopener\">Photographie en noir et blanc<\/a>\r\n<strong>Format :<\/strong> Des tailles sup\u00e9rieures sont disponibles sur simple demande : <a title=\"Contactez Lo\u00efc Delplanque | Photographies et Affiches en \u00c9dition Limit\u00e9e, Reportages Photos pour Particuliers\" href=\"https:\/\/www.posters-photos.com\/contact\/\" target=\"_blank\" rel=\"noopener\">Je demande une autre taille<\/a>\r\n<strong>\u00c9dition :<\/strong> Limit\u00e9e \u00e0 50 exemplaires sur papier \u00e9cologique Hahnem\u00fchle Hemp 290g pour garantir son exclusivit\u00e9\r\n<strong>Certificat d'authenticit\u00e9 :<\/strong> Chaque photographie est accompagn\u00e9e d'un certificat num\u00e9rot\u00e9 et sign\u00e9 de la main de l\u2019artiste confirmant son authenticit\u00e9 et son caract\u00e8re limit\u00e9.\r\n\r\n<strong>Pourquoi choisir cette photographie :<\/strong>\r\n\r\n<strong>Un Fragment de Bretagne :<\/strong> Apportez un peu de la l\u00e9gendaire <a title=\"Photographies de Bretagne | D\u00e9coration Murale \u00c9l\u00e9gante\" href=\"https:\/\/www.posters-photos.com\/photographies-bretagne\/\" target=\"_blank\" rel=\"noopener\">Bretagne<\/a> chez vous avec cette capture unique de l'\u00e9p\u00e9e d'Excalibur et du lac de Tr\u00e9melin.\r\n<strong>Photographie Parfaite pour une Chambre d'Enfant :<\/strong> Avec son th\u00e8me l\u00e9gendaire et captivant, cette photographie est id\u00e9ale pour inspirer l'imagination des enfants, en leur offrant une fen\u00eatre sur les l\u00e9gendes arthuriennes.\r\n<strong>\u00c9co-responsabilit\u00e9 :<\/strong> Imprim\u00e9e sur du papier Hahnem\u00fchle Hemp 290g, cette \u0153uvre garantit des couleurs et des contrastes exceptionnels tout en respectant l'environnement.\r\n<strong>Durabilit\u00e9 Sup\u00e9rieure :<\/strong> Gr\u00e2ce \u00e0 des mat\u00e9riaux de haute qualit\u00e9, chaque tirage est con\u00e7u pour r\u00e9sister \u00e0 l'\u00e9preuve du temps, vous permettant de profiter de cette pi\u00e8ce d'art pendant tr\u00e8s longtemps.\r\n<strong>Facile \u00e0 encadrer :<\/strong> Ses dimensions standard rendent cette photographie facile \u00e0 encadrer, ajoutant une touche d'\u00e9l\u00e9gance \u00e0 n'importe quel espace de votre maison.\r\n\r\nOffrez-vous ou offrez \u00e0 un proche cette photographie en \u00e9dition limit\u00e9e, et ajoutez une touche de l\u00e9gende et de myst\u00e8re \u00e0 votre d\u00e9coration int\u00e9rieure. Profitez \u00e9galement de notre service d'envoi \u00e0 plat sans frais suppl\u00e9mentaires pour une r\u00e9ception parfaite de votre \u0153uvre d'art.\r\n\r\n<a title=\"L\u00e9gendes Bretonnes | Contes et Mythes Envo\u00fbtants de Bretagne\" href=\"https:\/\/www.posters-photos.com\/legendes-bretonnes\/\" target=\"_blank\" rel=\"noopener\">Pour en savoir plus sur les l\u00e9gendes en Bretagne<\/a>\r\n\r\n\u00a0","_et_gb_content_width":""},"product_brand":[],"product_cat":[60,56,186],"product_tag":[145,131,143,136],"class_list":{"0":"post-1726","1":"product","2":"type-product","3":"status-publish","4":"has-post-thumbnail","6":"product_cat-photographies-ille-et-vilaine","7":"product_cat-photographies-bretagne","8":"product_cat-noir-et-blanc","9":"product_tag-graphique","10":"product_tag-ille-et-vilaine","11":"product_tag-lieux-emblematiques","12":"product_tag-noir-et-blanc","14":"first","15":"instock","16":"shipping-taxable","17":"purchasable","18":"product-type-variable","19":"has-default-attributes"},"_links":{"self":[{"href":"https:\/\/www.posters-photos.com\/en\/wp-json\/wp\/v2\/product\/1726","targetHints":{"allow":["GET"]}}],"collection":[{"href":"https:\/\/www.posters-photos.com\/en\/wp-json\/wp\/v2\/product"}],"about":[{"href":"https:\/\/www.posters-photos.com\/en\/wp-json\/wp\/v2\/types\/product"}],"replies":[{"embeddable":true,"href":"https:\/\/www.posters-photos.com\/en\/wp-json\/wp\/v2\/comments?post=1726"}],"wp:featuredmedia":[{"embeddable":true,"href":"https:\/\/www.posters-photos.com\/en\/wp-json\/wp\/v2\/media\/11022"}],"wp:attachment":[{"href":"https:\/\/www.posters-photos.com\/en\/wp-json\/wp\/v2\/media?parent=1726"}],"wp:term":[{"taxonomy":"product_brand","embeddable":true,"href":"https:\/\/www.posters-photos.com\/en\/wp-json\/wp\/v2\/product_brand?post=1726"},{"taxonomy":"product_cat","embeddable":true,"href":"https:\/\/www.posters-photos.com\/en\/wp-json\/wp\/v2\/product_cat?post=1726"},{"taxonomy":"product_tag","embeddable":true,"href":"https:\/\/www.posters-photos.com\/en\/wp-json\/wp\/v2\/product_tag?post=1726"}],"curies":[{"name":"wp","href":"https:\/\/api.w.org\/{rel}","templated":true}]}}