{"id":1801,"date":"2024-05-17T10:39:43","date_gmt":"2024-05-17T10:39:43","guid":{"rendered":"https:\/\/www.posters-photos.com\/?post_type=product&#038;p=1801"},"modified":"2026-04-07T11:10:21","modified_gmt":"2026-04-07T11:10:21","slug":"photograph-kerhervy-boat-cemetery","status":"publish","type":"product","link":"https:\/\/www.posters-photos.com\/en\/edition-limitee\/photographies-bretagne\/photographies-epaves-en-bretagne\/photographie-cimetiere-de-bateaux-de-kerhervy\/","title":{"rendered":"Shipwreck photography Brittany | The Kerhervy boat graveyard"},"content":{"rendered":"<blockquote><p><strong>Lo\u00efc Delplanque :<\/strong> It is without a doubt one of my most memorable encounters in Brittany. A magical place, full of poetry, on the banks of the Blavet. Here lies a boat cemetery (old tuna boats once based on the island of Groix). Whatever the season, the light is always changing, each time unique. Time seems to stand still there.<\/p>\n<p>&nbsp;<\/p>\n<p>The <strong>Kerhervy boat cemetery&nbsp;<\/strong>in the <a title=\"Photographs of Morbihan | Splendid and Natural Breton Landscapes\" href=\"https:\/\/www.posters-photos.com\/en\/art\/brittany-photos\/morbihan-photographs\/\">Morbihan<\/a> (<a title=\"Photographies de Bretagne : Embellissez Votre D\u00e9coration Int\u00e9rieure avec des Paysages Captivants\" href=\"https:\/\/www.posters-photos.com\/en\/art\/brittany-photos\/\">Brittany<\/a>&nbsp;France), at the mouth of the River Blavet at Lanester, is an iconic site where many shipwrecks have lain for decades.<\/p>\n<p>&nbsp;<\/p>\n<p>These <a title=\"wrecks in Brittany\" href=\"https:\/\/www.posters-photos.com\/en\/art\/brittany-photos\/wreck-photographs-in-brittany\/\">wrecks&nbsp;<\/a>abandoned at the end of their service, have become silent witnesses to maritime history. The first wrecks, including dundees from the island of Groix used for tuna fishing, were brought here around 1923. At the time, Groix was France's main tuna fishing port.<\/p>\n<p>&nbsp;<\/p>\n<p>It's undeniably one of the artist's most memorable encounters in this magnificent land of Brittany. These wrecks, mostly former tuna boats, frozen in mud and time, are impressive.<\/p><\/blockquote>\n<p>Photograph available in 4 finishes:<\/p>\n<ul>\n<li><strong>Hahnem\u00fchle art paper<\/strong>.<\/li>\n<li><strong>Direct print on 3 mm (1\/8 in.)<\/strong> A modern, lightweight and rigid support with a matt, non-reflective finish. Its smooth surface reveals the sharpness and density of colours, for durability of over 20 years. (Hanging rail offered and pre-assembled).<\/li>\n<li><strong>Print on 10 mm Forex<\/strong> A rigid, lightweight, and stable support with a compact white surface that reveals the full richness of colours. Ready to hang, delivered with its complimentary, pre-mounted hanging rail for a neat and contemporary finish.<\/li>\n<li><strong>Wooden floater frame<\/strong> Alu Dibond in a US-style frame: an elegant floating effect showcases your crisp, matte print, framed by a wooden surround of your choice (black, white, natural oak). Ready to hang, delivered with its complimentary, pre-assembled hanging system.<\/li>\n<\/ul>\n<p>Do you have another size in mind? <a title=\"Contact Lo\u00efc Delplanque, photographer in Morbihan\" href=\"https:\/\/www.posters-photos.com\/en\/contact-photographer-morbihan\/\">Contact me<\/a>, i will send you a personalized link with the photo in the desired format.<\/p>","protected":false},"excerpt":{"rendered":"<p><strong>A limited edition of 50, hand-signed and delivered with a certificate of authenticity.<\/strong><\/p>\n<p>Order this magnificent photograph now.<\/p>","protected":false},"featured_media":9019,"comment_status":"open","ping_status":"closed","template":"","meta":{"_et_pb_use_builder":"off","_et_pb_old_content":"Ces <a title=\"\u00e9paves en Bretagne\" href=\"https:\/\/www.posters-photos.com\/epaves-en-bretagne\/\" target=\"_blank\" rel=\"noopener\">\u00e9paves<\/a>, abandonn\u00e9es \u00e0 la fin de leur service, sont devenues des t\u00e9moins silencieux de l'histoire maritime bretonne.\r\nLes premi\u00e8res \u00e9paves, notamment des dundees de l'\u00eele de Groix destin\u00e9s \u00e0 la p\u00eache au thon, ont \u00e9t\u00e9 amen\u00e9es ici vers 1923. \u00c0 cette \u00e9poque, Groix \u00e9tait le principal port thonier fran\u00e7ais.\r\nCette \u0153uvre en \u00e9dition limit\u00e9e \u00e0 50 exemplaires est une pi\u00e8ce rare \u00e0 int\u00e9grer dans votre collection ou \u00e0 offrir en cadeau. Profitez de cette opportunit\u00e9 pour apporter une touche de Bretagne sauvage \u00e0 votre int\u00e9rieur.\r\n\r\n<strong>Caract\u00e9ristiques de l\u2019\u0153uvre :<\/strong>\r\n\r\n<strong>Type :<\/strong> <a title=\"Photographies Noir et Blanc de Bretagne | Art Mural \u00c9pur\u00e9 et \u00c9l\u00e9gant\" href=\"https:\/\/www.posters-photos.com\/etiquette-produit\/photographie-en-noir-et-blanc\/\" target=\"_blank\" rel=\"noopener\">Photographie en noir et blanc<\/a> - <a title=\"\u00e9paves en Bretagne\" href=\"https:\/\/www.posters-photos.com\/epaves-en-bretagne\/\" target=\"_blank\" rel=\"noopener\">\u00c9paves en Bretagne<\/a>\r\n<strong>Format :<\/strong> Des tailles sup\u00e9rieures sont disponibles sur simple demande : <a title=\"Contactez Lo\u00efc Delplanque | Photographies et Affiches en \u00c9dition Limit\u00e9e, Reportages Photos pour Particuliers\" href=\"https:\/\/www.posters-photos.com\/contact\/\" target=\"_blank\" rel=\"noopener\">Je demande une autre taille<\/a>\r\n<strong>\u00c9dition :<\/strong> Limit\u00e9e \u00e0 50 exemplaires sur papier \u00e9cologique Hahnem\u00fchle Hemp 290g pour garantir son exclusivit\u00e9\r\n<strong>Certificat d'authenticit\u00e9 :<\/strong> Chaque photographie est accompagn\u00e9e d'un certificat num\u00e9rot\u00e9 et sign\u00e9 de la main de l\u2019artiste confirmant son authenticit\u00e9 et son caract\u00e8re limit\u00e9.\r\n\r\n<strong>Pourquoi choisir cette photographie :<\/strong>\r\n\r\n<strong>Dimension historique :<\/strong> Cette photographie dramatique des \u00e9paves de Kerhervy repr\u00e9sente l'histoire maritime et le passage du temps en Bretagne.\r\n<strong>\u00c9co-responsabilit\u00e9 :<\/strong> Imprim\u00e9e sur du papier Hahnem\u00fchle Hemp 290g, cette \u0153uvre garantit des couleurs et des contrastes exceptionnels tout en respectant l'environnement.\r\n<strong>Dimension Artistique :<\/strong> Cette photographie saisit une sc\u00e8ne unique avec une touche artistique, id\u00e9ale pour enrichir votre d\u00e9coration int\u00e9rieure.","_et_gb_content_width":""},"product_brand":[],"product_cat":[63,56,186],"product_tag":[135,129,136],"class_list":{"0":"post-1801","1":"product","2":"type-product","3":"status-publish","4":"has-post-thumbnail","6":"product_cat-photographies-epaves-en-bretagne","7":"product_cat-photographies-bretagne","8":"product_cat-noir-et-blanc","9":"product_tag-epaves","10":"product_tag-morbihan","11":"product_tag-noir-et-blanc","13":"first","14":"instock","15":"shipping-taxable","16":"purchasable","17":"product-type-variable","18":"has-default-attributes"},"_links":{"self":[{"href":"https:\/\/www.posters-photos.com\/en\/wp-json\/wp\/v2\/product\/1801","targetHints":{"allow":["GET"]}}],"collection":[{"href":"https:\/\/www.posters-photos.com\/en\/wp-json\/wp\/v2\/product"}],"about":[{"href":"https:\/\/www.posters-photos.com\/en\/wp-json\/wp\/v2\/types\/product"}],"replies":[{"embeddable":true,"href":"https:\/\/www.posters-photos.com\/en\/wp-json\/wp\/v2\/comments?post=1801"}],"wp:featuredmedia":[{"embeddable":true,"href":"https:\/\/www.posters-photos.com\/en\/wp-json\/wp\/v2\/media\/9019"}],"wp:attachment":[{"href":"https:\/\/www.posters-photos.com\/en\/wp-json\/wp\/v2\/media?parent=1801"}],"wp:term":[{"taxonomy":"product_brand","embeddable":true,"href":"https:\/\/www.posters-photos.com\/en\/wp-json\/wp\/v2\/product_brand?post=1801"},{"taxonomy":"product_cat","embeddable":true,"href":"https:\/\/www.posters-photos.com\/en\/wp-json\/wp\/v2\/product_cat?post=1801"},{"taxonomy":"product_tag","embeddable":true,"href":"https:\/\/www.posters-photos.com\/en\/wp-json\/wp\/v2\/product_tag?post=1801"}],"curies":[{"name":"wp","href":"https:\/\/api.w.org\/{rel}","templated":true}]}}