{"id":2218,"date":"2024-05-31T08:32:28","date_gmt":"2024-05-31T08:32:28","guid":{"rendered":"https:\/\/www.posters-photos.com\/?post_type=product&#038;p=2218"},"modified":"2025-12-02T09:59:43","modified_gmt":"2025-12-02T09:59:43","slug":"photo-report","status":"publish","type":"product","link":"https:\/\/www.posters-photos.com\/en\/edition-limitee\/reportage\/reportage-photo\/","title":{"rendered":"Photo report"},"content":{"rendered":"<p>A personalized approach, designed for interior design professionals who want to offer their clients original works that align with their style and vision.<br><\/p>\n<p>And for individuals, an opportunity to offer an original gift or to preserve a meaningful place through personal images.<\/p>\n<p>All that\u2019s left is to choose the package that suits you best.<\/p>\n<p>You can choose from 3 packages:<br><br><\/p>\n<p><strong>Discovery Package<\/strong><\/p>\n<p>3-hour session, only available in Morbihan.<\/p>\n<p>This pack is suitable for both professionals and private individuals, for one-off communication projects, highlighting a location or creating additional visuals.<\/p>\n<p>\u2192 20 photographs, with classic post-processing (exposure, contrast, colourimetry), ready for printing.<\/p>\n<p><strong>Standard Package<\/strong><\/p>\n<p>A 7-hour shoot across the whole of Brittany.<\/p>\n<p>Compared with the discovery pack, the work on the photographs goes further: more in-depth post-processing, visual coherence, an intention is given to each photograph.<\/p>\n<p>This pack is ideal for professionals (communication, portfolio, client projects) and individuals looking for a more structured look.<\/p>\n<p>\u2192 30 photographs, with further post-processing.<\/p>\n<p><strong>Premium Package<\/strong><\/p>\n<p>A report made all over Brittany, with the time needed to build your series.<br \/>\nTravel elsewhere in France is possible, on request.<\/p>\n<p>This pack includes 50 photographs, with full post-processing as in the standard pack: colour balance, atmosphere, visual consistency.<\/p>\n<p>10 of them go further, with additional artistic work: I intervene directly on certain images, integrating graphic or drawn elements, depending on the universe developed together.<\/p>\n<p>An art print on Hahnem\u00fchle paper is also available, to showcase one of the images in your space or in a collection.<\/p>\n<p>This pack is suitable for professionals and private individuals alike, for demanding projects that require a more artistic approach.<\/p>\n<p>\u2192 50 photographs delivered, including 10 artistically reworked + 1 art print offered<\/p>\n<h2>Why choose a professional photographer for your photographs<\/h2>\n<p><strong>Preparation and study <\/strong><\/p>\n<p>Un <a title=\"Photojournalism for Individuals and Professionals in Morbihan\" href=\"https:\/\/www.posters-photos.com\/en\/limited-edition\/report\/photo-report\/\">report<\/a> Successful events are prepared well in advance. Knowing the location, understanding the context, anticipating the key moments... nothing is left to chance. The photographer identifies, plans and adapts his equipment. He gives himself the means not to \u00absuffer\u00bb what happens, but to be ready to capture it at the right moment, with accuracy.<\/p>\n<p><strong>Shooting techniques<\/strong><\/p>\n<p><a title=\"Artistic Photography of Brittany: Add Character to Your Interior with Breton Art\" href=\"https:\/\/www.posters-photos.com\/en\/art\/brittany-photos\/\">To photograph<\/a>, it's not just about pressing a button. A professional photographer knows how to adapt to any situation: changing light, moving subjects, varied atmospheres... They work with exposure, framing, and settings to create balanced, clear, and impactful images. That technical mastery makes all the difference in the final result.<\/p>\n<p><strong>Artistic eye <\/strong><\/p>\n<p>A good photo report isn\u2019t just about sharp images. It\u2019s a story told through visuals. It\u2019s about knowing how to surprise, offering a different perspective, capturing the essence without revealing everything. Every angle and every editing choice helps create images that stand out \u2014 sensitive, distinctive, sometimes unexpected, but always right.<\/p>\n<p>These photo reports are aimed at both individuals and professionals \u2014 decorators, interior designers, agencies, or collectors \u2014 who want to offer their clients more than just simple images.<br><\/p>\n<p>Each series consists of unique photographs, with an original style, designed for interior decoration or to support a project with visual consistency.<br><\/p>\n<p>The packages adapt to each need: highlighting a space, creating an atmosphere, or offering a strong and personal visual approach you won\u2019t find anywhere else.<\/p>","protected":false},"excerpt":{"rendered":"<p>Une approche personnalis\u00e9e, pens\u00e9e pour les professionnels de la d\u00e9coration souhaitant proposer \u00e0 leurs clients des \u0153uvres originales, en accord avec leur univers. Et pour les particuliers, l\u2019occasion d\u2019offrir un cadeau original ou d\u2019immortaliser un lieu qui leur tient \u00e0 c\u0153ur \u00e0 travers des images personnelles. Il ne reste plus qu\u2019\u00e0 choisir la formule qui [&hellip;]<\/p>\n","protected":false},"featured_media":4992,"comment_status":"open","ping_status":"closed","template":"","meta":{"_et_pb_use_builder":"off","_et_pb_old_content":"<strong><a title=\"Reportage Photo pour Particuliers | Immortalisez Vos Moments Pr\u00e9cieux\" href=\"https:\/\/www.posters-photos.com\/reportage-photos-pour-particuliers\/\" target=\"_blank\" rel=\"noopener\">Reportage photo<\/a><\/strong> Le prix du pack reportage photo ci-dessous est bas\u00e9 sur une journ\u00e9e de travail sur site, il comprendra : \u2013 La prise de contact, \u00e9valuation des attentes et synth\u00e9tisation de ceux-ci sur la base d'un document envoy\u00e9 au client- Les frais de d\u00e9placement \u2013 Les prises de vues sur la base d'une journ\u00e9e de 7h sur site \u2013 Travail sur les prises de vues avant livraison (s\u00e9lection, traitement et optimisation des photos, style photos) \u2013 L\u2019autorisation pour impression personnelle (pour une cession des droits pour utilisation commerciale un devis sp\u00e9cifique vous sera envoy\u00e9) \u2013 La cr\u00e9ation d\u2019une galerie en ligne pour que vous puissiez visionner ces photographies \u2013 Livraison des photographies sur cl\u00e9 usb\r\n<h2>Pourquoi choisir un photographe professionnel pour vos photographies<\/h2>\r\n<strong>Techniques de prise de vue<\/strong> Pour obtenir des <a title=\"Photographies artistiques de Bretagne : Sublimez votre d\u00e9co avec l'art breton\" href=\"https:\/\/www.posters-photos.com\/photographies-bretagne\/\" target=\"_blank\" rel=\"noopener\">photos<\/a> de qualit\u00e9, il est crucial de ma\u00eetriser les aspects techniques de la photographie pour s'adapter aux diff\u00e9rentes conditions de lumi\u00e8re et sujets. Une composition \u00e9quilibr\u00e9e est \u00e9galement vitale pour produire des images esth\u00e9tiques et attrayantes.\u00a0 En combinant ces comp\u00e9tences techniques avec une bonne composition, les photographes peuvent cr\u00e9er des images percutantes et narratives. <strong>Sens artistique <\/strong> Pour cr\u00e9er un reportage photo captivant, il est essentiel de pouvoir raconter une histoire \u00e0 travers les images. Les <a title=\"Photographies de Bretagne : L'art breton pour embellir votre d\u00e9coration int\u00e9rieure\" href=\"https:\/\/www.posters-photos.com\/photographies-bretagne\/\" target=\"_blank\" rel=\"noopener\">photographes<\/a> doivent, \u00e0 la fois dans leur prise de vue et leur travail de post-production, cr\u00e9er des photographies uniques et hors du commun. La cr\u00e9ativit\u00e9 est primordiale : proposer des perspectives et des angles de vue originaux permet de surprendre et de fasciner le public. En utilisant ces comp\u00e9tences artistiques, les photographes peuvent capturer des moments uniques et cr\u00e9er des histoires visuelles \u00e9mouvantes. <strong>Pr\u00e9paration et \u00e9tude <\/strong> Un <a title=\"Reportage Photo pour Particuliers | Immortalisez Vos Moments Pr\u00e9cieux\" href=\"https:\/\/www.posters-photos.com\/reportage-photos-pour-particuliers\/\">reportage photo<\/a> r\u00e9ussi repose aussi sur une pr\u00e9paration m\u00e9ticuleuse et une recherche approfondie. Les photographes doivent se documenter sur le sujet et son contexte pour anticiper les meilleures opportunit\u00e9s de prises de vue. Visiter les lieux \u00e0 l\u2019avance permet de rep\u00e9rer les angles de vue id\u00e9aux et de pr\u00e9parer le mat\u00e9riel n\u00e9cessaire. Un plan d\u00e9taill\u00e9 du reportage aide \u00e0 identifier les moments cl\u00e9s et les prises de vue incontournables. En somme, une pr\u00e9paration rigoureuse est indispensable pour produire un reportage photo captivant et de qualit\u00e9.","_et_gb_content_width":""},"product_brand":[],"product_cat":[96],"product_tag":[],"class_list":{"0":"post-2218","1":"product","2":"type-product","3":"status-publish","4":"has-post-thumbnail","6":"product_cat-reportage","8":"first","9":"instock","10":"shipping-taxable","11":"purchasable","12":"product-type-variable"},"_links":{"self":[{"href":"https:\/\/www.posters-photos.com\/en\/wp-json\/wp\/v2\/product\/2218","targetHints":{"allow":["GET"]}}],"collection":[{"href":"https:\/\/www.posters-photos.com\/en\/wp-json\/wp\/v2\/product"}],"about":[{"href":"https:\/\/www.posters-photos.com\/en\/wp-json\/wp\/v2\/types\/product"}],"replies":[{"embeddable":true,"href":"https:\/\/www.posters-photos.com\/en\/wp-json\/wp\/v2\/comments?post=2218"}],"wp:featuredmedia":[{"embeddable":true,"href":"https:\/\/www.posters-photos.com\/en\/wp-json\/wp\/v2\/media\/4992"}],"wp:attachment":[{"href":"https:\/\/www.posters-photos.com\/en\/wp-json\/wp\/v2\/media?parent=2218"}],"wp:term":[{"taxonomy":"product_brand","embeddable":true,"href":"https:\/\/www.posters-photos.com\/en\/wp-json\/wp\/v2\/product_brand?post=2218"},{"taxonomy":"product_cat","embeddable":true,"href":"https:\/\/www.posters-photos.com\/en\/wp-json\/wp\/v2\/product_cat?post=2218"},{"taxonomy":"product_tag","embeddable":true,"href":"https:\/\/www.posters-photos.com\/en\/wp-json\/wp\/v2\/product_tag?post=2218"}],"curies":[{"name":"wp","href":"https:\/\/api.w.org\/{rel}","templated":true}]}}