{"id":9111,"date":"2025-08-11T11:22:19","date_gmt":"2025-08-11T11:22:19","guid":{"rendered":"https:\/\/www.posters-photos.com\/?post_type=product&#038;p=9111"},"modified":"2026-04-04T12:08:37","modified_gmt":"2026-04-04T12:08:37","slug":"fishing-boat-mist","status":"publish","type":"product","link":"https:\/\/www.posters-photos.com\/en\/edition-limitee\/fine-art\/bateau-peche-brume\/","title":{"rendered":"Fishing boat in the mist \u2014 Superb limited edition art photo"},"content":{"rendered":"<p>Title: Boat in the Mist<\/p>\n<p>Lo\u00efc Delplanque :<\/p>\n<blockquote><p>That morning, the sea still seemed asleep. From the shore, I saw a fishing boat appear in the mist, almost unreal.<\/p>\n<p>&nbsp;<\/p>\n<p>The damp air softened the shapes and enhanced that feeling.<\/p>\n<p>&nbsp;<\/p>\n<p>I knew the moment wouldn\u2019t last. A few minutes later, the boat vanished behind a thicker veil.<\/p>\n<p>&nbsp;<\/p>\n<p>This <a title=\"Artistic photographs in limited edition \u2014 Wall art works\" href=\"https:\/\/www.posters-photos.com\/en\/art\/photographs\/fine-art\/\">art photo <\/a>at <a title=\"Photographs and posters in limited edition \u2014 Art, maritime, Brittany, nature\" href=\"https:\/\/www.posters-photos.com\/en\/limited-edition\/\">limited edition<\/a> keeps the memory of this lovely moment: a morning encounter in an almost total silence.<\/p><\/blockquote>\n<p>Photograph available in 4 finishes:<\/p>\n<ul>\n<li><strong>Hahnem\u00fchle art paper<\/strong>.<\/li>\n<li><strong>Direct print on 3 mm (1\/8 in.)<\/strong> A modern, lightweight and rigid support with a matt, non-reflective finish. Its smooth surface reveals the sharpness and density of colours, for durability of over 20 years. (Hanging rail offered and pre-assembled).<\/li>\n<li><strong>Print on 10 mm Forex<\/strong> A rigid, lightweight, and stable support with a compact white surface that reveals the full richness of colours. Ready to hang, delivered with its complimentary, pre-mounted hanging rail for a neat and contemporary finish.<\/li>\n<li><strong>Wooden floater frame<\/strong> Alu Dibond in a US-style frame: an elegant floating effect showcases your crisp, matte print, framed by a wooden surround of your choice (black, white, natural oak). Ready to hang, delivered with its complimentary, pre-assembled hanging system.<\/li>\n<\/ul>\n<p>Do you have another size in mind? <a title=\"Contact Lo\u00efc Delplanque, photographer in Morbihan\" href=\"https:\/\/www.posters-photos.com\/en\/contact-photographer-morbihan\/\">Contact me<\/a>, i will send you a personalized link with the photo in the desired format.<\/p>","protected":false},"excerpt":{"rendered":"<p><strong>A limited edition of 50, hand-signed and delivered with a certificate of authenticity.<\/strong><\/p>\n<p>Order this magnificent photograph now.<\/p>","protected":false},"featured_media":9090,"comment_status":"open","ping_status":"closed","template":"","meta":{"_et_pb_use_builder":"off","_et_pb_old_content":"Lo\u00efc Delplanque :\r\n<blockquote>Ce matin-l\u00e0, la mer semblait encore assoupie. Depuis le rivage, j\u2019ai vu un bateau de p\u00eache appara\u00eetre dans la brume, presque irr\u00e9el. L\u2019air humide adoucissait les formes et renfor\u00e7ait cette sensation.\r\n\r\n\u00a0\r\n\r\nJe savais que l\u2019instant ne durerait pas. Quelques minutes plus tard, le bateau s\u2019est effac\u00e9 derri\u00e8re un voile plus dense.\r\n\r\n\u00a0\r\n\r\nCette <a title=\"Photographies artistiques en \u00e9dition limit\u00e9e \u2014 \u0152uvres murales art\" href=\"https:\/\/www.posters-photos.com\/art\/photographies\/artistiques\/\">photo d\u2019art <\/a>en <a title=\"Photographies et affiches en \u00e9dition limit\u00e9e \u2014 Art, maritime, Bretagne, nature\" href=\"https:\/\/www.posters-photos.com\/edition-limitee\/\">\u00e9dition limit\u00e9e<\/a> garde la m\u00e9moire de ce joli moment : une rencontre matinale dans un silence presque total.<\/blockquote>\r\n\u00a0\r\n\r\nPhotographie disponible en 4 finitions :\r\n<ul>\r\n \t<li>Papier d\u2019art \u00e9cologique Hahnem\u00fchle Bambou 290g<\/li>\r\n \t<li>Alu dibond avec contrecollage sur papier FINEART Hahnem\u00fchle Museum Etching 350g.\r\nLe tirage photo Fine Art est contrecoll\u00e9 sur un support Alu Dibond d\u2019\u00e9paisseur 2mm.<\/li>\r\n \t<li>Toile Epson Canvas Matte Water Resistant \u2013 375g\/m\u00b2<\/li>\r\n \t<li>Caisse am\u00e9ricaine bois sur papier Hahnem\u00fchle Museum Etching - 350g\/m\u00b2.\r\nVotre tirage contrecoll\u00e9 sur aluminium Dibond est plac\u00e9 dans une caisse am\u00e9ricaine en bois (6 teintes disponibles).<\/li>\r\n<\/ul>\r\nVous avez une autre taille en t\u00eate ? <a title=\"Contact de Lo\u00efc Delplanque, photographe et graphiste dans le Morbihan\" href=\"https:\/\/www.posters-photos.com\/contact-loic-delplanque-photographe-graphiste-morbihan\/\">Contactez-moi<\/a>, je vous enverrai un lien personnalis\u00e9 avec la photo au format souhait\u00e9.","_et_gb_content_width":""},"product_brand":[],"product_cat":[154,152,187],"product_tag":[150,145],"class_list":{"0":"post-9111","1":"product","2":"type-product","3":"status-publish","4":"has-post-thumbnail","6":"product_cat-fine-art","7":"product_cat-coups-de-coeur-photos","8":"product_cat-nouveautes","9":"product_tag-coups-de-coeur","10":"product_tag-graphique","12":"first","13":"instock","14":"shipping-taxable","15":"purchasable","16":"product-type-variable","17":"has-default-attributes"},"_links":{"self":[{"href":"https:\/\/www.posters-photos.com\/en\/wp-json\/wp\/v2\/product\/9111","targetHints":{"allow":["GET"]}}],"collection":[{"href":"https:\/\/www.posters-photos.com\/en\/wp-json\/wp\/v2\/product"}],"about":[{"href":"https:\/\/www.posters-photos.com\/en\/wp-json\/wp\/v2\/types\/product"}],"replies":[{"embeddable":true,"href":"https:\/\/www.posters-photos.com\/en\/wp-json\/wp\/v2\/comments?post=9111"}],"wp:featuredmedia":[{"embeddable":true,"href":"https:\/\/www.posters-photos.com\/en\/wp-json\/wp\/v2\/media\/9090"}],"wp:attachment":[{"href":"https:\/\/www.posters-photos.com\/en\/wp-json\/wp\/v2\/media?parent=9111"}],"wp:term":[{"taxonomy":"product_brand","embeddable":true,"href":"https:\/\/www.posters-photos.com\/en\/wp-json\/wp\/v2\/product_brand?post=9111"},{"taxonomy":"product_cat","embeddable":true,"href":"https:\/\/www.posters-photos.com\/en\/wp-json\/wp\/v2\/product_cat?post=9111"},{"taxonomy":"product_tag","embeddable":true,"href":"https:\/\/www.posters-photos.com\/en\/wp-json\/wp\/v2\/product_tag?post=9111"}],"curies":[{"name":"wp","href":"https:\/\/api.w.org\/{rel}","templated":true}]}}