{"id":9241,"date":"2025-08-15T11:41:45","date_gmt":"2025-08-15T11:41:45","guid":{"rendered":"https:\/\/www.posters-photos.com\/?post_type=product&#038;p=9241"},"modified":"2026-04-07T11:03:38","modified_gmt":"2026-04-07T11:03:38","slug":"white-sailboat","status":"publish","type":"product","link":"https:\/\/www.posters-photos.com\/en\/edition-limitee\/mer\/voilier-blanc\/","title":{"rendered":"White sailboat on a calm sea \u2013 limited edition fine art print"},"content":{"rendered":"<p>Title: White Silence<\/p>\n<p><strong>Lo\u00efc Delplanque :<\/strong><\/p>\n<blockquote><p><a title=\"Art photo of wave and sailboat on a white background\" href=\"https:\/\/www.posters-photos.com\/en\/limited-edition\/photographs\/fine-art\/sea-photo-sailboat-wave\/\">The sailboat<\/a> waits, moored at its anchorage, as if between two breaths.<\/p>\n<p>&nbsp;<\/p>\n<p>The deliberate framing and overexposure highlight this very beautiful white sailboat.<\/p>\n<p>&nbsp;<\/p>\n<p>We find that feeling of suspended time, inspired by Sugimoto\u2019s horizons and a refined Japanese aesthetic: few elements, each placed with care.<\/p>\n<p>&nbsp;<\/p>\n<p>This superb piece will bring a soothing calm and a decidedly modern elegance to your interior.<\/p><\/blockquote>\n<p>Photograph available in 4 finishes:<\/p>\n<ul>\n<li><strong>Hahnem\u00fchle art paper<\/strong>.<\/li>\n<li><strong>Direct print on 3 mm (1\/8 in.)<\/strong> A modern, lightweight and rigid support with a matt, non-reflective finish. Its smooth surface reveals the sharpness and density of colours, for durability of over 20 years. (Hanging rail offered and pre-assembled).<\/li>\n<li><strong>Print on 10 mm Forex<\/strong> A rigid, lightweight, and stable support with a compact white surface that reveals the full richness of colours. Ready to hang, delivered with its complimentary, pre-mounted hanging rail for a neat and contemporary finish.<\/li>\n<li><strong>Wooden floater frame<\/strong> Alu Dibond in a US-style frame: an elegant floating effect showcases your crisp, matte print, framed by a wooden surround of your choice (black, white, natural oak). Ready to hang, delivered with its complimentary, pre-assembled hanging system.<\/li>\n<\/ul>\n<p>Do you have another size in mind? <a title=\"Contact Lo\u00efc Delplanque, photographer in Morbihan\" href=\"https:\/\/www.posters-photos.com\/en\/contact-photographer-morbihan\/\">Contact me<\/a>, i will send you a personalized link with the photo in the desired format.<\/p>","protected":false},"excerpt":{"rendered":"<p><strong>A limited edition of 50, hand-signed and delivered with a certificate of authenticity.<\/strong><\/p>\n<p>Order this magnificent photograph now.<\/p>","protected":false},"featured_media":9061,"comment_status":"open","ping_status":"closed","template":"","meta":{"_et_pb_use_builder":"off","_et_pb_old_content":"<strong>Caract\u00e9ristiques de l\u2019\u0153uvre :<\/strong>\r\n\r\n<strong>Type :<\/strong> <a title=\"Photographies de Temp\u00eates en Bretagne | Images Spectaculaires et Dramatiques\" href=\"https:\/\/www.posters-photos.com\/art\/photographie-bretagne\/photos-tempetes-bretagne\/\" target=\"_blank\" rel=\"noopener\">Photographie temp\u00eate en Bretagne<\/a>, Temp\u00eate Justine\r\n\r\n<strong>Format :<\/strong> 60 x 40 cm ou 90 x 60 cm (24 x 16 inches ou 36 x 24 inches). <a title=\"Contact de Lo\u00efc Delplanque artiste photographe en Bretagne\" href=\"https:\/\/www.posters-photos.com\/contact-loic-delplanque-photographe-graphiste-morbihan\/\" target=\"_blank\" rel=\"noopener\"><strong>D'autres tailles sont disponibles sur simple demande<\/strong><\/a>\r\n\r\n<strong>\u00c9dition :<\/strong> Photographie de Lo\u00efc Delplanque en \u00e9dition limit\u00e9e \u00e0 50 exemplaires sur papier Hahnem\u00fchle.\r\n\r\n<strong>Certificat d'authenticit\u00e9 :<\/strong> Chaque photographie est accompagn\u00e9e d'un certificat num\u00e9rot\u00e9 et sign\u00e9 de la main de l\u2019artiste confirmant son authenticit\u00e9.\r\n\r\n<strong>Pourquoi Choisir Cette Photographie :<\/strong> <strong>Dramatique et \u00c9vocative :<\/strong> Cette image <a title=\"Photo d'art noir et blanc Bretagne - \u00c9p\u00e9e d'Excalibur au lac de Tr\u00e9melin - D\u00e9coration murale l\u00e9gendaire\" href=\"https:\/\/www.posters-photos.com\/edition-limitee\/photographie-bretagne\/photographies-ille-et-vilaine\/photographie-noir-et-blanc-epee-excalibur\/\" target=\"_blank\" rel=\"noopener\">en noir et blanc<\/a> du phare du Four submerg\u00e9 par une vague apportera une dimension artistique \u00e0 votre espace.\r\n\r\n<strong>Qualit\u00e9 :<\/strong> Nos \u0153uvres sont imprim\u00e9es sur les plus beaux papiers Hahnem\u00fchle, un papier d'exception. <a title=\"Temp\u00eates en Bretagne : Ph\u00e9nom\u00e8nes Naturels Spectaculaires et Puissants\" href=\"https:\/\/www.posters-photos.com\/tempetes-bretagne\/\" target=\"_blank\" rel=\"noopener\">Pour en savoir plus sur les temp\u00eates en Bretagne<\/a>","_et_gb_content_width":""},"product_brand":[],"product_cat":[185],"product_tag":[150,145],"class_list":{"0":"post-9241","1":"product","2":"type-product","3":"status-publish","4":"has-post-thumbnail","6":"product_cat-mer","7":"product_tag-coups-de-coeur","8":"product_tag-graphique","10":"first","11":"instock","12":"shipping-taxable","13":"purchasable","14":"product-type-variable","15":"has-default-attributes"},"_links":{"self":[{"href":"https:\/\/www.posters-photos.com\/en\/wp-json\/wp\/v2\/product\/9241","targetHints":{"allow":["GET"]}}],"collection":[{"href":"https:\/\/www.posters-photos.com\/en\/wp-json\/wp\/v2\/product"}],"about":[{"href":"https:\/\/www.posters-photos.com\/en\/wp-json\/wp\/v2\/types\/product"}],"replies":[{"embeddable":true,"href":"https:\/\/www.posters-photos.com\/en\/wp-json\/wp\/v2\/comments?post=9241"}],"wp:featuredmedia":[{"embeddable":true,"href":"https:\/\/www.posters-photos.com\/en\/wp-json\/wp\/v2\/media\/9061"}],"wp:attachment":[{"href":"https:\/\/www.posters-photos.com\/en\/wp-json\/wp\/v2\/media?parent=9241"}],"wp:term":[{"taxonomy":"product_brand","embeddable":true,"href":"https:\/\/www.posters-photos.com\/en\/wp-json\/wp\/v2\/product_brand?post=9241"},{"taxonomy":"product_cat","embeddable":true,"href":"https:\/\/www.posters-photos.com\/en\/wp-json\/wp\/v2\/product_cat?post=9241"},{"taxonomy":"product_tag","embeddable":true,"href":"https:\/\/www.posters-photos.com\/en\/wp-json\/wp\/v2\/product_tag?post=9241"}],"curies":[{"name":"wp","href":"https:\/\/api.w.org\/{rel}","templated":true}]}}