{"id":1948,"date":"2024-05-25T10:32:41","date_gmt":"2024-05-25T10:32:41","guid":{"rendered":"https:\/\/www.posters-photos.com\/?page_id=1948"},"modified":"2025-05-30T13:26:12","modified_gmt":"2025-05-30T13:26:12","slug":"politica-de-envio","status":"publish","type":"page","link":"https:\/\/www.posters-photos.com\/es\/politique-dexpedition\/","title":{"rendered":"Pol\u00edtica de env\u00edos"},"content":{"rendered":"<p>[et_pb_section fb_built=\u00a0\u00bb1&Prime; _builder_version=\u00a0\u00bb4.16&Prime; global_colors_info=\u00a0\u00bb{}\u00a0\u00bb][et_pb_row _builder_version=\u00a0\u00bb4.16&Prime; background_size=\u00a0\u00bbinitial\u00a0\u00bb background_position=\u00a0\u00bbtop_left\u00a0\u00bb background_repeat=\u00a0\u00bbrepeat\u00a0\u00bb global_colors_info=\u00a0\u00bb{}\u00a0\u00bb][et_pb_column type=\u00a0\u00bb4_4&Prime; _builder_version=\u00a0\u00bb4.16&Prime; custom_padding=\u00a0\u00bb|||\u00a0\u00bb global_colors_info=\u00a0\u00bb{}\u00a0\u00bb custom_padding__hover=\u00a0\u00bb|||\u00a0\u00bb][et_pb_post_title meta=\u00a0\u00bboff\u00a0\u00bb featured_image=\u00a0\u00bboff\u00a0\u00bb _builder_version=\u00a0\u00bb4.25.1&Prime; _module_preset=\u00a0\u00bbdefault\u00a0\u00bb title_text_color=\u00a0\u00bb#674D42&Prime; global_colors_info=\u00a0\u00bb{}\u00a0\u00bb][\/et_pb_post_title][et_pb_text _builder_version=\u00a0\u00bb4.27.4&Prime; background_size=\u00a0\u00bbinitial\u00a0\u00bb background_position=\u00a0\u00bbtop_left\u00a0\u00bb background_repeat=\u00a0\u00bbrepeat\u00a0\u00bb hover_enabled=\u00a0\u00bb0&Prime; global_colors_info=\u00a0\u00bb{}\u00a0\u00bb sticky_enabled=\u00a0\u00bb0&Prime;]<\/p>\n<h2>\u200bLivraison<\/h2>\n<p><strong>La livraison est offerte quel que soit le pays !<\/strong><br \/>D\u00e9lai de livraison 5 \u00e0 9 jours ouvr\u00e9s dans un emballage s\u00e9curis\u00e9. Les tirages et les impressions sont exp\u00e9di\u00e9s \u00e0 plat dans une enveloppe s\u00e9curis\u00e9e jusqu&rsquo;\u00e0 une taille maximale de 60 cm x 40 cm. Les tirages plus grands seront exp\u00e9di\u00e9s dans un rouleau en raison du format et de la production. L&rsquo;affiche sera enroul\u00e9e autour d&rsquo;un rouleau pour \u00e9viter les risques de d\u00e9formation, prot\u00e9g\u00e9e par des papiers sp\u00e9cifiques, et le tout sera plac\u00e9 dans un carton rigide.<\/p>\n<p>Pour toutes questions : \u00a0<a title=\"contact de lo\u00efc Delplanque, photographe et graphiste | vente d'affiches et de photographies en \u00e9dition limit\u00e9e et reportage photos pour professionnels et particuliers\" href=\"https:\/\/www.posters-photos.com\/contact-loic-delplanque-photographe-graphiste-morbihan\/\">Le formulaire de contact<\/a><\/p>\n<p><strong>Attention :\u00a0Le\u00a0certificat de\u00a0tirage limit\u00e9\u00a0est sign\u00e9 \u00e0 la main, il sera donc envoy\u00e9 \u00e0 part de la livraison et gratuitement.<\/strong><\/p>\n<h2>Modalit\u00e9s de livraison<\/h2>\n<p>La livraison s&rsquo;entend du transfert au consommateur de la possession physique ou du contr\u00f4le du bien. Les produits command\u00e9s sont livr\u00e9s selon les modalit\u00e9s et le d\u00e9lai pr\u00e9cis\u00e9s ci-dessus.<\/p>\n<p>Les produits sont livr\u00e9s \u00e0 l&rsquo;adresse indiqu\u00e9e par l\u2019acheteur sur le bon de commande, l&rsquo;acheteur devra veiller \u00e0 son exactitude. Tout colis renvoy\u00e9 au vendeur \u00e0 cause d&rsquo;une adresse de livraison erron\u00e9e ou incompl\u00e8te sera r\u00e9exp\u00e9di\u00e9 aux frais de l\u2019acheteur. L&rsquo;acheteur peut, \u00e0 sa demande, obtenir l&rsquo;envoi d&rsquo;une facture \u00e0 l&rsquo;adresse de facturation et non \u00e0 l&rsquo;adresse de livraison, en validant l&rsquo;option pr\u00e9vue \u00e0 cet effet sur le bon de commande.<\/p>\n<p>Si l&rsquo;acheteur est absent le jour de la livraison, le livreur laissera un avis de passage dans la bo\u00eete aux lettres, qui permettra de retirer le colis aux lieu et d\u00e9lai indiqu\u00e9s.<\/p>\n<p>Si au moment de la livraison, l\u2019emballage d&rsquo;origine est ab\u00eem\u00e9, d\u00e9chir\u00e9, ouvert, l\u2019acheteur doit alors v\u00e9rifier l&rsquo;\u00e9tat des articles. S\u2019ils ont \u00e9t\u00e9 endommag\u00e9s, l&rsquo;acheteur doit imp\u00e9rativement refuser le colis et noter une r\u00e9serve sur le bordereau de livraison (colis refus\u00e9 car ouvert ou endommag\u00e9).<\/p>\n<p>L&rsquo;acheteur doit indiquer sur le bon de livraison et sous forme de r\u00e9serves manuscrites accompagn\u00e9es de sa signature toute anomalie concernant la livraison (avarie, produit manquant par rapport au bon de livraison, colis endommag\u00e9, produits cass\u00e9s&#8230;).<\/p>\n<p>Cette v\u00e9rification est consid\u00e9r\u00e9e comme effectu\u00e9e d\u00e8s lors que l\u2019acheteur, ou une personne autoris\u00e9e par lui, a sign\u00e9 le bon de livraison.<\/p>\n<p>L&rsquo;acheteur devra alors confirmer par courrier recommand\u00e9 ces r\u00e9serves au transporteur au plus tard dans les deux jours ouvrables suivant la r\u00e9ception du ou des articles et transmettre une copie de ce courrier par fax ou simple courrier au vendeur \u00e0 l&rsquo;adresse indiqu\u00e9e dans les mentions l\u00e9gales du site.<\/p>\n<h3>Erreurs de livraison<\/h3>\n<p>L&rsquo;acheteur devra formuler aupr\u00e8s du vendeur le jour m\u00eame de la livraison ou au plus tard le premier jour ouvr\u00e9 suivant la livraison, toute r\u00e9clamation d&rsquo;erreur de livraison et ou de non-conformit\u00e9 des produits en nature ou en qualit\u00e9 par rapport aux indications figurant sur le bon de commande. Toute r\u00e9clamation formul\u00e9e au-del\u00e0 de ce d\u00e9lai sera rejet\u00e9e.<br \/>La r\u00e9clamation pourra \u00eatre faite, au choix de l&rsquo;acheteur :<\/p>\n<p>&#8211; par t\u00e9l\u00e9phone au num\u00e9ro suivant : 0686058581 ;<br \/>&#8211; par e-mail : <a title=\"contact de lo\u00efc Delplanque, photographe et graphiste | vente d'affiches et de photographies en \u00e9dition limit\u00e9e et reportage photos pour professionnels et particuliers\" href=\"https:\/\/www.posters-photos.com\/contact-loic-delplanque-photographe-graphiste-morbihan\/\">Le formulaire de contact<\/a> .<\/p>\n<p>Toute r\u00e9clamation non effectu\u00e9e dans les r\u00e8gles d\u00e9finies ci-dessus et dans les d\u00e9lais impartis ne pourra \u00eatre prise en compte et d\u00e9gage le vendeur de toute responsabilit\u00e9 vis-\u00e0-vis de l&rsquo;acheteur.<\/p>\n<p>\u00c0 r\u00e9ception de la r\u00e9clamation, le vendeur attribuera un num\u00e9ro d\u2019\u00e9change du ou des produit(s) concern\u00e9(s) et le communiquera par e-mail \u00e0 l&rsquo;acheteur. L&rsquo;\u00e9change d&rsquo;un produit ne peut avoir lieu qu&rsquo;apr\u00e8s l&rsquo;attribution du num\u00e9ro d\u2019\u00e9change.<\/p>\n<p>En cas d\u2019erreur de livraison ou d&rsquo;\u00e9change, tout produit \u00e0 \u00e9changer ou \u00e0 rembourser devra \u00eatre retourn\u00e9 au vendeur dans son ensemble et dans son emballage d&rsquo;origine, en\u00a0Colissimo dans le relais de votre choix, \u00e0 l&rsquo;adresse suivante : 23A rue Georges Cadoudal, 56400 Pluneret.<\/p>\n<p><strong>Les frais d&rsquo;envoi pour un nouveau tirage sont \u00e0 la charge du vendeur.<\/strong><\/p>\n<p>[\/et_pb_text][\/et_pb_column][\/et_pb_row][\/et_pb_section]<\/p>\n","protected":false},"excerpt":{"rendered":"<p>\u200bLivraison La livraison est offerte quel que soit le pays !D\u00e9lai de livraison 5 \u00e0 9 jours ouvr\u00e9s dans un emballage s\u00e9curis\u00e9. Les tirages et les impressions sont exp\u00e9di\u00e9s \u00e0 plat dans une enveloppe s\u00e9curis\u00e9e jusqu&rsquo;\u00e0 une taille maximale de 60 cm x 40 cm. Les tirages plus grands seront exp\u00e9di\u00e9s dans un rouleau en [&hellip;]<\/p>\n","protected":false},"author":1,"featured_media":0,"parent":0,"menu_order":0,"comment_status":"closed","ping_status":"closed","template":"","meta":{"_et_pb_use_builder":"on","_et_pb_old_content":"<p><strong>Livraison offerte<\/strong> \u00e0 partir de 200\u20ac d'achats !<\/p><p>D\u00e9lai de livraison : 3 \u00e0 6 jours ouvr\u00e9s par Colissimo, <strong>dans un emballage s\u00e9curis\u00e9<\/strong>. Nous exp\u00e9dions vos tirages <strong>\u00e0 plat<\/strong> et prenons le <strong>surco\u00fbt de 11\u20ac \u00e0 notre charge<\/strong>.<\/p><p>En dessous de 200\u20ac d'achats les\u00a0affiches seront envoy\u00e9es au tarif de 9\u20ac.<\/p><p><strong>Attention :<\/strong>\u00a0Le\u00a0certificat de\u00a0<strong>tirage limit\u00e9<\/strong>\u00a0est sign\u00e9 \u00e0 la main, il sera donc envoy\u00e9 <strong>\u00e0 part de la livraison<\/strong>.<\/p><p><strong>Les retours<\/strong><br \/>Si votre \u0153uvre ne correspond pas \u00e0 votre commande (mauvaise dimension, papier, marges...), il suffit de nous envoyer une photographie. Apr\u00e8s constat du pr\u00e9judice, nous proc\u00e9derons imm\u00e9diatement au retirage. Cette demande doit \u00eatre faite dans un d\u00e9lai de 7 jours \u00e0 compter de la date de r\u00e9ception.<\/p><p>Pour tout \u00e9change, veuillez nous envoyer un e-mail \u00e0 l\u2019adresse\u00a0<a title=\"mail de lo\u00efc delplanque, artiste vente d'affiches et de photographies en \u00e9dition limit\u00e9e et reportage photos\" href=\"mailto:l.delplanque@posters-photos.com\">l.delplanque@posters-photos.com<\/a>, en pr\u00e9cisant le num\u00e9ro de votre commande. Nous vous aiderons dans cette d\u00e9marche.<\/p>","_et_gb_content_width":"","footnotes":""},"class_list":["post-1948","page","type-page","status-publish","hentry"],"_links":{"self":[{"href":"https:\/\/www.posters-photos.com\/es\/wp-json\/wp\/v2\/pages\/1948","targetHints":{"allow":["GET"]}}],"collection":[{"href":"https:\/\/www.posters-photos.com\/es\/wp-json\/wp\/v2\/pages"}],"about":[{"href":"https:\/\/www.posters-photos.com\/es\/wp-json\/wp\/v2\/types\/page"}],"author":[{"embeddable":true,"href":"https:\/\/www.posters-photos.com\/es\/wp-json\/wp\/v2\/users\/1"}],"replies":[{"embeddable":true,"href":"https:\/\/www.posters-photos.com\/es\/wp-json\/wp\/v2\/comments?post=1948"}],"version-history":[{"count":0,"href":"https:\/\/www.posters-photos.com\/es\/wp-json\/wp\/v2\/pages\/1948\/revisions"}],"wp:attachment":[{"href":"https:\/\/www.posters-photos.com\/es\/wp-json\/wp\/v2\/media?parent=1948"}],"curies":[{"name":"wp","href":"https:\/\/api.w.org\/{rel}","templated":true}]}}