{"id":12149,"date":"2025-12-27T19:34:17","date_gmt":"2025-12-27T19:34:17","guid":{"rendered":"https:\/\/www.posters-photos.com\/?post_type=product&#038;p=12149"},"modified":"2026-04-07T10:54:04","modified_gmt":"2026-04-07T10:54:04","slug":"foto-mar-decoracion-zen","status":"publish","type":"product","link":"https:\/\/www.posters-photos.com\/es\/edition-limitee\/coucher-lever-soleil-photographie\/photo-mer-deco-zen\/","title":{"rendered":"Foto de Mar con Horizonte Minimalista"},"content":{"rendered":"<p><strong>Tipo:<\/strong> <a title=\"Fotograf\u00eda mar velero blanco sobre mar liso\" href=\"https:\/\/www.posters-photos.com\/es\/edicion-limitada\/fotografias\/autor\/foto-mar-velero-ola\/\">Foto de Mar<\/a><\/p>\n<p><strong>Lo\u00efc Delplanque :<\/strong><\/p>\n<blockquote><p>Le <a title=\"foto de arte de un barco de pesca en la bruma\" href=\"https:\/\/www.posters-photos.com\/es\/edicion-limitada\/fotografias\/autor\/barco-pesquero-niebla\/\">barco de pesca<\/a> se desliza sobre un mar de aceite, \u00fanico testigo de un horizonte que se disuelve en un degradado anaranjado perfecto.<\/p>\n<p>&nbsp;<\/p>\n<p>Compuse esta foto de mar eliminando todo elemento perturbador para conservar \u00fanicamente la l\u00ednea pura del mar abierto y el equilibrio de una decoraci\u00f3n azul y naranja.<\/p>\n<p>&nbsp;<\/p>\n<p>Este <a title=\"fotograf\u00eda de amaneceres y atardeceres\" href=\"https:\/\/www.posters-photos.com\/es\/arte\/fotografias\/fotografia-de-atardeceres-y-amaneceres\/\">atardecer<\/a> minimalista juega con la ausencia: la inmensidad del cielo ocupa dos tercios del encuadre para forzar la mirada a posarse en el \u00fanico punto de ruptura, esta silueta solitaria a la deriva.<\/p>\n<p>&nbsp;<\/p>\n<p>Al utilizar una larga exposici\u00f3n, suavic\u00e9 la textura del agua para obtener una superficie plana y gr\u00e1fica, convirtiendo esta copia en una pieza central para una decoraci\u00f3n zen que no satura el espacio.<\/p><\/blockquote>\n<p>Fotograf\u00eda disponible en 4 acabados:<\/p>\n<ul>\n<li><strong>Papel de arte Hahnem\u00fchle<\/strong>.<\/li>\n<li><strong>Impresi\u00f3n directa sobre Alu-Dibond de 3 mm<\/strong> : un soporte moderno, ligero y r\u00edgido, con acabado mate sin reflejos. Su superficie lisa revela la nitidez y la densidad de los colores, para una durabilidad de m\u00e1s de 20 a\u00f1os. (riel de colgado incluido y premontado).<\/li>\n<li><strong>Impresi\u00f3n en Forex de 10 mm<\/strong> : un soporte r\u00edgido, ligero y estable, con una superficie blanca compacta que revela toda la riqueza de los colores. Listo para colgar, se entrega con su riel para colgar ofrecido y premontado para un acabado cuidado y contempor\u00e1neo.<\/li>\n<li><strong>Caja americana de madera<\/strong> : Aluminio Dibond en caja americana: un elegante efecto flotante realza tu impresi\u00f3n n\u00edtida y mate, enmarcada por un marco de madera a elegir (negro, blanco, roble natural). Listo para colgar, se entrega con su sistema de sujeci\u00f3n gratuito y premontado.<\/li>\n<\/ul>\n<p>\u00bfTiene otra medida en mente? <a title=\"Contactar con Lo\u00efc Delplanque, fot\u00f3grafo en Morbihan\" href=\"https:\/\/www.posters-photos.com\/es\/contacto-fotografo-morbihan\/\">Cont\u00e1ctame<\/a>, le enviar\u00e9 un enlace personalizado con la foto en el formato deseado.<\/p>\n<p><strong>Disponible en edici\u00f3n limitada, firmada y numerada.<\/strong><\/p>\n<p><strong>Compre esta fotograf\u00eda art\u00edstica<\/strong><\/p>","protected":false},"excerpt":{"rendered":"<p>Type: Photo mer Lo\u00efc Delplanque : Le bateau de p\u00eache glisse sur une mer d&rsquo;huile, seul t\u00e9moin d&rsquo;un horizon qui se dissout dans un d\u00e9grad\u00e9 orang\u00e9 parfait. &nbsp; J&rsquo;ai compos\u00e9 cette photo mer en \u00e9liminant tout \u00e9l\u00e9ment perturbateur pour ne garder que la ligne pure du large et l&rsquo;\u00e9quilibre d&rsquo;une d\u00e9co bleu et orange. &nbsp; [&hellip;]<\/p>\n","protected":false},"featured_media":11941,"comment_status":"open","ping_status":"closed","template":"","meta":{"_et_pb_use_builder":"","_et_pb_old_content":"","_et_gb_content_width":""},"product_brand":[],"product_cat":[196,187],"product_tag":[],"class_list":{"0":"post-12149","1":"product","2":"type-product","3":"status-publish","4":"has-post-thumbnail","6":"product_cat-coucher-lever-soleil-photographie","7":"product_cat-nouveautes","9":"first","10":"instock","11":"shipping-taxable","12":"purchasable","13":"product-type-variable","14":"has-default-attributes"},"_links":{"self":[{"href":"https:\/\/www.posters-photos.com\/es\/wp-json\/wp\/v2\/product\/12149","targetHints":{"allow":["GET"]}}],"collection":[{"href":"https:\/\/www.posters-photos.com\/es\/wp-json\/wp\/v2\/product"}],"about":[{"href":"https:\/\/www.posters-photos.com\/es\/wp-json\/wp\/v2\/types\/product"}],"replies":[{"embeddable":true,"href":"https:\/\/www.posters-photos.com\/es\/wp-json\/wp\/v2\/comments?post=12149"}],"wp:featuredmedia":[{"embeddable":true,"href":"https:\/\/www.posters-photos.com\/es\/wp-json\/wp\/v2\/media\/11941"}],"wp:attachment":[{"href":"https:\/\/www.posters-photos.com\/es\/wp-json\/wp\/v2\/media?parent=12149"}],"wp:term":[{"taxonomy":"product_brand","embeddable":true,"href":"https:\/\/www.posters-photos.com\/es\/wp-json\/wp\/v2\/product_brand?post=12149"},{"taxonomy":"product_cat","embeddable":true,"href":"https:\/\/www.posters-photos.com\/es\/wp-json\/wp\/v2\/product_cat?post=12149"},{"taxonomy":"product_tag","embeddable":true,"href":"https:\/\/www.posters-photos.com\/es\/wp-json\/wp\/v2\/product_tag?post=12149"}],"curies":[{"name":"wp","href":"https:\/\/api.w.org\/{rel}","templated":true}]}}