{"id":12188,"date":"2025-12-28T10:05:59","date_gmt":"2025-12-28T10:05:59","guid":{"rendered":"https:\/\/www.posters-photos.com\/?post_type=product&#038;p=12188"},"modified":"2026-04-07T10:50:17","modified_gmt":"2026-04-07T10:50:17","slug":"foto-quiberon-puerto-haliguen","status":"publish","type":"product","link":"https:\/\/www.posters-photos.com\/es\/edition-limitee\/coucher-lever-soleil-photographie\/photo-quiberon-port-haliguen\/","title":{"rendered":"Foto Quiberon Puerto Haliguen"},"content":{"rendered":"<p><strong>Tipo:<\/strong> Foto Quiberon<\/p>\n<p><strong>Lo\u00efc Delplanque :<\/strong><\/p>\n<blockquote><p>El cielo de Quiberon cambi\u00f3 hacia estos tonos rosados que duran apenas unos minutos. Esta foto de Quiberon muestra la Ondina, la estatua de bronce instalada en la entrada de Puerto Haliguen, justo delante del faro que marca el antiguo puerto.<br \/>\n\u200b<\/p>\n<p>Encuadr\u00e9 para que la estatua se recorte n\u00edtidamente contra el cielo, creando un contraste franco entre el negro del bronce y la suavidad de los colores crepusculares.<\/p>\n<p>&nbsp;<\/p>\n<p>Es este tipo de luz que busco en mis <a title=\"Foto de Mar Minimalista - Barco de Pesca y Horizonte Perfecto\" href=\"https:\/\/www.posters-photos.com\/es\/edicion-limitada\/fotografias\/fotografia-de-atardeceres-y-amaneceres\/foto-mar-decoracion-zen\/\">fotograf\u00edas de mar<\/a> : una simplicidad que deja hablar a las formas. Esta impresi\u00f3n de arte restituye fielmente estos matices de rosa y naranja que caracterizan los finales del d\u00eda en la pen\u00ednsula.<\/p><\/blockquote>\n<p>Fotograf\u00eda disponible en 4 acabados:<\/p>\n<ul>\n<li><strong>Papel de arte Hahnem\u00fchle<\/strong>.<\/li>\n<li><strong>Impresi\u00f3n directa sobre Alu-Dibond de 3 mm<\/strong> : un soporte moderno, ligero y r\u00edgido, con acabado mate sin reflejos. Su superficie lisa revela la nitidez y la densidad de los colores, para una durabilidad de m\u00e1s de 20 a\u00f1os. (riel de colgado incluido y premontado).<\/li>\n<li><strong>Impresi\u00f3n en Forex de 10 mm<\/strong> : un soporte r\u00edgido, ligero y estable, con una superficie blanca compacta que revela toda la riqueza de los colores. Listo para colgar, se entrega con su riel para colgar ofrecido y premontado para un acabado cuidado y contempor\u00e1neo.<\/li>\n<li><strong>Caja americana de madera<\/strong> : Aluminio Dibond en caja americana: un elegante efecto flotante realza tu impresi\u00f3n n\u00edtida y mate, enmarcada por un marco de madera a elegir (negro, blanco, roble natural). Listo para colgar, se entrega con su sistema de sujeci\u00f3n gratuito y premontado.<\/li>\n<\/ul>\n<p>\u00bfTiene otra medida en mente? <a title=\"Contactar con Lo\u00efc Delplanque, fot\u00f3grafo en Morbihan\" href=\"https:\/\/www.posters-photos.com\/es\/contacto-fotografo-morbihan\/\">Cont\u00e1ctame<\/a>, le enviar\u00e9 un enlace personalizado con la foto en el formato deseado.<\/p>\n<p><strong>Disponible en edici\u00f3n limitada, firmada y numerada.<\/strong><\/p>\n<p><strong>Compre esta fotograf\u00eda de edici\u00f3n limitada<\/strong><\/p>","protected":false},"excerpt":{"rendered":"<p>Type: Photo quiberon Lo\u00efc Delplanque : Le ciel de Quiberon a bascul\u00e9 vers ces teintes ros\u00e9es qui durent \u00e0 peine quelques minutes. Cette photo de Quiberon montre l&rsquo;Ondine, la statue de bronze install\u00e9e \u00e0 l&rsquo;entr\u00e9e de Port Haliguen, juste devant le phare qui marque le vieux port. \u200b J&rsquo;ai cadr\u00e9 pour que la statue se [&hellip;]<\/p>\n","protected":false},"featured_media":11943,"comment_status":"open","ping_status":"closed","template":"","meta":{"_et_pb_use_builder":"","_et_pb_old_content":"","_et_gb_content_width":""},"product_brand":[],"product_cat":[196,187],"product_tag":[],"class_list":{"0":"post-12188","1":"product","2":"type-product","3":"status-publish","4":"has-post-thumbnail","6":"product_cat-coucher-lever-soleil-photographie","7":"product_cat-nouveautes","9":"first","10":"instock","11":"shipping-taxable","12":"purchasable","13":"product-type-variable","14":"has-default-attributes"},"_links":{"self":[{"href":"https:\/\/www.posters-photos.com\/es\/wp-json\/wp\/v2\/product\/12188","targetHints":{"allow":["GET"]}}],"collection":[{"href":"https:\/\/www.posters-photos.com\/es\/wp-json\/wp\/v2\/product"}],"about":[{"href":"https:\/\/www.posters-photos.com\/es\/wp-json\/wp\/v2\/types\/product"}],"replies":[{"embeddable":true,"href":"https:\/\/www.posters-photos.com\/es\/wp-json\/wp\/v2\/comments?post=12188"}],"wp:featuredmedia":[{"embeddable":true,"href":"https:\/\/www.posters-photos.com\/es\/wp-json\/wp\/v2\/media\/11943"}],"wp:attachment":[{"href":"https:\/\/www.posters-photos.com\/es\/wp-json\/wp\/v2\/media?parent=12188"}],"wp:term":[{"taxonomy":"product_brand","embeddable":true,"href":"https:\/\/www.posters-photos.com\/es\/wp-json\/wp\/v2\/product_brand?post=12188"},{"taxonomy":"product_cat","embeddable":true,"href":"https:\/\/www.posters-photos.com\/es\/wp-json\/wp\/v2\/product_cat?post=12188"},{"taxonomy":"product_tag","embeddable":true,"href":"https:\/\/www.posters-photos.com\/es\/wp-json\/wp\/v2\/product_tag?post=12188"}],"curies":[{"name":"wp","href":"https:\/\/api.w.org\/{rel}","templated":true}]}}