{"id":13396,"date":"2026-04-07T07:18:37","date_gmt":"2026-04-07T07:18:37","guid":{"rendered":"https:\/\/www.posters-photos.com\/?post_type=product&#038;p=13396"},"modified":"2026-04-11T09:50:24","modified_gmt":"2026-04-11T09:50:24","slug":"fotografia-onirica-cabana-fantasma","status":"publish","type":"product","link":"https:\/\/www.posters-photos.com\/es\/edition-limitee\/photographie-art\/photographie-onirique-cabane-fantome\/","title":{"rendered":"Fotograf\u00eda on\u00edrica Caba\u00f1a fantasma | Solo 10 en el mundo"},"content":{"rendered":"<h2>Cabane fant\u00f4me \u2014 Photographie onirique en \u00e9dition limit\u00e9e<\/h2>\n<p><strong>\u2605 <a title=\"Collection Prestige \u2014 photographies d'art ICM en \u00e9dition limit\u00e9e \u00e0 10 exemplaires\" href=\"https:\/\/www.posters-photos.com\/es\/arte\/fotografia-artistica-2\/\">Collection Prestige<\/a> \u2014 10 exemplaires au monde<\/strong>, en todos los formatos y soportes.<br \/>\n<strong>Env\u00edo gratis. Sistema de colgado incluido y premontado en las impresiones Dibond y caja americana.<\/strong><br \/>\nEdici\u00f3n <strong>firmado y numerado<\/strong> par l&rsquo;artiste. Certificat d&rsquo;authenticit\u00e9 envoy\u00e9 s\u00e9par\u00e9ment.<\/p>\n<blockquote><p>\u00ab Aper\u00e7ue lors d&rsquo;une promenade, cette cabane m&rsquo;est apparue comme une peinture. J&rsquo;ai voulu la traiter comme telle : le fond est r\u00e9alis\u00e9 en ICM, comme j&rsquo;aurais pos\u00e9 un fond sur une toile, puis la cabane est venue s&rsquo;y ancrer par superposition d&rsquo;une seconde prise de vue. Les pastels, les verts tendres et les ocres se fondent dans le mouvement \u2014 seule la cabane reste nette, suspendue entre deux mondes. C&rsquo;est cette image qui m&rsquo;a donn\u00e9 envie d&rsquo;explorer cette technique mixte entre photographie onirique et dessin. \u00bb<br \/>\n<strong>\u2014 Lo\u00efc Delplanque<\/strong><\/p><\/blockquote>\n<p><strong>Fotograf\u00eda disponible en 3 acabados:<\/strong><\/p>\n<ul>\n<li><strong>Papel de arte Hahnem\u00fchle<\/strong> : seleccionado entre las m\u00e1s bellas referencias Hahnem\u00fchle, el papel puede variar de una obra a otra para adaptarse al car\u00e1cter de cada imagen.<\/li>\n<li><strong>Impresi\u00f3n directa sobre Alu-Dibond de 3 mm<\/strong> : un soporte moderno, ligero y r\u00edgido, con acabado mate sin reflejos. Su superficie lisa revela la nitidez y la densidad de los colores, para una durabilidad de m\u00e1s de 20 a\u00f1os. (riel de colgado incluido y premontado).<\/li>\n<li><strong>Caja americana de madera<\/strong> : Aluminio Dibond en caja americana: un elegante efecto flotante realza tu impresi\u00f3n n\u00edtida y mate, enmarcada por un marco de madera a elegir (negro, blanco, roble natural). Listo para colgar, se entrega con su sistema de sujeci\u00f3n gratuito y premontado.<\/li>\n<\/ul>\n<p>\u00bfTiene otra medida en mente? <a title=\"Contactar con Lo\u00efc Delplanque, fot\u00f3grafo en Morbihan\" href=\"https:\/\/www.posters-photos.com\/es\/contacto-fotografo-morbihan\/\">Cont\u00e1ctame<\/a>, le enviar\u00e9 un enlace personalizado con la foto en el formato deseado.<br \/>\n<strong>Solo 10 copias: ll\u00e9vate esta obra a casa.<\/strong> Pour un tout autre registre, <a title=\"D\u00e9rive \u2014 photographie d'art noir et blanc voilier en mer, \u00e9dition limit\u00e9e 10 exemplaires\" href=\"https:\/\/www.posters-photos.com\/es\/edicion-limitada\/fotografia-artistica-2\/foto-arte-blanco-y-negro-a-la-deriva\/\">D\u00e9rive<\/a> explore la mer en noir et blanc, tandis que la <a title=\"Collection Fine Art \u2014 photographies artistiques en \u00e9dition limit\u00e9e\" href=\"https:\/\/www.posters-photos.com\/es\/arte\/autor\/\">collection Fine Art<\/a> prolonge cette d\u00e9marche entre photographie et peinture.<\/p>","protected":false},"excerpt":{"rendered":"<p>Cabane fant\u00f4me \u2014 Photographie onirique en \u00e9dition limit\u00e9e \u2605 Collection Prestige \u2014 10 exemplaires au monde, tous formats et supports confondus. Livraison offerte. Syst\u00e8me d&rsquo;accrochage offert et pr\u00e9mont\u00e9 sur les tirages Dibond et caisse am\u00e9ricaine. \u00c9dition sign\u00e9e et num\u00e9rot\u00e9e par l&rsquo;artiste. Certificat d&rsquo;authenticit\u00e9 envoy\u00e9 s\u00e9par\u00e9ment. \u00ab Aper\u00e7ue lors d&rsquo;une promenade, cette cabane m&rsquo;est apparue comme [&hellip;]<\/p>\n","protected":false},"featured_media":13422,"comment_status":"open","ping_status":"closed","template":"","meta":{"_et_pb_use_builder":"","_et_pb_old_content":"","_et_gb_content_width":""},"product_brand":[],"product_cat":[198,187],"product_tag":[],"class_list":{"0":"post-13396","1":"product","2":"type-product","3":"status-publish","4":"has-post-thumbnail","6":"product_cat-photographie-art","7":"product_cat-nouveautes","9":"first","10":"instock","11":"shipping-taxable","12":"purchasable","13":"product-type-variable","14":"has-default-attributes"},"_links":{"self":[{"href":"https:\/\/www.posters-photos.com\/es\/wp-json\/wp\/v2\/product\/13396","targetHints":{"allow":["GET"]}}],"collection":[{"href":"https:\/\/www.posters-photos.com\/es\/wp-json\/wp\/v2\/product"}],"about":[{"href":"https:\/\/www.posters-photos.com\/es\/wp-json\/wp\/v2\/types\/product"}],"replies":[{"embeddable":true,"href":"https:\/\/www.posters-photos.com\/es\/wp-json\/wp\/v2\/comments?post=13396"}],"wp:featuredmedia":[{"embeddable":true,"href":"https:\/\/www.posters-photos.com\/es\/wp-json\/wp\/v2\/media\/13422"}],"wp:attachment":[{"href":"https:\/\/www.posters-photos.com\/es\/wp-json\/wp\/v2\/media?parent=13396"}],"wp:term":[{"taxonomy":"product_brand","embeddable":true,"href":"https:\/\/www.posters-photos.com\/es\/wp-json\/wp\/v2\/product_brand?post=13396"},{"taxonomy":"product_cat","embeddable":true,"href":"https:\/\/www.posters-photos.com\/es\/wp-json\/wp\/v2\/product_cat?post=13396"},{"taxonomy":"product_tag","embeddable":true,"href":"https:\/\/www.posters-photos.com\/es\/wp-json\/wp\/v2\/product_tag?post=13396"}],"curies":[{"name":"wp","href":"https:\/\/api.w.org\/{rel}","templated":true}]}}