{"id":13509,"date":"2026-04-08T12:21:47","date_gmt":"2026-04-08T12:21:47","guid":{"rendered":"https:\/\/www.posters-photos.com\/?post_type=product&#038;p=13509"},"modified":"2026-04-11T09:47:41","modified_gmt":"2026-04-11T09:47:41","slug":"foto-arte-blanco-y-negro-a-la-deriva","status":"publish","type":"product","link":"https:\/\/www.posters-photos.com\/es\/edition-limitee\/photographie-art\/photo-art-noir-et-blanc-derive\/","title":{"rendered":"Foto art\u00edstica en blanco y negro \u2014 Deriva"},"content":{"rendered":"<h2>Foto art\u00edstica en blanco y negro \u2014 Deriva<\/h2>\n<p><strong>\u2605 <a title=\"Collection Prestige \u2014 photographies d'art ICM en \u00e9dition limit\u00e9e \u00e0 10 exemplaires\" href=\"https:\/\/www.posters-photos.com\/es\/arte\/fotografia-artistica-2\/\">Collection Prestige<\/a> \u2014 10 exemplaires au monde<\/strong>, en todos los formatos y soportes.<br \/>\n<strong>Env\u00edo gratis. Sistema de colgado incluido y premontado en las impresiones Dibond y caja americana.<\/strong><br \/>\nEdici\u00f3n <strong>firmado y numerado<\/strong> par l&rsquo;artiste. Certificat d&rsquo;authenticit\u00e9 envoy\u00e9 s\u00e9par\u00e9ment.<\/p>\n<blockquote><p>\u00ab La mer a toujours \u00e9t\u00e9 pour moi un \u00e9l\u00e9ment cl\u00e9. J&rsquo;aime m&rsquo;y promener, m&rsquo;y perdre. Dans cette image, la brume et le fond r\u00e9alis\u00e9 en ICM nous invitent dans un paysage proche de la r\u00eaverie. J&rsquo;ai pris une seconde photographie sur le m\u00eame lieu, puis le voilier ne me plaisant pas tout \u00e0 fait, je l&rsquo;ai redessin\u00e9 \u00e0 la tablette graphique \u2014 vous offrant cette \u0153uvre mixte, entre photographie et dessin. Le noir et blanc allait de soi. \u00bb<br \/>\n<strong>\u2014 Lo\u00efc Delplanque<\/strong><\/p><\/blockquote>\n<p><strong>Fotograf\u00eda disponible en 3 acabados:<\/strong><\/p>\n<ul>\n<li><strong>Papel de arte Hahnem\u00fchle<\/strong> : seleccionado entre las m\u00e1s bellas referencias Hahnem\u00fchle, el papel puede variar de una obra a otra para adaptarse al car\u00e1cter de cada imagen.<\/li>\n<li><strong>Impresi\u00f3n directa sobre Alu-Dibond de 3 mm<\/strong> : un soporte moderno, ligero y r\u00edgido, con acabado mate sin reflejos. Su superficie lisa revela la nitidez y la densidad de los colores, para una durabilidad de m\u00e1s de 20 a\u00f1os. (riel de colgado incluido y premontado).<\/li>\n<li><strong>Caja americana de madera<\/strong> : Aluminio Dibond en caja americana: un elegante efecto flotante realza tu impresi\u00f3n n\u00edtida y mate, enmarcada por un marco de madera a elegir (negro, blanco, roble natural). Listo para colgar, se entrega con su sistema de sujeci\u00f3n gratuito y premontado.<\/li>\n<\/ul>\n<p>\u00bfTiene otra medida en mente? <a title=\"Contactar con Lo\u00efc Delplanque, fot\u00f3grafo en Morbihan\" href=\"https:\/\/www.posters-photos.com\/es\/contacto-fotografo-morbihan\/\">Cont\u00e1ctame<\/a>, le enviar\u00e9 un enlace personalizado con la foto en el formato deseado.<br \/>\n<strong>Solo 10 copias: ll\u00e9vate esta obra a casa.<\/strong> Amateurs de mer et de bateaux, <a title=\"Fr\u00e9quences Marines \u2014 photographie ICM bateaux au port, \u00e9dition limit\u00e9e 10 exemplaires\" href=\"https:\/\/www.posters-photos.com\/es\/edicion-limitada\/fotografia-artistica-2\/foto-barcos-frecuencias-marinas\/\">Fr\u00e9quences Marines<\/a> vous plongera dans un tout autre univers chromatique. Vous pouvez aussi explorer <a title=\"Photographies noir et blanc en \u00e9dition limit\u00e9e \u2014 tirages d'art sign\u00e9s Lo\u00efc Delplanque\" href=\"https:\/\/www.posters-photos.com\/es\/arte\/blanco-y-negro\/\">toute la collection noir et blanc<\/a>.<\/p>","protected":false},"excerpt":{"rendered":"<p>Photo d&rsquo;art noir et blanc \u2014 D\u00e9rive \u2605 Collection Prestige \u2014 10 exemplaires au monde, tous formats et supports confondus. Livraison offerte. Syst\u00e8me d&rsquo;accrochage offert et pr\u00e9mont\u00e9 sur les tirages Dibond et caisse am\u00e9ricaine. \u00c9dition sign\u00e9e et num\u00e9rot\u00e9e par l&rsquo;artiste. Certificat d&rsquo;authenticit\u00e9 envoy\u00e9 s\u00e9par\u00e9ment. \u00ab La mer a toujours \u00e9t\u00e9 pour moi un \u00e9l\u00e9ment cl\u00e9. [&hellip;]<\/p>\n","protected":false},"featured_media":13507,"comment_status":"open","ping_status":"closed","template":"","meta":{"_et_pb_use_builder":"","_et_pb_old_content":"","_et_gb_content_width":""},"product_brand":[],"product_cat":[198,187,186],"product_tag":[],"class_list":{"0":"post-13509","1":"product","2":"type-product","3":"status-publish","4":"has-post-thumbnail","6":"product_cat-photographie-art","7":"product_cat-nouveautes","8":"product_cat-noir-et-blanc","10":"first","11":"instock","12":"shipping-taxable","13":"purchasable","14":"product-type-variable","15":"has-default-attributes"},"_links":{"self":[{"href":"https:\/\/www.posters-photos.com\/es\/wp-json\/wp\/v2\/product\/13509","targetHints":{"allow":["GET"]}}],"collection":[{"href":"https:\/\/www.posters-photos.com\/es\/wp-json\/wp\/v2\/product"}],"about":[{"href":"https:\/\/www.posters-photos.com\/es\/wp-json\/wp\/v2\/types\/product"}],"replies":[{"embeddable":true,"href":"https:\/\/www.posters-photos.com\/es\/wp-json\/wp\/v2\/comments?post=13509"}],"wp:featuredmedia":[{"embeddable":true,"href":"https:\/\/www.posters-photos.com\/es\/wp-json\/wp\/v2\/media\/13507"}],"wp:attachment":[{"href":"https:\/\/www.posters-photos.com\/es\/wp-json\/wp\/v2\/media?parent=13509"}],"wp:term":[{"taxonomy":"product_brand","embeddable":true,"href":"https:\/\/www.posters-photos.com\/es\/wp-json\/wp\/v2\/product_brand?post=13509"},{"taxonomy":"product_cat","embeddable":true,"href":"https:\/\/www.posters-photos.com\/es\/wp-json\/wp\/v2\/product_cat?post=13509"},{"taxonomy":"product_tag","embeddable":true,"href":"https:\/\/www.posters-photos.com\/es\/wp-json\/wp\/v2\/product_tag?post=13509"}],"curies":[{"name":"wp","href":"https:\/\/api.w.org\/{rel}","templated":true}]}}