{"id":13532,"date":"2026-04-09T08:23:21","date_gmt":"2026-04-09T08:23:21","guid":{"rendered":"https:\/\/www.posters-photos.com\/?post_type=product&#038;p=13532"},"modified":"2026-04-11T09:44:36","modified_gmt":"2026-04-11T09:44:36","slug":"foto-arte-paisaje-entre-dos-orillas","status":"publish","type":"product","link":"https:\/\/www.posters-photos.com\/es\/edition-limitee\/photographie-art\/photo-art-paysage-entre-deux-rives\/","title":{"rendered":"Fotograf\u00eda art\u00edstica de paisaje \u2014 Entre dos orillas"},"content":{"rendered":"<h2>Fotograf\u00eda art\u00edstica de paisaje \u2014 Entre dos orillas<\/h2>\n<p><strong>\u2605 <a title=\"Collection Prestige \u2014 photographies d'art ICM en \u00e9dition limit\u00e9e \u00e0 10 exemplaires\" href=\"https:\/\/www.posters-photos.com\/es\/arte\/fotografia-artistica-2\/\">Collection Prestige<\/a> \u2014 10 exemplaires au monde<\/strong>, en todos los formatos y soportes.<br \/>\n<strong>Env\u00edo gratis. Sistema de colgado incluido y premontado en las impresiones Dibond y caja americana.<\/strong><br \/>\nEdici\u00f3n <strong>firmado y numerado<\/strong> par l&rsquo;artiste. Certificat d&rsquo;authenticit\u00e9 envoy\u00e9 s\u00e9par\u00e9ment.<\/p>\n<blockquote><p>\u00ab Cette image m&rsquo;a ramen\u00e9 \u00e0 l&rsquo;ambiance de ces vieux films que j&rsquo;aime tant \u2014 une rivi\u00e8re qui s&rsquo;enfonce dans la brume, des bateaux immobiles, le temps qui semble s&rsquo;\u00eatre arr\u00eat\u00e9. J&rsquo;ai r\u00e9alis\u00e9 le fond en ICM pour effacer les rives et ne garder que cette perspective qui aspire le regard, puis j&rsquo;ai superpos\u00e9 une seconde prise de vue pour ramener les bateaux dans cette sc\u00e8ne silencieuse. \u00bb<br \/>\n<strong>\u2014 Lo\u00efc Delplanque<\/strong><\/p><\/blockquote>\n<p><strong>Fotograf\u00eda disponible en 3 acabados:<\/strong><\/p>\n<ul>\n<li><strong>Papel de arte Hahnem\u00fchle<\/strong> : seleccionado entre las m\u00e1s bellas referencias Hahnem\u00fchle, el papel puede variar de una obra a otra para adaptarse al car\u00e1cter de cada imagen.<\/li>\n<li><strong>Impresi\u00f3n directa sobre Alu-Dibond de 3 mm<\/strong> : un soporte moderno, ligero y r\u00edgido, con acabado mate sin reflejos. Su superficie lisa revela la nitidez y la densidad de los colores, para una durabilidad de m\u00e1s de 20 a\u00f1os. (riel de colgado incluido y premontado).<\/li>\n<li><strong>Caja americana de madera<\/strong> : Aluminio Dibond en caja americana: un elegante efecto flotante realza tu impresi\u00f3n n\u00edtida y mate, enmarcada por un marco de madera a elegir (negro, blanco, roble natural). Listo para colgar, se entrega con su sistema de sujeci\u00f3n gratuito y premontado.<\/li>\n<\/ul>\n<p>\u00bfTiene otra medida en mente? <a title=\"Contactar con Lo\u00efc Delplanque, fot\u00f3grafo en Morbihan\" href=\"https:\/\/www.posters-photos.com\/es\/contacto-fotografo-morbihan\/\">Cont\u00e1ctame<\/a>, le enviar\u00e9 un enlace personalizado con la foto en el formato deseado.<br \/>\n<strong>Solo 10 copias: ll\u00e9vate esta obra a casa.<\/strong> Vous aimez les atmosph\u00e8res brumeuses ? D\u00e9couvrez <a title=\"Cabane Fant\u00f4me \u2014 photographie onirique ICM en \u00e9dition limit\u00e9e 10 exemplaires\" href=\"https:\/\/www.posters-photos.com\/es\/edicion-limitada\/fotografia-artistica-2\/fotografia-onirica-cabana-fantasma\/\">Cabane Fant\u00f4me<\/a> ou explorez les <a title=\"Photographies noir et blanc en \u00e9dition limit\u00e9e \u2014 tirages d'art sign\u00e9s\" href=\"https:\/\/www.posters-photos.com\/es\/arte\/blanco-y-negro\/\">photographies noir et blanc<\/a>.<\/p>","protected":false},"excerpt":{"rendered":"<p>Photo d&rsquo;art paysage \u2014 Entre deux rives \u2605 Collection Prestige \u2014 10 exemplaires au monde, tous formats et supports confondus. Livraison offerte. Syst\u00e8me d&rsquo;accrochage offert et pr\u00e9mont\u00e9 sur les tirages Dibond et caisse am\u00e9ricaine. \u00c9dition sign\u00e9e et num\u00e9rot\u00e9e par l&rsquo;artiste. Certificat d&rsquo;authenticit\u00e9 envoy\u00e9 s\u00e9par\u00e9ment. \u00ab Cette image m&rsquo;a ramen\u00e9 \u00e0 l&rsquo;ambiance de ces vieux films [&hellip;]<\/p>\n","protected":false},"featured_media":13530,"comment_status":"open","ping_status":"closed","template":"","meta":{"_et_pb_use_builder":"","_et_pb_old_content":"","_et_gb_content_width":""},"product_brand":[],"product_cat":[198,187],"product_tag":[],"class_list":{"0":"post-13532","1":"product","2":"type-product","3":"status-publish","4":"has-post-thumbnail","6":"product_cat-photographie-art","7":"product_cat-nouveautes","9":"first","10":"instock","11":"shipping-taxable","12":"purchasable","13":"product-type-variable","14":"has-default-attributes"},"_links":{"self":[{"href":"https:\/\/www.posters-photos.com\/es\/wp-json\/wp\/v2\/product\/13532","targetHints":{"allow":["GET"]}}],"collection":[{"href":"https:\/\/www.posters-photos.com\/es\/wp-json\/wp\/v2\/product"}],"about":[{"href":"https:\/\/www.posters-photos.com\/es\/wp-json\/wp\/v2\/types\/product"}],"replies":[{"embeddable":true,"href":"https:\/\/www.posters-photos.com\/es\/wp-json\/wp\/v2\/comments?post=13532"}],"wp:featuredmedia":[{"embeddable":true,"href":"https:\/\/www.posters-photos.com\/es\/wp-json\/wp\/v2\/media\/13530"}],"wp:attachment":[{"href":"https:\/\/www.posters-photos.com\/es\/wp-json\/wp\/v2\/media?parent=13532"}],"wp:term":[{"taxonomy":"product_brand","embeddable":true,"href":"https:\/\/www.posters-photos.com\/es\/wp-json\/wp\/v2\/product_brand?post=13532"},{"taxonomy":"product_cat","embeddable":true,"href":"https:\/\/www.posters-photos.com\/es\/wp-json\/wp\/v2\/product_cat?post=13532"},{"taxonomy":"product_tag","embeddable":true,"href":"https:\/\/www.posters-photos.com\/es\/wp-json\/wp\/v2\/product_tag?post=13532"}],"curies":[{"name":"wp","href":"https:\/\/api.w.org\/{rel}","templated":true}]}}