{"id":13569,"date":"2026-04-09T09:16:17","date_gmt":"2026-04-09T09:16:17","guid":{"rendered":"https:\/\/www.posters-photos.com\/?post_type=product&#038;p=13569"},"modified":"2026-04-11T09:40:44","modified_gmt":"2026-04-11T09:40:44","slug":"fotografia-abstracta-contemporanea","status":"publish","type":"product","link":"https:\/\/www.posters-photos.com\/es\/edition-limitee\/photographie-art\/photographie-abstraite-contemporaine\/","title":{"rendered":"Fotograf\u00eda abstracta contempor\u00e1nea - Fiebre oto\u00f1al"},"content":{"rendered":"<h2>Fotograf\u00eda abstracta contempor\u00e1nea - Fiebre oto\u00f1al<\/h2>\n<p><strong>\u2605 Colecci\u00f3n Prestige \u2014 10 ejemplares en el mundo<\/strong>, en todos los formatos y soportes.<br \/>\n<strong>Env\u00edo gratis. Sistema de colgado incluido y premontado en las impresiones Dibond y caja americana.<\/strong><br \/>\n<a title=\"Todas las fotograf\u00edas de edici\u00f3n limitada: impresiones art\u00edsticas firmadas y numeradas por Lo\u00efc Delplanque\" href=\"https:\/\/www.posters-photos.com\/es\/edicion-limitada\/\">Edici\u00f3n <strong>firmado y numerado<\/strong> por el artista<\/a>. Certificado de autenticidad enviado por separado.<\/p>\n<blockquote><p>\u00ab Paso mucho tiempo en el bosque. Ese d\u00eda, el oto\u00f1o estaba en su apogeo: los colores por todas partes, del suelo a la copa. Quise plasmar esta profusi\u00f3n tal y como la ve\u00eda, intensa, casi irreal. Toda la imagen est\u00e1 realizada en ICM (movimiento intencional del cuerpo de la c\u00e1mara durante la toma). \u00bb<br \/>\n<strong>\u2014 Lo\u00efc Delplanque<\/strong><\/p><\/blockquote>\n<p><strong>Fotograf\u00eda disponible en 3 acabados:<\/strong><\/p>\n<ul>\n<li><strong>Papel de arte Hahnem\u00fchle<\/strong> : seleccionado entre las m\u00e1s bellas referencias Hahnem\u00fchle, el papel puede variar de una obra a otra para adaptarse al car\u00e1cter de cada imagen.<\/li>\n<li><strong>Impresi\u00f3n directa sobre Alu-Dibond de 3 mm<\/strong> : un soporte moderno, ligero y r\u00edgido, con acabado mate sin reflejos. Su superficie lisa revela la nitidez y la densidad de los colores, para una durabilidad de m\u00e1s de 20 a\u00f1os. (riel de colgado incluido y premontado).<\/li>\n<li><strong>Caja americana de madera<\/strong> : Aluminio Dibond en caja americana: un elegante efecto flotante realza tu impresi\u00f3n n\u00edtida y mate, enmarcada por un marco de madera a elegir (negro, blanco, roble natural). Listo para colgar, se entrega con su sistema de sujeci\u00f3n gratuito y premontado.<\/li>\n<\/ul>\n<p>\u00bfTiene otra medida en mente? <a title=\"Contactar con Lo\u00efc Delplanque, fot\u00f3grafo en Morbihan\" href=\"https:\/\/www.posters-photos.com\/es\/contacto-fotografo-morbihan\/\">Cont\u00e1ctame<\/a>, le enviar\u00e9 un enlace personalizado con la foto en el formato deseado. Si le gusta este enfoque abstracto, descubra tambi\u00e9n <a title=\"Entre Deux Souffles \u2014 fotograf\u00eda art\u00edstica de naturaleza ICM en edici\u00f3n limitada de 10 copias\" href=\"https:\/\/www.posters-photos.com\/es\/edicion-limitada\/fotografia-artistica-2\/foto-arte-naturaleza-entre-dos-alientos\/\">Entre Dos Suspiros<\/a>, otra visi\u00f3n de la naturaleza a trav\u00e9s del movimiento.<br \/>\n<strong>Solo 10 copias: ll\u00e9vate esta obra a casa.<\/strong><\/p>","protected":false},"excerpt":{"rendered":"<p>Photographie abstraite contemporaine \u2014 Fi\u00e8vre d&rsquo;automne \u2605 Collection Prestige \u2014 10 exemplaires au monde, tous formats et supports confondus. Livraison offerte. Syst\u00e8me d&rsquo;accrochage offert et pr\u00e9mont\u00e9 sur les tirages Dibond et caisse am\u00e9ricaine. \u00c9dition sign\u00e9e et num\u00e9rot\u00e9e par l&rsquo;artiste. Certificat d&rsquo;authenticit\u00e9 envoy\u00e9 s\u00e9par\u00e9ment. \u00ab Je passe beaucoup de temps en for\u00eat. Ce jour-l\u00e0, l&rsquo;automne \u00e9tait [&hellip;]<\/p>\n","protected":false},"featured_media":13567,"comment_status":"open","ping_status":"closed","template":"","meta":{"_et_pb_use_builder":"","_et_pb_old_content":"","_et_gb_content_width":""},"product_brand":[],"product_cat":[198,187],"product_tag":[],"class_list":{"0":"post-13569","1":"product","2":"type-product","3":"status-publish","4":"has-post-thumbnail","6":"product_cat-photographie-art","7":"product_cat-nouveautes","9":"first","10":"instock","11":"shipping-taxable","12":"purchasable","13":"product-type-variable","14":"has-default-attributes"},"_links":{"self":[{"href":"https:\/\/www.posters-photos.com\/es\/wp-json\/wp\/v2\/product\/13569","targetHints":{"allow":["GET"]}}],"collection":[{"href":"https:\/\/www.posters-photos.com\/es\/wp-json\/wp\/v2\/product"}],"about":[{"href":"https:\/\/www.posters-photos.com\/es\/wp-json\/wp\/v2\/types\/product"}],"replies":[{"embeddable":true,"href":"https:\/\/www.posters-photos.com\/es\/wp-json\/wp\/v2\/comments?post=13569"}],"wp:featuredmedia":[{"embeddable":true,"href":"https:\/\/www.posters-photos.com\/es\/wp-json\/wp\/v2\/media\/13567"}],"wp:attachment":[{"href":"https:\/\/www.posters-photos.com\/es\/wp-json\/wp\/v2\/media?parent=13569"}],"wp:term":[{"taxonomy":"product_brand","embeddable":true,"href":"https:\/\/www.posters-photos.com\/es\/wp-json\/wp\/v2\/product_brand?post=13569"},{"taxonomy":"product_cat","embeddable":true,"href":"https:\/\/www.posters-photos.com\/es\/wp-json\/wp\/v2\/product_cat?post=13569"},{"taxonomy":"product_tag","embeddable":true,"href":"https:\/\/www.posters-photos.com\/es\/wp-json\/wp\/v2\/product_tag?post=13569"}],"curies":[{"name":"wp","href":"https:\/\/api.w.org\/{rel}","templated":true}]}}