{"id":13607,"date":"2026-04-09T10:06:01","date_gmt":"2026-04-09T10:06:01","guid":{"rendered":"https:\/\/www.posters-photos.com\/?post_type=product&#038;p=13607"},"modified":"2026-04-11T09:35:45","modified_gmt":"2026-04-11T09:35:45","slug":"fotografia-arte-bretana-saint-goustan","status":"publish","type":"product","link":"https:\/\/www.posters-photos.com\/es\/edition-limitee\/photographie-art\/photo-art-bretagne-saint-goustan\/","title":{"rendered":"Arte fotogr\u00e1fico Breta\u00f1a \u2014 Saint-Goustan bajo la luna"},"content":{"rendered":"<h2>Arte fotogr\u00e1fico Breta\u00f1a \u2014 Saint-Goustan bajo la luna<\/h2>\n<p><strong>\u2605 Colecci\u00f3n Prestige \u2014 10 ejemplares en el mundo<\/strong>, en todos los formatos y soportes.<br \/>\n<strong>Env\u00edo gratis. Sistema de colgado incluido y premontado en las impresiones Dibond y caja americana.<\/strong><br \/>\nEdici\u00f3n <strong>firmado y numerado<\/strong> par l&rsquo;artiste. Certificat d&rsquo;authenticit\u00e9 envoy\u00e9 s\u00e9par\u00e9ment.<\/p>\n<blockquote><p>\u00ab J&rsquo;habite \u00e0 deux pas de ce port et j&rsquo;y passe souvent. Saint-Goustan a un charme fou et une longue histoire avec l&rsquo;art et la peinture. Pour le repr\u00e9senter, une \u0153uvre entre photographie et dessin s&rsquo;imposait. Le fond est r\u00e9alis\u00e9 en ICM (mouvement intentionnel du bo\u00eetier pendant la prise de vue), puis j&rsquo;ai pris au m\u00eame moment une seconde photographie que j&rsquo;ai superpos\u00e9e pour faire appara\u00eetre la maison \u00e0 colombages et la barque. J&rsquo;ai ensuite redessin\u00e9 certains d\u00e9tails \u00e0 la tablette graphique. La lune, elle, \u00e9tait vraiment l\u00e0 ce matin-l\u00e0. \u00bb<br \/>\n<strong>\u2014 Lo\u00efc Delplanque<\/strong><\/p><\/blockquote>\n<p><strong>Fotograf\u00eda disponible en 3 acabados:<\/strong><\/p>\n<ul>\n<li><strong>Papel de arte Hahnem\u00fchle<\/strong> : seleccionado entre las m\u00e1s bellas referencias Hahnem\u00fchle, el papel puede variar de una obra a otra para adaptarse al car\u00e1cter de cada imagen.<\/li>\n<li><strong>Impresi\u00f3n directa sobre Alu-Dibond de 3 mm<\/strong> : un soporte moderno, ligero y r\u00edgido, con acabado mate sin reflejos. Su superficie lisa revela la nitidez y la densidad de los colores, para una durabilidad de m\u00e1s de 20 a\u00f1os. (riel de colgado incluido y premontado).<\/li>\n<li><strong>Caja americana de madera<\/strong> : Aluminio Dibond en caja americana: un elegante efecto flotante realza tu impresi\u00f3n n\u00edtida y mate, enmarcada por un marco de madera a elegir (negro, blanco, roble natural). Listo para colgar, se entrega con su sistema de sujeci\u00f3n gratuito y premontado.<\/li>\n<\/ul>\n<p>\u00bfTiene otra medida en mente? <a title=\"Contactar con Lo\u00efc Delplanque, fot\u00f3grafo en Morbihan\" href=\"https:\/\/www.posters-photos.com\/es\/contacto-fotografo-morbihan\/\">Cont\u00e1ctame<\/a>, le enviar\u00e9 un enlace personalizado con la foto en el formato deseado.<br \/>\n<strong>Solo 10 copias: ll\u00e9vate esta obra a casa.<\/strong> D\u00e9couvrez aussi <a title=\"D\u00e9rive \u2014 photographie d'art noir et blanc en \u00e9dition limit\u00e9e 10 exemplaires\" href=\"https:\/\/www.posters-photos.com\/es\/edicion-limitada\/fotografia-artistica-2\/foto-arte-blanco-y-negro-a-la-deriva\/\">D\u00e9rive<\/a>, une \u0153uvre en noir et blanc de la m\u00eame collection, ou explorez <a title=\"Photographies de Bretagne \u2014 tirages d'art en \u00e9dition limit\u00e9e\" href=\"https:\/\/www.posters-photos.com\/es\/arte\/fotografias-bretana\/\">toutes les photographies de Bretagne<\/a>.<\/p>","protected":false},"excerpt":{"rendered":"<p>Photo art Bretagne \u2014 Saint-Goustan sous la lune \u2605 Collection Prestige \u2014 10 exemplaires au monde, tous formats et supports confondus. Livraison offerte. Syst\u00e8me d&rsquo;accrochage offert et pr\u00e9mont\u00e9 sur les tirages Dibond et caisse am\u00e9ricaine. \u00c9dition sign\u00e9e et num\u00e9rot\u00e9e par l&rsquo;artiste. Certificat d&rsquo;authenticit\u00e9 envoy\u00e9 s\u00e9par\u00e9ment. \u00ab J&rsquo;habite \u00e0 deux pas de ce port et j&rsquo;y [&hellip;]<\/p>\n","protected":false},"featured_media":13605,"comment_status":"open","ping_status":"closed","template":"","meta":{"_et_pb_use_builder":"","_et_pb_old_content":"","_et_gb_content_width":""},"product_brand":[],"product_cat":[198,187],"product_tag":[],"class_list":{"0":"post-13607","1":"product","2":"type-product","3":"status-publish","4":"has-post-thumbnail","6":"product_cat-photographie-art","7":"product_cat-nouveautes","9":"first","10":"instock","11":"shipping-taxable","12":"purchasable","13":"product-type-variable","14":"has-default-attributes"},"_links":{"self":[{"href":"https:\/\/www.posters-photos.com\/es\/wp-json\/wp\/v2\/product\/13607","targetHints":{"allow":["GET"]}}],"collection":[{"href":"https:\/\/www.posters-photos.com\/es\/wp-json\/wp\/v2\/product"}],"about":[{"href":"https:\/\/www.posters-photos.com\/es\/wp-json\/wp\/v2\/types\/product"}],"replies":[{"embeddable":true,"href":"https:\/\/www.posters-photos.com\/es\/wp-json\/wp\/v2\/comments?post=13607"}],"wp:featuredmedia":[{"embeddable":true,"href":"https:\/\/www.posters-photos.com\/es\/wp-json\/wp\/v2\/media\/13605"}],"wp:attachment":[{"href":"https:\/\/www.posters-photos.com\/es\/wp-json\/wp\/v2\/media?parent=13607"}],"wp:term":[{"taxonomy":"product_brand","embeddable":true,"href":"https:\/\/www.posters-photos.com\/es\/wp-json\/wp\/v2\/product_brand?post=13607"},{"taxonomy":"product_cat","embeddable":true,"href":"https:\/\/www.posters-photos.com\/es\/wp-json\/wp\/v2\/product_cat?post=13607"},{"taxonomy":"product_tag","embeddable":true,"href":"https:\/\/www.posters-photos.com\/es\/wp-json\/wp\/v2\/product_tag?post=13607"}],"curies":[{"name":"wp","href":"https:\/\/api.w.org\/{rel}","templated":true}]}}