{"id":1632,"date":"2024-05-11T09:30:39","date_gmt":"2024-05-11T09:30:39","guid":{"rendered":"https:\/\/www.posters-photos.com\/?post_type=product&#038;p=1632"},"modified":"2026-04-06T15:27:54","modified_gmt":"2026-04-06T15:27:54","slug":"fotografia-en-blanco-y-negro-bretana-etang-du-moulin-neuf","status":"publish","type":"product","link":"https:\/\/www.posters-photos.com\/es\/edition-limitee\/noir-et-blanc\/photographie-en-noir-et-blanc-bretagne-etang-du-moulin-neuf\/","title":{"rendered":"Fotograf\u00eda en Blanco y Negro | \u00c1rbol Hermoso en Medio del Lago"},"content":{"rendered":"<p><strong>Tipo :<\/strong> <a title=\"Fotograf\u00eda art\u00edstica en blanco y negro\" href=\"https:\/\/www.posters-photos.com\/es\/arte\/fotografias\/blanco-y-negro\/\">Fotograf\u00eda en blanco y negro<\/a><\/p>\n<p><strong>Lo\u00efc Delplanque :<\/strong><\/p>\n<blockquote><p>Este \u00e1rbol se alza en la orilla del lago envuelto en una espesa niebla.<\/p>\n<p>&nbsp;<\/p>\n<p>Esta art\u00edstica foto en blanco y negro revela los detalles de sus ramas y su perfecto reflejo en el agua en calma.<\/p>\n<p>&nbsp;<\/p>\n<p>Era una ma\u00f1ana de invierno particularmente templada en Breta\u00f1a.<\/p><\/blockquote>\n<p>Fotograf\u00eda disponible en 4 acabados:<\/p>\n<ul>\n<li><strong>Papel de arte Hahnem\u00fchle<\/strong>.<\/li>\n<li><strong>Impresi\u00f3n directa sobre Alu-Dibond de 3 mm<\/strong> : un soporte moderno, ligero y r\u00edgido, con acabado mate sin reflejos. Su superficie lisa revela la nitidez y la densidad de los colores, para una durabilidad de m\u00e1s de 20 a\u00f1os. (riel de colgado incluido y premontado).<\/li>\n<li><strong>Impresi\u00f3n en Forex de 10 mm<\/strong> : un soporte r\u00edgido, ligero y estable, con una superficie blanca compacta que revela toda la riqueza de los colores. Listo para colgar, se entrega con su riel para colgar ofrecido y premontado para un acabado cuidado y contempor\u00e1neo.<\/li>\n<li><strong>Caja americana de madera<\/strong> : Aluminio Dibond en caja americana: un elegante efecto flotante realza tu impresi\u00f3n n\u00edtida y mate, enmarcada por un marco de madera a elegir (negro, blanco, roble natural). Listo para colgar, se entrega con su sistema de sujeci\u00f3n gratuito y premontado.<\/li>\n<\/ul>\n<p>\u00bfTiene otra medida en mente? <a title=\"Contactar con Lo\u00efc Delplanque, fot\u00f3grafo en Morbihan\" href=\"https:\/\/www.posters-photos.com\/es\/contacto-fotografo-morbihan\/\">Cont\u00e1ctame<\/a>, le enviar\u00e9 un enlace personalizado con la foto en el formato deseado.<\/p>\n<p><strong>Pida ya esta magn\u00edfica fotograf\u00eda de edici\u00f3n limitada.<\/strong><\/p>","protected":false},"excerpt":{"rendered":"<p>Type : Photographie en noir et blanc Lo\u00efc Delplanque : Cet arbre se dresse au bord du lac dans une brume \u00e9paisse. &nbsp; Cette photo noir et blanc artistique r\u00e9v\u00e8le les d\u00e9tails de ses branches et son reflet parfait sur l&rsquo;eau calme. &nbsp; Une matin\u00e9e d&rsquo;hiver en Bretagne o\u00f9 l&rsquo;atmosph\u00e8re \u00e9tait particuli\u00e8rement douce. Photographie disponible [&hellip;]<\/p>\n","protected":false},"featured_media":11390,"comment_status":"open","ping_status":"closed","template":"","meta":{"_et_pb_use_builder":"off","_et_pb_old_content":"<strong>Caract\u00e9ristiques de l\u2019\u0153uvre :<\/strong>\r\n<strong>Type :<\/strong> <a title=\"Photographies Noir et Blanc de Bretagne | Art Mural \u00c9pur\u00e9 et \u00c9l\u00e9gant\" href=\"https:\/\/www.posters-photos.com\/etiquette-produit\/photographie-en-noir-et-blanc\/\" target=\"_blank\" rel=\"noopener\">Photographie en noir et blanc<\/a>\r\n<strong>Format :<\/strong> Des tailles sup\u00e9rieures sont disponibles sur simple demande : <a title=\"Contactez Lo\u00efc Delplanque | Photographies et Affiches en \u00c9dition Limit\u00e9e, Reportages Photos pour Particuliers\" href=\"https:\/\/www.posters-photos.com\/contact\/\" target=\"_blank\" rel=\"noopener\">Je demande une autre taille<\/a>\r\n<strong>\u00c9dition :<\/strong> <strong>Limit\u00e9e \u00e0 50 exemplaires<\/strong> sur papier \u00e9cologique Hahnem\u00fchle Hemp 290g pour garantir son exclusivit\u00e9\r\n<strong>Certificat d'authenticit\u00e9 :<\/strong> Chaque photographie est accompagn\u00e9e d'un certificat num\u00e9rot\u00e9 et sign\u00e9 de la main de l\u2019artiste confirmant son authenticit\u00e9 et son caract\u00e8re limit\u00e9.\r\n\r\nCette pi\u00e8ce est id\u00e9ale pour ceux qui cherchent \u00e0 apporter une touche de s\u00e9r\u00e9nit\u00e9 et de r\u00e9flexion \u00e0 leur environnement. Elle s'int\u00e9grera parfaitement dans un salon, une chambre ou un bureau. C'est \u00e9galement un cadeau id\u00e9al pour les amateurs d'art et de nature.\r\nEmbellissez votre espace ou offrez un cadeau m\u00e9morable avec cette photographie en noir et blanc.\r\n<strong>Explorez la collection et commandez la v\u00f4tre aujourd'hui.<\/strong>\r\n\r\nCest en noir et blanc\r\nQue tu te r\u00e9veilles ce matin\r\nD\u2019un mouvement juste et lent\r\nTu prends la pose des anciens\r\nSur ce beau lac, dominant\r\nT\u00e9moin du temps et son gardien\r\nSouffle sur la vie ton air apaisant !\r\n\r\n<strong>Texte de Lo\u00efc Delplanque<\/strong>","_et_gb_content_width":""},"product_brand":[],"product_cat":[186],"product_tag":[145,136],"class_list":{"0":"post-1632","1":"product","2":"type-product","3":"status-publish","4":"has-post-thumbnail","6":"product_cat-noir-et-blanc","7":"product_tag-graphique","8":"product_tag-noir-et-blanc","10":"first","11":"instock","12":"shipping-taxable","13":"purchasable","14":"product-type-variable","15":"has-default-attributes"},"_links":{"self":[{"href":"https:\/\/www.posters-photos.com\/es\/wp-json\/wp\/v2\/product\/1632","targetHints":{"allow":["GET"]}}],"collection":[{"href":"https:\/\/www.posters-photos.com\/es\/wp-json\/wp\/v2\/product"}],"about":[{"href":"https:\/\/www.posters-photos.com\/es\/wp-json\/wp\/v2\/types\/product"}],"replies":[{"embeddable":true,"href":"https:\/\/www.posters-photos.com\/es\/wp-json\/wp\/v2\/comments?post=1632"}],"wp:featuredmedia":[{"embeddable":true,"href":"https:\/\/www.posters-photos.com\/es\/wp-json\/wp\/v2\/media\/11390"}],"wp:attachment":[{"href":"https:\/\/www.posters-photos.com\/es\/wp-json\/wp\/v2\/media?parent=1632"}],"wp:term":[{"taxonomy":"product_brand","embeddable":true,"href":"https:\/\/www.posters-photos.com\/es\/wp-json\/wp\/v2\/product_brand?post=1632"},{"taxonomy":"product_cat","embeddable":true,"href":"https:\/\/www.posters-photos.com\/es\/wp-json\/wp\/v2\/product_cat?post=1632"},{"taxonomy":"product_tag","embeddable":true,"href":"https:\/\/www.posters-photos.com\/es\/wp-json\/wp\/v2\/product_tag?post=1632"}],"curies":[{"name":"wp","href":"https:\/\/api.w.org\/{rel}","templated":true}]}}