{"id":1770,"date":"2024-05-15T15:06:51","date_gmt":"2024-05-15T15:06:51","guid":{"rendered":"https:\/\/www.posters-photos.com\/?post_type=product&#038;p=1770"},"modified":"2026-04-07T11:15:09","modified_gmt":"2026-04-07T11:15:09","slug":"fotografia-artistica-bosque-de-camors-francia","status":"publish","type":"product","link":"https:\/\/www.posters-photos.com\/es\/edition-limitee\/photographies-bretagne\/photographies-nature-forets-en-bretagne\/photographie-artistique-foret-de-camors\/","title":{"rendered":"Fotograf\u00eda Art\u00edstica en el Bosque de Camors | Juego de Luces"},"content":{"rendered":"<p>A <a title=\"Fotograf\u00edas de arte de los 4 departamentos bretones | C\u00f4tes-d&#039;Armor, Finist\u00e8re, Ille-et-Vilaine, Morbihan | Diversidad de paisajes bretones\" href=\"https:\/\/www.posters-photos.com\/es\/arte\/fotografias-bretana\/\">fotograf\u00eda art\u00edstica<\/a> tomada en la <span style=\"font-weight: 400;\"><a title=\"Fotograf\u00edas de Bosques en Breta\u00f1a | Paisajes Naturales\" href=\"https:\/\/www.posters-photos.com\/es\/arte\/fotografias-bretana\/fotografias-de-naturaleza-bosques-en-bretana\/\">bosque<\/a><\/span> en Camors, en Morbihan. Un juego de luces atraviesa los \u00e1rboles y forma un ojo luminoso en medio de la escena, haciendo que la atm\u00f3sfera parezca irreal.<\/p>\n<p><strong>Lo\u00efc Delplanque :<\/strong><\/p>\n<blockquote><p>Tom\u00e9 esta fotograf\u00eda durante un largo paseo por el bosque de Camors. Los rayos del sol se colaban entre los \u00e1rboles de este claro, creando este juego de luz natural entre la maleza. La luz que se filtraba entre el follaje me intrigaba y quer\u00eda captar la atm\u00f3sfera luminosa de los bosques bretones.<\/p><\/blockquote>\n<p>Fotograf\u00eda disponible en 4 acabados:<\/p>\n<ul>\n<li><strong>Papel de arte Hahnem\u00fchle<\/strong>.<\/li>\n<li><strong>Impresi\u00f3n directa sobre Alu-Dibond de 3 mm<\/strong> : un soporte moderno, ligero y r\u00edgido, con acabado mate sin reflejos. Su superficie lisa revela la nitidez y la densidad de los colores, para una durabilidad de m\u00e1s de 20 a\u00f1os. (riel de colgado incluido y premontado).<\/li>\n<li><strong>Impresi\u00f3n en Forex de 10 mm<\/strong> : un soporte r\u00edgido, ligero y estable, con una superficie blanca compacta que revela toda la riqueza de los colores. Listo para colgar, se entrega con su riel para colgar ofrecido y premontado para un acabado cuidado y contempor\u00e1neo.<\/li>\n<li><strong>Caja americana de madera<\/strong> : Aluminio Dibond en caja americana: un elegante efecto flotante realza tu impresi\u00f3n n\u00edtida y mate, enmarcada por un marco de madera a elegir (negro, blanco, roble natural). Listo para colgar, se entrega con su sistema de sujeci\u00f3n gratuito y premontado.<\/li>\n<\/ul>\n<p>\u00bfTiene otra medida en mente? <a title=\"Contactar con Lo\u00efc Delplanque, fot\u00f3grafo en Morbihan\" href=\"https:\/\/www.posters-photos.com\/es\/contacto-fotografo-morbihan\/\">Cont\u00e1ctame<\/a>, le enviar\u00e9 un enlace personalizado con la foto en el formato deseado.<\/p>\n<p><strong>En s\u00f3lo 50 ejemplares, \u00a1p\u00eddalo hoy mismo!<\/strong><\/p>","protected":false},"excerpt":{"rendered":"<p>Une photographie artistique prise dans la for\u00eat de Camors, dans le Morbihan. Un jeu de lumi\u00e8re traverse les arbres et forme un \u0153il lumineux au milieu de la sc\u00e8ne, rendant l\u2019atmosph\u00e8re irr\u00e9elle. Lo\u00efc Delplanque : J&rsquo;ai pris cette photographie lors d&rsquo;une longue promenade en for\u00eat de Camors. Les rayons du soleil traversaient les arbres de [&hellip;]<\/p>\n","protected":false},"featured_media":1744,"comment_status":"open","ping_status":"closed","template":"","meta":{"_et_pb_use_builder":"off","_et_pb_old_content":"Chut, assieds-toi, elle nous regarde, ne fait pas de bruit, mets ton humanit\u00e9 en sommeil. \u00c9coute la plus que ne t'\u00e9coutes. Connecte-toi au r\u00e9seau de la vie !\r\n<strong>Lo\u00efc Delplanque<\/strong>\r\n\r\n<strong>Caract\u00e9ristiques de l\u2019\u0153uvre :<\/strong>\r\n\r\n<strong>Type :<\/strong> <a title=\"Photographies de For\u00eats en Bretagne | Paysages Naturels Envo\u00fbtants\" href=\"https:\/\/www.posters-photos.com\/etiquette-produit\/foret-en-bretagne\/\" target=\"_blank\" rel=\"noopener\">Photographie couleurs for\u00eats en Bretagne<\/a>\r\n<strong>Format :<\/strong> Des tailles sup\u00e9rieures sont disponibles sur simple demande : <a title=\"Contactez Lo\u00efc Delplanque | Photographies et Affiches en \u00c9dition Limit\u00e9e, Reportages Photos pour Particuliers\" href=\"https:\/\/www.posters-photos.com\/contact\/\" target=\"_blank\" rel=\"noopener\">Je demande une autre taille<\/a>\r\n<strong>\u00c9dition :<\/strong> Limit\u00e9e \u00e0 50 exemplaires sur papier \u00e9cologique Hahnem\u00fchle Hemp 290g pour garantir son exclusivit\u00e9\r\n<strong>Certificat d'authenticit\u00e9 :<\/strong> Chaque photographie est accompagn\u00e9e d'un certificat num\u00e9rot\u00e9 et sign\u00e9 de la main de l\u2019artiste confirmant son authenticit\u00e9 et son caract\u00e8re limit\u00e9.\r\n\r\n<strong>Pourquoi Choisir Cette Photographie :<\/strong>\r\n\r\n<strong>La Bretagne chez vous :<\/strong> Cette \u0153uvre unique r\u00e9v\u00e8le la magie naturelle de la for\u00eat de Camors, apportant une touche de s\u00e9r\u00e9nit\u00e9 et de lumi\u00e8re \u00e0 votre d\u00e9coration int\u00e9rieure.\r\n<strong>Photographie Artistique :<\/strong> cette photographie met en sc\u00e8ne un jeu de lumi\u00e8re spectaculaire, cr\u00e9ant un \u0153il lumineux au milieu des arbres, tout en garantissant des couleurs et des contrastes exceptionnel\r\n<strong>Livraison :<\/strong> Nous envoyons nos tirages \u00e0 plat pour assurer la meilleure qualit\u00e9. Bien que cela entra\u00eene un surco\u00fbt de 11\u20ac, nous l'offrons \u00e0 nos clients pour garantir que votre photographie arrive en parfait \u00e9tat.","_et_gb_content_width":""},"product_brand":[],"product_cat":[62,56],"product_tag":[133,145,129,147],"class_list":{"0":"post-1770","1":"product","2":"type-product","3":"status-publish","4":"has-post-thumbnail","6":"product_cat-photographies-nature-forets-en-bretagne","7":"product_cat-photographies-bretagne","8":"product_tag-forets","9":"product_tag-graphique","10":"product_tag-morbihan","11":"product_tag-vert","13":"first","14":"instock","15":"shipping-taxable","16":"purchasable","17":"product-type-variable","18":"has-default-attributes"},"_links":{"self":[{"href":"https:\/\/www.posters-photos.com\/es\/wp-json\/wp\/v2\/product\/1770","targetHints":{"allow":["GET"]}}],"collection":[{"href":"https:\/\/www.posters-photos.com\/es\/wp-json\/wp\/v2\/product"}],"about":[{"href":"https:\/\/www.posters-photos.com\/es\/wp-json\/wp\/v2\/types\/product"}],"replies":[{"embeddable":true,"href":"https:\/\/www.posters-photos.com\/es\/wp-json\/wp\/v2\/comments?post=1770"}],"wp:featuredmedia":[{"embeddable":true,"href":"https:\/\/www.posters-photos.com\/es\/wp-json\/wp\/v2\/media\/1744"}],"wp:attachment":[{"href":"https:\/\/www.posters-photos.com\/es\/wp-json\/wp\/v2\/media?parent=1770"}],"wp:term":[{"taxonomy":"product_brand","embeddable":true,"href":"https:\/\/www.posters-photos.com\/es\/wp-json\/wp\/v2\/product_brand?post=1770"},{"taxonomy":"product_cat","embeddable":true,"href":"https:\/\/www.posters-photos.com\/es\/wp-json\/wp\/v2\/product_cat?post=1770"},{"taxonomy":"product_tag","embeddable":true,"href":"https:\/\/www.posters-photos.com\/es\/wp-json\/wp\/v2\/product_tag?post=1770"}],"curies":[{"name":"wp","href":"https:\/\/api.w.org\/{rel}","templated":true}]}}