{"id":1773,"date":"2024-05-16T08:10:00","date_gmt":"2024-05-16T08:10:00","guid":{"rendered":"https:\/\/www.posters-photos.com\/?post_type=product&#038;p=1773"},"modified":"2026-04-06T15:15:07","modified_gmt":"2026-04-06T15:15:07","slug":"fotografia-tormenta-en-bretana-ola-francia","status":"publish","type":"product","link":"https:\/\/www.posters-photos.com\/es\/edition-limitee\/photographies-bretagne\/photos-tempetes-bretagne\/photographie-tempete-en-bretagne-vague\/","title":{"rendered":"Fotograf\u00eda Tormenta en Breta\u00f1a | Ola Colosal"},"content":{"rendered":"<p data-pm-slice=\"1 1 []\">T\u00edtulo : Ola colosal en Le Conquet<\/p>\n<p data-pm-slice=\"1 1 []\"><strong>Lo\u00efc Delplanque :<\/strong><\/p>\n<blockquote>\n<p data-pm-slice=\"1 1 []\">Lo que d\u00e1bamos por sentado hace s\u00f3lo unos a\u00f1os se revela ahora en toda su fragilidad. La tierra no desaparecer\u00e1, son las caba\u00f1as que hemos construido sobre ella las que est\u00e1n en peligro. Nada est\u00e1 perdido, \u00a1despertemos!<\/p>\n<\/blockquote>\n<p data-pm-slice=\"1 1 []\" class=\"translation-block\">Edici\u00f3n limitada de una fotograf\u00eda que muestra una ola inmensa cubriendo un dique en Le Conquet, en Finisterre, durante una de las muchas <a title=\"Fotograf\u00edas de tormentas en Breta\u00f1a | Im\u00e1genes espectaculares y dram\u00e1ticas\" href=\"https:\/\/www.posters-photos.com\/es\/arte\/fotografias-artisticas\/fotos-de-tormentas-bretana\/\" target=\"_blank\" rel=\"noopener\">tormentas en Breta\u00f1a<\/a>. Un momento que impone humildad.<\/p>\n<h2>Caracter\u00edsticas de la obra<\/h2>\n<p>Fotograf\u00eda disponible en 4 acabados:<\/p>\n<ul>\n<li><strong>Papel de arte Hahnem\u00fchle<\/strong>.<\/li>\n<li><strong>Impresi\u00f3n directa sobre Alu-Dibond de 3 mm<\/strong> : un soporte moderno, ligero y r\u00edgido, con acabado mate sin reflejos. Su superficie lisa revela la nitidez y la densidad de los colores, para una durabilidad de m\u00e1s de 20 a\u00f1os. (riel de colgado incluido y premontado).<\/li>\n<li><strong>Impresi\u00f3n en Forex de 10 mm<\/strong> : un soporte r\u00edgido, ligero y estable, con una superficie blanca compacta que revela toda la riqueza de los colores. Listo para colgar, se entrega con su riel para colgar ofrecido y premontado para un acabado cuidado y contempor\u00e1neo.<\/li>\n<li><strong>Caja americana de madera<\/strong> : Aluminio Dibond en caja americana: un elegante efecto flotante realza tu impresi\u00f3n n\u00edtida y mate, enmarcada por un marco de madera a elegir (negro, blanco, roble natural). Listo para colgar, se entrega con su sistema de sujeci\u00f3n gratuito y premontado.<\/li>\n<\/ul>\n<p>\u00bfTiene otra medida en mente? <a title=\"Contactar con Lo\u00efc Delplanque, fot\u00f3grafo en Morbihan\" href=\"https:\/\/www.posters-photos.com\/es\/contacto-fotografo-morbihan\/\">Cont\u00e1ctame<\/a>, le enviar\u00e9 un enlace personalizado con la foto en el formato deseado.<\/p>","protected":false},"excerpt":{"rendered":"<p>Titre : Vague colossale au Conquet Lo\u00efc Delplanque : Ce que nous prenions pour immuable, il y a quelques ann\u00e9es encore, se r\u00e9v\u00e8le aujourd\u2019hui dans toute sa fragilit\u00e9. La terre ne dispara\u00eetra pas, ce sont les cabanes que nous y avons construites qui sont en p\u00e9ril. Rien n\u2019est perdu, r\u00e9veillons-nous ! \u00c9dition limit\u00e9e d\u2019une photographie [&hellip;]<\/p>\n","protected":false},"featured_media":10055,"comment_status":"open","ping_status":"closed","template":"","meta":{"_et_pb_use_builder":"off","_et_pb_old_content":"<h2>Caract\u00e9ristiques de l\u2019\u0153uvre<\/h2>\r\n<strong>Type :<\/strong> <a title=\"Photographies de Temp\u00eates en Bretagne | Images Spectaculaires et Dramatiques\" href=\"https:\/\/www.posters-photos.com\/art\/photographie-bretagne\/photos-tempetes-bretagne\/\">Photographie temp\u00eate en Bretagne<\/a>\r\n\r\n<strong>Format :<\/strong> 60 x 60 cm ou 80 x 80 cm (24 x24 inches ou 32 x 32 inches). <a title=\"Contact de Lo\u00efc Delplanque photographe et graphiste dans le Morbihan en Bretagne\" href=\"https:\/\/www.posters-photos.com\/contact-loic-delplanque-photographe-graphiste-morbihan\/\"><strong>D'autres tailles sont disponibles sur simple demande<\/strong><\/a>\r\n\r\n<strong>\u00c9dition :<\/strong> Photographie de Lo\u00efc Delplanque en \u00e9dition limit\u00e9e \u00e0 50 exemplaires sur papier <strong>Hahnem\u00fchle.<\/strong>\r\n\r\n<strong>Certificat d'authenticit\u00e9 :<\/strong> Chaque photographie est accompagn\u00e9e d'un certificat num\u00e9rot\u00e9 et sign\u00e9 de la main de l\u2019artiste confirmant son authenticit\u00e9.\r\n<h2>Pourquoi Choisir Cette Photographie ?<\/h2>\r\n<strong>La force des \u00e9l\u00e9ments en Bretagne :<\/strong> Cette photographie d\u2019une vague en pleine temp\u00eate attire l\u2019attention d\u00e8s qu\u2019on entre dans la pi\u00e8ce. Un hommage \u00e0 la puissance des \u00e9l\u00e9ments des c\u00f4tes bretonnes.\r\n\r\n<strong>Qualit\u00e9 :<\/strong> Nos \u0153uvres sont imprim\u00e9es sur les plus beaux papiers Hahnem\u00fchle, un papier d'exception.\r\n\r\n<strong>D\u00e9fi Photographique :<\/strong> R\u00e9aliser une photographie comme celle-ci, en pleine temp\u00eate, est un v\u00e9ritable d\u00e9fi. La force des \u00e9l\u00e9ments met en jeu la s\u00e9curit\u00e9 et le mat\u00e9riel. En choisissant cette photographie, vous obtenez ce que peu pourraient saisir par eux-m\u00eames.\r\n\r\n<a title=\"Temp\u00eates en Bretagne : Ph\u00e9nom\u00e8nes Naturels Spectaculaires et Puissants\" href=\"https:\/\/www.posters-photos.com\/tempetes-bretagne\/\">Pour en savoir plus sur les temp\u00eates en Bretagne<\/a>","_et_gb_content_width":""},"product_brand":[],"product_cat":[61,56,186],"product_tag":[144,128,148,134],"class_list":{"0":"post-1773","1":"product","2":"type-product","3":"status-publish","4":"has-post-thumbnail","6":"product_cat-photos-tempetes-bretagne","7":"product_cat-photographies-bretagne","8":"product_cat-noir-et-blanc","9":"product_tag-ambiance-mer","10":"product_tag-finistere","11":"product_tag-pastels","12":"product_tag-tempetes","14":"first","15":"instock","16":"shipping-taxable","17":"purchasable","18":"product-type-variable","19":"has-default-attributes"},"_links":{"self":[{"href":"https:\/\/www.posters-photos.com\/es\/wp-json\/wp\/v2\/product\/1773","targetHints":{"allow":["GET"]}}],"collection":[{"href":"https:\/\/www.posters-photos.com\/es\/wp-json\/wp\/v2\/product"}],"about":[{"href":"https:\/\/www.posters-photos.com\/es\/wp-json\/wp\/v2\/types\/product"}],"replies":[{"embeddable":true,"href":"https:\/\/www.posters-photos.com\/es\/wp-json\/wp\/v2\/comments?post=1773"}],"wp:featuredmedia":[{"embeddable":true,"href":"https:\/\/www.posters-photos.com\/es\/wp-json\/wp\/v2\/media\/10055"}],"wp:attachment":[{"href":"https:\/\/www.posters-photos.com\/es\/wp-json\/wp\/v2\/media?parent=1773"}],"wp:term":[{"taxonomy":"product_brand","embeddable":true,"href":"https:\/\/www.posters-photos.com\/es\/wp-json\/wp\/v2\/product_brand?post=1773"},{"taxonomy":"product_cat","embeddable":true,"href":"https:\/\/www.posters-photos.com\/es\/wp-json\/wp\/v2\/product_cat?post=1773"},{"taxonomy":"product_tag","embeddable":true,"href":"https:\/\/www.posters-photos.com\/es\/wp-json\/wp\/v2\/product_tag?post=1773"}],"curies":[{"name":"wp","href":"https:\/\/api.w.org\/{rel}","templated":true}]}}