{"id":1801,"date":"2024-05-17T10:39:43","date_gmt":"2024-05-17T10:39:43","guid":{"rendered":"https:\/\/www.posters-photos.com\/?post_type=product&#038;p=1801"},"modified":"2026-04-07T11:10:21","modified_gmt":"2026-04-07T11:10:21","slug":"fotografia-cementerio-de-barcos-de-kerhervy","status":"publish","type":"product","link":"https:\/\/www.posters-photos.com\/es\/edition-limitee\/photographies-bretagne\/photographies-epaves-en-bretagne\/photographie-cimetiere-de-bateaux-de-kerhervy\/","title":{"rendered":"Fotograf\u00eda naufragios Breta\u00f1a | El cementerio de barcos de Kerhervy"},"content":{"rendered":"<blockquote><p><strong>Lo\u00efc Delplanque :<\/strong> Es, sin duda, uno de mis encuentros m\u00e1s intensos en Breta\u00f1a. Un lugar m\u00e1gico, lleno de poes\u00eda, a orillas del Blavet. Aqu\u00ed se encuentra un cementerio de barcos (antiguos atuneros que antes ten\u00edan su base en la isla de Groix). Sea cual sea la estaci\u00f3n, la luz siempre cambia, cada vez de forma \u00fanica. El tiempo parece detenerse all\u00ed.<\/p>\n<p>&nbsp;<\/p>\n<p>Le <strong>Cementerio de barcos de Kerhervy&nbsp;<\/strong>en el <a title=\"Fotograf\u00edas de Morbihan | Paisajes bretones espl\u00e9ndidos y naturales\" href=\"https:\/\/www.posters-photos.com\/es\/arte\/fotografias-bretana\/fotografias-morbihan\/\">Morbihan<\/a> (<a title=\"Fotograf\u00edas de Breta\u00f1a: Embellezca su decoraci\u00f3n interior con paisajes cautivadores\" href=\"https:\/\/www.posters-photos.com\/es\/arte\/fotografias-bretana\/\">Breta\u00f1a<\/a>&nbsp;Francia), en la desembocadura del r\u00edo Blavet en Lanester, es un lugar emblem\u00e1tico donde yacen desde hace d\u00e9cadas numerosos restos de naufragios.<\/p>\n<p>&nbsp;<\/p>\n<p>Estos <a title=\"naufragios en Breta\u00f1a\" href=\"https:\/\/www.posters-photos.com\/es\/arte\/fotografias-bretana\/fotografias-de-naufragios-en-bretana\/\">naufragios&nbsp;<\/a>abandonados al final de su servicio, se han convertido en testigos mudos de la historia mar\u00edtima. Los primeros pecios, entre ellos dundees de la isla de Groix utilizados para la pesca del at\u00fan, fueron tra\u00eddos aqu\u00ed hacia 1923. En aquella \u00e9poca, Groix era el principal puerto atunero de Francia.<\/p>\n<p>&nbsp;<\/p>\n<p>Es sin duda uno de los encuentros m\u00e1s memorables del artista en esta magn\u00edfica tierra de Breta\u00f1a. Estos pecios, en su mayor\u00eda antiguos atuneros, congelados en el barro y el tiempo, son impresionantes.<\/p><\/blockquote>\n<p>Fotograf\u00eda disponible en 4 acabados:<\/p>\n<ul>\n<li><strong>Papel de arte Hahnem\u00fchle<\/strong>.<\/li>\n<li><strong>Impresi\u00f3n directa sobre Alu-Dibond de 3 mm<\/strong> : un soporte moderno, ligero y r\u00edgido, con acabado mate sin reflejos. Su superficie lisa revela la nitidez y la densidad de los colores, para una durabilidad de m\u00e1s de 20 a\u00f1os. (riel de colgado incluido y premontado).<\/li>\n<li><strong>Impresi\u00f3n en Forex de 10 mm<\/strong> : un soporte r\u00edgido, ligero y estable, con una superficie blanca compacta que revela toda la riqueza de los colores. Listo para colgar, se entrega con su riel para colgar ofrecido y premontado para un acabado cuidado y contempor\u00e1neo.<\/li>\n<li><strong>Caja americana de madera<\/strong> : Aluminio Dibond en caja americana: un elegante efecto flotante realza tu impresi\u00f3n n\u00edtida y mate, enmarcada por un marco de madera a elegir (negro, blanco, roble natural). Listo para colgar, se entrega con su sistema de sujeci\u00f3n gratuito y premontado.<\/li>\n<\/ul>\n<p>\u00bfTiene otra medida en mente? <a title=\"Contactar con Lo\u00efc Delplanque, fot\u00f3grafo en Morbihan\" href=\"https:\/\/www.posters-photos.com\/es\/contacto-fotografo-morbihan\/\">Cont\u00e1ctame<\/a>, le enviar\u00e9 un enlace personalizado con la foto en el formato deseado.<\/p>","protected":false},"excerpt":{"rendered":"<p><strong>Edici\u00f3n limitada de 50 ejemplares, firmados a mano y entregados con certificado de autenticidad.<\/strong><\/p>\n<p>Pida ya esta magn\u00edfica fotograf\u00eda.<\/p>","protected":false},"featured_media":9019,"comment_status":"open","ping_status":"closed","template":"","meta":{"_et_pb_use_builder":"off","_et_pb_old_content":"Ces <a title=\"\u00e9paves en Bretagne\" href=\"https:\/\/www.posters-photos.com\/epaves-en-bretagne\/\" target=\"_blank\" rel=\"noopener\">\u00e9paves<\/a>, abandonn\u00e9es \u00e0 la fin de leur service, sont devenues des t\u00e9moins silencieux de l'histoire maritime bretonne.\r\nLes premi\u00e8res \u00e9paves, notamment des dundees de l'\u00eele de Groix destin\u00e9s \u00e0 la p\u00eache au thon, ont \u00e9t\u00e9 amen\u00e9es ici vers 1923. \u00c0 cette \u00e9poque, Groix \u00e9tait le principal port thonier fran\u00e7ais.\r\nCette \u0153uvre en \u00e9dition limit\u00e9e \u00e0 50 exemplaires est une pi\u00e8ce rare \u00e0 int\u00e9grer dans votre collection ou \u00e0 offrir en cadeau. Profitez de cette opportunit\u00e9 pour apporter une touche de Bretagne sauvage \u00e0 votre int\u00e9rieur.\r\n\r\n<strong>Caract\u00e9ristiques de l\u2019\u0153uvre :<\/strong>\r\n\r\n<strong>Type :<\/strong> <a title=\"Photographies Noir et Blanc de Bretagne | Art Mural \u00c9pur\u00e9 et \u00c9l\u00e9gant\" href=\"https:\/\/www.posters-photos.com\/etiquette-produit\/photographie-en-noir-et-blanc\/\" target=\"_blank\" rel=\"noopener\">Photographie en noir et blanc<\/a> - <a title=\"\u00e9paves en Bretagne\" href=\"https:\/\/www.posters-photos.com\/epaves-en-bretagne\/\" target=\"_blank\" rel=\"noopener\">\u00c9paves en Bretagne<\/a>\r\n<strong>Format :<\/strong> Des tailles sup\u00e9rieures sont disponibles sur simple demande : <a title=\"Contactez Lo\u00efc Delplanque | Photographies et Affiches en \u00c9dition Limit\u00e9e, Reportages Photos pour Particuliers\" href=\"https:\/\/www.posters-photos.com\/contact\/\" target=\"_blank\" rel=\"noopener\">Je demande une autre taille<\/a>\r\n<strong>\u00c9dition :<\/strong> Limit\u00e9e \u00e0 50 exemplaires sur papier \u00e9cologique Hahnem\u00fchle Hemp 290g pour garantir son exclusivit\u00e9\r\n<strong>Certificat d'authenticit\u00e9 :<\/strong> Chaque photographie est accompagn\u00e9e d'un certificat num\u00e9rot\u00e9 et sign\u00e9 de la main de l\u2019artiste confirmant son authenticit\u00e9 et son caract\u00e8re limit\u00e9.\r\n\r\n<strong>Pourquoi choisir cette photographie :<\/strong>\r\n\r\n<strong>Dimension historique :<\/strong> Cette photographie dramatique des \u00e9paves de Kerhervy repr\u00e9sente l'histoire maritime et le passage du temps en Bretagne.\r\n<strong>\u00c9co-responsabilit\u00e9 :<\/strong> Imprim\u00e9e sur du papier Hahnem\u00fchle Hemp 290g, cette \u0153uvre garantit des couleurs et des contrastes exceptionnels tout en respectant l'environnement.\r\n<strong>Dimension Artistique :<\/strong> Cette photographie saisit une sc\u00e8ne unique avec une touche artistique, id\u00e9ale pour enrichir votre d\u00e9coration int\u00e9rieure.","_et_gb_content_width":""},"product_brand":[],"product_cat":[63,56,186],"product_tag":[135,129,136],"class_list":{"0":"post-1801","1":"product","2":"type-product","3":"status-publish","4":"has-post-thumbnail","6":"product_cat-photographies-epaves-en-bretagne","7":"product_cat-photographies-bretagne","8":"product_cat-noir-et-blanc","9":"product_tag-epaves","10":"product_tag-morbihan","11":"product_tag-noir-et-blanc","13":"first","14":"instock","15":"shipping-taxable","16":"purchasable","17":"product-type-variable","18":"has-default-attributes"},"_links":{"self":[{"href":"https:\/\/www.posters-photos.com\/es\/wp-json\/wp\/v2\/product\/1801","targetHints":{"allow":["GET"]}}],"collection":[{"href":"https:\/\/www.posters-photos.com\/es\/wp-json\/wp\/v2\/product"}],"about":[{"href":"https:\/\/www.posters-photos.com\/es\/wp-json\/wp\/v2\/types\/product"}],"replies":[{"embeddable":true,"href":"https:\/\/www.posters-photos.com\/es\/wp-json\/wp\/v2\/comments?post=1801"}],"wp:featuredmedia":[{"embeddable":true,"href":"https:\/\/www.posters-photos.com\/es\/wp-json\/wp\/v2\/media\/9019"}],"wp:attachment":[{"href":"https:\/\/www.posters-photos.com\/es\/wp-json\/wp\/v2\/media?parent=1801"}],"wp:term":[{"taxonomy":"product_brand","embeddable":true,"href":"https:\/\/www.posters-photos.com\/es\/wp-json\/wp\/v2\/product_brand?post=1801"},{"taxonomy":"product_cat","embeddable":true,"href":"https:\/\/www.posters-photos.com\/es\/wp-json\/wp\/v2\/product_cat?post=1801"},{"taxonomy":"product_tag","embeddable":true,"href":"https:\/\/www.posters-photos.com\/es\/wp-json\/wp\/v2\/product_tag?post=1801"}],"curies":[{"name":"wp","href":"https:\/\/api.w.org\/{rel}","templated":true}]}}